{"id":4908,"date":"2019-10-13T20:29:26","date_gmt":"2019-10-13T20:29:26","guid":{"rendered":"https:\/\/intecro.com.tr\/tr\/?page_id=4908"},"modified":"2026-01-22T12:14:09","modified_gmt":"2026-01-22T12:14:09","slug":"sirket-profili","status":"publish","type":"page","link":"https:\/\/intecro.com.tr\/tr\/tr\/sirket-profili\/","title":{"rendered":"\u015eirket Profili"},"content":{"rendered":"[vc_row][vc_column][vc_tta_accordion gap=&#8221;4&#8243; active_section=&#8221;1&#8243; css_animation=&#8221;bounceInDown&#8221; no_fill=&#8221;true&#8221;][vc_tta_section title=&#8221;\u015eirket Profili&#8221; tab_id=&#8221;1577282492629-73098b76-8126&#8243;][vc_column_text]\n<h4>Biz Kimiz<\/h4>\n<p><strong><span style=\"color: #000000;\">End\u00fcstriyel robotik, mekatronik ve end\u00fcstriyel otomasyon teknolojileri temelinde<\/span><\/strong>, de\u011fi\u015fen d\u00fcnya ko\u015fullar\u0131na ba\u011fl\u0131 teknoloji gereksinimlerini dikkate alarak, <strong>otomotiv ve yan sanayi, savunma sanayi, havac\u0131l\u0131k, i\u015f makineleri, a\u011f\u0131r vas\u0131ta, ara\u00e7 \u00fcst\u00fc ekipman, vagon ve rayl\u0131 sistem end\u00fcstrisi, in\u015faat ekipmanlar\u0131, metal end\u00fcstrisi, makine end\u00fcstrisi, tar\u0131m aletleri, bombe ve bas\u0131n\u00e7l\u0131 kaplar end\u00fcstrisi<\/strong> gibi sekt\u00f6rlere \u00f6zel olarak end\u00fcstriyel robot temelli \u00fcretim ve proses \u00e7\u00f6z\u00fcmleri geli\u015ftirip tesis etmekteyiz.<\/p>\n<p>Bahsi ge\u00e7en sekt\u00f6rler i\u00e7in robotik\/ mekatronik sistem teknolojilerini kullanarak; <span style=\"color: #000000;\"><strong>kaynak, kesme, ta\u015f\u0131ma, montaj, y\u00fczey operasyonlar\u0131, eklemeli imalat, kalite kontrol, lojistik otomasyonu, ileri izlenebilirlik ve mobilizasyon gibi proses ve tesis \u00e7\u00f6z\u00fcmlerini anahtar teslim olarak<\/strong><\/span> sunuyoruz.<\/p>\n<p><span style=\"color: #000000;\"><strong>Fizibilite<\/strong><\/span>, <span style=\"color: #000000;\"><strong>analiz<\/strong> <\/span>ve <span style=\"color: #000000;\"><strong>sim\u00fclasyonlar<\/strong><\/span>, <span style=\"color: #000000;\"><strong>teklif<\/strong> <\/span>haz\u0131rl\u0131k ve sunumu, <span style=\"color: #000000;\"><strong>tasar\u0131m<\/strong><\/span>, <span style=\"color: #000000;\"><strong>m\u00fchendislik<\/strong> <\/span>ve <span style=\"color: #000000;\"><strong>projelendirme<\/strong> <\/span>(mekanik\/elektrik\/otomasyon\/yaz\u0131l\u0131m\/malzeme bilimleri temelinde), <strong><span style=\"color: #000000;\">\u00fcretim <\/span><\/strong>ve <strong><span style=\"color: #000000;\">sistem entegrasyonu<\/span><\/strong>, yerinde <strong><span style=\"color: #000000;\">servis<\/span> <\/strong>hizmeti, h\u0131zl\u0131 <strong><span style=\"color: #000000;\">teknik destek<\/span><\/strong> ve s\u00fcrekli <strong><span style=\"color: #000000;\">e\u011fitim<\/span> <\/strong>anlay\u0131\u015f\u0131yla faaliyetlerimizi ger\u00e7ekle\u015ftirerek, m\u00fc\u015fterilerimizin yat\u0131r\u0131mlar\u0131n\u0131n s\u00fcrd\u00fcr\u00fclebilir olmas\u0131 prensibine dayal\u0131 olarak hizmet vermekteyiz.[\/vc_column_text][\/vc_tta_section][vc_tta_section title=&#8221;Know How&#8221; tab_id=&#8221;1577282529325-9310c3eb-61fa&#8221;][vc_column_text]INTECRO ROBOT\u0130K A.\u015e olarak, partnerlerimiz ile i\u015fbirli\u011fi i\u00e7inde, en iyi bildi\u011fimiz alanda, robotik ve mekatronik teknolojilerinin merkezinde kalarak \u00e7e\u015fitli sekt\u00f6rlerde kullan\u0131lmak \u00fczere;<\/p>\n<ul>\n<li>Her \u00d6l\u00e7ekte Robotlu Kaynak Otomasyonu \u00c7\u00f6z\u00fcmlerini,<\/li>\n<li>Portal, Gantry ve Pillar Tipteki A\u011f\u0131r Sanayi Robot Sistemleri ile Kaynak, Kesme ve Montaj \u00c7\u00f6z\u00fcmlerini<\/li>\n<li>\u00c7ok Eksenli Pozisyoner ve Robotik Slider Sistemlerini,<\/li>\n<li>\u00c7e\u015fitli niteliklerde Fikst\u00fcr ve Aparat \u00c7\u00f6z\u00fcmlerini,<\/li>\n<li>Robotik A\u011f\u0131r Kaynak Sistemlerini,<\/li>\n<li>Robotik Eklemeli \u00dcretim Sistemlerini<\/li>\n<li>Robotik Yap\u0131sal \u00c7elik \u0130\u015fleme ve Kaynak Tesis \u00c7\u00f6z\u00fcmlerini<\/li>\n<li>Robotik Lazer Kaynak H\u00fccre ve Hatlar\u0131n\u0131<\/li>\n<li>Robotik Temelli Lazer\/Plazma Kesme Hatlar\u0131n\u0131<\/li>\n<li>Robotlu Montaj Hatlar\u0131n\u0131<\/li>\n<li>Robotlu Fabrika Otomasyon \u00c7\u00f6z\u00fcmlerini,<\/li>\n<li>Esnek \u0130malat Sistemlerini<\/li>\n<li>Yapay G\u00f6rme temelli, Kalite Kontrol ve End\u00fcstriyel \u00d6l\u00e7\u00fcm Sistemlerini<\/li>\n<li>Robotik \u00c7al\u0131\u015fma \u0130stasyonu ve H\u00fccrelerini<\/li>\n<li>Robotlu Makine \u00c7\u00f6z\u00fcmlerini<\/li>\n<li>Robotlu Proses \u00c7\u00f6z\u00fcmlerini<\/li>\n<\/ul>\n<p>&#8230;.anahtar teslim olarak m\u00fc\u015fterilerimize sunmaktay\u0131z.[\/vc_column_text][\/vc_tta_section][vc_tta_section title=&#8221;Misyon ve Hedeflerimiz&#8221; tab_id=&#8221;1577282492629-d08ed271-c9cb&#8221;][vc_column_text]\n<ul>\n<li>Farkl\u0131 end\u00fcstri alanlardaki \u00e7e\u015fitlili\u011fe ve standartlara uygun olarak, standart veya terzi usul\u00fc olrarak \u00f6zel tasarlanm\u0131\u015f; robotik ve mekatronik sistemler ve buna ba\u011fl\u0131 \u00fcretim tesisleri geli\u015ftirmek ve entegre etmek.<\/li>\n<li>\u00d6zellikle otomotiv, otomotiv yan sanayi, savunma, havac\u0131l\u0131k, vagon end\u00fcstrisi ve rayl\u0131 sistemler, makina, enerji, metal i\u015fleme end\u00fcstrileri ba\u015fta olmak \u00fczere \u00e7e\u015fitli sekt\u00f6rlerde, birle\u015ftirme, montaj, \u00f6l\u00e7\u00fcm, kalite kontrol uygulamalar\u0131 temelinde hatlar ve sistemler tasarlamak ve tesis etmek.<\/li>\n<li>\u00c7e\u015fitli alanlara \u00f6zel masa\u00fcst\u00fc robotik fabrikalar geli\u015ftirmek, \u00fcretmek ve entegre etmek.<\/li>\n<li>\u00d6zel sekt\u00f6r, \u00fcniversiteler, ara\u015ft\u0131rma merkezleri ve kamu kurulu\u015flar\u0131 ile i\u015fbirli\u011fi i\u00e7inde ortak Ar-Ge veya proje \u00e7al\u0131\u015fmalar\u0131 planlamak ve y\u00fcr\u00fctmek.<\/li>\n<li>M\u00fc\u015fterilerimizin stand-by s\u00fcrelerini, darbo\u011fazlar\u0131, kay\u0131plar\u0131n\u0131 ve enerji giderlerini azaltacak sistemler ve \u00e7\u00f6z\u00fcmler geli\u015ftirmek.<\/li>\n<li>M\u00fc\u015fterilerimizin \u00fcretimleri ile ilgili ; sistem zekas\u0131, \u00f6l\u00e7\u00fclebilirlik, izlenebilirlik, ar\u015fivlenebilirlik, s\u00fcreklilik, g\u00fcvenlik, kolayl\u0131k, rekabet avantaj\u0131, motivasyon, esneklik, verimlilik, h\u0131z ve kalite gibi unusurlarda avantaj elde etmesini sa\u011flamak.<\/li>\n<li>\u00dcr\u00fcn, hizmet, pazarlama, y\u00f6netim inovasyonu sa\u011flayacak kurumsal faaliyetler y\u00fcr\u00fctmek.<\/li>\n<li>Her \u00f6l\u00e7ekten sanayicinin temin edilebilece\u011fi uygun maliyetlerde, kolay kullanabilece\u011fi \u00f6zg\u00fcnl\u00fckte ve standartlarda, ileri teknoloji \u00fcr\u00fcn ve projeler geli\u015ftirmek.<\/li>\n<\/ul>\n[\/vc_column_text][\/vc_tta_section][vc_tta_section title=&#8221;Vizyonumuz&#8221; tab_id=&#8221;1577282657186-a8752c2c-f41c&#8221;][vc_column_text]\n<ul>\n<li>B\u00fcy\u00fcyen d\u00fcnya ekonomisindeki yeri ve geni\u015fleyen k\u00fcresel pazarlar i\u00e7inde ki kat\u0131l\u0131m\u0131 a\u00e7\u0131s\u0131ndan \u00fclkemizin pozitif etkinli\u011fini artt\u0131rmak.<\/li>\n<li>Bundan 10 y\u0131l \u00f6nce i\u00e7 pazar lideri olmak \u00fczere koydu\u011fumuz misyonu 2017 y\u0131l\u0131ndan itibaren tamamlayan \u015firketimizin bu y\u00f6ndeki hedefini g\u00fcncelledik. Yeni misyonumuz ; Teknoloji, marka ve ticari de\u011fer a\u00e7\u0131s\u0131ndan faaliyet alan\u0131 dikkate al\u0131nd\u0131\u011f\u0131nda Intecro Robotik A.\u015e&#8217;yi d\u00fcnyan\u0131n en iyi 2 \u015firketi aras\u0131na ta\u015f\u0131makt\u0131r.<\/li>\n<li>\u00c7e\u015fitli sekt\u00f6r ve alanlarda, sanayi devrimlerinin ve dijital d\u00f6n\u00fc\u015f\u00fcm\u00fcn getirdi\u011fi de\u011fi\u015fimi yakalayarak, AR\/VR, mobil tabanl\u0131 sistem ve yaz\u0131l\u0131mlar, b\u00fcy\u00fck veri (Big Data) y\u00f6netimi, IoT, yapay zeka ve makina \u00f6\u011frenmesi gibi teknolojileri \u00fcr\u00fcn, hizmet veya \u00e7\u00f6z\u00fcmlerimize katmak.<\/li>\n<li>\u0130leri m\u00fchendislik metotlar\u0131na ba\u011fl\u0131 kalarak, s\u00fcrekli geli\u015fen teknoloji trendleri \u00e7er\u00e7evesinde Ar-Ge \u00e7al\u0131\u015fmalar\u0131 y\u00fcr\u00fctmek ve &#8220;inovasyon&#8221; ekseninden kopmamak.<\/li>\n<li>D\u00fcnya\u2019da robotik sistem \u00fcreticileri ve entegrat\u00f6rleri aras\u0131nda ki sayg\u0131nl\u0131\u011f\u0131m\u0131z\u0131 koruyarak daha ileri ta\u015f\u0131mak.<\/li>\n<li>Y\u00fcksek enerji ve toplam verimlili\u011fe sahip, zararl\u0131 \u00e7evresel etkiler bar\u0131nd\u0131rmayan, geri d\u00f6n\u00fc\u015f\u00fcm\u00fc m\u00fcmk\u00fcn, karbon sal\u0131n\u0131m\u0131 en az d\u00fczeyde olan teknoloji ve sistemler tasarlamak, \u00fcretmek ve tesis etmek.<\/li>\n<li>\u00dcr\u00fcn ve hizmetlerimiz i\u00e7in ger\u00e7ekle\u015ftirece\u011fimiz tasar\u0131mlarda, biyomimetik bak\u0131\u015f a\u00e7\u0131s\u0131 ile do\u011fadan ilham almak.<\/li>\n<li>Faaliyetlerimizde ; d\u00fcnyam\u0131z\u0131n iklimsel de\u011fi\u015fimine, biyolojik \u00e7e\u015fitlili\u011fine ve ekosistemlerine fayda sa\u011flay\u0131c\u0131 kampanyalar, tan\u0131t\u0131mlar ve fark\u0131ndal\u0131k esaslar\u0131 \u00fczerinde durmak.<\/li>\n<li>\u00dclkemizde ve d\u00fcnyada, e\u011fitime, toplumsal geli\u015fime g\u00f6r\u00fcn\u00fcr ve somut olarak katk\u0131 sa\u011flamak.<\/li>\n<\/ul>\n[\/vc_column_text][\/vc_tta_section][vc_tta_section title=&#8221;Ekibimiz ve Alt Yap\u0131m\u0131z&#8221; tab_id=&#8221;1577282661109-75c6c60b-979b&#8221;][vc_column_text]\n<h4>Ekibimiz ve Altyap\u0131m\u0131z;<\/h4>\n<ul>\n<li>Alan\u0131nda uzman ve temel al\u0131nan teknolojiler a\u00e7\u0131s\u0131ndan konusunda deneyimli, Elektrik, Elektronik, Kontrol, Mekatronik, Makine, Yaz\u0131l\u0131m, Metalurji ve Malzeme, End\u00fcstri, \u0130malat gibi alanlardan mezun tecr\u00fcbeli m\u00fchendis ve teknik sorumlulardan olu\u015fan bir ekibe sahibiz.<\/li>\n<li>2017 y\u0131l\u0131ndan beri arge merkezi sorumluluklar\u0131m\u0131z temelinde  doktora, y\u00fcksek lisans ve lisans d\u00fczeyinde 40&#8217;\u0131n \u00fczerinde m\u00fchendis , 20&#8217;nin \u00fczerinde teknik sorumlu \u00e7al\u0131\u015fmaktad\u0131r.<\/li>\n<li>Modern ofislerimiz, entegrasyon tesisimiz ve fabrikab\u0131m\u0131zda ; tasar\u0131m, proje, \u00fcretim, montaj, servis, sat\u0131\u015f ve pazarlama, otomasyon, robotik, ar-ge, y\u00f6netim, mali ve idari b\u00f6l\u00fcmlerimizle hizmet sa\u011flamaktay\u0131z.<\/li>\n<li>Toplam 8000m\u00b2 olmak \u00fczere 6000m\u00b2 kapal\u0131 alanda faaliyet g\u00f6stermekteyiz.<\/li>\n<li>KVKK kapsam\u0131nda, 500 GB RAM kapasiteli serverlar\u0131m\u0131z, firewall, VPN server, mail store, bulut y\u00f6netimi dahil olmak \u00fczere bilgi i\u015flem stratejimiz ve gerekli donan\u0131msal,yaz\u0131l\u0131msal alt yap\u0131m\u0131zla hizmet sa\u011flamaktay\u0131z.<\/li>\n<li>ERP, CRM ve Proje y\u00f6netimi ile ilgili donan\u0131msal ve yaz\u0131l\u0131msal imkanlar ile s\u00fcre\u00e7lerimizi y\u00f6netmekteyiz.<\/li>\n<li>Tesisimizde proses, test ve demo faaliyetleri i\u00e7in MIG\/MAG\/TIG\/CMT temelli Robotik Proses Laboratuar\u0131m\u0131z bulunmaktad\u0131r.<\/li>\n<li>WAAM ve eklemeli imalata y\u00f6nelik test ve demo faaliyetleri i\u00e7in Proses Laboratuar\u0131m\u0131z bulunmaktad\u0131r.<\/li>\n<li>A\u011f\u0131r ve Hacimli i\u015f par\u00e7alar\u0131n deneysel kaynak demo&#8217;lar\u0131 i\u00e7in kulland\u0131\u011f\u0131m\u0131z Gantry tip Robotik Sisteme sahibiz.<\/li>\n<li>Her t\u00fcrden \u00f6l\u00e7\u00fcm ve kalite kontrol alt yap\u0131m\u0131z bulunmaktad\u0131r.<\/li>\n<li>Tasar\u0131mdan \u00fcretime s\u00fcre\u00e7 y\u00f6netiminde PDM kullan\u0131lmaktad\u0131r.<\/li>\n<li>Tasar\u0131m ve imalat faaliyetlerimiz i\u00e7in \u00e7ok say\u0131da CAD\/CAM yaz\u0131l\u0131m\u0131na sahibiz.<\/li>\n<li>ANSYS yaz\u0131l\u0131m\u0131 ile \u00e7e\u015fitli dinamik, statik, mukavemet, modal analiz, sonlu elemanlar analizi, termal analiz ve malzeme analizleri ger\u00e7ekle\u015ftirilmektedir.<\/li>\n<li>Simulasyon tabanl\u0131 yaz\u0131l\u0131mlar\u0131m\u0131z ile \u00e7e\u015fitli robotik i\u015f s\u00fcreci benzetimlerini yapmaktay\u0131z.<\/li>\n<li>Tesisimizde Tala\u015fl\u0131 \u00fcretim ve Metal i\u015fleme s\u00fcre\u00e7lerimiz CNC Tezgahlar\u0131m\u0131z ile ger\u00e7ekle\u015fmektedir.<\/li>\n<li>Kaynakl\u0131 \u00dcretim i\u00e7in Robotik Sistemler ve konvansiyonel makina ekipmanlar kullanmaktay\u0131z.<\/li>\n<li>Kumlama ve boyama s\u00fcre\u00e7leri b\u00fcnyemizde ger\u00e7ekle\u015ftirilmekte olup, gerekli kabiliyet ve teknik alt yap\u0131ya sahibiz.<\/li>\n<li>Her t\u00fcrden lojistik ara\u00e7 ve gere\u00e7lerinin yan\u0131nda, i\u015f g\u00fcevenli\u011fi esas\u0131na uygun t\u00fcm tedbirler al\u0131nm\u0131\u015f olup haftal\u0131k olarak denetimlerimiz ger\u00e7ekle\u015fmektedir.<\/li>\n<\/ul>\n[\/vc_column_text][\/vc_tta_section][\/vc_tta_accordion][\/vc_column][\/vc_row]\n","protected":false},"excerpt":{"rendered":"<p>[vc_row][vc_column][vc_tta_accordion gap=&#8221;4&#8243; active_section=&#8221;1&#8243; css_animation=&#8221;bounceInDown&#8221; no_fill=&#8221;true&#8221;][vc_tta_section title=&#8221;\u015eirket Profili&#8221; tab_id=&#8221;1577282492629-73098b76-8126&#8243;][vc_column_text] Biz Kimiz End\u00fcstriyel robotik, mekatronik ve end\u00fcstriyel otomasyon teknolojileri temelinde, de\u011fi\u015fen d\u00fcnya ko\u015fullar\u0131na ba\u011fl\u0131 teknoloji gereksinimlerini dikkate alarak, otomotiv ve yan sanayi, savunma sanayi, havac\u0131l\u0131k, i\u015f makineleri, a\u011f\u0131r vas\u0131ta, ara\u00e7 \u00fcst\u00fc ekipman,&hellip;<\/p>\n","protected":false},"author":1,"featured_media":0,"parent":0,"menu_order":0,"comment_status":"closed","ping_status":"closed","template":"","meta":{"footnotes":""},"class_list":["post-4908","page","type-page","status-publish","hentry","entry","no-media"],"yoast_head":"<!-- This site is optimized with the Yoast SEO plugin v27.5 - https:\/\/yoast.com\/product\/yoast-seo-wordpress\/ -->\n<title>\u015eirket Profili - Intecro Robotics<\/title>\n<meta name=\"robots\" content=\"index, follow, max-snippet:-1, max-image-preview:large, max-video-preview:-1\" \/>\n<link rel=\"canonical\" href=\"https:\/\/intecro.com.tr\/tr\/tr\/sirket-profili\/\" \/>\n<meta property=\"og:locale\" content=\"tr_TR\" \/>\n<meta property=\"og:type\" content=\"article\" \/>\n<meta property=\"og:title\" content=\"\u015eirket Profili - Intecro Robotics\" \/>\n<meta property=\"og:description\" content=\"[vc_row][vc_column][vc_tta_accordion gap=&#8221;4&#8243; active_section=&#8221;1&#8243; css_animation=&#8221;bounceInDown&#8221; no_fill=&#8221;true&#8221;][vc_tta_section title=&#8221;\u015eirket Profili&#8221; tab_id=&#8221;1577282492629-73098b76-8126&#8243;][vc_column_text] Biz Kimiz End\u00fcstriyel robotik, mekatronik ve end\u00fcstriyel otomasyon teknolojileri temelinde, de\u011fi\u015fen d\u00fcnya ko\u015fullar\u0131na ba\u011fl\u0131 teknoloji gereksinimlerini dikkate alarak, otomotiv ve yan sanayi, savunma sanayi, havac\u0131l\u0131k, i\u015f makineleri, a\u011f\u0131r vas\u0131ta, ara\u00e7 \u00fcst\u00fc ekipman,&hellip;\" \/>\n<meta property=\"og:url\" content=\"https:\/\/intecro.com.tr\/tr\/tr\/sirket-profili\/\" \/>\n<meta property=\"og:site_name\" content=\"Intecro Robotics\" \/>\n<meta property=\"article:modified_time\" content=\"2026-01-22T12:14:09+00:00\" \/>\n<meta name=\"twitter:card\" content=\"summary_large_image\" \/>\n<meta name=\"twitter:label1\" content=\"Tahmini okuma s\u00fcresi\" \/>\n\t<meta name=\"twitter:data1\" content=\"6 dakika\" \/>\n<script type=\"application\/ld+json\" class=\"yoast-schema-graph\">{\"@context\":\"https:\\\/\\\/schema.org\",\"@graph\":[{\"@type\":\"WebPage\",\"@id\":\"https:\\\/\\\/intecro.com.tr\\\/tr\\\/tr\\\/sirket-profili\\\/\",\"url\":\"https:\\\/\\\/intecro.com.tr\\\/tr\\\/tr\\\/sirket-profili\\\/\",\"name\":\"\u015eirket Profili - Intecro Robotics\",\"isPartOf\":{\"@id\":\"https:\\\/\\\/intecro.com.tr\\\/tr\\\/#website\"},\"datePublished\":\"2019-10-13T20:29:26+00:00\",\"dateModified\":\"2026-01-22T12:14:09+00:00\",\"breadcrumb\":{\"@id\":\"https:\\\/\\\/intecro.com.tr\\\/tr\\\/tr\\\/sirket-profili\\\/#breadcrumb\"},\"inLanguage\":\"tr\",\"potentialAction\":[{\"@type\":\"ReadAction\",\"target\":[\"https:\\\/\\\/intecro.com.tr\\\/tr\\\/tr\\\/sirket-profili\\\/\"]}]},{\"@type\":\"BreadcrumbList\",\"@id\":\"https:\\\/\\\/intecro.com.tr\\\/tr\\\/tr\\\/sirket-profili\\\/#breadcrumb\",\"itemListElement\":[{\"@type\":\"ListItem\",\"position\":1,\"name\":\"Anasayfa\",\"item\":\"https:\\\/\\\/intecro.com.tr\\\/tr\\\/tr\\\/anasayfa\\\/\"},{\"@type\":\"ListItem\",\"position\":2,\"name\":\"\u015eirket Profili\"}]},{\"@type\":\"WebSite\",\"@id\":\"https:\\\/\\\/intecro.com.tr\\\/tr\\\/#website\",\"url\":\"https:\\\/\\\/intecro.com.tr\\\/tr\\\/\",\"name\":\"Intecro Robotics\",\"description\":\"More Innovation\",\"publisher\":{\"@id\":\"https:\\\/\\\/intecro.com.tr\\\/tr\\\/#organization\"},\"potentialAction\":[{\"@type\":\"SearchAction\",\"target\":{\"@type\":\"EntryPoint\",\"urlTemplate\":\"https:\\\/\\\/intecro.com.tr\\\/tr\\\/?s={search_term_string}\"},\"query-input\":{\"@type\":\"PropertyValueSpecification\",\"valueRequired\":true,\"valueName\":\"search_term_string\"}}],\"inLanguage\":\"tr\"},{\"@type\":\"Organization\",\"@id\":\"https:\\\/\\\/intecro.com.tr\\\/tr\\\/#organization\",\"name\":\"Intecro Robotics\",\"url\":\"https:\\\/\\\/intecro.com.tr\\\/tr\\\/\",\"logo\":{\"@type\":\"ImageObject\",\"inLanguage\":\"tr\",\"@id\":\"https:\\\/\\\/intecro.com.tr\\\/tr\\\/#\\\/schema\\\/logo\\\/image\\\/\",\"url\":\"https:\\\/\\\/intecro.com.tr\\\/tr\\\/wp-content\\\/uploads\\\/2025\\\/02\\\/intecro_yatay-02.png\",\"contentUrl\":\"https:\\\/\\\/intecro.com.tr\\\/tr\\\/wp-content\\\/uploads\\\/2025\\\/02\\\/intecro_yatay-02.png\",\"width\":2134,\"height\":467,\"caption\":\"Intecro Robotics\"},\"image\":{\"@id\":\"https:\\\/\\\/intecro.com.tr\\\/tr\\\/#\\\/schema\\\/logo\\\/image\\\/\"}}]}<\/script>\n<!-- \/ Yoast SEO plugin. -->","yoast_head_json":{"title":"\u015eirket Profili - Intecro Robotics","robots":{"index":"index","follow":"follow","max-snippet":"max-snippet:-1","max-image-preview":"max-image-preview:large","max-video-preview":"max-video-preview:-1"},"canonical":"https:\/\/intecro.com.tr\/tr\/tr\/sirket-profili\/","og_locale":"tr_TR","og_type":"article","og_title":"\u015eirket Profili - Intecro Robotics","og_description":"[vc_row][vc_column][vc_tta_accordion gap=&#8221;4&#8243; active_section=&#8221;1&#8243; css_animation=&#8221;bounceInDown&#8221; no_fill=&#8221;true&#8221;][vc_tta_section title=&#8221;\u015eirket Profili&#8221; tab_id=&#8221;1577282492629-73098b76-8126&#8243;][vc_column_text] Biz Kimiz End\u00fcstriyel robotik, mekatronik ve end\u00fcstriyel otomasyon teknolojileri temelinde, de\u011fi\u015fen d\u00fcnya ko\u015fullar\u0131na ba\u011fl\u0131 teknoloji gereksinimlerini dikkate alarak, otomotiv ve yan sanayi, savunma sanayi, havac\u0131l\u0131k, i\u015f makineleri, a\u011f\u0131r vas\u0131ta, ara\u00e7 \u00fcst\u00fc ekipman,&hellip;","og_url":"https:\/\/intecro.com.tr\/tr\/tr\/sirket-profili\/","og_site_name":"Intecro Robotics","article_modified_time":"2026-01-22T12:14:09+00:00","twitter_card":"summary_large_image","twitter_misc":{"Tahmini okuma s\u00fcresi":"6 dakika"},"schema":{"@context":"https:\/\/schema.org","@graph":[{"@type":"WebPage","@id":"https:\/\/intecro.com.tr\/tr\/tr\/sirket-profili\/","url":"https:\/\/intecro.com.tr\/tr\/tr\/sirket-profili\/","name":"\u015eirket Profili - Intecro Robotics","isPartOf":{"@id":"https:\/\/intecro.com.tr\/tr\/#website"},"datePublished":"2019-10-13T20:29:26+00:00","dateModified":"2026-01-22T12:14:09+00:00","breadcrumb":{"@id":"https:\/\/intecro.com.tr\/tr\/tr\/sirket-profili\/#breadcrumb"},"inLanguage":"tr","potentialAction":[{"@type":"ReadAction","target":["https:\/\/intecro.com.tr\/tr\/tr\/sirket-profili\/"]}]},{"@type":"BreadcrumbList","@id":"https:\/\/intecro.com.tr\/tr\/tr\/sirket-profili\/#breadcrumb","itemListElement":[{"@type":"ListItem","position":1,"name":"Anasayfa","item":"https:\/\/intecro.com.tr\/tr\/tr\/anasayfa\/"},{"@type":"ListItem","position":2,"name":"\u015eirket Profili"}]},{"@type":"WebSite","@id":"https:\/\/intecro.com.tr\/tr\/#website","url":"https:\/\/intecro.com.tr\/tr\/","name":"Intecro Robotics","description":"More Innovation","publisher":{"@id":"https:\/\/intecro.com.tr\/tr\/#organization"},"potentialAction":[{"@type":"SearchAction","target":{"@type":"EntryPoint","urlTemplate":"https:\/\/intecro.com.tr\/tr\/?s={search_term_string}"},"query-input":{"@type":"PropertyValueSpecification","valueRequired":true,"valueName":"search_term_string"}}],"inLanguage":"tr"},{"@type":"Organization","@id":"https:\/\/intecro.com.tr\/tr\/#organization","name":"Intecro Robotics","url":"https:\/\/intecro.com.tr\/tr\/","logo":{"@type":"ImageObject","inLanguage":"tr","@id":"https:\/\/intecro.com.tr\/tr\/#\/schema\/logo\/image\/","url":"https:\/\/intecro.com.tr\/tr\/wp-content\/uploads\/2025\/02\/intecro_yatay-02.png","contentUrl":"https:\/\/intecro.com.tr\/tr\/wp-content\/uploads\/2025\/02\/intecro_yatay-02.png","width":2134,"height":467,"caption":"Intecro Robotics"},"image":{"@id":"https:\/\/intecro.com.tr\/tr\/#\/schema\/logo\/image\/"}}]}},"_links":{"self":[{"href":"https:\/\/intecro.com.tr\/tr\/wp-json\/wp\/v2\/pages\/4908","targetHints":{"allow":["GET"]}}],"collection":[{"href":"https:\/\/intecro.com.tr\/tr\/wp-json\/wp\/v2\/pages"}],"about":[{"href":"https:\/\/intecro.com.tr\/tr\/wp-json\/wp\/v2\/types\/page"}],"author":[{"embeddable":true,"href":"https:\/\/intecro.com.tr\/tr\/wp-json\/wp\/v2\/users\/1"}],"replies":[{"embeddable":true,"href":"https:\/\/intecro.com.tr\/tr\/wp-json\/wp\/v2\/comments?post=4908"}],"version-history":[{"count":15,"href":"https:\/\/intecro.com.tr\/tr\/wp-json\/wp\/v2\/pages\/4908\/revisions"}],"predecessor-version":[{"id":7931,"href":"https:\/\/intecro.com.tr\/tr\/wp-json\/wp\/v2\/pages\/4908\/revisions\/7931"}],"wp:attachment":[{"href":"https:\/\/intecro.com.tr\/tr\/wp-json\/wp\/v2\/media?parent=4908"}],"curies":[{"name":"wp","href":"https:\/\/api.w.org\/{rel}","templated":true}]}}