{"id":4918,"date":"2019-10-13T20:48:42","date_gmt":"2019-10-13T20:48:42","guid":{"rendered":"https:\/\/intecro.com.tr\/tr\/?page_id=4918"},"modified":"2026-02-19T09:28:13","modified_gmt":"2026-02-19T09:28:13","slug":"iletisim","status":"publish","type":"page","link":"https:\/\/intecro.com.tr\/tr\/tr\/iletisim\/","title":{"rendered":"\u0130leti\u015fim"},"content":{"rendered":"[vc_row][vc_column][vc_single_image image=&#8221;7598&#8243;]<div class=\"vcex-module vcex-heading wpex-text-2xl wpex-font-normal wpex-m-auto wpex-max-w-100 vcex-heading-plain wpex-block wpex-text-center\" style=\"font-size:30px;line-height:3;\"><span class=\"vcex-heading-inner wpex-inline-block wpex-clr\">Bizimle hemen ileti\u015fime ge\u00e7in!<\/span><\/div>[vc_column_text]\n<p style=\"text-align: center;\"><span style=\"font-size: 14px;\">Alan\u0131nda uzman destek personellerimiz, hafta sonlar\u0131 ve tatil g\u00fcnlerinde bile en ge\u00e7 48 saat i\u00e7erisinde sizinle ileti\u015fime ge\u00e7ecektir.<\/span><\/p>\n[\/vc_column_text][vc_separator color=&#8221;orange&#8221;][\/vc_column][\/vc_row][vc_row][vc_column width=&#8221;1\/4&#8243;]<div class=\"vcex-module vcex-heading wpex-text-2xl wpex-font-normal wpex-m-auto wpex-max-w-100 vcex-heading-plain wpex-block wpex-text-center\"><span class=\"vcex-heading-inner wpex-inline-block wpex-clr\">\u0130leti\u015fim<\/span><\/div>[vc_column_text]\n<p style=\"text-align: center;\">Kap\u0131lar\u0131m\u0131z ve kulaklar\u0131m\u0131z her zaman size a\u00e7\u0131kt\u0131r.<br \/>\n(Pzt-Cuma, 09:00-18:00 aras\u0131)<\/p>\n<hr \/>\n[\/vc_column_text]<div class=\"vcex-module vcex-list_item wpex-max-w-100 wpex-clr wpex-mb-5 textcenter\"><div class=\"vcex-list-item-inner wpex-inline-flex wpex-flex-no-wrap\"><div class=\"vcex-list-item-icon wpex-mr-10\"><div class=\"vcex-icon-wrap\"><span class=\"ticon ticon-envelope-o\"><\/span><\/div><\/div><div class=\"vcex-list-item-text vcex-content wpex-flex-grow\">info@intecro.com.tr<\/div><\/div><\/div><div class=\"vcex-module vcex-list_item wpex-max-w-100 wpex-clr wpex-mb-5 textcenter\"><div class=\"vcex-list-item-inner wpex-inline-flex wpex-flex-no-wrap\"><div class=\"vcex-list-item-icon wpex-mr-10\"><div class=\"vcex-icon-wrap\"><span class=\"ticon ticon-phone\"><\/span><\/div><\/div><div class=\"vcex-list-item-text vcex-content wpex-flex-grow\">+90 850 223 0 468<\/div><\/div><\/div><div class=\"vcex-module vcex-list_item wpex-max-w-100 wpex-clr wpex-mb-5 textcenter\"><div class=\"vcex-list-item-inner wpex-inline-flex wpex-flex-no-wrap\"><div class=\"vcex-list-item-icon wpex-mr-10\"><div class=\"vcex-icon-wrap\"><span class=\"ticon ticon-fax\"><\/span><\/div><\/div><div class=\"vcex-list-item-text vcex-content wpex-flex-grow\">+90 312 354 00 26<\/div><\/div><\/div>[\/vc_column][vc_column width=&#8221;3\/4&#8243;][vc_gmaps link=&#8221;#E-8_JTNDaWZyYW1lJTIwc3JjJTNEJTIyaHR0cHMlM0ElMkYlMkZ3d3cuZ29vZ2xlLmNvbSUyRm1hcHMlMkZlbWJlZCUzRnBiJTNEJTIxMW0xNCUyMTFtOCUyMTFtMyUyMTFkMTIyMDYuNzY2ODE5OTY5OTQ2JTIxMmQzMy4wNjU1NTI4JTIxM2Q0MC4xMDQ1ODYxJTIxM20yJTIxMWkxMDI0JTIxMmk3NjglMjE0ZjEzLjElMjEzbTMlMjExbTIlMjExczB4MCUyNTNBMHgxNzQ0NGY2M2QyOWE4NmE1JTIxMnNJbnRlY3JvJTI1MjBSb2JvdGlrJTI1MjBBLiUyNUM1JTI1OUUuJTIxNWUwJTIxM20yJTIxMXN0ciUyMTJzdHIlMjE0djE1NzA5OTk4MzUxNDIlMjE1bTIlMjExc3RyJTIxMnN0ciUyMiUyMHdpZHRoJTNEJTIyNjAwJTIyJTIwaGVpZ2h0JTNEJTIyNDUwJTIyJTIwZnJhbWVib3JkZXIlM0QlMjIwJTIyJTIwc3R5bGUlM0QlMjJib3JkZXIlM0EwJTNCJTIyJTIwYWxsb3dmdWxsc2NyZWVuJTNEJTIyJTIyJTNFJTNDJTJGaWZyYW1lJTNF&#8221; size=&#8221;330&#8243; css=&#8221;.vc_custom_1742299247279{margin-bottom: 40px !important;}&#8221;][vc_row_inner][vc_column_inner width=&#8221;1\/3&#8243;][vc_column_text]<b><span style=\"color: #000080;\">|Postal Address<\/span> |<br \/>\n<\/b><b>ANKARA &#8211; YEN\u0130 BATI ADMINISTRATIVE OFFICE<br \/>\n<\/b>Yeni Bat\u0131 Mah. 2400 Sokak No:13 Yenimahalle 06370 Ankara\/T\u00dcRK\u0130YE[\/vc_column_text][\/vc_column_inner][vc_column_inner width=&#8221;1\/3&#8243;][vc_column_text]<strong>ANKARA &#8211; VIA TOWER MANAGEMENT-MARKETING- SALES OFFICE<\/strong><br \/>\nS\u00f6\u011f\u00fct\u00f6z\u00fc Mah. Nergiz Sokak No:7\/32 Yenimahalle 06560 Ankara\/T\u00dcRK\u0130YE[\/vc_column_text][\/vc_column_inner][vc_column_inner width=&#8221;1\/3&#8243;][vc_column_text]<strong>ANKARA &#8211; EMAI MANUFACTURING &#8211; ENGINEERING CAMPUS<\/strong><br \/>\nSarayosb Mah. Uzay ve Havac\u0131l\u0131k OSB NO: 187AA K.Kazan 06980 ANKARA[\/vc_column_text][\/vc_column_inner][\/vc_row_inner][vc_row_inner][vc_column_inner width=&#8221;1\/3&#8243;][vc_column_text]<strong>BURSA &#8211; EFE TOWER MANAGEMENT-MARKETING -SALES OFFICE<\/strong><br \/>\nOdunluk Mah. Liman Cad. B Blok No:11B Nil\u00fcfer 16265 Bursa\/T\u00dcRK\u0130YE[\/vc_column_text][\/vc_column_inner][vc_column_inner width=&#8221;1\/3&#8243;][vc_column_text]<strong>CHICAGO &#8211; TTC USA SALES &#8211; SERVICE OFFICE<\/strong><br \/>\n11417 Irving Park Rd. Franklin Park 60131 Illinois\/USA[\/vc_column_text][\/vc_column_inner][vc_column_inner width=&#8221;1\/3&#8243;][\/vc_column_inner][\/vc_row_inner][\/vc_column][\/vc_row]\n","protected":false},"excerpt":{"rendered":"<p>[vc_row][vc_column][vc_single_image image=&#8221;7598&#8243;][vc_column_text] Alan\u0131nda uzman destek personellerimiz, hafta sonlar\u0131 ve tatil g\u00fcnlerinde bile en ge\u00e7 48 saat i\u00e7erisinde sizinle ileti\u015fime ge\u00e7ecektir. [\/vc_column_text][vc_separator color=&#8221;orange&#8221;][\/vc_column][\/vc_row][vc_row][vc_column width=&#8221;1\/4&#8243;][vc_column_text] Kap\u0131lar\u0131m\u0131z ve kulaklar\u0131m\u0131z her zaman size a\u00e7\u0131kt\u0131r. (Pzt-Cuma, 09:00-18:00 aras\u0131) [\/vc_column_text][\/vc_column][vc_column width=&#8221;3\/4&#8243;][vc_gmaps link=&#8221;#E-8_JTNDaWZyYW1lJTIwc3JjJTNEJTIyaHR0cHMlM0ElMkYlMkZ3d3cuZ29vZ2xlLmNvbSUyRm1hcHMlMkZlbWJlZCUzRnBiJTNEJTIxMW0xNCUyMTFtOCUyMTFtMyUyMTFkMTIyMDYuNzY2ODE5OTY5OTQ2JTIxMmQzMy4wNjU1NTI4JTIxM2Q0MC4xMDQ1ODYxJTIxM20yJTIxMWkxMDI0JTIxMmk3NjglMjE0ZjEzLjElMjEzbTMlMjExbTIlMjExczB4MCUyNTNBMHgxNzQ0NGY2M2QyOWE4NmE1JTIxMnNJbnRlY3JvJTI1MjBSb2JvdGlrJTI1MjBBLiUyNUM1JTI1OUUuJTIxNWUwJTIxM20yJTIxMXN0ciUyMTJzdHIlMjE0djE1NzA5OTk4MzUxNDIlMjE1bTIlMjExc3RyJTIxMnN0ciUyMiUyMHdpZHRoJTNEJTIyNjAwJTIyJTIwaGVpZ2h0JTNEJTIyNDUwJTIyJTIwZnJhbWVib3JkZXIlM0QlMjIwJTIyJTIwc3R5bGUlM0QlMjJib3JkZXIlM0EwJTNCJTIyJTIwYWxsb3dmdWxsc2NyZWVuJTNEJTIyJTIyJTNFJTNDJTJGaWZyYW1lJTNF&#8221; size=&#8221;330&#8243; css=&#8221;.vc_custom_1742299247279{margin-bottom: 40px !important;}&#8221;][vc_row_inner][vc_column_inner&hellip;<\/p>\n","protected":false},"author":1,"featured_media":0,"parent":0,"menu_order":0,"comment_status":"closed","ping_status":"closed","template":"","meta":{"footnotes":""},"class_list":["post-4918","page","type-page","status-publish","hentry","entry","no-media"],"yoast_head":"<!-- This site is optimized with the Yoast SEO plugin v27.5 - https:\/\/yoast.com\/product\/yoast-seo-wordpress\/ -->\n<title>\u0130leti\u015fim - Intecro Robotics<\/title>\n<meta name=\"robots\" content=\"index, follow, max-snippet:-1, max-image-preview:large, max-video-preview:-1\" \/>\n<link rel=\"canonical\" href=\"https:\/\/intecro.com.tr\/tr\/tr\/iletisim\/\" \/>\n<meta property=\"og:locale\" content=\"tr_TR\" \/>\n<meta property=\"og:type\" content=\"article\" \/>\n<meta property=\"og:title\" content=\"\u0130leti\u015fim - Intecro Robotics\" \/>\n<meta property=\"og:description\" content=\"[vc_row][vc_column][vc_single_image image=&#8221;7598&#8243;][vc_column_text] Alan\u0131nda uzman destek personellerimiz, hafta sonlar\u0131 ve tatil g\u00fcnlerinde bile en ge\u00e7 48 saat i\u00e7erisinde sizinle ileti\u015fime ge\u00e7ecektir. [\/vc_column_text][vc_separator color=&#8221;orange&#8221;][\/vc_column][\/vc_row][vc_row][vc_column width=&#8221;1\/4&#8243;][vc_column_text] Kap\u0131lar\u0131m\u0131z ve kulaklar\u0131m\u0131z her zaman size a\u00e7\u0131kt\u0131r. (Pzt-Cuma, 09:00-18:00 aras\u0131) [\/vc_column_text][\/vc_column][vc_column width=&#8221;3\/4&#8243;][vc_gmaps link=&#8221;#E-8_JTNDaWZyYW1lJTIwc3JjJTNEJTIyaHR0cHMlM0ElMkYlMkZ3d3cuZ29vZ2xlLmNvbSUyRm1hcHMlMkZlbWJlZCUzRnBiJTNEJTIxMW0xNCUyMTFtOCUyMTFtMyUyMTFkMTIyMDYuNzY2ODE5OTY5OTQ2JTIxMmQzMy4wNjU1NTI4JTIxM2Q0MC4xMDQ1ODYxJTIxM20yJTIxMWkxMDI0JTIxMmk3NjglMjE0ZjEzLjElMjEzbTMlMjExbTIlMjExczB4MCUyNTNBMHgxNzQ0NGY2M2QyOWE4NmE1JTIxMnNJbnRlY3JvJTI1MjBSb2JvdGlrJTI1MjBBLiUyNUM1JTI1OUUuJTIxNWUwJTIxM20yJTIxMXN0ciUyMTJzdHIlMjE0djE1NzA5OTk4MzUxNDIlMjE1bTIlMjExc3RyJTIxMnN0ciUyMiUyMHdpZHRoJTNEJTIyNjAwJTIyJTIwaGVpZ2h0JTNEJTIyNDUwJTIyJTIwZnJhbWVib3JkZXIlM0QlMjIwJTIyJTIwc3R5bGUlM0QlMjJib3JkZXIlM0EwJTNCJTIyJTIwYWxsb3dmdWxsc2NyZWVuJTNEJTIyJTIyJTNFJTNDJTJGaWZyYW1lJTNF&#8221; size=&#8221;330&#8243; css=&#8221;.vc_custom_1742299247279{margin-bottom: 40px !important;}&#8221;][vc_row_inner][vc_column_inner&hellip;\" \/>\n<meta property=\"og:url\" content=\"https:\/\/intecro.com.tr\/tr\/tr\/iletisim\/\" \/>\n<meta property=\"og:site_name\" content=\"Intecro Robotics\" \/>\n<meta property=\"article:modified_time\" content=\"2026-02-19T09:28:13+00:00\" \/>\n<meta name=\"twitter:card\" content=\"summary_large_image\" \/>\n<meta name=\"twitter:label1\" content=\"Tahmini okuma s\u00fcresi\" \/>\n\t<meta name=\"twitter:data1\" content=\"2 dakika\" \/>\n<script type=\"application\/ld+json\" class=\"yoast-schema-graph\">{\"@context\":\"https:\\\/\\\/schema.org\",\"@graph\":[{\"@type\":\"WebPage\",\"@id\":\"https:\\\/\\\/intecro.com.tr\\\/tr\\\/tr\\\/iletisim\\\/\",\"url\":\"https:\\\/\\\/intecro.com.tr\\\/tr\\\/tr\\\/iletisim\\\/\",\"name\":\"\u0130leti\u015fim - Intecro Robotics\",\"isPartOf\":{\"@id\":\"https:\\\/\\\/intecro.com.tr\\\/tr\\\/#website\"},\"datePublished\":\"2019-10-13T20:48:42+00:00\",\"dateModified\":\"2026-02-19T09:28:13+00:00\",\"breadcrumb\":{\"@id\":\"https:\\\/\\\/intecro.com.tr\\\/tr\\\/tr\\\/iletisim\\\/#breadcrumb\"},\"inLanguage\":\"tr\",\"potentialAction\":[{\"@type\":\"ReadAction\",\"target\":[\"https:\\\/\\\/intecro.com.tr\\\/tr\\\/tr\\\/iletisim\\\/\"]}]},{\"@type\":\"BreadcrumbList\",\"@id\":\"https:\\\/\\\/intecro.com.tr\\\/tr\\\/tr\\\/iletisim\\\/#breadcrumb\",\"itemListElement\":[{\"@type\":\"ListItem\",\"position\":1,\"name\":\"Anasayfa\",\"item\":\"https:\\\/\\\/intecro.com.tr\\\/tr\\\/tr\\\/anasayfa\\\/\"},{\"@type\":\"ListItem\",\"position\":2,\"name\":\"\u0130leti\u015fim\"}]},{\"@type\":\"WebSite\",\"@id\":\"https:\\\/\\\/intecro.com.tr\\\/tr\\\/#website\",\"url\":\"https:\\\/\\\/intecro.com.tr\\\/tr\\\/\",\"name\":\"Intecro Robotics\",\"description\":\"More Innovation\",\"publisher\":{\"@id\":\"https:\\\/\\\/intecro.com.tr\\\/tr\\\/#organization\"},\"potentialAction\":[{\"@type\":\"SearchAction\",\"target\":{\"@type\":\"EntryPoint\",\"urlTemplate\":\"https:\\\/\\\/intecro.com.tr\\\/tr\\\/?s={search_term_string}\"},\"query-input\":{\"@type\":\"PropertyValueSpecification\",\"valueRequired\":true,\"valueName\":\"search_term_string\"}}],\"inLanguage\":\"tr\"},{\"@type\":\"Organization\",\"@id\":\"https:\\\/\\\/intecro.com.tr\\\/tr\\\/#organization\",\"name\":\"Intecro Robotics\",\"url\":\"https:\\\/\\\/intecro.com.tr\\\/tr\\\/\",\"logo\":{\"@type\":\"ImageObject\",\"inLanguage\":\"tr\",\"@id\":\"https:\\\/\\\/intecro.com.tr\\\/tr\\\/#\\\/schema\\\/logo\\\/image\\\/\",\"url\":\"https:\\\/\\\/intecro.com.tr\\\/tr\\\/wp-content\\\/uploads\\\/2025\\\/02\\\/intecro_yatay-02.png\",\"contentUrl\":\"https:\\\/\\\/intecro.com.tr\\\/tr\\\/wp-content\\\/uploads\\\/2025\\\/02\\\/intecro_yatay-02.png\",\"width\":2134,\"height\":467,\"caption\":\"Intecro Robotics\"},\"image\":{\"@id\":\"https:\\\/\\\/intecro.com.tr\\\/tr\\\/#\\\/schema\\\/logo\\\/image\\\/\"}}]}<\/script>\n<!-- \/ Yoast SEO plugin. -->","yoast_head_json":{"title":"\u0130leti\u015fim - Intecro Robotics","robots":{"index":"index","follow":"follow","max-snippet":"max-snippet:-1","max-image-preview":"max-image-preview:large","max-video-preview":"max-video-preview:-1"},"canonical":"https:\/\/intecro.com.tr\/tr\/tr\/iletisim\/","og_locale":"tr_TR","og_type":"article","og_title":"\u0130leti\u015fim - Intecro Robotics","og_description":"[vc_row][vc_column][vc_single_image image=&#8221;7598&#8243;][vc_column_text] Alan\u0131nda uzman destek personellerimiz, hafta sonlar\u0131 ve tatil g\u00fcnlerinde bile en ge\u00e7 48 saat i\u00e7erisinde sizinle ileti\u015fime ge\u00e7ecektir. [\/vc_column_text][vc_separator color=&#8221;orange&#8221;][\/vc_column][\/vc_row][vc_row][vc_column width=&#8221;1\/4&#8243;][vc_column_text] Kap\u0131lar\u0131m\u0131z ve kulaklar\u0131m\u0131z her zaman size a\u00e7\u0131kt\u0131r. (Pzt-Cuma, 09:00-18:00 aras\u0131) [\/vc_column_text][\/vc_column][vc_column width=&#8221;3\/4&#8243;][vc_gmaps link=&#8221;#E-8_JTNDaWZyYW1lJTIwc3JjJTNEJTIyaHR0cHMlM0ElMkYlMkZ3d3cuZ29vZ2xlLmNvbSUyRm1hcHMlMkZlbWJlZCUzRnBiJTNEJTIxMW0xNCUyMTFtOCUyMTFtMyUyMTFkMTIyMDYuNzY2ODE5OTY5OTQ2JTIxMmQzMy4wNjU1NTI4JTIxM2Q0MC4xMDQ1ODYxJTIxM20yJTIxMWkxMDI0JTIxMmk3NjglMjE0ZjEzLjElMjEzbTMlMjExbTIlMjExczB4MCUyNTNBMHgxNzQ0NGY2M2QyOWE4NmE1JTIxMnNJbnRlY3JvJTI1MjBSb2JvdGlrJTI1MjBBLiUyNUM1JTI1OUUuJTIxNWUwJTIxM20yJTIxMXN0ciUyMTJzdHIlMjE0djE1NzA5OTk4MzUxNDIlMjE1bTIlMjExc3RyJTIxMnN0ciUyMiUyMHdpZHRoJTNEJTIyNjAwJTIyJTIwaGVpZ2h0JTNEJTIyNDUwJTIyJTIwZnJhbWVib3JkZXIlM0QlMjIwJTIyJTIwc3R5bGUlM0QlMjJib3JkZXIlM0EwJTNCJTIyJTIwYWxsb3dmdWxsc2NyZWVuJTNEJTIyJTIyJTNFJTNDJTJGaWZyYW1lJTNF&#8221; size=&#8221;330&#8243; css=&#8221;.vc_custom_1742299247279{margin-bottom: 40px !important;}&#8221;][vc_row_inner][vc_column_inner&hellip;","og_url":"https:\/\/intecro.com.tr\/tr\/tr\/iletisim\/","og_site_name":"Intecro Robotics","article_modified_time":"2026-02-19T09:28:13+00:00","twitter_card":"summary_large_image","twitter_misc":{"Tahmini okuma s\u00fcresi":"2 dakika"},"schema":{"@context":"https:\/\/schema.org","@graph":[{"@type":"WebPage","@id":"https:\/\/intecro.com.tr\/tr\/tr\/iletisim\/","url":"https:\/\/intecro.com.tr\/tr\/tr\/iletisim\/","name":"\u0130leti\u015fim - Intecro Robotics","isPartOf":{"@id":"https:\/\/intecro.com.tr\/tr\/#website"},"datePublished":"2019-10-13T20:48:42+00:00","dateModified":"2026-02-19T09:28:13+00:00","breadcrumb":{"@id":"https:\/\/intecro.com.tr\/tr\/tr\/iletisim\/#breadcrumb"},"inLanguage":"tr","potentialAction":[{"@type":"ReadAction","target":["https:\/\/intecro.com.tr\/tr\/tr\/iletisim\/"]}]},{"@type":"BreadcrumbList","@id":"https:\/\/intecro.com.tr\/tr\/tr\/iletisim\/#breadcrumb","itemListElement":[{"@type":"ListItem","position":1,"name":"Anasayfa","item":"https:\/\/intecro.com.tr\/tr\/tr\/anasayfa\/"},{"@type":"ListItem","position":2,"name":"\u0130leti\u015fim"}]},{"@type":"WebSite","@id":"https:\/\/intecro.com.tr\/tr\/#website","url":"https:\/\/intecro.com.tr\/tr\/","name":"Intecro Robotics","description":"More Innovation","publisher":{"@id":"https:\/\/intecro.com.tr\/tr\/#organization"},"potentialAction":[{"@type":"SearchAction","target":{"@type":"EntryPoint","urlTemplate":"https:\/\/intecro.com.tr\/tr\/?s={search_term_string}"},"query-input":{"@type":"PropertyValueSpecification","valueRequired":true,"valueName":"search_term_string"}}],"inLanguage":"tr"},{"@type":"Organization","@id":"https:\/\/intecro.com.tr\/tr\/#organization","name":"Intecro Robotics","url":"https:\/\/intecro.com.tr\/tr\/","logo":{"@type":"ImageObject","inLanguage":"tr","@id":"https:\/\/intecro.com.tr\/tr\/#\/schema\/logo\/image\/","url":"https:\/\/intecro.com.tr\/tr\/wp-content\/uploads\/2025\/02\/intecro_yatay-02.png","contentUrl":"https:\/\/intecro.com.tr\/tr\/wp-content\/uploads\/2025\/02\/intecro_yatay-02.png","width":2134,"height":467,"caption":"Intecro Robotics"},"image":{"@id":"https:\/\/intecro.com.tr\/tr\/#\/schema\/logo\/image\/"}}]}},"_links":{"self":[{"href":"https:\/\/intecro.com.tr\/tr\/wp-json\/wp\/v2\/pages\/4918","targetHints":{"allow":["GET"]}}],"collection":[{"href":"https:\/\/intecro.com.tr\/tr\/wp-json\/wp\/v2\/pages"}],"about":[{"href":"https:\/\/intecro.com.tr\/tr\/wp-json\/wp\/v2\/types\/page"}],"author":[{"embeddable":true,"href":"https:\/\/intecro.com.tr\/tr\/wp-json\/wp\/v2\/users\/1"}],"replies":[{"embeddable":true,"href":"https:\/\/intecro.com.tr\/tr\/wp-json\/wp\/v2\/comments?post=4918"}],"version-history":[{"count":21,"href":"https:\/\/intecro.com.tr\/tr\/wp-json\/wp\/v2\/pages\/4918\/revisions"}],"predecessor-version":[{"id":7990,"href":"https:\/\/intecro.com.tr\/tr\/wp-json\/wp\/v2\/pages\/4918\/revisions\/7990"}],"wp:attachment":[{"href":"https:\/\/intecro.com.tr\/tr\/wp-json\/wp\/v2\/media?parent=4918"}],"curies":[{"name":"wp","href":"https:\/\/api.w.org\/{rel}","templated":true}]}}