{"id":4928,"date":"2019-10-13T21:43:49","date_gmt":"2019-10-13T21:43:49","guid":{"rendered":"https:\/\/intecro.com.tr\/tr\/?page_id=4928"},"modified":"2025-07-10T13:35:05","modified_gmt":"2025-07-10T13:35:05","slug":"kurumsal-kimlik","status":"publish","type":"page","link":"https:\/\/intecro.com.tr\/tr\/tr\/kurumsal-kimlik\/","title":{"rendered":"Kurumsal Kimlik"},"content":{"rendered":"[vc_row][vc_column]<div class=\"vcex-module vcex-icon-box vcex-icon-box-two wpex-relative wpex-text-center\"><div class=\"vcex-icon-box-symbol wpex-mb-20\"><a href=\"https:\/\/www.intecro.com.tr\/marka\/intecro\/\" class=\"wpex-no-underline\"><img decoding=\"async\" loading=\"lazy\" class=\"vcex-icon-box-image wpex-align-middle\" src=\"https:\/\/intecro.com.tr\/tr\/wp-content\/uploads\/2025\/07\/Intecro_kimlik_rehberi_mockup_REVIZE.png\" alt=\"\" width=\"1024\" height=\"409\" \/><\/a><\/div><div class=\"vcex-icon-box-text\"><a href=\"https:\/\/www.intecro.com.tr\/marka\/intecro\/\" class=\"vcex-icon-box-link wpex-no-underline\"><h2 class=\"vcex-icon-box-heading wpex-heading wpex-text-md wpex-mb-10\">Intecro Kurumsal Kimlik Rehberi<\/h2><\/a><div class=\"vcex-icon-box-content wpex-last-mb-0 wpex-clr\"><p style=\"text-align: center\"><a href=\"https:\/\/www.intecro.com.tr\/marka\/intecro\/\">Kurumsal Kimlik Rehberimizin tamam\u0131n\u0131 buraya t\u0131klayarak bilgisayar\u0131n\u0131za indirebilirsiniz.<\/a><\/p>\n<\/div><\/div><\/div>[\/vc_column][\/vc_row][vc_row][vc_column width=&#8221;1\/2&#8243;]<div class=\"vcex-module vcex-icon-box vcex-icon-box-two wpex-relative wpex-text-center\"><div class=\"vcex-icon-box-symbol wpex-mb-20\"><img decoding=\"async\" loading=\"lazy\" class=\"vcex-icon-box-image wpex-align-middle\" src=\"https:\/\/intecro.com.tr\/tr\/wp-content\/uploads\/2019\/12\/Markahikayesi-1024x620-1-1.jpg\" alt=\"\" width=\"1024\" height=\"410\" \/><\/div><div class=\"vcex-icon-box-text\"><h2 class=\"vcex-icon-box-heading wpex-heading wpex-text-md wpex-mb-10\">Marka Hikayemiz<\/h2><div class=\"vcex-icon-box-content wpex-last-mb-0 wpex-clr\"><p style=\"text-align: center\"><span style=\"color: #003366\"><a style=\"color: #003366\" href=\"https:\/\/intecro.com.tr\/tr\/marka-hikayesi\/\" target=\"_blank\" rel=\"noopener noreferrer\">Buraya t\u0131klayarak Marka Hikayemizi okuyabilirsiniz.<\/a><\/span><\/p>\n<\/div><\/div><\/div>[\/vc_column][vc_column width=&#8221;1\/2&#8243;]<div class=\"vcex-module vcex-icon-box vcex-icon-box-two wpex-relative wpex-text-center vc_custom_1742817036583\"><div class=\"vcex-icon-box-symbol wpex-mb-20\"><img decoding=\"async\" loading=\"lazy\" class=\"vcex-icon-box-image wpex-align-middle\" src=\"https:\/\/intecro.com.tr\/tr\/wp-content\/uploads\/2025\/03\/intecro_logo.png\" alt=\"\" width=\"4267\" height=\"1709\" \/><\/div><div class=\"vcex-icon-box-text\"><h2 class=\"vcex-icon-box-heading wpex-heading wpex-text-md wpex-mb-10\">Intecro Logo<\/h2><div class=\"vcex-icon-box-content wpex-last-mb-0 wpex-clr\"><p style=\"text-align: center\"><span style=\"color: #003366\"><a style=\"color: #003366\" href=\"https:\/\/www.intecro.com.tr\/marka\/intecro\/\" target=\"_blank\" rel=\"noopener noreferrer\">Buraya t\u0131klayarak logomuzu vekt\u00f6rel olarak bilgisayar\u0131n\u0131za indirebilirsiniz.<\/a><\/span><\/p>\n<\/div><\/div><\/div>[\/vc_column][\/vc_row]\n","protected":false},"excerpt":{"rendered":"<p>[vc_row][vc_column][\/vc_column][\/vc_row][vc_row][vc_column width=&#8221;1\/2&#8243;][\/vc_column][vc_column width=&#8221;1\/2&#8243;][\/vc_column][\/vc_row]<\/p>\n","protected":false},"author":1,"featured_media":0,"parent":0,"menu_order":0,"comment_status":"closed","ping_status":"closed","template":"","meta":{"footnotes":""},"class_list":["post-4928","page","type-page","status-publish","hentry","entry","no-media"],"yoast_head":"<!-- This site is optimized with the Yoast SEO plugin v27.5 - https:\/\/yoast.com\/product\/yoast-seo-wordpress\/ -->\n<title>Kurumsal Kimlik - Intecro Robotics<\/title>\n<meta name=\"robots\" content=\"index, follow, max-snippet:-1, max-image-preview:large, max-video-preview:-1\" \/>\n<link rel=\"canonical\" href=\"https:\/\/intecro.com.tr\/tr\/tr\/kurumsal-kimlik\/\" \/>\n<meta property=\"og:locale\" content=\"tr_TR\" \/>\n<meta property=\"og:type\" content=\"article\" \/>\n<meta property=\"og:title\" content=\"Kurumsal Kimlik - Intecro Robotics\" \/>\n<meta property=\"og:description\" content=\"[vc_row][vc_column][\/vc_column][\/vc_row][vc_row][vc_column width=&#8221;1\/2&#8243;][\/vc_column][vc_column width=&#8221;1\/2&#8243;][\/vc_column][\/vc_row]\" \/>\n<meta property=\"og:url\" content=\"https:\/\/intecro.com.tr\/tr\/tr\/kurumsal-kimlik\/\" \/>\n<meta property=\"og:site_name\" content=\"Intecro Robotics\" \/>\n<meta property=\"article:modified_time\" content=\"2025-07-10T13:35:05+00:00\" \/>\n<meta name=\"twitter:card\" content=\"summary_large_image\" \/>\n<meta name=\"twitter:label1\" content=\"Tahmini okuma s\u00fcresi\" \/>\n\t<meta name=\"twitter:data1\" content=\"1 dakika\" \/>\n<script type=\"application\/ld+json\" class=\"yoast-schema-graph\">{\"@context\":\"https:\\\/\\\/schema.org\",\"@graph\":[{\"@type\":\"WebPage\",\"@id\":\"https:\\\/\\\/intecro.com.tr\\\/tr\\\/tr\\\/kurumsal-kimlik\\\/\",\"url\":\"https:\\\/\\\/intecro.com.tr\\\/tr\\\/tr\\\/kurumsal-kimlik\\\/\",\"name\":\"Kurumsal Kimlik - Intecro Robotics\",\"isPartOf\":{\"@id\":\"https:\\\/\\\/intecro.com.tr\\\/tr\\\/#website\"},\"datePublished\":\"2019-10-13T21:43:49+00:00\",\"dateModified\":\"2025-07-10T13:35:05+00:00\",\"breadcrumb\":{\"@id\":\"https:\\\/\\\/intecro.com.tr\\\/tr\\\/tr\\\/kurumsal-kimlik\\\/#breadcrumb\"},\"inLanguage\":\"tr\",\"potentialAction\":[{\"@type\":\"ReadAction\",\"target\":[\"https:\\\/\\\/intecro.com.tr\\\/tr\\\/tr\\\/kurumsal-kimlik\\\/\"]}]},{\"@type\":\"BreadcrumbList\",\"@id\":\"https:\\\/\\\/intecro.com.tr\\\/tr\\\/tr\\\/kurumsal-kimlik\\\/#breadcrumb\",\"itemListElement\":[{\"@type\":\"ListItem\",\"position\":1,\"name\":\"Anasayfa\",\"item\":\"https:\\\/\\\/intecro.com.tr\\\/tr\\\/tr\\\/anasayfa\\\/\"},{\"@type\":\"ListItem\",\"position\":2,\"name\":\"Kurumsal Kimlik\"}]},{\"@type\":\"WebSite\",\"@id\":\"https:\\\/\\\/intecro.com.tr\\\/tr\\\/#website\",\"url\":\"https:\\\/\\\/intecro.com.tr\\\/tr\\\/\",\"name\":\"Intecro Robotics\",\"description\":\"More Innovation\",\"publisher\":{\"@id\":\"https:\\\/\\\/intecro.com.tr\\\/tr\\\/#organization\"},\"potentialAction\":[{\"@type\":\"SearchAction\",\"target\":{\"@type\":\"EntryPoint\",\"urlTemplate\":\"https:\\\/\\\/intecro.com.tr\\\/tr\\\/?s={search_term_string}\"},\"query-input\":{\"@type\":\"PropertyValueSpecification\",\"valueRequired\":true,\"valueName\":\"search_term_string\"}}],\"inLanguage\":\"tr\"},{\"@type\":\"Organization\",\"@id\":\"https:\\\/\\\/intecro.com.tr\\\/tr\\\/#organization\",\"name\":\"Intecro Robotics\",\"url\":\"https:\\\/\\\/intecro.com.tr\\\/tr\\\/\",\"logo\":{\"@type\":\"ImageObject\",\"inLanguage\":\"tr\",\"@id\":\"https:\\\/\\\/intecro.com.tr\\\/tr\\\/#\\\/schema\\\/logo\\\/image\\\/\",\"url\":\"https:\\\/\\\/intecro.com.tr\\\/tr\\\/wp-content\\\/uploads\\\/2025\\\/02\\\/intecro_yatay-02.png\",\"contentUrl\":\"https:\\\/\\\/intecro.com.tr\\\/tr\\\/wp-content\\\/uploads\\\/2025\\\/02\\\/intecro_yatay-02.png\",\"width\":2134,\"height\":467,\"caption\":\"Intecro Robotics\"},\"image\":{\"@id\":\"https:\\\/\\\/intecro.com.tr\\\/tr\\\/#\\\/schema\\\/logo\\\/image\\\/\"}}]}<\/script>\n<!-- \/ Yoast SEO plugin. -->","yoast_head_json":{"title":"Kurumsal Kimlik - Intecro Robotics","robots":{"index":"index","follow":"follow","max-snippet":"max-snippet:-1","max-image-preview":"max-image-preview:large","max-video-preview":"max-video-preview:-1"},"canonical":"https:\/\/intecro.com.tr\/tr\/tr\/kurumsal-kimlik\/","og_locale":"tr_TR","og_type":"article","og_title":"Kurumsal Kimlik - Intecro Robotics","og_description":"[vc_row][vc_column][\/vc_column][\/vc_row][vc_row][vc_column width=&#8221;1\/2&#8243;][\/vc_column][vc_column width=&#8221;1\/2&#8243;][\/vc_column][\/vc_row]","og_url":"https:\/\/intecro.com.tr\/tr\/tr\/kurumsal-kimlik\/","og_site_name":"Intecro Robotics","article_modified_time":"2025-07-10T13:35:05+00:00","twitter_card":"summary_large_image","twitter_misc":{"Tahmini okuma s\u00fcresi":"1 dakika"},"schema":{"@context":"https:\/\/schema.org","@graph":[{"@type":"WebPage","@id":"https:\/\/intecro.com.tr\/tr\/tr\/kurumsal-kimlik\/","url":"https:\/\/intecro.com.tr\/tr\/tr\/kurumsal-kimlik\/","name":"Kurumsal Kimlik - Intecro Robotics","isPartOf":{"@id":"https:\/\/intecro.com.tr\/tr\/#website"},"datePublished":"2019-10-13T21:43:49+00:00","dateModified":"2025-07-10T13:35:05+00:00","breadcrumb":{"@id":"https:\/\/intecro.com.tr\/tr\/tr\/kurumsal-kimlik\/#breadcrumb"},"inLanguage":"tr","potentialAction":[{"@type":"ReadAction","target":["https:\/\/intecro.com.tr\/tr\/tr\/kurumsal-kimlik\/"]}]},{"@type":"BreadcrumbList","@id":"https:\/\/intecro.com.tr\/tr\/tr\/kurumsal-kimlik\/#breadcrumb","itemListElement":[{"@type":"ListItem","position":1,"name":"Anasayfa","item":"https:\/\/intecro.com.tr\/tr\/tr\/anasayfa\/"},{"@type":"ListItem","position":2,"name":"Kurumsal Kimlik"}]},{"@type":"WebSite","@id":"https:\/\/intecro.com.tr\/tr\/#website","url":"https:\/\/intecro.com.tr\/tr\/","name":"Intecro Robotics","description":"More Innovation","publisher":{"@id":"https:\/\/intecro.com.tr\/tr\/#organization"},"potentialAction":[{"@type":"SearchAction","target":{"@type":"EntryPoint","urlTemplate":"https:\/\/intecro.com.tr\/tr\/?s={search_term_string}"},"query-input":{"@type":"PropertyValueSpecification","valueRequired":true,"valueName":"search_term_string"}}],"inLanguage":"tr"},{"@type":"Organization","@id":"https:\/\/intecro.com.tr\/tr\/#organization","name":"Intecro Robotics","url":"https:\/\/intecro.com.tr\/tr\/","logo":{"@type":"ImageObject","inLanguage":"tr","@id":"https:\/\/intecro.com.tr\/tr\/#\/schema\/logo\/image\/","url":"https:\/\/intecro.com.tr\/tr\/wp-content\/uploads\/2025\/02\/intecro_yatay-02.png","contentUrl":"https:\/\/intecro.com.tr\/tr\/wp-content\/uploads\/2025\/02\/intecro_yatay-02.png","width":2134,"height":467,"caption":"Intecro Robotics"},"image":{"@id":"https:\/\/intecro.com.tr\/tr\/#\/schema\/logo\/image\/"}}]}},"_links":{"self":[{"href":"https:\/\/intecro.com.tr\/tr\/wp-json\/wp\/v2\/pages\/4928","targetHints":{"allow":["GET"]}}],"collection":[{"href":"https:\/\/intecro.com.tr\/tr\/wp-json\/wp\/v2\/pages"}],"about":[{"href":"https:\/\/intecro.com.tr\/tr\/wp-json\/wp\/v2\/types\/page"}],"author":[{"embeddable":true,"href":"https:\/\/intecro.com.tr\/tr\/wp-json\/wp\/v2\/users\/1"}],"replies":[{"embeddable":true,"href":"https:\/\/intecro.com.tr\/tr\/wp-json\/wp\/v2\/comments?post=4928"}],"version-history":[{"count":21,"href":"https:\/\/intecro.com.tr\/tr\/wp-json\/wp\/v2\/pages\/4928\/revisions"}],"predecessor-version":[{"id":7671,"href":"https:\/\/intecro.com.tr\/tr\/wp-json\/wp\/v2\/pages\/4928\/revisions\/7671"}],"wp:attachment":[{"href":"https:\/\/intecro.com.tr\/tr\/wp-json\/wp\/v2\/media?parent=4928"}],"curies":[{"name":"wp","href":"https:\/\/api.w.org\/{rel}","templated":true}]}}