{"id":4933,"date":"2019-10-13T21:47:09","date_gmt":"2019-10-13T21:47:09","guid":{"rendered":"https:\/\/intecro.com.tr\/tr\/?page_id=4933"},"modified":"2026-01-23T07:39:40","modified_gmt":"2026-01-23T07:39:40","slug":"oduller","status":"publish","type":"page","link":"https:\/\/intecro.com.tr\/tr\/tr\/oduller\/","title":{"rendered":"Belgelerimiz ve \u00d6d\u00fcller"},"content":{"rendered":"[vc_row][vc_column width=&#8221;1\/3&#8243;][vc_icon icon_fontawesome=&#8221;fa fa-star&#8221; align=&#8221;center&#8221;][vc_column_text]\n<h2 style=\"text-align: center;\">ASO YILIN AR-GE F\u0130RMASI \u00d6D\u00dcL\u00dc<\/h2>\n<p style=\"text-align: center;\">Ankara Sanayi Odas\u0131 taraf\u0131ndan ger\u00e7ekle\u015ftirilen \u00f6d\u00fcl t\u00f6reninde firmam\u0131z &#8220;Y\u0131l\u0131n AR-GE Firmas\u0131&#8221; \u00d6d\u00fcl\u00fcne lay\u0131k g\u00f6r\u00fclm\u00fc\u015ft\u00fcr<\/p>\n[\/vc_column_text][\/vc_column][vc_column width=&#8221;1\/3&#8243;][vc_icon icon_fontawesome=&#8221;fa fa-star&#8221; align=&#8221;center&#8221;][vc_column_text]\n<h2 style=\"text-align: center;\">B\u0130L\u0130M SANAY\u0130 BAKANLI\u011eI TEKNOLOJ\u0130 \u00dcR\u00dcN \u00d6D\u00dcL\u00dc<\/h2>\n<p style=\"text-align: center;\">INTECRO, TC. Bilim, Sanayi ve Teknoloji Bakanl\u0131\u011f\u0131 taraf\u0131ndan, tasar\u0131m, m\u00fchendislik faaliyetleri ve \u00fcr\u00fcnleri nezdinde 20 firma aras\u0131na girerek TEKNO \u00dcR\u00dcN \u00f6d\u00fcl\u00fcne lay\u0131k g\u00f6r\u00fclm\u00fc\u015ft\u00fcr<\/p>\n[\/vc_column_text][\/vc_column][vc_column width=&#8221;1\/3&#8243;][vc_icon icon_fontawesome=&#8221;fa fa-star&#8221; align=&#8221;center&#8221;][vc_column_text]\n<h2 style=\"text-align: center;\">TEKNOLOJ\u0130K \u00dcR\u00dcN DENEY\u0130M BELGES\u0130<\/h2>\n<p style=\"text-align: center;\">TC. Bilim, Sanayi ve Teknoloji Bakanl\u0131\u011f\u0131 taraf\u0131ndan Gantry Robot ve \u00fcretimini yapt\u0131\u011f\u0131m\u0131z di\u011fer robotik \u00fcr\u00fcnlerimizin \u201c\u0130leri Teknoloji \u00dcr\u00fcn\u201d kategorisinde oldu\u011fu tescillenmi\u015ftir.<\/p>\n[\/vc_column_text][\/vc_column][\/vc_row][vc_row][vc_column width=&#8221;1\/3&#8243;][vc_icon icon_fontawesome=&#8221;fa fa-star-o&#8221; align=&#8221;center&#8221;][vc_column_text]\n<h2 style=\"text-align: center;\">YERL\u0130 MALI BELGES\u0130<\/h2>\n<p style=\"text-align: center;\">Gantry robot ve di\u011fer robot \u00fcretimlerimizin %71\u2019inden fazlas\u0131n\u0131n yerli olarak \u00fcretildi\u011fi TC. Bilim, Sanayi ve Teknoloji Bakanl\u0131\u011f\u0131 taraf\u0131ndan tescillenmi\u015ftir.<\/p>\n[\/vc_column_text][\/vc_column][vc_column width=&#8221;1\/3&#8243;][vc_icon icon_fontawesome=&#8221;fa fa-star-o&#8221; align=&#8221;center&#8221;][vc_column_text]\n<h2 style=\"text-align: center;\">TUB\u0130TAK SAGE \u00dcST\u00dcN BA\u015eARI<br \/>\nBELGES\u0130<\/h2>\n<p style=\"text-align: center;\">Tubitak Sage taraf\u0131ndan Savunma Sanayisine y\u00f6nelik ba\u015far\u0131l\u0131 projelerimiz nezdinde &#8220;T\u00fcbitak \u00dcst\u00fcn Ba\u015far\u0131 Belgesi&#8221; ile onurland\u0131r\u0131ld\u0131k.<\/p>\n[\/vc_column_text][\/vc_column][vc_column width=&#8221;1\/3&#8243;][vc_icon icon_fontawesome=&#8221;fa fa-star-o&#8221; align=&#8221;center&#8221;][vc_column_text]\n<h2 style=\"text-align: center;\">\u0130HRACAT BELGELER\u0130<\/h2>\n<p style=\"text-align: center;\">\u0130hracaat i\u00e7in gerekli t\u00fcm belgelerimiz mevcuttur.<\/p>\n[\/vc_column_text][\/vc_column][\/vc_row][vc_row][vc_column width=&#8221;1\/3&#8243;][vc_icon icon_fontawesome=&#8221;fa fa-star-o&#8221; align=&#8221;center&#8221;][vc_column_text]\n<h2 style=\"text-align: center;\">OTOKAR \u00dcST\u00dcN BA\u015eARI BELGES\u0130<\/h2>\n<p style=\"text-align: center;\">OTOKAR firmas\u0131nda ger\u00e7ekle\u015ftirdi\u011fimiz proje nezdinde yine OTOKAR firmas\u0131n\u0131n de\u011ferli y\u00f6netimi taraf\u0131ndan firmam\u0131z ad\u0131na \u201c\u00dcst\u00fcn Ba\u015far\u0131\u201d Referans Mektubu takdim edilmi\u015ftir.<\/p>\n[\/vc_column_text][\/vc_column][vc_column width=&#8221;1\/3&#8243;][vc_icon icon_fontawesome=&#8221;fa fa-star-o&#8221; align=&#8221;center&#8221;][vc_column_text]\n<h2 style=\"text-align: center;\">ISO 9001.2015<\/h2>\n<p style=\"text-align: center;\">T\u00dcRKAK Onayl\u0131 ISO 9001 Kalite Belgesi<\/p>\n<div id=\"gtx-trans\" style=\"position: absolute; left: 66px; top: -9.50391px;\">\n<div class=\"gtx-trans-icon\"><\/div>\n<\/div>\n[\/vc_column_text][\/vc_column][vc_column width=&#8221;1\/3&#8243;][vc_icon icon_fontawesome=&#8221;fa fa-star-o&#8221; align=&#8221;center&#8221;][vc_column_text]\n<h2 style=\"text-align: center;\">CE BELGES\u0130<\/h2>\n<p style=\"text-align: center;\">Avrupa standartlar\u0131 gere\u011fi, \u00fcr\u00fcnlerimizde, sistemlerimizde ayr\u0131ca m\u00fchendislik ve y\u00f6netim metotlar\u0131m\u0131z Avrupa Normlar\u0131na uygun nitelikte CE belgesine sahiptir.<\/p>\n[\/vc_column_text][\/vc_column][\/vc_row][vc_row][vc_column width=&#8221;1\/3&#8243;][vc_icon icon_fontawesome=&#8221;fa fa-star-o&#8221; align=&#8221;center&#8221;][vc_column_text]\n<h2 style=\"text-align: center;\">\u00a0ISO 14001:2015 BELGES\u0130<\/h2>\n<p style=\"text-align: center;\">Ger\u00e7ekle\u015ftirdi\u011fimiz projelerdeki \u00e7evresel sorumluluk anlay\u0131\u015f\u0131m\u0131z ve s\u00fcrd\u00fcr\u00fclebilir uygulamalar\u0131m\u0131z, \u00e7evre y\u00f6netimi alan\u0131ndaki uluslararas\u0131 standartlara uyumumuzu g\u00f6stererek ba\u015far\u0131yla belgelendirilmi\u015ftir.<\/p>\n[\/vc_column_text][\/vc_column][vc_column width=&#8221;1\/3&#8243;][vc_icon icon_fontawesome=&#8221;fa fa-star-o&#8221; align=&#8221;center&#8221;][vc_column_text]\n<h2 style=\"text-align: center;\">\u00a0ISO 45001:2018 BELGES\u0130<\/h2>\n<p style=\"text-align: center;\">Projeler s\u00fcresince i\u015f sa\u011fl\u0131\u011f\u0131 ve g\u00fcvenli\u011fine verdi\u011fimiz \u00f6nem, \u00e7al\u0131\u015fan refah\u0131n\u0131 \u00f6nceleyen yakla\u015f\u0131m\u0131m\u0131zla birle\u015ferek bu alandaki y\u00fcksek standartlara olan ba\u011fl\u0131l\u0131\u011f\u0131m\u0131z\u0131n alt\u0131n\u0131 \u00e7izmi\u015ftir.<\/p>\n<div id=\"gtx-trans\" style=\"position: absolute; left: 66px; top: -9.50391px;\">\n<div class=\"gtx-trans-icon\"><\/div>\n<\/div>\n[\/vc_column_text][\/vc_column][vc_column width=&#8221;1\/3&#8243;][vc_icon icon_fontawesome=&#8221;fa fa-star-o&#8221; align=&#8221;center&#8221;][vc_column_text]\n<h2 style=\"text-align: center;\">\u00a0ISO\/IEC\/IEEE 12207:2017 BELGES\u0130<\/h2>\n<p style=\"text-align: center;\">Proje y\u00f6netimi ve yaz\u0131l\u0131m geli\u015ftirme s\u00fcre\u00e7lerimizi sistematik ve kalite odakl\u0131 \u015fekilde y\u00fcr\u00fctmemiz, yaz\u0131l\u0131m ya\u015fam d\u00f6ng\u00fcs\u00fc standartlar\u0131na tam uyum sa\u011flad\u0131\u011f\u0131m\u0131z\u0131 ortaya koymu\u015ftur.<\/p>\n[\/vc_column_text][\/vc_column][\/vc_row][vc_row][vc_column width=&#8221;1\/3&#8243;][vc_icon icon_fontawesome=&#8221;fa fa-star-o&#8221; align=&#8221;center&#8221;][vc_column_text]\n<h2 style=\"text-align: center;\">\u00a0ISO\/IEC 27001:2013 BELGES\u0130<\/h2>\n<p style=\"text-align: center;\">Bilgi g\u00fcvenli\u011fine g\u00f6sterdi\u011fimiz hassasiyet ve verilerin korunmas\u0131na y\u00f6nelik uygulamalar\u0131m\u0131z, projede sa\u011flanan g\u00fcven ortam\u0131n\u0131n temel ta\u015flar\u0131n\u0131 olu\u015fturmu\u015f ve uluslararas\u0131 standartlarla belgelenmi\u015ftir.<\/p>\n[\/vc_column_text][\/vc_column][vc_column width=&#8221;1\/3&#8243;][vc_icon icon_fontawesome=&#8221;fa fa-star-o&#8221; align=&#8221;center&#8221;][vc_column_text]\n<h2 style=\"text-align: center;\">\u00a0ISO 10002:2018 BELGES\u0130<\/h2>\n<p style=\"text-align: center;\">Proje s\u00fcresince m\u00fc\u015fteri memnuniyetine verdi\u011fimiz \u00f6ncelik, geri bildirimlerin etkin ve yap\u0131c\u0131 \u015fekilde y\u00f6netilmesiyle birle\u015ferek, hizmet kalitemizin uluslararas\u0131 standartlarla uyumlu oldu\u011funu g\u00f6stermi\u015ftir<\/p>\n<div id=\"gtx-trans\" style=\"position: absolute; left: 66px; top: -9.50391px;\">\n<div class=\"gtx-trans-icon\"><\/div>\n<\/div>\n[\/vc_column_text][\/vc_column][vc_column width=&#8221;1\/3&#8243;][vc_icon icon_fontawesome=&#8221;fa fa-star-o&#8221; align=&#8221;center&#8221;][vc_column_text]\n<h2 style=\"text-align: center;\">\u00a0Turqum Belgesi<\/h2>\n<p style=\"text-align: center;\">Projede kullan\u0131lan \u00fcr\u00fcn ve hizmetlerin yerli \u00fcretime dayal\u0131 olmas\u0131, kalite ve uygunluk a\u00e7\u0131s\u0131ndan belirli standartlar\u0131 sa\u011flad\u0131\u011f\u0131m\u0131z\u0131n bir g\u00f6stergesi olarak \u00f6ne \u00e7\u0131km\u0131\u015ft\u0131r.<\/p>\n[\/vc_column_text][\/vc_column][\/vc_row]\n","protected":false},"excerpt":{"rendered":"<p>[vc_row][vc_column width=&#8221;1\/3&#8243;][vc_icon icon_fontawesome=&#8221;fa fa-star&#8221; align=&#8221;center&#8221;][vc_column_text] ASO YILIN AR-GE F\u0130RMASI \u00d6D\u00dcL\u00dc Ankara Sanayi Odas\u0131 taraf\u0131ndan ger\u00e7ekle\u015ftirilen \u00f6d\u00fcl t\u00f6reninde firmam\u0131z &#8220;Y\u0131l\u0131n AR-GE Firmas\u0131&#8221; \u00d6d\u00fcl\u00fcne lay\u0131k g\u00f6r\u00fclm\u00fc\u015ft\u00fcr [\/vc_column_text][\/vc_column][vc_column width=&#8221;1\/3&#8243;][vc_icon icon_fontawesome=&#8221;fa fa-star&#8221; align=&#8221;center&#8221;][vc_column_text] B\u0130L\u0130M SANAY\u0130 BAKANLI\u011eI TEKNOLOJ\u0130 \u00dcR\u00dcN \u00d6D\u00dcL\u00dc INTECRO, TC. Bilim, Sanayi ve&hellip;<\/p>\n","protected":false},"author":1,"featured_media":0,"parent":0,"menu_order":0,"comment_status":"closed","ping_status":"closed","template":"","meta":{"footnotes":""},"class_list":["post-4933","page","type-page","status-publish","hentry","entry","no-media"],"yoast_head":"<!-- This site is optimized with the Yoast SEO plugin v27.5 - https:\/\/yoast.com\/product\/yoast-seo-wordpress\/ -->\n<title>Belgelerimiz ve \u00d6d\u00fcller - Intecro Robotics<\/title>\n<meta name=\"robots\" content=\"index, follow, max-snippet:-1, max-image-preview:large, max-video-preview:-1\" \/>\n<link rel=\"canonical\" href=\"https:\/\/intecro.com.tr\/tr\/tr\/oduller\/\" \/>\n<meta property=\"og:locale\" content=\"tr_TR\" \/>\n<meta property=\"og:type\" content=\"article\" \/>\n<meta property=\"og:title\" content=\"Belgelerimiz ve \u00d6d\u00fcller - Intecro Robotics\" \/>\n<meta property=\"og:description\" content=\"[vc_row][vc_column width=&#8221;1\/3&#8243;][vc_icon icon_fontawesome=&#8221;fa fa-star&#8221; align=&#8221;center&#8221;][vc_column_text] ASO YILIN AR-GE F\u0130RMASI \u00d6D\u00dcL\u00dc Ankara Sanayi Odas\u0131 taraf\u0131ndan ger\u00e7ekle\u015ftirilen \u00f6d\u00fcl t\u00f6reninde firmam\u0131z &#8220;Y\u0131l\u0131n AR-GE Firmas\u0131&#8221; \u00d6d\u00fcl\u00fcne lay\u0131k g\u00f6r\u00fclm\u00fc\u015ft\u00fcr [\/vc_column_text][\/vc_column][vc_column width=&#8221;1\/3&#8243;][vc_icon icon_fontawesome=&#8221;fa fa-star&#8221; align=&#8221;center&#8221;][vc_column_text] B\u0130L\u0130M SANAY\u0130 BAKANLI\u011eI TEKNOLOJ\u0130 \u00dcR\u00dcN \u00d6D\u00dcL\u00dc INTECRO, TC. Bilim, Sanayi ve&hellip;\" \/>\n<meta property=\"og:url\" content=\"https:\/\/intecro.com.tr\/tr\/tr\/oduller\/\" \/>\n<meta property=\"og:site_name\" content=\"Intecro Robotics\" \/>\n<meta property=\"article:modified_time\" content=\"2026-01-23T07:39:40+00:00\" \/>\n<meta name=\"twitter:card\" content=\"summary_large_image\" \/>\n<meta name=\"twitter:label1\" content=\"Tahmini okuma s\u00fcresi\" \/>\n\t<meta name=\"twitter:data1\" content=\"3 dakika\" \/>\n<script type=\"application\/ld+json\" class=\"yoast-schema-graph\">{\"@context\":\"https:\\\/\\\/schema.org\",\"@graph\":[{\"@type\":\"WebPage\",\"@id\":\"https:\\\/\\\/intecro.com.tr\\\/tr\\\/tr\\\/oduller\\\/\",\"url\":\"https:\\\/\\\/intecro.com.tr\\\/tr\\\/tr\\\/oduller\\\/\",\"name\":\"Belgelerimiz ve \u00d6d\u00fcller - Intecro Robotics\",\"isPartOf\":{\"@id\":\"https:\\\/\\\/intecro.com.tr\\\/tr\\\/#website\"},\"datePublished\":\"2019-10-13T21:47:09+00:00\",\"dateModified\":\"2026-01-23T07:39:40+00:00\",\"breadcrumb\":{\"@id\":\"https:\\\/\\\/intecro.com.tr\\\/tr\\\/tr\\\/oduller\\\/#breadcrumb\"},\"inLanguage\":\"tr\",\"potentialAction\":[{\"@type\":\"ReadAction\",\"target\":[\"https:\\\/\\\/intecro.com.tr\\\/tr\\\/tr\\\/oduller\\\/\"]}]},{\"@type\":\"BreadcrumbList\",\"@id\":\"https:\\\/\\\/intecro.com.tr\\\/tr\\\/tr\\\/oduller\\\/#breadcrumb\",\"itemListElement\":[{\"@type\":\"ListItem\",\"position\":1,\"name\":\"Anasayfa\",\"item\":\"https:\\\/\\\/intecro.com.tr\\\/tr\\\/tr\\\/anasayfa\\\/\"},{\"@type\":\"ListItem\",\"position\":2,\"name\":\"Belgelerimiz ve \u00d6d\u00fcller\"}]},{\"@type\":\"WebSite\",\"@id\":\"https:\\\/\\\/intecro.com.tr\\\/tr\\\/#website\",\"url\":\"https:\\\/\\\/intecro.com.tr\\\/tr\\\/\",\"name\":\"Intecro Robotics\",\"description\":\"More Innovation\",\"publisher\":{\"@id\":\"https:\\\/\\\/intecro.com.tr\\\/tr\\\/#organization\"},\"potentialAction\":[{\"@type\":\"SearchAction\",\"target\":{\"@type\":\"EntryPoint\",\"urlTemplate\":\"https:\\\/\\\/intecro.com.tr\\\/tr\\\/?s={search_term_string}\"},\"query-input\":{\"@type\":\"PropertyValueSpecification\",\"valueRequired\":true,\"valueName\":\"search_term_string\"}}],\"inLanguage\":\"tr\"},{\"@type\":\"Organization\",\"@id\":\"https:\\\/\\\/intecro.com.tr\\\/tr\\\/#organization\",\"name\":\"Intecro Robotics\",\"url\":\"https:\\\/\\\/intecro.com.tr\\\/tr\\\/\",\"logo\":{\"@type\":\"ImageObject\",\"inLanguage\":\"tr\",\"@id\":\"https:\\\/\\\/intecro.com.tr\\\/tr\\\/#\\\/schema\\\/logo\\\/image\\\/\",\"url\":\"https:\\\/\\\/intecro.com.tr\\\/tr\\\/wp-content\\\/uploads\\\/2025\\\/02\\\/intecro_yatay-02.png\",\"contentUrl\":\"https:\\\/\\\/intecro.com.tr\\\/tr\\\/wp-content\\\/uploads\\\/2025\\\/02\\\/intecro_yatay-02.png\",\"width\":2134,\"height\":467,\"caption\":\"Intecro Robotics\"},\"image\":{\"@id\":\"https:\\\/\\\/intecro.com.tr\\\/tr\\\/#\\\/schema\\\/logo\\\/image\\\/\"}}]}<\/script>\n<!-- \/ Yoast SEO plugin. -->","yoast_head_json":{"title":"Belgelerimiz ve \u00d6d\u00fcller - Intecro Robotics","robots":{"index":"index","follow":"follow","max-snippet":"max-snippet:-1","max-image-preview":"max-image-preview:large","max-video-preview":"max-video-preview:-1"},"canonical":"https:\/\/intecro.com.tr\/tr\/tr\/oduller\/","og_locale":"tr_TR","og_type":"article","og_title":"Belgelerimiz ve \u00d6d\u00fcller - Intecro Robotics","og_description":"[vc_row][vc_column width=&#8221;1\/3&#8243;][vc_icon icon_fontawesome=&#8221;fa fa-star&#8221; align=&#8221;center&#8221;][vc_column_text] ASO YILIN AR-GE F\u0130RMASI \u00d6D\u00dcL\u00dc Ankara Sanayi Odas\u0131 taraf\u0131ndan ger\u00e7ekle\u015ftirilen \u00f6d\u00fcl t\u00f6reninde firmam\u0131z &#8220;Y\u0131l\u0131n AR-GE Firmas\u0131&#8221; \u00d6d\u00fcl\u00fcne lay\u0131k g\u00f6r\u00fclm\u00fc\u015ft\u00fcr [\/vc_column_text][\/vc_column][vc_column width=&#8221;1\/3&#8243;][vc_icon icon_fontawesome=&#8221;fa fa-star&#8221; align=&#8221;center&#8221;][vc_column_text] B\u0130L\u0130M SANAY\u0130 BAKANLI\u011eI TEKNOLOJ\u0130 \u00dcR\u00dcN \u00d6D\u00dcL\u00dc INTECRO, TC. Bilim, Sanayi ve&hellip;","og_url":"https:\/\/intecro.com.tr\/tr\/tr\/oduller\/","og_site_name":"Intecro Robotics","article_modified_time":"2026-01-23T07:39:40+00:00","twitter_card":"summary_large_image","twitter_misc":{"Tahmini okuma s\u00fcresi":"3 dakika"},"schema":{"@context":"https:\/\/schema.org","@graph":[{"@type":"WebPage","@id":"https:\/\/intecro.com.tr\/tr\/tr\/oduller\/","url":"https:\/\/intecro.com.tr\/tr\/tr\/oduller\/","name":"Belgelerimiz ve \u00d6d\u00fcller - Intecro Robotics","isPartOf":{"@id":"https:\/\/intecro.com.tr\/tr\/#website"},"datePublished":"2019-10-13T21:47:09+00:00","dateModified":"2026-01-23T07:39:40+00:00","breadcrumb":{"@id":"https:\/\/intecro.com.tr\/tr\/tr\/oduller\/#breadcrumb"},"inLanguage":"tr","potentialAction":[{"@type":"ReadAction","target":["https:\/\/intecro.com.tr\/tr\/tr\/oduller\/"]}]},{"@type":"BreadcrumbList","@id":"https:\/\/intecro.com.tr\/tr\/tr\/oduller\/#breadcrumb","itemListElement":[{"@type":"ListItem","position":1,"name":"Anasayfa","item":"https:\/\/intecro.com.tr\/tr\/tr\/anasayfa\/"},{"@type":"ListItem","position":2,"name":"Belgelerimiz ve \u00d6d\u00fcller"}]},{"@type":"WebSite","@id":"https:\/\/intecro.com.tr\/tr\/#website","url":"https:\/\/intecro.com.tr\/tr\/","name":"Intecro Robotics","description":"More Innovation","publisher":{"@id":"https:\/\/intecro.com.tr\/tr\/#organization"},"potentialAction":[{"@type":"SearchAction","target":{"@type":"EntryPoint","urlTemplate":"https:\/\/intecro.com.tr\/tr\/?s={search_term_string}"},"query-input":{"@type":"PropertyValueSpecification","valueRequired":true,"valueName":"search_term_string"}}],"inLanguage":"tr"},{"@type":"Organization","@id":"https:\/\/intecro.com.tr\/tr\/#organization","name":"Intecro Robotics","url":"https:\/\/intecro.com.tr\/tr\/","logo":{"@type":"ImageObject","inLanguage":"tr","@id":"https:\/\/intecro.com.tr\/tr\/#\/schema\/logo\/image\/","url":"https:\/\/intecro.com.tr\/tr\/wp-content\/uploads\/2025\/02\/intecro_yatay-02.png","contentUrl":"https:\/\/intecro.com.tr\/tr\/wp-content\/uploads\/2025\/02\/intecro_yatay-02.png","width":2134,"height":467,"caption":"Intecro Robotics"},"image":{"@id":"https:\/\/intecro.com.tr\/tr\/#\/schema\/logo\/image\/"}}]}},"_links":{"self":[{"href":"https:\/\/intecro.com.tr\/tr\/wp-json\/wp\/v2\/pages\/4933","targetHints":{"allow":["GET"]}}],"collection":[{"href":"https:\/\/intecro.com.tr\/tr\/wp-json\/wp\/v2\/pages"}],"about":[{"href":"https:\/\/intecro.com.tr\/tr\/wp-json\/wp\/v2\/types\/page"}],"author":[{"embeddable":true,"href":"https:\/\/intecro.com.tr\/tr\/wp-json\/wp\/v2\/users\/1"}],"replies":[{"embeddable":true,"href":"https:\/\/intecro.com.tr\/tr\/wp-json\/wp\/v2\/comments?post=4933"}],"version-history":[{"count":10,"href":"https:\/\/intecro.com.tr\/tr\/wp-json\/wp\/v2\/pages\/4933\/revisions"}],"predecessor-version":[{"id":7945,"href":"https:\/\/intecro.com.tr\/tr\/wp-json\/wp\/v2\/pages\/4933\/revisions\/7945"}],"wp:attachment":[{"href":"https:\/\/intecro.com.tr\/tr\/wp-json\/wp\/v2\/media?parent=4933"}],"curies":[{"name":"wp","href":"https:\/\/api.w.org\/{rel}","templated":true}]}}