{"id":4941,"date":"2019-10-13T22:18:24","date_gmt":"2019-10-13T22:18:24","guid":{"rendered":"https:\/\/intecro.com.tr\/tr\/?page_id=4941"},"modified":"2020-01-06T01:37:08","modified_gmt":"2020-01-06T01:37:08","slug":"ceo-mesaji","status":"publish","type":"page","link":"https:\/\/intecro.com.tr\/tr\/tr\/ceo-mesaji\/","title":{"rendered":"CEO Mesaj\u0131"},"content":{"rendered":"[vc_row][vc_column width=&#8221;1\/2&#8243;][vc_single_image image=&#8221;4942&#8243;][\/vc_column][vc_column width=&#8221;1\/2&#8243;][vc_column_text]Kuruldu\u011fumuz y\u0131ldan bug\u00fcne kadar de\u011fi\u015fime olan inanc\u0131m\u0131z\u0131 daima koruduk.<br \/>\nBu inan\u00e7 \u201c<strong>In<\/strong>novative Industrial <strong>Tec<\/strong>hnology and <strong>Ro<\/strong>botics\u201d ifadesinin ba\u015f harfleri ile \u201cIntecro\u201d markas\u0131nda v\u00fccut buldu.<br \/>\nPayda\u015flar\u0131m\u0131zda g\u00fcven ve memnuniyet duygusu b\u0131rakmay\u0131 ve s\u00fcrd\u00fcr\u00fclebilir ili\u015fkiler geli\u015ftirmeyi tutku haline getirdik.<\/p>\n<p>Bu tutku \u00e7er\u00e7evesinde y\u00fczlerce payda\u015f\u0131m\u0131z i\u00e7in y\u00fcksek teknoloji \u00e7\u00f6z\u00fcmler veya robotik sistemler tasarlad\u0131k, \u00fcrettik ve i\u015fletmeye ald\u0131k.<br \/>\nPek \u00e7ok zorlu\u011fa ra\u011fmen hi\u00e7bir zaman pes etmeyi bir se\u00e7enek olarak g\u00f6rmedik, ilerledik, b\u00fcy\u00fcd\u00fck ve bu b\u00fcy\u00fck ailenin \u00fclkemizdeki ve d\u00fcnyadaki ba\u015far\u0131lar\u0131na ortak olduk.<br \/>\nOrtak olduk diyoruz \u00e7\u00fcnk\u00fc bu ba\u015far\u0131larda ki en b\u00fcy\u00fck ortak pay, hi\u00e7 ku\u015fkusuz y\u0131llarca bize kendimizi i\u015fimizle ifade etme f\u0131rsat\u0131 veren, g\u00fcvenen ve Intecro&#8217;yu tercih eden de\u011ferli m\u00fc\u015fterilerimizindir.<\/p>\n<p>Yola \u00e7\u0131kt\u0131\u011f\u0131m\u0131z andan beri bizi bug\u00fcnlere ta\u015f\u0131yan de\u011ferlerden bir an olsun vazge\u00e7meden, her g\u00fcn ayn\u0131 heyecan ve motivasyon ile d\u00fcnya end\u00fcstrisinin geli\u015fimine daha fazla katk\u0131 sa\u011flamak, daha fazla insan\u0131n hayat\u0131n\u0131 kolayla\u015ft\u0131rmak, tasarruf ve katma de\u011fer \u00fcreten teknolojiler ile daha fazla ya\u015fanabilir bir \u00e7evre geli\u015ftirmek i\u00e7in \u00e7al\u0131\u015f\u0131yoruz.<br \/>\nBu y\u00fczden <strong>daha fazla inovasyon<\/strong> ile gelece\u011fe odaklan\u0131yoruz.<br \/>\nBiz i\u015ftigal i\u00e7inde oldu\u011fumuz i\u015f alan\u0131n\u0131 \u00e7ok seviyoruz ve i\u015fimizi de severek yap\u0131yoruz.<\/p>\n<p><strong> A. Ali \u015eEN &#8211; CEO<\/strong>[\/vc_column_text][\/vc_column][\/vc_row]\n","protected":false},"excerpt":{"rendered":"<p>[vc_row][vc_column width=&#8221;1\/2&#8243;][vc_single_image image=&#8221;4942&#8243;][\/vc_column][vc_column width=&#8221;1\/2&#8243;][vc_column_text]Kuruldu\u011fumuz y\u0131ldan bug\u00fcne kadar de\u011fi\u015fime olan inanc\u0131m\u0131z\u0131 daima koruduk. Bu inan\u00e7 \u201cInnovative Industrial Technology and Robotics\u201d ifadesinin ba\u015f harfleri ile \u201cIntecro\u201d markas\u0131nda v\u00fccut buldu. Payda\u015flar\u0131m\u0131zda g\u00fcven ve memnuniyet duygusu b\u0131rakmay\u0131 ve s\u00fcrd\u00fcr\u00fclebilir ili\u015fkiler geli\u015ftirmeyi tutku haline getirdik.&hellip;<\/p>\n","protected":false},"author":1,"featured_media":0,"parent":0,"menu_order":0,"comment_status":"closed","ping_status":"closed","template":"","meta":{"footnotes":""},"class_list":["post-4941","page","type-page","status-publish","hentry","entry","no-media"],"yoast_head":"<!-- This site is optimized with the Yoast SEO plugin v27.5 - https:\/\/yoast.com\/product\/yoast-seo-wordpress\/ -->\n<title>CEO Mesaj\u0131 - Intecro Robotics<\/title>\n<meta name=\"robots\" content=\"index, follow, max-snippet:-1, max-image-preview:large, max-video-preview:-1\" \/>\n<link rel=\"canonical\" href=\"https:\/\/intecro.com.tr\/tr\/tr\/ceo-mesaji\/\" \/>\n<meta property=\"og:locale\" content=\"tr_TR\" \/>\n<meta property=\"og:type\" content=\"article\" \/>\n<meta property=\"og:title\" content=\"CEO Mesaj\u0131 - Intecro Robotics\" \/>\n<meta property=\"og:description\" content=\"[vc_row][vc_column width=&#8221;1\/2&#8243;][vc_single_image image=&#8221;4942&#8243;][\/vc_column][vc_column width=&#8221;1\/2&#8243;][vc_column_text]Kuruldu\u011fumuz y\u0131ldan bug\u00fcne kadar de\u011fi\u015fime olan inanc\u0131m\u0131z\u0131 daima koruduk. Bu inan\u00e7 \u201cInnovative Industrial Technology and Robotics\u201d ifadesinin ba\u015f harfleri ile \u201cIntecro\u201d markas\u0131nda v\u00fccut buldu. Payda\u015flar\u0131m\u0131zda g\u00fcven ve memnuniyet duygusu b\u0131rakmay\u0131 ve s\u00fcrd\u00fcr\u00fclebilir ili\u015fkiler geli\u015ftirmeyi tutku haline getirdik.&hellip;\" \/>\n<meta property=\"og:url\" content=\"https:\/\/intecro.com.tr\/tr\/tr\/ceo-mesaji\/\" \/>\n<meta property=\"og:site_name\" content=\"Intecro Robotics\" \/>\n<meta property=\"article:modified_time\" content=\"2020-01-06T01:37:08+00:00\" \/>\n<meta name=\"twitter:card\" content=\"summary_large_image\" \/>\n<meta name=\"twitter:label1\" content=\"Tahmini okuma s\u00fcresi\" \/>\n\t<meta name=\"twitter:data1\" content=\"1 dakika\" \/>\n<script type=\"application\/ld+json\" class=\"yoast-schema-graph\">{\"@context\":\"https:\\\/\\\/schema.org\",\"@graph\":[{\"@type\":\"WebPage\",\"@id\":\"https:\\\/\\\/intecro.com.tr\\\/tr\\\/tr\\\/ceo-mesaji\\\/\",\"url\":\"https:\\\/\\\/intecro.com.tr\\\/tr\\\/tr\\\/ceo-mesaji\\\/\",\"name\":\"CEO Mesaj\u0131 - Intecro Robotics\",\"isPartOf\":{\"@id\":\"https:\\\/\\\/intecro.com.tr\\\/tr\\\/#website\"},\"datePublished\":\"2019-10-13T22:18:24+00:00\",\"dateModified\":\"2020-01-06T01:37:08+00:00\",\"breadcrumb\":{\"@id\":\"https:\\\/\\\/intecro.com.tr\\\/tr\\\/tr\\\/ceo-mesaji\\\/#breadcrumb\"},\"inLanguage\":\"tr\",\"potentialAction\":[{\"@type\":\"ReadAction\",\"target\":[\"https:\\\/\\\/intecro.com.tr\\\/tr\\\/tr\\\/ceo-mesaji\\\/\"]}]},{\"@type\":\"BreadcrumbList\",\"@id\":\"https:\\\/\\\/intecro.com.tr\\\/tr\\\/tr\\\/ceo-mesaji\\\/#breadcrumb\",\"itemListElement\":[{\"@type\":\"ListItem\",\"position\":1,\"name\":\"Anasayfa\",\"item\":\"https:\\\/\\\/intecro.com.tr\\\/tr\\\/tr\\\/anasayfa\\\/\"},{\"@type\":\"ListItem\",\"position\":2,\"name\":\"CEO Mesaj\u0131\"}]},{\"@type\":\"WebSite\",\"@id\":\"https:\\\/\\\/intecro.com.tr\\\/tr\\\/#website\",\"url\":\"https:\\\/\\\/intecro.com.tr\\\/tr\\\/\",\"name\":\"Intecro Robotics\",\"description\":\"More Innovation\",\"publisher\":{\"@id\":\"https:\\\/\\\/intecro.com.tr\\\/tr\\\/#organization\"},\"potentialAction\":[{\"@type\":\"SearchAction\",\"target\":{\"@type\":\"EntryPoint\",\"urlTemplate\":\"https:\\\/\\\/intecro.com.tr\\\/tr\\\/?s={search_term_string}\"},\"query-input\":{\"@type\":\"PropertyValueSpecification\",\"valueRequired\":true,\"valueName\":\"search_term_string\"}}],\"inLanguage\":\"tr\"},{\"@type\":\"Organization\",\"@id\":\"https:\\\/\\\/intecro.com.tr\\\/tr\\\/#organization\",\"name\":\"Intecro Robotics\",\"url\":\"https:\\\/\\\/intecro.com.tr\\\/tr\\\/\",\"logo\":{\"@type\":\"ImageObject\",\"inLanguage\":\"tr\",\"@id\":\"https:\\\/\\\/intecro.com.tr\\\/tr\\\/#\\\/schema\\\/logo\\\/image\\\/\",\"url\":\"https:\\\/\\\/intecro.com.tr\\\/tr\\\/wp-content\\\/uploads\\\/2025\\\/02\\\/intecro_yatay-02.png\",\"contentUrl\":\"https:\\\/\\\/intecro.com.tr\\\/tr\\\/wp-content\\\/uploads\\\/2025\\\/02\\\/intecro_yatay-02.png\",\"width\":2134,\"height\":467,\"caption\":\"Intecro Robotics\"},\"image\":{\"@id\":\"https:\\\/\\\/intecro.com.tr\\\/tr\\\/#\\\/schema\\\/logo\\\/image\\\/\"}}]}<\/script>\n<!-- \/ Yoast SEO plugin. -->","yoast_head_json":{"title":"CEO Mesaj\u0131 - Intecro Robotics","robots":{"index":"index","follow":"follow","max-snippet":"max-snippet:-1","max-image-preview":"max-image-preview:large","max-video-preview":"max-video-preview:-1"},"canonical":"https:\/\/intecro.com.tr\/tr\/tr\/ceo-mesaji\/","og_locale":"tr_TR","og_type":"article","og_title":"CEO Mesaj\u0131 - Intecro Robotics","og_description":"[vc_row][vc_column width=&#8221;1\/2&#8243;][vc_single_image image=&#8221;4942&#8243;][\/vc_column][vc_column width=&#8221;1\/2&#8243;][vc_column_text]Kuruldu\u011fumuz y\u0131ldan bug\u00fcne kadar de\u011fi\u015fime olan inanc\u0131m\u0131z\u0131 daima koruduk. Bu inan\u00e7 \u201cInnovative Industrial Technology and Robotics\u201d ifadesinin ba\u015f harfleri ile \u201cIntecro\u201d markas\u0131nda v\u00fccut buldu. Payda\u015flar\u0131m\u0131zda g\u00fcven ve memnuniyet duygusu b\u0131rakmay\u0131 ve s\u00fcrd\u00fcr\u00fclebilir ili\u015fkiler geli\u015ftirmeyi tutku haline getirdik.&hellip;","og_url":"https:\/\/intecro.com.tr\/tr\/tr\/ceo-mesaji\/","og_site_name":"Intecro Robotics","article_modified_time":"2020-01-06T01:37:08+00:00","twitter_card":"summary_large_image","twitter_misc":{"Tahmini okuma s\u00fcresi":"1 dakika"},"schema":{"@context":"https:\/\/schema.org","@graph":[{"@type":"WebPage","@id":"https:\/\/intecro.com.tr\/tr\/tr\/ceo-mesaji\/","url":"https:\/\/intecro.com.tr\/tr\/tr\/ceo-mesaji\/","name":"CEO Mesaj\u0131 - Intecro Robotics","isPartOf":{"@id":"https:\/\/intecro.com.tr\/tr\/#website"},"datePublished":"2019-10-13T22:18:24+00:00","dateModified":"2020-01-06T01:37:08+00:00","breadcrumb":{"@id":"https:\/\/intecro.com.tr\/tr\/tr\/ceo-mesaji\/#breadcrumb"},"inLanguage":"tr","potentialAction":[{"@type":"ReadAction","target":["https:\/\/intecro.com.tr\/tr\/tr\/ceo-mesaji\/"]}]},{"@type":"BreadcrumbList","@id":"https:\/\/intecro.com.tr\/tr\/tr\/ceo-mesaji\/#breadcrumb","itemListElement":[{"@type":"ListItem","position":1,"name":"Anasayfa","item":"https:\/\/intecro.com.tr\/tr\/tr\/anasayfa\/"},{"@type":"ListItem","position":2,"name":"CEO Mesaj\u0131"}]},{"@type":"WebSite","@id":"https:\/\/intecro.com.tr\/tr\/#website","url":"https:\/\/intecro.com.tr\/tr\/","name":"Intecro Robotics","description":"More Innovation","publisher":{"@id":"https:\/\/intecro.com.tr\/tr\/#organization"},"potentialAction":[{"@type":"SearchAction","target":{"@type":"EntryPoint","urlTemplate":"https:\/\/intecro.com.tr\/tr\/?s={search_term_string}"},"query-input":{"@type":"PropertyValueSpecification","valueRequired":true,"valueName":"search_term_string"}}],"inLanguage":"tr"},{"@type":"Organization","@id":"https:\/\/intecro.com.tr\/tr\/#organization","name":"Intecro Robotics","url":"https:\/\/intecro.com.tr\/tr\/","logo":{"@type":"ImageObject","inLanguage":"tr","@id":"https:\/\/intecro.com.tr\/tr\/#\/schema\/logo\/image\/","url":"https:\/\/intecro.com.tr\/tr\/wp-content\/uploads\/2025\/02\/intecro_yatay-02.png","contentUrl":"https:\/\/intecro.com.tr\/tr\/wp-content\/uploads\/2025\/02\/intecro_yatay-02.png","width":2134,"height":467,"caption":"Intecro Robotics"},"image":{"@id":"https:\/\/intecro.com.tr\/tr\/#\/schema\/logo\/image\/"}}]}},"_links":{"self":[{"href":"https:\/\/intecro.com.tr\/tr\/wp-json\/wp\/v2\/pages\/4941","targetHints":{"allow":["GET"]}}],"collection":[{"href":"https:\/\/intecro.com.tr\/tr\/wp-json\/wp\/v2\/pages"}],"about":[{"href":"https:\/\/intecro.com.tr\/tr\/wp-json\/wp\/v2\/types\/page"}],"author":[{"embeddable":true,"href":"https:\/\/intecro.com.tr\/tr\/wp-json\/wp\/v2\/users\/1"}],"replies":[{"embeddable":true,"href":"https:\/\/intecro.com.tr\/tr\/wp-json\/wp\/v2\/comments?post=4941"}],"version-history":[{"count":7,"href":"https:\/\/intecro.com.tr\/tr\/wp-json\/wp\/v2\/pages\/4941\/revisions"}],"predecessor-version":[{"id":5797,"href":"https:\/\/intecro.com.tr\/tr\/wp-json\/wp\/v2\/pages\/4941\/revisions\/5797"}],"wp:attachment":[{"href":"https:\/\/intecro.com.tr\/tr\/wp-json\/wp\/v2\/media?parent=4941"}],"curies":[{"name":"wp","href":"https:\/\/api.w.org\/{rel}","templated":true}]}}