{"id":5034,"date":"2019-10-13T23:58:24","date_gmt":"2019-10-13T23:58:24","guid":{"rendered":"https:\/\/intecro.com.tr\/tr\/?page_id=5034"},"modified":"2025-07-07T06:24:19","modified_gmt":"2025-07-07T06:24:19","slug":"staj","status":"publish","type":"page","link":"https:\/\/intecro.com.tr\/tr\/tr\/staj\/","title":{"rendered":"Staj Ba\u015fvuru Formu"},"content":{"rendered":"[vc_row][vc_column][vc_column_text]\n<div class=\"wp-block-image\">\n<figure class=\"aligncenter\"><a href=\"https:\/\/intecro.com.tr\/tr\/wp-content\/uploads\/2025\/07\/Intecro-staj_basvuru.jpg\"><img loading=\"lazy\" decoding=\"async\" class=\"aligncenter wp-image-7608 size-full\" src=\"https:\/\/intecro.com.tr\/tr\/wp-content\/uploads\/2025\/07\/Intecro-staj_basvuru.jpg\" alt=\"\" width=\"2560\" height=\"840\" srcset=\"https:\/\/intecro.com.tr\/tr\/wp-content\/uploads\/2025\/07\/Intecro-staj_basvuru.jpg 2560w, https:\/\/intecro.com.tr\/tr\/wp-content\/uploads\/2025\/07\/Intecro-staj_basvuru-300x98.jpg 300w, https:\/\/intecro.com.tr\/tr\/wp-content\/uploads\/2025\/07\/Intecro-staj_basvuru-1024x336.jpg 1024w, https:\/\/intecro.com.tr\/tr\/wp-content\/uploads\/2025\/07\/Intecro-staj_basvuru-768x252.jpg 768w, https:\/\/intecro.com.tr\/tr\/wp-content\/uploads\/2025\/07\/Intecro-staj_basvuru-1536x504.jpg 1536w, https:\/\/intecro.com.tr\/tr\/wp-content\/uploads\/2025\/07\/Intecro-staj_basvuru-2048x672.jpg 2048w\" sizes=\"auto, (max-width: 2560px) 100vw, 2560px\" \/><\/a><\/figure>\n<\/div>\n\n<p style=\"text-align: center;\"><span style=\"font-size: 28px;\">\u0130nsan Kaynaklar\u0131 Birimimize staj ba\u015fvurusunda bulunmak i\u00e7in<br \/><\/span><span style=\"font-size: 28px;\"> <span style=\"color: #ff6600;\"><strong><a style=\"color: #ff6600;\" href=\"http:\/\/intecro.com.tr\/iceriklerimiz\/Ek-23-INT-Intecro_Staj-Basvuru_Formu_2017-d%C3%B6n%C3%BC%C5%9Ft%C3%BCr%C3%BCld%C3%BC-1.pdf\" target=\"_blank\" rel=\"noreferrer noopener\" aria-label=\"staj ba\u015fvuru formu (yeni sekmede a\u00e7\u0131l\u0131r)\">staj ba\u015fvuru formu<\/a><\/strong><\/span>&#8216;nu doldurarak<br \/><img loading=\"lazy\" decoding=\"async\" class=\"alignnone wp-image-5024\" src=\"https:\/\/intecro.com.tr\/tr\/wp-content\/uploads\/2019\/10\/ikmail.png\" alt=\"\" width=\"164\" height=\"21\" \/>\u00a0\u00a0adresine e-posta g\u00f6nderiniz.<\/span><\/p>\n[\/vc_column_text][\/vc_column][\/vc_row]\n","protected":false},"excerpt":{"rendered":"<p>[vc_row][vc_column][vc_column_text] \u0130nsan Kaynaklar\u0131 Birimimize staj ba\u015fvurusunda bulunmak i\u00e7in staj ba\u015fvuru formu&#8216;nu doldurarak\u00a0\u00a0adresine e-posta g\u00f6nderiniz. [\/vc_column_text][\/vc_column][\/vc_row]<\/p>\n","protected":false},"author":1,"featured_media":0,"parent":0,"menu_order":0,"comment_status":"closed","ping_status":"closed","template":"","meta":{"footnotes":""},"class_list":["post-5034","page","type-page","status-publish","hentry","entry","no-media"],"yoast_head":"<!-- This site is optimized with the Yoast SEO plugin v27.5 - https:\/\/yoast.com\/product\/yoast-seo-wordpress\/ -->\n<title>Staj Ba\u015fvuru Formu - Intecro Robotics<\/title>\n<meta name=\"robots\" content=\"index, follow, max-snippet:-1, max-image-preview:large, max-video-preview:-1\" \/>\n<link rel=\"canonical\" href=\"https:\/\/intecro.com.tr\/tr\/tr\/staj\/\" \/>\n<meta property=\"og:locale\" content=\"tr_TR\" \/>\n<meta property=\"og:type\" content=\"article\" \/>\n<meta property=\"og:title\" content=\"Staj Ba\u015fvuru Formu - Intecro Robotics\" \/>\n<meta property=\"og:description\" content=\"[vc_row][vc_column][vc_column_text] \u0130nsan Kaynaklar\u0131 Birimimize staj ba\u015fvurusunda bulunmak i\u00e7in staj ba\u015fvuru formu&#8216;nu doldurarak\u00a0\u00a0adresine e-posta g\u00f6nderiniz. [\/vc_column_text][\/vc_column][\/vc_row]\" \/>\n<meta property=\"og:url\" content=\"https:\/\/intecro.com.tr\/tr\/tr\/staj\/\" \/>\n<meta property=\"og:site_name\" content=\"Intecro Robotics\" \/>\n<meta property=\"article:modified_time\" content=\"2025-07-07T06:24:19+00:00\" \/>\n<meta property=\"og:image\" content=\"https:\/\/intecro.com.tr\/tr\/wp-content\/uploads\/2025\/07\/Intecro-staj_basvuru.jpg\" \/>\n\t<meta property=\"og:image:width\" content=\"2560\" \/>\n\t<meta property=\"og:image:height\" content=\"840\" \/>\n\t<meta property=\"og:image:type\" content=\"image\/jpeg\" \/>\n<meta name=\"twitter:card\" content=\"summary_large_image\" \/>\n<script type=\"application\/ld+json\" class=\"yoast-schema-graph\">{\"@context\":\"https:\\\/\\\/schema.org\",\"@graph\":[{\"@type\":\"WebPage\",\"@id\":\"https:\\\/\\\/intecro.com.tr\\\/tr\\\/tr\\\/staj\\\/\",\"url\":\"https:\\\/\\\/intecro.com.tr\\\/tr\\\/tr\\\/staj\\\/\",\"name\":\"Staj Ba\u015fvuru Formu - Intecro Robotics\",\"isPartOf\":{\"@id\":\"https:\\\/\\\/intecro.com.tr\\\/tr\\\/#website\"},\"primaryImageOfPage\":{\"@id\":\"https:\\\/\\\/intecro.com.tr\\\/tr\\\/tr\\\/staj\\\/#primaryimage\"},\"image\":{\"@id\":\"https:\\\/\\\/intecro.com.tr\\\/tr\\\/tr\\\/staj\\\/#primaryimage\"},\"thumbnailUrl\":\"https:\\\/\\\/intecro.com.tr\\\/tr\\\/wp-content\\\/uploads\\\/2025\\\/07\\\/Intecro-staj_basvuru.jpg\",\"datePublished\":\"2019-10-13T23:58:24+00:00\",\"dateModified\":\"2025-07-07T06:24:19+00:00\",\"breadcrumb\":{\"@id\":\"https:\\\/\\\/intecro.com.tr\\\/tr\\\/tr\\\/staj\\\/#breadcrumb\"},\"inLanguage\":\"tr\",\"potentialAction\":[{\"@type\":\"ReadAction\",\"target\":[\"https:\\\/\\\/intecro.com.tr\\\/tr\\\/tr\\\/staj\\\/\"]}]},{\"@type\":\"ImageObject\",\"inLanguage\":\"tr\",\"@id\":\"https:\\\/\\\/intecro.com.tr\\\/tr\\\/tr\\\/staj\\\/#primaryimage\",\"url\":\"https:\\\/\\\/intecro.com.tr\\\/tr\\\/wp-content\\\/uploads\\\/2025\\\/07\\\/Intecro-staj_basvuru.jpg\",\"contentUrl\":\"https:\\\/\\\/intecro.com.tr\\\/tr\\\/wp-content\\\/uploads\\\/2025\\\/07\\\/Intecro-staj_basvuru.jpg\"},{\"@type\":\"BreadcrumbList\",\"@id\":\"https:\\\/\\\/intecro.com.tr\\\/tr\\\/tr\\\/staj\\\/#breadcrumb\",\"itemListElement\":[{\"@type\":\"ListItem\",\"position\":1,\"name\":\"Anasayfa\",\"item\":\"https:\\\/\\\/intecro.com.tr\\\/tr\\\/tr\\\/anasayfa\\\/\"},{\"@type\":\"ListItem\",\"position\":2,\"name\":\"Staj Ba\u015fvuru Formu\"}]},{\"@type\":\"WebSite\",\"@id\":\"https:\\\/\\\/intecro.com.tr\\\/tr\\\/#website\",\"url\":\"https:\\\/\\\/intecro.com.tr\\\/tr\\\/\",\"name\":\"Intecro Robotics\",\"description\":\"More Innovation\",\"publisher\":{\"@id\":\"https:\\\/\\\/intecro.com.tr\\\/tr\\\/#organization\"},\"potentialAction\":[{\"@type\":\"SearchAction\",\"target\":{\"@type\":\"EntryPoint\",\"urlTemplate\":\"https:\\\/\\\/intecro.com.tr\\\/tr\\\/?s={search_term_string}\"},\"query-input\":{\"@type\":\"PropertyValueSpecification\",\"valueRequired\":true,\"valueName\":\"search_term_string\"}}],\"inLanguage\":\"tr\"},{\"@type\":\"Organization\",\"@id\":\"https:\\\/\\\/intecro.com.tr\\\/tr\\\/#organization\",\"name\":\"Intecro Robotics\",\"url\":\"https:\\\/\\\/intecro.com.tr\\\/tr\\\/\",\"logo\":{\"@type\":\"ImageObject\",\"inLanguage\":\"tr\",\"@id\":\"https:\\\/\\\/intecro.com.tr\\\/tr\\\/#\\\/schema\\\/logo\\\/image\\\/\",\"url\":\"https:\\\/\\\/intecro.com.tr\\\/tr\\\/wp-content\\\/uploads\\\/2025\\\/02\\\/intecro_yatay-02.png\",\"contentUrl\":\"https:\\\/\\\/intecro.com.tr\\\/tr\\\/wp-content\\\/uploads\\\/2025\\\/02\\\/intecro_yatay-02.png\",\"width\":2134,\"height\":467,\"caption\":\"Intecro Robotics\"},\"image\":{\"@id\":\"https:\\\/\\\/intecro.com.tr\\\/tr\\\/#\\\/schema\\\/logo\\\/image\\\/\"}}]}<\/script>\n<!-- \/ Yoast SEO plugin. -->","yoast_head_json":{"title":"Staj Ba\u015fvuru Formu - Intecro Robotics","robots":{"index":"index","follow":"follow","max-snippet":"max-snippet:-1","max-image-preview":"max-image-preview:large","max-video-preview":"max-video-preview:-1"},"canonical":"https:\/\/intecro.com.tr\/tr\/tr\/staj\/","og_locale":"tr_TR","og_type":"article","og_title":"Staj Ba\u015fvuru Formu - Intecro Robotics","og_description":"[vc_row][vc_column][vc_column_text] \u0130nsan Kaynaklar\u0131 Birimimize staj ba\u015fvurusunda bulunmak i\u00e7in staj ba\u015fvuru formu&#8216;nu doldurarak\u00a0\u00a0adresine e-posta g\u00f6nderiniz. [\/vc_column_text][\/vc_column][\/vc_row]","og_url":"https:\/\/intecro.com.tr\/tr\/tr\/staj\/","og_site_name":"Intecro Robotics","article_modified_time":"2025-07-07T06:24:19+00:00","og_image":[{"width":2560,"height":840,"url":"https:\/\/intecro.com.tr\/tr\/wp-content\/uploads\/2025\/07\/Intecro-staj_basvuru.jpg","type":"image\/jpeg"}],"twitter_card":"summary_large_image","schema":{"@context":"https:\/\/schema.org","@graph":[{"@type":"WebPage","@id":"https:\/\/intecro.com.tr\/tr\/tr\/staj\/","url":"https:\/\/intecro.com.tr\/tr\/tr\/staj\/","name":"Staj Ba\u015fvuru Formu - Intecro Robotics","isPartOf":{"@id":"https:\/\/intecro.com.tr\/tr\/#website"},"primaryImageOfPage":{"@id":"https:\/\/intecro.com.tr\/tr\/tr\/staj\/#primaryimage"},"image":{"@id":"https:\/\/intecro.com.tr\/tr\/tr\/staj\/#primaryimage"},"thumbnailUrl":"https:\/\/intecro.com.tr\/tr\/wp-content\/uploads\/2025\/07\/Intecro-staj_basvuru.jpg","datePublished":"2019-10-13T23:58:24+00:00","dateModified":"2025-07-07T06:24:19+00:00","breadcrumb":{"@id":"https:\/\/intecro.com.tr\/tr\/tr\/staj\/#breadcrumb"},"inLanguage":"tr","potentialAction":[{"@type":"ReadAction","target":["https:\/\/intecro.com.tr\/tr\/tr\/staj\/"]}]},{"@type":"ImageObject","inLanguage":"tr","@id":"https:\/\/intecro.com.tr\/tr\/tr\/staj\/#primaryimage","url":"https:\/\/intecro.com.tr\/tr\/wp-content\/uploads\/2025\/07\/Intecro-staj_basvuru.jpg","contentUrl":"https:\/\/intecro.com.tr\/tr\/wp-content\/uploads\/2025\/07\/Intecro-staj_basvuru.jpg"},{"@type":"BreadcrumbList","@id":"https:\/\/intecro.com.tr\/tr\/tr\/staj\/#breadcrumb","itemListElement":[{"@type":"ListItem","position":1,"name":"Anasayfa","item":"https:\/\/intecro.com.tr\/tr\/tr\/anasayfa\/"},{"@type":"ListItem","position":2,"name":"Staj Ba\u015fvuru Formu"}]},{"@type":"WebSite","@id":"https:\/\/intecro.com.tr\/tr\/#website","url":"https:\/\/intecro.com.tr\/tr\/","name":"Intecro Robotics","description":"More Innovation","publisher":{"@id":"https:\/\/intecro.com.tr\/tr\/#organization"},"potentialAction":[{"@type":"SearchAction","target":{"@type":"EntryPoint","urlTemplate":"https:\/\/intecro.com.tr\/tr\/?s={search_term_string}"},"query-input":{"@type":"PropertyValueSpecification","valueRequired":true,"valueName":"search_term_string"}}],"inLanguage":"tr"},{"@type":"Organization","@id":"https:\/\/intecro.com.tr\/tr\/#organization","name":"Intecro Robotics","url":"https:\/\/intecro.com.tr\/tr\/","logo":{"@type":"ImageObject","inLanguage":"tr","@id":"https:\/\/intecro.com.tr\/tr\/#\/schema\/logo\/image\/","url":"https:\/\/intecro.com.tr\/tr\/wp-content\/uploads\/2025\/02\/intecro_yatay-02.png","contentUrl":"https:\/\/intecro.com.tr\/tr\/wp-content\/uploads\/2025\/02\/intecro_yatay-02.png","width":2134,"height":467,"caption":"Intecro Robotics"},"image":{"@id":"https:\/\/intecro.com.tr\/tr\/#\/schema\/logo\/image\/"}}]}},"_links":{"self":[{"href":"https:\/\/intecro.com.tr\/tr\/wp-json\/wp\/v2\/pages\/5034","targetHints":{"allow":["GET"]}}],"collection":[{"href":"https:\/\/intecro.com.tr\/tr\/wp-json\/wp\/v2\/pages"}],"about":[{"href":"https:\/\/intecro.com.tr\/tr\/wp-json\/wp\/v2\/types\/page"}],"author":[{"embeddable":true,"href":"https:\/\/intecro.com.tr\/tr\/wp-json\/wp\/v2\/users\/1"}],"replies":[{"embeddable":true,"href":"https:\/\/intecro.com.tr\/tr\/wp-json\/wp\/v2\/comments?post=5034"}],"version-history":[{"count":9,"href":"https:\/\/intecro.com.tr\/tr\/wp-json\/wp\/v2\/pages\/5034\/revisions"}],"predecessor-version":[{"id":7609,"href":"https:\/\/intecro.com.tr\/tr\/wp-json\/wp\/v2\/pages\/5034\/revisions\/7609"}],"wp:attachment":[{"href":"https:\/\/intecro.com.tr\/tr\/wp-json\/wp\/v2\/media?parent=5034"}],"curies":[{"name":"wp","href":"https:\/\/api.w.org\/{rel}","templated":true}]}}