{"id":5048,"date":"2019-10-14T00:08:24","date_gmt":"2019-10-14T00:08:24","guid":{"rendered":"https:\/\/intecro.com.tr\/tr\/?page_id=5048"},"modified":"2020-01-21T00:01:43","modified_gmt":"2020-01-21T00:01:43","slug":"surdurulebilirlik","status":"publish","type":"page","link":"https:\/\/intecro.com.tr\/tr\/tr\/surdurulebilirlik\/","title":{"rendered":"S\u00fcrd\u00fcr\u00fclebilirlik"},"content":{"rendered":"[vc_row][vc_column][vc_tta_accordion gap=&#8221;10&#8243; active_section=&#8221;1&#8243; css_animation=&#8221;bounceInDown&#8221; no_fill=&#8221;true&#8221;][vc_tta_section title=&#8221;Kalite Politikam\u0131z&#8221; tab_id=&#8221;1577402801285-c1dfa37d-9691&#8243;][vc_column_text]\n\n<h4 class=\"wp-block-heading\">Kalite politikam\u0131z\u0131\u00a0ger\u00e7ekle\u015ftirmek i\u00e7in esas ald\u0131\u011f\u0131m\u0131z ilkeler<\/h4>\n<br \/>\n<ul class=\"wp-block-list\">\n<li>T\u00fcm \u00e7al\u0131\u015fanlar\u0131m\u0131z\u0131n en iyi i\u015fi yapmas\u0131 i\u00e7in gerekli ko\u015fullar\u0131 sa\u011flamak ve motivasyonlar\u0131n\u0131 bu y\u00f6nde daima g\u00fc\u00e7l\u00fc k\u0131lmak.<\/li>\n<li>M\u00fckemmelli\u011fi hedeflemek.<\/li>\n<li>Verimli \u00e7al\u0131\u015fmak ve katma de\u011fer yaratmak.<\/li>\n<li>\u0130\u015flerimizde \u201cS\u00fcrekli Geli\u015fme\u201d ilkesine g\u00f6re hareket etmek.<\/li>\n<li>T\u00fcm y\u00f6netici ve \u00e7al\u0131\u015fanlar\u0131m\u0131z ile kaliteden sorumlu olmak.<\/li>\n<li>E\u011fitim ile becerilerimizi ve kalite bilincimizi artt\u0131rmak.<\/li>\n<li>\u00c7al\u0131\u015fanlar\u0131m\u0131za, i\u015f ortaklar\u0131m\u0131za ve hizmet verece\u011fimiz kurulu\u015flara, uyumlu, etkin ve yarat\u0131c\u0131 \u00e7al\u0131\u015fma ortamlar\u0131 sunmak, her f\u0131rsatta ortak gayretleri art\u0131racak giri\u015fimlerde bulunmak.<\/li>\n<\/ul>\n<br \/>\n<h4 class=\"wp-block-heading\">Kalite Hedeflerimiz<\/h4>\n<br \/>\n<ul class=\"wp-block-list\">\n<li>Her ko\u015fulda m\u00fc\u015fteri memnuniyeti.<\/li>\n<li>\u00c7al\u0131\u015fanlar\u0131m\u0131z\u0131n memnuniyeti.<\/li>\n<li>\u00dcr\u00fcn ve hizmetlerimiz i\u00e7in y\u00fcksek standartlarda g\u00fcncel kalite belgelendirmesi.<\/li>\n<li>Yapt\u0131\u011f\u0131m\u0131z \u00fcr\u00fcnlerin ve ger\u00e7ekle\u015ftirdi\u011fimiz projelerin y\u00fcksek standartlarda kaliteye sahip olmas\u0131 ile rakiplerimizle aram\u0131zdaki mutlak fark\u0131n s\u00fcrekli korunmas\u0131.<\/li>\n<li>Tercih edilirli\u011fimize sadece d\u00fc\u015f\u00fck maliyet ve efektif \u00e7\u00f6z\u00fcm ekseninde olmam\u0131z\u0131n de\u011fil, ayn\u0131 oranda kalitemizin de etki etmesi.<\/li>\n<\/ul>\n\n<p><strong>T\u00fcm \u00fcr\u00fcn ve hizmetlerimizin \u015fartname ve standartlara uygunlu\u011fu \u015firketimizin garantisi alt\u0131ndad\u0131r.<\/strong><\/p>\n<br \/>\n<figure class=\"wp-block-image is-resized\">\u00a0<a href=\"https:\/\/intecro.com.tr\/tr\/wp-content\/uploads\/2020\/01\/Kalite_Politikam\u0131z.pdf\" target=\"_blank\" rel=\"noopener noreferrer\"><img loading=\"lazy\" decoding=\"async\" class=\"alignnone size-medium wp-image-5836\" src=\"https:\/\/intecro.com.tr\/tr\/wp-content\/uploads\/2020\/01\/dasdsads-223x300.jpg\" alt=\"\" width=\"223\" height=\"300\" srcset=\"https:\/\/intecro.com.tr\/tr\/wp-content\/uploads\/2020\/01\/dasdsads-223x300.jpg 223w, https:\/\/intecro.com.tr\/tr\/wp-content\/uploads\/2020\/01\/dasdsads-600x809.jpg 600w, https:\/\/intecro.com.tr\/tr\/wp-content\/uploads\/2020\/01\/dasdsads.jpg 621w\" sizes=\"auto, (max-width: 223px) 100vw, 223px\" \/><\/a><\/figure>\n[\/vc_column_text][\/vc_tta_section][vc_tta_section title=&#8221;\u00c7evresel Bak\u0131\u015f A\u00e7\u0131m\u0131z&#8221; tab_id=&#8221;1577402801285-2159f60e-ae04&#8243;][\/vc_tta_section][vc_tta_section title=&#8221;Toplumsal Bak\u0131\u015f A\u00e7\u0131m\u0131z&#8221; tab_id=&#8221;1577402851515-9db351a6-894a&#8221;][\/vc_tta_section][vc_tta_section title=&#8221;Ekonomik S\u00fcrd\u00fcr\u00fclebilirlik&#8221; tab_id=&#8221;1577402854920-4b03edbd-1a9c&#8221;][\/vc_tta_section][vc_tta_section title=&#8221;\u0130\u015fyerinde Demokrasi ve Y\u00f6neti\u015fim&#8221; tab_id=&#8221;1577402894015-8dbcb1f6-36c7&#8243;][\/vc_tta_section][\/vc_tta_accordion][\/vc_column][\/vc_row]\n","protected":false},"excerpt":{"rendered":"<p>[vc_row][vc_column][vc_tta_accordion gap=&#8221;10&#8243; active_section=&#8221;1&#8243; css_animation=&#8221;bounceInDown&#8221; no_fill=&#8221;true&#8221;][vc_tta_section title=&#8221;Kalite Politikam\u0131z&#8221; tab_id=&#8221;1577402801285-c1dfa37d-9691&#8243;][vc_column_text] Kalite politikam\u0131z\u0131\u00a0ger\u00e7ekle\u015ftirmek i\u00e7in esas ald\u0131\u011f\u0131m\u0131z ilkeler T\u00fcm \u00e7al\u0131\u015fanlar\u0131m\u0131z\u0131n en iyi i\u015fi yapmas\u0131 i\u00e7in gerekli ko\u015fullar\u0131 sa\u011flamak ve motivasyonlar\u0131n\u0131 bu y\u00f6nde daima g\u00fc\u00e7l\u00fc k\u0131lmak. M\u00fckemmelli\u011fi hedeflemek. Verimli \u00e7al\u0131\u015fmak ve katma de\u011fer yaratmak. \u0130\u015flerimizde&hellip;<\/p>\n","protected":false},"author":1,"featured_media":0,"parent":0,"menu_order":0,"comment_status":"closed","ping_status":"closed","template":"","meta":{"footnotes":""},"class_list":["post-5048","page","type-page","status-publish","hentry","entry","no-media"],"yoast_head":"<!-- This site is optimized with the Yoast SEO plugin v27.5 - https:\/\/yoast.com\/product\/yoast-seo-wordpress\/ -->\n<title>S\u00fcrd\u00fcr\u00fclebilirlik - Intecro Robotics<\/title>\n<meta name=\"robots\" content=\"index, follow, max-snippet:-1, max-image-preview:large, max-video-preview:-1\" \/>\n<link rel=\"canonical\" href=\"https:\/\/intecro.com.tr\/tr\/tr\/surdurulebilirlik\/\" \/>\n<meta property=\"og:locale\" content=\"tr_TR\" \/>\n<meta property=\"og:type\" content=\"article\" \/>\n<meta property=\"og:title\" content=\"S\u00fcrd\u00fcr\u00fclebilirlik - Intecro Robotics\" \/>\n<meta property=\"og:description\" content=\"[vc_row][vc_column][vc_tta_accordion gap=&#8221;10&#8243; active_section=&#8221;1&#8243; css_animation=&#8221;bounceInDown&#8221; no_fill=&#8221;true&#8221;][vc_tta_section title=&#8221;Kalite Politikam\u0131z&#8221; tab_id=&#8221;1577402801285-c1dfa37d-9691&#8243;][vc_column_text] Kalite politikam\u0131z\u0131\u00a0ger\u00e7ekle\u015ftirmek i\u00e7in esas ald\u0131\u011f\u0131m\u0131z ilkeler T\u00fcm \u00e7al\u0131\u015fanlar\u0131m\u0131z\u0131n en iyi i\u015fi yapmas\u0131 i\u00e7in gerekli ko\u015fullar\u0131 sa\u011flamak ve motivasyonlar\u0131n\u0131 bu y\u00f6nde daima g\u00fc\u00e7l\u00fc k\u0131lmak. M\u00fckemmelli\u011fi hedeflemek. Verimli \u00e7al\u0131\u015fmak ve katma de\u011fer yaratmak. \u0130\u015flerimizde&hellip;\" \/>\n<meta property=\"og:url\" content=\"https:\/\/intecro.com.tr\/tr\/tr\/surdurulebilirlik\/\" \/>\n<meta property=\"og:site_name\" content=\"Intecro Robotics\" \/>\n<meta property=\"article:modified_time\" content=\"2020-01-21T00:01:43+00:00\" \/>\n<meta property=\"og:image\" content=\"https:\/\/intecro.com.tr\/tr\/wp-content\/uploads\/2020\/01\/dasdsads-223x300.jpg\" \/>\n<meta name=\"twitter:card\" content=\"summary_large_image\" \/>\n<meta name=\"twitter:label1\" content=\"Tahmini okuma s\u00fcresi\" \/>\n\t<meta name=\"twitter:data1\" content=\"2 dakika\" \/>\n<script type=\"application\/ld+json\" class=\"yoast-schema-graph\">{\"@context\":\"https:\\\/\\\/schema.org\",\"@graph\":[{\"@type\":\"WebPage\",\"@id\":\"https:\\\/\\\/intecro.com.tr\\\/tr\\\/tr\\\/surdurulebilirlik\\\/\",\"url\":\"https:\\\/\\\/intecro.com.tr\\\/tr\\\/tr\\\/surdurulebilirlik\\\/\",\"name\":\"S\u00fcrd\u00fcr\u00fclebilirlik - Intecro Robotics\",\"isPartOf\":{\"@id\":\"https:\\\/\\\/intecro.com.tr\\\/tr\\\/#website\"},\"primaryImageOfPage\":{\"@id\":\"https:\\\/\\\/intecro.com.tr\\\/tr\\\/tr\\\/surdurulebilirlik\\\/#primaryimage\"},\"image\":{\"@id\":\"https:\\\/\\\/intecro.com.tr\\\/tr\\\/tr\\\/surdurulebilirlik\\\/#primaryimage\"},\"thumbnailUrl\":\"https:\\\/\\\/intecro.com.tr\\\/tr\\\/wp-content\\\/uploads\\\/2020\\\/01\\\/dasdsads-223x300.jpg\",\"datePublished\":\"2019-10-14T00:08:24+00:00\",\"dateModified\":\"2020-01-21T00:01:43+00:00\",\"breadcrumb\":{\"@id\":\"https:\\\/\\\/intecro.com.tr\\\/tr\\\/tr\\\/surdurulebilirlik\\\/#breadcrumb\"},\"inLanguage\":\"tr\",\"potentialAction\":[{\"@type\":\"ReadAction\",\"target\":[\"https:\\\/\\\/intecro.com.tr\\\/tr\\\/tr\\\/surdurulebilirlik\\\/\"]}]},{\"@type\":\"ImageObject\",\"inLanguage\":\"tr\",\"@id\":\"https:\\\/\\\/intecro.com.tr\\\/tr\\\/tr\\\/surdurulebilirlik\\\/#primaryimage\",\"url\":\"https:\\\/\\\/intecro.com.tr\\\/tr\\\/wp-content\\\/uploads\\\/2020\\\/01\\\/dasdsads.jpg\",\"contentUrl\":\"https:\\\/\\\/intecro.com.tr\\\/tr\\\/wp-content\\\/uploads\\\/2020\\\/01\\\/dasdsads.jpg\",\"width\":621,\"height\":837},{\"@type\":\"BreadcrumbList\",\"@id\":\"https:\\\/\\\/intecro.com.tr\\\/tr\\\/tr\\\/surdurulebilirlik\\\/#breadcrumb\",\"itemListElement\":[{\"@type\":\"ListItem\",\"position\":1,\"name\":\"Anasayfa\",\"item\":\"https:\\\/\\\/intecro.com.tr\\\/tr\\\/tr\\\/anasayfa\\\/\"},{\"@type\":\"ListItem\",\"position\":2,\"name\":\"S\u00fcrd\u00fcr\u00fclebilirlik\"}]},{\"@type\":\"WebSite\",\"@id\":\"https:\\\/\\\/intecro.com.tr\\\/tr\\\/#website\",\"url\":\"https:\\\/\\\/intecro.com.tr\\\/tr\\\/\",\"name\":\"Intecro Robotics\",\"description\":\"More Innovation\",\"publisher\":{\"@id\":\"https:\\\/\\\/intecro.com.tr\\\/tr\\\/#organization\"},\"potentialAction\":[{\"@type\":\"SearchAction\",\"target\":{\"@type\":\"EntryPoint\",\"urlTemplate\":\"https:\\\/\\\/intecro.com.tr\\\/tr\\\/?s={search_term_string}\"},\"query-input\":{\"@type\":\"PropertyValueSpecification\",\"valueRequired\":true,\"valueName\":\"search_term_string\"}}],\"inLanguage\":\"tr\"},{\"@type\":\"Organization\",\"@id\":\"https:\\\/\\\/intecro.com.tr\\\/tr\\\/#organization\",\"name\":\"Intecro Robotics\",\"url\":\"https:\\\/\\\/intecro.com.tr\\\/tr\\\/\",\"logo\":{\"@type\":\"ImageObject\",\"inLanguage\":\"tr\",\"@id\":\"https:\\\/\\\/intecro.com.tr\\\/tr\\\/#\\\/schema\\\/logo\\\/image\\\/\",\"url\":\"https:\\\/\\\/intecro.com.tr\\\/tr\\\/wp-content\\\/uploads\\\/2025\\\/02\\\/intecro_yatay-02.png\",\"contentUrl\":\"https:\\\/\\\/intecro.com.tr\\\/tr\\\/wp-content\\\/uploads\\\/2025\\\/02\\\/intecro_yatay-02.png\",\"width\":2134,\"height\":467,\"caption\":\"Intecro Robotics\"},\"image\":{\"@id\":\"https:\\\/\\\/intecro.com.tr\\\/tr\\\/#\\\/schema\\\/logo\\\/image\\\/\"}}]}<\/script>\n<!-- \/ Yoast SEO plugin. -->","yoast_head_json":{"title":"S\u00fcrd\u00fcr\u00fclebilirlik - Intecro Robotics","robots":{"index":"index","follow":"follow","max-snippet":"max-snippet:-1","max-image-preview":"max-image-preview:large","max-video-preview":"max-video-preview:-1"},"canonical":"https:\/\/intecro.com.tr\/tr\/tr\/surdurulebilirlik\/","og_locale":"tr_TR","og_type":"article","og_title":"S\u00fcrd\u00fcr\u00fclebilirlik - Intecro Robotics","og_description":"[vc_row][vc_column][vc_tta_accordion gap=&#8221;10&#8243; active_section=&#8221;1&#8243; css_animation=&#8221;bounceInDown&#8221; no_fill=&#8221;true&#8221;][vc_tta_section title=&#8221;Kalite Politikam\u0131z&#8221; tab_id=&#8221;1577402801285-c1dfa37d-9691&#8243;][vc_column_text] Kalite politikam\u0131z\u0131\u00a0ger\u00e7ekle\u015ftirmek i\u00e7in esas ald\u0131\u011f\u0131m\u0131z ilkeler T\u00fcm \u00e7al\u0131\u015fanlar\u0131m\u0131z\u0131n en iyi i\u015fi yapmas\u0131 i\u00e7in gerekli ko\u015fullar\u0131 sa\u011flamak ve motivasyonlar\u0131n\u0131 bu y\u00f6nde daima g\u00fc\u00e7l\u00fc k\u0131lmak. M\u00fckemmelli\u011fi hedeflemek. Verimli \u00e7al\u0131\u015fmak ve katma de\u011fer yaratmak. \u0130\u015flerimizde&hellip;","og_url":"https:\/\/intecro.com.tr\/tr\/tr\/surdurulebilirlik\/","og_site_name":"Intecro Robotics","article_modified_time":"2020-01-21T00:01:43+00:00","og_image":[{"url":"https:\/\/intecro.com.tr\/tr\/wp-content\/uploads\/2020\/01\/dasdsads-223x300.jpg","type":"","width":"","height":""}],"twitter_card":"summary_large_image","twitter_misc":{"Tahmini okuma s\u00fcresi":"2 dakika"},"schema":{"@context":"https:\/\/schema.org","@graph":[{"@type":"WebPage","@id":"https:\/\/intecro.com.tr\/tr\/tr\/surdurulebilirlik\/","url":"https:\/\/intecro.com.tr\/tr\/tr\/surdurulebilirlik\/","name":"S\u00fcrd\u00fcr\u00fclebilirlik - Intecro Robotics","isPartOf":{"@id":"https:\/\/intecro.com.tr\/tr\/#website"},"primaryImageOfPage":{"@id":"https:\/\/intecro.com.tr\/tr\/tr\/surdurulebilirlik\/#primaryimage"},"image":{"@id":"https:\/\/intecro.com.tr\/tr\/tr\/surdurulebilirlik\/#primaryimage"},"thumbnailUrl":"https:\/\/intecro.com.tr\/tr\/wp-content\/uploads\/2020\/01\/dasdsads-223x300.jpg","datePublished":"2019-10-14T00:08:24+00:00","dateModified":"2020-01-21T00:01:43+00:00","breadcrumb":{"@id":"https:\/\/intecro.com.tr\/tr\/tr\/surdurulebilirlik\/#breadcrumb"},"inLanguage":"tr","potentialAction":[{"@type":"ReadAction","target":["https:\/\/intecro.com.tr\/tr\/tr\/surdurulebilirlik\/"]}]},{"@type":"ImageObject","inLanguage":"tr","@id":"https:\/\/intecro.com.tr\/tr\/tr\/surdurulebilirlik\/#primaryimage","url":"https:\/\/intecro.com.tr\/tr\/wp-content\/uploads\/2020\/01\/dasdsads.jpg","contentUrl":"https:\/\/intecro.com.tr\/tr\/wp-content\/uploads\/2020\/01\/dasdsads.jpg","width":621,"height":837},{"@type":"BreadcrumbList","@id":"https:\/\/intecro.com.tr\/tr\/tr\/surdurulebilirlik\/#breadcrumb","itemListElement":[{"@type":"ListItem","position":1,"name":"Anasayfa","item":"https:\/\/intecro.com.tr\/tr\/tr\/anasayfa\/"},{"@type":"ListItem","position":2,"name":"S\u00fcrd\u00fcr\u00fclebilirlik"}]},{"@type":"WebSite","@id":"https:\/\/intecro.com.tr\/tr\/#website","url":"https:\/\/intecro.com.tr\/tr\/","name":"Intecro Robotics","description":"More Innovation","publisher":{"@id":"https:\/\/intecro.com.tr\/tr\/#organization"},"potentialAction":[{"@type":"SearchAction","target":{"@type":"EntryPoint","urlTemplate":"https:\/\/intecro.com.tr\/tr\/?s={search_term_string}"},"query-input":{"@type":"PropertyValueSpecification","valueRequired":true,"valueName":"search_term_string"}}],"inLanguage":"tr"},{"@type":"Organization","@id":"https:\/\/intecro.com.tr\/tr\/#organization","name":"Intecro Robotics","url":"https:\/\/intecro.com.tr\/tr\/","logo":{"@type":"ImageObject","inLanguage":"tr","@id":"https:\/\/intecro.com.tr\/tr\/#\/schema\/logo\/image\/","url":"https:\/\/intecro.com.tr\/tr\/wp-content\/uploads\/2025\/02\/intecro_yatay-02.png","contentUrl":"https:\/\/intecro.com.tr\/tr\/wp-content\/uploads\/2025\/02\/intecro_yatay-02.png","width":2134,"height":467,"caption":"Intecro Robotics"},"image":{"@id":"https:\/\/intecro.com.tr\/tr\/#\/schema\/logo\/image\/"}}]}},"_links":{"self":[{"href":"https:\/\/intecro.com.tr\/tr\/wp-json\/wp\/v2\/pages\/5048","targetHints":{"allow":["GET"]}}],"collection":[{"href":"https:\/\/intecro.com.tr\/tr\/wp-json\/wp\/v2\/pages"}],"about":[{"href":"https:\/\/intecro.com.tr\/tr\/wp-json\/wp\/v2\/types\/page"}],"author":[{"embeddable":true,"href":"https:\/\/intecro.com.tr\/tr\/wp-json\/wp\/v2\/users\/1"}],"replies":[{"embeddable":true,"href":"https:\/\/intecro.com.tr\/tr\/wp-json\/wp\/v2\/comments?post=5048"}],"version-history":[{"count":7,"href":"https:\/\/intecro.com.tr\/tr\/wp-json\/wp\/v2\/pages\/5048\/revisions"}],"predecessor-version":[{"id":5837,"href":"https:\/\/intecro.com.tr\/tr\/wp-json\/wp\/v2\/pages\/5048\/revisions\/5837"}],"wp:attachment":[{"href":"https:\/\/intecro.com.tr\/tr\/wp-json\/wp\/v2\/media?parent=5048"}],"curies":[{"name":"wp","href":"https:\/\/api.w.org\/{rel}","templated":true}]}}