{"id":5260,"date":"2019-10-18T12:25:50","date_gmt":"2019-10-18T12:25:50","guid":{"rendered":"https:\/\/intecro.com.tr\/tr\/?page_id=5260"},"modified":"2025-04-11T06:36:36","modified_gmt":"2025-04-11T06:36:36","slug":"ticari-araclar","status":"publish","type":"page","link":"https:\/\/intecro.com.tr\/tr\/tr\/ticari-araclar\/","title":{"rendered":"Ticari Ara\u00e7lar"},"content":{"rendered":"[vc_row][vc_column][vc_single_image image=&#8221;5270&#8243;][\/vc_column][\/vc_row][vc_row][vc_column]<h2 class=\"vcex-module vcex-heading wpex-text-2xl wpex-font-normal wpex-m-auto wpex-max-w-100 vcex-heading-bottom-border-w-color wpex-block vc_custom_1744353016183 wpex-border-b-2 wpex-border-solid wpex-border-gray-200\"><span class=\"vcex-heading-inner wpex-inline-block wpex-clr wpex-relative wpex-pb-5 wpex-border-b-2 wpex-border-solid wpex-border-accent\" style=\"border-color:#f7b92a;\">T\u0130CAR\u0130 ARA\u00c7LAR<\/span><\/h2>[vc_column_text]INTECRO, \u00d6zellikle metal muhtevaya sahip t\u00fcm alt ve \u00fcst g\u00f6vde gruplar\u0131 i\u00e7in kusursuz birle\u015ftirme \u00e7\u00f6z\u00fcmleri vaad ediyor. \u0130\u015fe \u00f6zel fikst\u00fcr ve sistem tasar\u0131m\u0131 ile, ki\u015fiselle\u015ftirilmi\u015f bir \u00fcretim hayal edin. INTECRO, anahtar teslim Kaynak ve Metal i\u015fleme \u00e7\u00f6z\u00fcmleri i\u00e7in haz\u0131r.<\/p>\n<p>T\u00fcrkiye\u2019de ilk kez A\u011f\u0131r Vas\u0131ta Dizel Motor \u00dcretimleri i\u00e7in \u201cRobotik Esnek \u00dcretim, Montaj ve Transfer Sistemini\u201d INTECRO projelendirerek kurmu\u015ftur.<br \/>\nEsnek \u00fcretim hatlar\u0131nda bir \u00e7ok proses ve i\u015flem e\u015f zamanl\u0131 olarak uygulanmaktad\u0131r. INTECRO, Hat \u00fczerinde ayn\u0131 veya farkl\u0131 istasyonlarda; g\u00f6r\u00fcnt\u00fc i\u015fleme, kalite kontrol, par\u00e7a do\u011frulama, montaj, ya\u011flama, tork kontrol\u00fc s\u0131kma ve bir \u00e7ok farkl\u0131 proses konusunda tecr\u00fcbelidir. T\u00fcm bu uygulamalar\u0131 kapsayacak nitelik de \u00fcretim ve montaj hatlar\u0131 art\u0131k otonom bir anlay\u0131\u015fla \u00e7al\u0131\u015fabilmektedir ve INTECRO size bu sistemleri anahtar teslim olarak projelendirmeye haz\u0131r.<\/p>\n<h3>\u00d6rnek Projeler<\/h3>\n<ul>\n<li>TREYLER \u015eASES\u0130<\/li>\n<li>KAMYONET \u015eASE VE G\u00d6VDES\u0130<\/li>\n<li>OTOB\u00dcS YAN VE \u00dcST DUVAR<\/li>\n<li>YAKIT TANKI, D\u0130NGIL \u0130MALATI<\/li>\n<li>FREN BALATA VE KAMPANA<\/li>\n<li>KOLTUK TRAVERSLER\u0130<\/li>\n<li>ARA\u00c7 VE YOLCU G\u00dcVENL\u0130\u011e\u0130 EK\u0130PMANLARI<\/li>\n<li>KLIMA G\u00d6VDELER\u0130<\/li>\n<li>KASA VE KAPAKLAR, JANT VB.<\/li>\n<\/ul>\n[\/vc_column_text][\/vc_column][\/vc_row]\n","protected":false},"excerpt":{"rendered":"<p>[vc_row][vc_column][vc_single_image image=&#8221;5270&#8243;][\/vc_column][\/vc_row][vc_row][vc_column][vc_column_text]INTECRO, \u00d6zellikle metal muhtevaya sahip t\u00fcm alt ve \u00fcst g\u00f6vde gruplar\u0131 i\u00e7in kusursuz birle\u015ftirme \u00e7\u00f6z\u00fcmleri vaad ediyor. \u0130\u015fe \u00f6zel fikst\u00fcr ve sistem tasar\u0131m\u0131 ile, ki\u015fiselle\u015ftirilmi\u015f bir \u00fcretim hayal edin. INTECRO, anahtar teslim Kaynak ve Metal i\u015fleme \u00e7\u00f6z\u00fcmleri i\u00e7in haz\u0131r.&hellip;<\/p>\n","protected":false},"author":1,"featured_media":0,"parent":0,"menu_order":0,"comment_status":"closed","ping_status":"closed","template":"","meta":{"footnotes":""},"class_list":["post-5260","page","type-page","status-publish","hentry","entry","no-media"],"yoast_head":"<!-- This site is optimized with the Yoast SEO plugin v27.5 - https:\/\/yoast.com\/product\/yoast-seo-wordpress\/ -->\n<title>Ticari Ara\u00e7lar - Intecro Robotics<\/title>\n<meta name=\"robots\" content=\"index, follow, max-snippet:-1, max-image-preview:large, max-video-preview:-1\" \/>\n<link rel=\"canonical\" href=\"https:\/\/intecro.com.tr\/tr\/tr\/ticari-araclar\/\" \/>\n<meta property=\"og:locale\" content=\"tr_TR\" \/>\n<meta property=\"og:type\" content=\"article\" \/>\n<meta property=\"og:title\" content=\"Ticari Ara\u00e7lar - Intecro Robotics\" \/>\n<meta property=\"og:description\" content=\"[vc_row][vc_column][vc_single_image image=&#8221;5270&#8243;][\/vc_column][\/vc_row][vc_row][vc_column][vc_column_text]INTECRO, \u00d6zellikle metal muhtevaya sahip t\u00fcm alt ve \u00fcst g\u00f6vde gruplar\u0131 i\u00e7in kusursuz birle\u015ftirme \u00e7\u00f6z\u00fcmleri vaad ediyor. \u0130\u015fe \u00f6zel fikst\u00fcr ve sistem tasar\u0131m\u0131 ile, ki\u015fiselle\u015ftirilmi\u015f bir \u00fcretim hayal edin. INTECRO, anahtar teslim Kaynak ve Metal i\u015fleme \u00e7\u00f6z\u00fcmleri i\u00e7in haz\u0131r.&hellip;\" \/>\n<meta property=\"og:url\" content=\"https:\/\/intecro.com.tr\/tr\/tr\/ticari-araclar\/\" \/>\n<meta property=\"og:site_name\" content=\"Intecro Robotics\" \/>\n<meta property=\"article:modified_time\" content=\"2025-04-11T06:36:36+00:00\" \/>\n<meta name=\"twitter:card\" content=\"summary_large_image\" \/>\n<meta name=\"twitter:label1\" content=\"Tahmini okuma s\u00fcresi\" \/>\n\t<meta name=\"twitter:data1\" content=\"1 dakika\" \/>\n<script type=\"application\/ld+json\" class=\"yoast-schema-graph\">{\"@context\":\"https:\\\/\\\/schema.org\",\"@graph\":[{\"@type\":\"WebPage\",\"@id\":\"https:\\\/\\\/intecro.com.tr\\\/tr\\\/tr\\\/ticari-araclar\\\/\",\"url\":\"https:\\\/\\\/intecro.com.tr\\\/tr\\\/tr\\\/ticari-araclar\\\/\",\"name\":\"Ticari Ara\u00e7lar - Intecro Robotics\",\"isPartOf\":{\"@id\":\"https:\\\/\\\/intecro.com.tr\\\/tr\\\/#website\"},\"datePublished\":\"2019-10-18T12:25:50+00:00\",\"dateModified\":\"2025-04-11T06:36:36+00:00\",\"breadcrumb\":{\"@id\":\"https:\\\/\\\/intecro.com.tr\\\/tr\\\/tr\\\/ticari-araclar\\\/#breadcrumb\"},\"inLanguage\":\"tr\",\"potentialAction\":[{\"@type\":\"ReadAction\",\"target\":[\"https:\\\/\\\/intecro.com.tr\\\/tr\\\/tr\\\/ticari-araclar\\\/\"]}]},{\"@type\":\"BreadcrumbList\",\"@id\":\"https:\\\/\\\/intecro.com.tr\\\/tr\\\/tr\\\/ticari-araclar\\\/#breadcrumb\",\"itemListElement\":[{\"@type\":\"ListItem\",\"position\":1,\"name\":\"Anasayfa\",\"item\":\"https:\\\/\\\/intecro.com.tr\\\/tr\\\/tr\\\/anasayfa\\\/\"},{\"@type\":\"ListItem\",\"position\":2,\"name\":\"Ticari Ara\u00e7lar\"}]},{\"@type\":\"WebSite\",\"@id\":\"https:\\\/\\\/intecro.com.tr\\\/tr\\\/#website\",\"url\":\"https:\\\/\\\/intecro.com.tr\\\/tr\\\/\",\"name\":\"Intecro Robotics\",\"description\":\"More Innovation\",\"publisher\":{\"@id\":\"https:\\\/\\\/intecro.com.tr\\\/tr\\\/#organization\"},\"potentialAction\":[{\"@type\":\"SearchAction\",\"target\":{\"@type\":\"EntryPoint\",\"urlTemplate\":\"https:\\\/\\\/intecro.com.tr\\\/tr\\\/?s={search_term_string}\"},\"query-input\":{\"@type\":\"PropertyValueSpecification\",\"valueRequired\":true,\"valueName\":\"search_term_string\"}}],\"inLanguage\":\"tr\"},{\"@type\":\"Organization\",\"@id\":\"https:\\\/\\\/intecro.com.tr\\\/tr\\\/#organization\",\"name\":\"Intecro Robotics\",\"url\":\"https:\\\/\\\/intecro.com.tr\\\/tr\\\/\",\"logo\":{\"@type\":\"ImageObject\",\"inLanguage\":\"tr\",\"@id\":\"https:\\\/\\\/intecro.com.tr\\\/tr\\\/#\\\/schema\\\/logo\\\/image\\\/\",\"url\":\"https:\\\/\\\/intecro.com.tr\\\/tr\\\/wp-content\\\/uploads\\\/2025\\\/02\\\/intecro_yatay-02.png\",\"contentUrl\":\"https:\\\/\\\/intecro.com.tr\\\/tr\\\/wp-content\\\/uploads\\\/2025\\\/02\\\/intecro_yatay-02.png\",\"width\":2134,\"height\":467,\"caption\":\"Intecro Robotics\"},\"image\":{\"@id\":\"https:\\\/\\\/intecro.com.tr\\\/tr\\\/#\\\/schema\\\/logo\\\/image\\\/\"}}]}<\/script>\n<!-- \/ Yoast SEO plugin. -->","yoast_head_json":{"title":"Ticari Ara\u00e7lar - Intecro Robotics","robots":{"index":"index","follow":"follow","max-snippet":"max-snippet:-1","max-image-preview":"max-image-preview:large","max-video-preview":"max-video-preview:-1"},"canonical":"https:\/\/intecro.com.tr\/tr\/tr\/ticari-araclar\/","og_locale":"tr_TR","og_type":"article","og_title":"Ticari Ara\u00e7lar - Intecro Robotics","og_description":"[vc_row][vc_column][vc_single_image image=&#8221;5270&#8243;][\/vc_column][\/vc_row][vc_row][vc_column][vc_column_text]INTECRO, \u00d6zellikle metal muhtevaya sahip t\u00fcm alt ve \u00fcst g\u00f6vde gruplar\u0131 i\u00e7in kusursuz birle\u015ftirme \u00e7\u00f6z\u00fcmleri vaad ediyor. \u0130\u015fe \u00f6zel fikst\u00fcr ve sistem tasar\u0131m\u0131 ile, ki\u015fiselle\u015ftirilmi\u015f bir \u00fcretim hayal edin. INTECRO, anahtar teslim Kaynak ve Metal i\u015fleme \u00e7\u00f6z\u00fcmleri i\u00e7in haz\u0131r.&hellip;","og_url":"https:\/\/intecro.com.tr\/tr\/tr\/ticari-araclar\/","og_site_name":"Intecro Robotics","article_modified_time":"2025-04-11T06:36:36+00:00","twitter_card":"summary_large_image","twitter_misc":{"Tahmini okuma s\u00fcresi":"1 dakika"},"schema":{"@context":"https:\/\/schema.org","@graph":[{"@type":"WebPage","@id":"https:\/\/intecro.com.tr\/tr\/tr\/ticari-araclar\/","url":"https:\/\/intecro.com.tr\/tr\/tr\/ticari-araclar\/","name":"Ticari Ara\u00e7lar - Intecro Robotics","isPartOf":{"@id":"https:\/\/intecro.com.tr\/tr\/#website"},"datePublished":"2019-10-18T12:25:50+00:00","dateModified":"2025-04-11T06:36:36+00:00","breadcrumb":{"@id":"https:\/\/intecro.com.tr\/tr\/tr\/ticari-araclar\/#breadcrumb"},"inLanguage":"tr","potentialAction":[{"@type":"ReadAction","target":["https:\/\/intecro.com.tr\/tr\/tr\/ticari-araclar\/"]}]},{"@type":"BreadcrumbList","@id":"https:\/\/intecro.com.tr\/tr\/tr\/ticari-araclar\/#breadcrumb","itemListElement":[{"@type":"ListItem","position":1,"name":"Anasayfa","item":"https:\/\/intecro.com.tr\/tr\/tr\/anasayfa\/"},{"@type":"ListItem","position":2,"name":"Ticari Ara\u00e7lar"}]},{"@type":"WebSite","@id":"https:\/\/intecro.com.tr\/tr\/#website","url":"https:\/\/intecro.com.tr\/tr\/","name":"Intecro Robotics","description":"More Innovation","publisher":{"@id":"https:\/\/intecro.com.tr\/tr\/#organization"},"potentialAction":[{"@type":"SearchAction","target":{"@type":"EntryPoint","urlTemplate":"https:\/\/intecro.com.tr\/tr\/?s={search_term_string}"},"query-input":{"@type":"PropertyValueSpecification","valueRequired":true,"valueName":"search_term_string"}}],"inLanguage":"tr"},{"@type":"Organization","@id":"https:\/\/intecro.com.tr\/tr\/#organization","name":"Intecro Robotics","url":"https:\/\/intecro.com.tr\/tr\/","logo":{"@type":"ImageObject","inLanguage":"tr","@id":"https:\/\/intecro.com.tr\/tr\/#\/schema\/logo\/image\/","url":"https:\/\/intecro.com.tr\/tr\/wp-content\/uploads\/2025\/02\/intecro_yatay-02.png","contentUrl":"https:\/\/intecro.com.tr\/tr\/wp-content\/uploads\/2025\/02\/intecro_yatay-02.png","width":2134,"height":467,"caption":"Intecro Robotics"},"image":{"@id":"https:\/\/intecro.com.tr\/tr\/#\/schema\/logo\/image\/"}}]}},"_links":{"self":[{"href":"https:\/\/intecro.com.tr\/tr\/wp-json\/wp\/v2\/pages\/5260","targetHints":{"allow":["GET"]}}],"collection":[{"href":"https:\/\/intecro.com.tr\/tr\/wp-json\/wp\/v2\/pages"}],"about":[{"href":"https:\/\/intecro.com.tr\/tr\/wp-json\/wp\/v2\/types\/page"}],"author":[{"embeddable":true,"href":"https:\/\/intecro.com.tr\/tr\/wp-json\/wp\/v2\/users\/1"}],"replies":[{"embeddable":true,"href":"https:\/\/intecro.com.tr\/tr\/wp-json\/wp\/v2\/comments?post=5260"}],"version-history":[{"count":5,"href":"https:\/\/intecro.com.tr\/tr\/wp-json\/wp\/v2\/pages\/5260\/revisions"}],"predecessor-version":[{"id":7100,"href":"https:\/\/intecro.com.tr\/tr\/wp-json\/wp\/v2\/pages\/5260\/revisions\/7100"}],"wp:attachment":[{"href":"https:\/\/intecro.com.tr\/tr\/wp-json\/wp\/v2\/media?parent=5260"}],"curies":[{"name":"wp","href":"https:\/\/api.w.org\/{rel}","templated":true}]}}