{"id":5274,"date":"2019-10-18T12:55:04","date_gmt":"2019-10-18T12:55:04","guid":{"rendered":"https:\/\/intecro.com.tr\/tr\/?page_id=5274"},"modified":"2025-04-11T06:34:02","modified_gmt":"2025-04-11T06:34:02","slug":"is-makinalari","status":"publish","type":"page","link":"https:\/\/intecro.com.tr\/tr\/tr\/is-makinalari\/","title":{"rendered":"\u0130\u015f Makinalar\u0131"},"content":{"rendered":"[vc_row][vc_column][vc_single_image image=&#8221;5241&#8243;][\/vc_column][\/vc_row][vc_row][vc_column]<h2 class=\"vcex-module vcex-heading wpex-text-2xl wpex-font-normal wpex-m-auto wpex-max-w-100 vcex-heading-bottom-border-w-color wpex-block vc_custom_1744353168530 wpex-border-b-2 wpex-border-solid wpex-border-gray-200\"><span class=\"vcex-heading-inner wpex-inline-block wpex-clr wpex-relative wpex-pb-5 wpex-border-b-2 wpex-border-solid wpex-border-accent\" style=\"border-color:#f7b92a;\">\u0130\u015e MAK\u0130NALARI<\/span><\/h2>[vc_column_text]INTECRO, tor\u00e7 de\u011fi\u015ftirme, \u00f6n \u0131s\u0131tma, single-wire ve tandem \/ twin kaynak tekniklerini kullanarak bir\u00e7ok i\u015f makinesi \u00fcreticisinin \u00fcr\u00fcnlerine de\u011fer katmaktad\u0131r.<\/p>\n<p>INTECRO denildi\u011finde akla ilk gelen Sekt\u00f6rel \u00e7\u00f6z\u00fcmlerden en \u00f6nemlisi \u201cA\u011f\u0131r Kaynak Uygulamalar\u0131d\u0131r.<br \/>\nY\u00fcksek hacimli sistemlerin kayna\u011f\u0131nda robot ve i\u015f par\u00e7as\u0131n\u0131n do\u011fru pozisyonlanmas\u0131 \u00f6nem kazanmaktad\u0131r. Bunun i\u00e7in bir veya \u00e7oklu eksenli i\u015f par\u00e7as\u0131 pozisyonerleri, slider (robot kayd\u0131rma mekanizmalar\u0131), pillar (robotlar i\u00e7in sabit ve tahrikli ask\u0131 kolonlar\u0131) ve gantry sistemleri (tek ve \u00e7ift taraftan destekli portal tasar\u0131m) kullan\u0131l\u0131r. INTECRO, CE standartlar\u0131nda robot ekipmanlar\u0131 ile projelerinde fark yarat\u0131r.<\/p>\n<p>\u0130\u015f makineleri sekt\u00f6r\u00fcnde Kayna\u011f\u0131 yap\u0131lan ara mam\u00fcllerin do\u011fas\u0131 gere\u011fi ba\u015far\u0131l\u0131 kaynak uygulamalar\u0131 i\u00e7in arc sens\u00f6r, touch sens\u00f6r ve lazer sens\u00f6r gibi teknolojiler e\u015f-zamanl\u0131 kullan\u0131larak do\u011fru sonu\u00e7lar elde edilir.<\/p>\n<h3>\u00d6rnek Projeler<\/h3>\n<ul>\n<li>EKSKAVAT\u00d6R KOVA<\/li>\n<li>BOM VE KOLLARI<\/li>\n<li>FORKL\u0130FT B\u0130LE\u015eENLER\u0130<\/li>\n<li>MOB\u0130L V\u0130N\u00c7, DAMPER<\/li>\n<li>PLATFORM<\/li>\n<li>KRANE<\/li>\n<li>KULE V\u0130N\u00c7<\/li>\n<li>ARA\u00c7 \u00dcST\u00dc \u0130TFA\u0130YE EK\u0130PMANLARI<\/li>\n<li>\u00c7\u00d6P TOPLAMA VE \u00d6\u011e\u00dcTME S\u0130STEMLER\u0130<\/li>\n<li>\u00c7\u00d6P KONTEYNER\u0130<\/li>\n<li>YAKIT, K\u0130MYASAL VB. S\u0130LO<\/li>\n<\/ul>\n[\/vc_column_text][\/vc_column][\/vc_row]\n","protected":false},"excerpt":{"rendered":"<p>[vc_row][vc_column][vc_single_image image=&#8221;5241&#8243;][\/vc_column][\/vc_row][vc_row][vc_column][vc_column_text]INTECRO, tor\u00e7 de\u011fi\u015ftirme, \u00f6n \u0131s\u0131tma, single-wire ve tandem \/ twin kaynak tekniklerini kullanarak bir\u00e7ok i\u015f makinesi \u00fcreticisinin \u00fcr\u00fcnlerine de\u011fer katmaktad\u0131r. INTECRO denildi\u011finde akla ilk gelen Sekt\u00f6rel \u00e7\u00f6z\u00fcmlerden en \u00f6nemlisi \u201cA\u011f\u0131r Kaynak Uygulamalar\u0131d\u0131r. Y\u00fcksek hacimli sistemlerin kayna\u011f\u0131nda robot ve i\u015f&hellip;<\/p>\n","protected":false},"author":1,"featured_media":0,"parent":0,"menu_order":0,"comment_status":"closed","ping_status":"closed","template":"","meta":{"footnotes":""},"class_list":["post-5274","page","type-page","status-publish","hentry","entry","no-media"],"yoast_head":"<!-- This site is optimized with the Yoast SEO plugin v27.5 - https:\/\/yoast.com\/product\/yoast-seo-wordpress\/ -->\n<title>\u0130\u015f Makinalar\u0131 - Intecro Robotics<\/title>\n<meta name=\"robots\" content=\"index, follow, max-snippet:-1, max-image-preview:large, max-video-preview:-1\" \/>\n<link rel=\"canonical\" href=\"https:\/\/intecro.com.tr\/tr\/tr\/is-makinalari\/\" \/>\n<meta property=\"og:locale\" content=\"tr_TR\" \/>\n<meta property=\"og:type\" content=\"article\" \/>\n<meta property=\"og:title\" content=\"\u0130\u015f Makinalar\u0131 - Intecro Robotics\" \/>\n<meta property=\"og:description\" content=\"[vc_row][vc_column][vc_single_image image=&#8221;5241&#8243;][\/vc_column][\/vc_row][vc_row][vc_column][vc_column_text]INTECRO, tor\u00e7 de\u011fi\u015ftirme, \u00f6n \u0131s\u0131tma, single-wire ve tandem \/ twin kaynak tekniklerini kullanarak bir\u00e7ok i\u015f makinesi \u00fcreticisinin \u00fcr\u00fcnlerine de\u011fer katmaktad\u0131r. INTECRO denildi\u011finde akla ilk gelen Sekt\u00f6rel \u00e7\u00f6z\u00fcmlerden en \u00f6nemlisi \u201cA\u011f\u0131r Kaynak Uygulamalar\u0131d\u0131r. Y\u00fcksek hacimli sistemlerin kayna\u011f\u0131nda robot ve i\u015f&hellip;\" \/>\n<meta property=\"og:url\" content=\"https:\/\/intecro.com.tr\/tr\/tr\/is-makinalari\/\" \/>\n<meta property=\"og:site_name\" content=\"Intecro Robotics\" \/>\n<meta property=\"article:modified_time\" content=\"2025-04-11T06:34:02+00:00\" \/>\n<meta name=\"twitter:card\" content=\"summary_large_image\" \/>\n<meta name=\"twitter:label1\" content=\"Tahmini okuma s\u00fcresi\" \/>\n\t<meta name=\"twitter:data1\" content=\"1 dakika\" \/>\n<script type=\"application\/ld+json\" class=\"yoast-schema-graph\">{\"@context\":\"https:\\\/\\\/schema.org\",\"@graph\":[{\"@type\":\"WebPage\",\"@id\":\"https:\\\/\\\/intecro.com.tr\\\/tr\\\/tr\\\/is-makinalari\\\/\",\"url\":\"https:\\\/\\\/intecro.com.tr\\\/tr\\\/tr\\\/is-makinalari\\\/\",\"name\":\"\u0130\u015f Makinalar\u0131 - Intecro Robotics\",\"isPartOf\":{\"@id\":\"https:\\\/\\\/intecro.com.tr\\\/tr\\\/#website\"},\"datePublished\":\"2019-10-18T12:55:04+00:00\",\"dateModified\":\"2025-04-11T06:34:02+00:00\",\"breadcrumb\":{\"@id\":\"https:\\\/\\\/intecro.com.tr\\\/tr\\\/tr\\\/is-makinalari\\\/#breadcrumb\"},\"inLanguage\":\"tr\",\"potentialAction\":[{\"@type\":\"ReadAction\",\"target\":[\"https:\\\/\\\/intecro.com.tr\\\/tr\\\/tr\\\/is-makinalari\\\/\"]}]},{\"@type\":\"BreadcrumbList\",\"@id\":\"https:\\\/\\\/intecro.com.tr\\\/tr\\\/tr\\\/is-makinalari\\\/#breadcrumb\",\"itemListElement\":[{\"@type\":\"ListItem\",\"position\":1,\"name\":\"Anasayfa\",\"item\":\"https:\\\/\\\/intecro.com.tr\\\/tr\\\/tr\\\/anasayfa\\\/\"},{\"@type\":\"ListItem\",\"position\":2,\"name\":\"\u0130\u015f Makinalar\u0131\"}]},{\"@type\":\"WebSite\",\"@id\":\"https:\\\/\\\/intecro.com.tr\\\/tr\\\/#website\",\"url\":\"https:\\\/\\\/intecro.com.tr\\\/tr\\\/\",\"name\":\"Intecro Robotics\",\"description\":\"More Innovation\",\"publisher\":{\"@id\":\"https:\\\/\\\/intecro.com.tr\\\/tr\\\/#organization\"},\"potentialAction\":[{\"@type\":\"SearchAction\",\"target\":{\"@type\":\"EntryPoint\",\"urlTemplate\":\"https:\\\/\\\/intecro.com.tr\\\/tr\\\/?s={search_term_string}\"},\"query-input\":{\"@type\":\"PropertyValueSpecification\",\"valueRequired\":true,\"valueName\":\"search_term_string\"}}],\"inLanguage\":\"tr\"},{\"@type\":\"Organization\",\"@id\":\"https:\\\/\\\/intecro.com.tr\\\/tr\\\/#organization\",\"name\":\"Intecro Robotics\",\"url\":\"https:\\\/\\\/intecro.com.tr\\\/tr\\\/\",\"logo\":{\"@type\":\"ImageObject\",\"inLanguage\":\"tr\",\"@id\":\"https:\\\/\\\/intecro.com.tr\\\/tr\\\/#\\\/schema\\\/logo\\\/image\\\/\",\"url\":\"https:\\\/\\\/intecro.com.tr\\\/tr\\\/wp-content\\\/uploads\\\/2025\\\/02\\\/intecro_yatay-02.png\",\"contentUrl\":\"https:\\\/\\\/intecro.com.tr\\\/tr\\\/wp-content\\\/uploads\\\/2025\\\/02\\\/intecro_yatay-02.png\",\"width\":2134,\"height\":467,\"caption\":\"Intecro Robotics\"},\"image\":{\"@id\":\"https:\\\/\\\/intecro.com.tr\\\/tr\\\/#\\\/schema\\\/logo\\\/image\\\/\"}}]}<\/script>\n<!-- \/ Yoast SEO plugin. -->","yoast_head_json":{"title":"\u0130\u015f Makinalar\u0131 - Intecro Robotics","robots":{"index":"index","follow":"follow","max-snippet":"max-snippet:-1","max-image-preview":"max-image-preview:large","max-video-preview":"max-video-preview:-1"},"canonical":"https:\/\/intecro.com.tr\/tr\/tr\/is-makinalari\/","og_locale":"tr_TR","og_type":"article","og_title":"\u0130\u015f Makinalar\u0131 - Intecro Robotics","og_description":"[vc_row][vc_column][vc_single_image image=&#8221;5241&#8243;][\/vc_column][\/vc_row][vc_row][vc_column][vc_column_text]INTECRO, tor\u00e7 de\u011fi\u015ftirme, \u00f6n \u0131s\u0131tma, single-wire ve tandem \/ twin kaynak tekniklerini kullanarak bir\u00e7ok i\u015f makinesi \u00fcreticisinin \u00fcr\u00fcnlerine de\u011fer katmaktad\u0131r. INTECRO denildi\u011finde akla ilk gelen Sekt\u00f6rel \u00e7\u00f6z\u00fcmlerden en \u00f6nemlisi \u201cA\u011f\u0131r Kaynak Uygulamalar\u0131d\u0131r. Y\u00fcksek hacimli sistemlerin kayna\u011f\u0131nda robot ve i\u015f&hellip;","og_url":"https:\/\/intecro.com.tr\/tr\/tr\/is-makinalari\/","og_site_name":"Intecro Robotics","article_modified_time":"2025-04-11T06:34:02+00:00","twitter_card":"summary_large_image","twitter_misc":{"Tahmini okuma s\u00fcresi":"1 dakika"},"schema":{"@context":"https:\/\/schema.org","@graph":[{"@type":"WebPage","@id":"https:\/\/intecro.com.tr\/tr\/tr\/is-makinalari\/","url":"https:\/\/intecro.com.tr\/tr\/tr\/is-makinalari\/","name":"\u0130\u015f Makinalar\u0131 - Intecro Robotics","isPartOf":{"@id":"https:\/\/intecro.com.tr\/tr\/#website"},"datePublished":"2019-10-18T12:55:04+00:00","dateModified":"2025-04-11T06:34:02+00:00","breadcrumb":{"@id":"https:\/\/intecro.com.tr\/tr\/tr\/is-makinalari\/#breadcrumb"},"inLanguage":"tr","potentialAction":[{"@type":"ReadAction","target":["https:\/\/intecro.com.tr\/tr\/tr\/is-makinalari\/"]}]},{"@type":"BreadcrumbList","@id":"https:\/\/intecro.com.tr\/tr\/tr\/is-makinalari\/#breadcrumb","itemListElement":[{"@type":"ListItem","position":1,"name":"Anasayfa","item":"https:\/\/intecro.com.tr\/tr\/tr\/anasayfa\/"},{"@type":"ListItem","position":2,"name":"\u0130\u015f Makinalar\u0131"}]},{"@type":"WebSite","@id":"https:\/\/intecro.com.tr\/tr\/#website","url":"https:\/\/intecro.com.tr\/tr\/","name":"Intecro Robotics","description":"More Innovation","publisher":{"@id":"https:\/\/intecro.com.tr\/tr\/#organization"},"potentialAction":[{"@type":"SearchAction","target":{"@type":"EntryPoint","urlTemplate":"https:\/\/intecro.com.tr\/tr\/?s={search_term_string}"},"query-input":{"@type":"PropertyValueSpecification","valueRequired":true,"valueName":"search_term_string"}}],"inLanguage":"tr"},{"@type":"Organization","@id":"https:\/\/intecro.com.tr\/tr\/#organization","name":"Intecro Robotics","url":"https:\/\/intecro.com.tr\/tr\/","logo":{"@type":"ImageObject","inLanguage":"tr","@id":"https:\/\/intecro.com.tr\/tr\/#\/schema\/logo\/image\/","url":"https:\/\/intecro.com.tr\/tr\/wp-content\/uploads\/2025\/02\/intecro_yatay-02.png","contentUrl":"https:\/\/intecro.com.tr\/tr\/wp-content\/uploads\/2025\/02\/intecro_yatay-02.png","width":2134,"height":467,"caption":"Intecro Robotics"},"image":{"@id":"https:\/\/intecro.com.tr\/tr\/#\/schema\/logo\/image\/"}}]}},"_links":{"self":[{"href":"https:\/\/intecro.com.tr\/tr\/wp-json\/wp\/v2\/pages\/5274","targetHints":{"allow":["GET"]}}],"collection":[{"href":"https:\/\/intecro.com.tr\/tr\/wp-json\/wp\/v2\/pages"}],"about":[{"href":"https:\/\/intecro.com.tr\/tr\/wp-json\/wp\/v2\/types\/page"}],"author":[{"embeddable":true,"href":"https:\/\/intecro.com.tr\/tr\/wp-json\/wp\/v2\/users\/1"}],"replies":[{"embeddable":true,"href":"https:\/\/intecro.com.tr\/tr\/wp-json\/wp\/v2\/comments?post=5274"}],"version-history":[{"count":5,"href":"https:\/\/intecro.com.tr\/tr\/wp-json\/wp\/v2\/pages\/5274\/revisions"}],"predecessor-version":[{"id":7103,"href":"https:\/\/intecro.com.tr\/tr\/wp-json\/wp\/v2\/pages\/5274\/revisions\/7103"}],"wp:attachment":[{"href":"https:\/\/intecro.com.tr\/tr\/wp-json\/wp\/v2\/media?parent=5274"}],"curies":[{"name":"wp","href":"https:\/\/api.w.org\/{rel}","templated":true}]}}