{"id":5279,"date":"2019-10-18T12:49:57","date_gmt":"2019-10-18T12:49:57","guid":{"rendered":"https:\/\/intecro.com.tr\/tr\/?page_id=5279"},"modified":"2025-05-02T07:54:54","modified_gmt":"2025-05-02T07:54:54","slug":"insaat-makina-aksamlari","status":"publish","type":"page","link":"https:\/\/intecro.com.tr\/tr\/tr\/insaat-makina-aksamlari\/","title":{"rendered":"\u0130n\u015faat Makina Aksamlar\u0131"},"content":{"rendered":"[vc_row][vc_column][vc_single_image image=&#8221;7259&#8243;][\/vc_column][\/vc_row][vc_row][vc_column]<h2 class=\"vcex-module vcex-heading wpex-text-2xl wpex-font-normal wpex-m-auto wpex-max-w-100 vcex-heading-bottom-border-w-color wpex-block vc_custom_1746172373264 wpex-border-b-2 wpex-border-solid wpex-border-gray-200\"><span class=\"vcex-heading-inner wpex-inline-block wpex-clr wpex-relative wpex-pb-5 wpex-border-b-2 wpex-border-solid wpex-border-accent\" style=\"border-color:#f7b92a;\">\u0130N\u015eAAT MAK\u0130NA AKSAMLARI<\/span><\/h2>[vc_column_text]\u0130n\u015faat sekt\u00f6r\u00fcnde kullan\u0131lan a\u011f\u0131r ekipman ve i\u015f makineleri, zorlu saha ko\u015fullar\u0131na dayan\u0131kl\u0131, y\u00fcksek mukavemetli ve hassas \u015fekilde birle\u015ftirilmi\u015f komponentlerden olu\u015fur. INTECRO, in\u015faat makina aksamlar\u0131n\u0131n \u00fcretim s\u00fcre\u00e7lerinde robotik kaynak teknolojileri ve otomasyon \u00e7\u00f6z\u00fcmleri ile sekt\u00f6re de\u011fer katmaktad\u0131r.<\/p>\n<p>Kaz\u0131c\u0131, delici, k\u0131r\u0131c\u0131, vin\u00e7 ve beton pompas\u0131 gibi a\u011f\u0131r i\u015f makinelerinin alt ve \u00fcst aksamlar\u0131n\u0131n \u00fcretiminde kullan\u0131lan kaynakl\u0131 imalat teknolojileri, i\u015f par\u00e7as\u0131 geometrisinin karma\u015f\u0131kl\u0131\u011f\u0131, malzeme kal\u0131nl\u0131klar\u0131 ve b\u00fcy\u00fck boyutlu par\u00e7alar\u0131n ta\u015f\u0131nmas\u0131 gibi bir\u00e7ok m\u00fchendislik gereksinimini i\u00e7inde bar\u0131nd\u0131r\u0131r. INTECRO, bu zorluklara \u00f6zel geli\u015ftirdi\u011fi \u00e7ok eksenli pozisyoner sistemleri, a\u011f\u0131r y\u00fck ta\u015f\u0131ma kapasiteli robotik \u00e7\u00f6z\u00fcmleri ve hassas fikst\u00fcrleme teknolojileri ile y\u00fcksek kalite ve verimlilik sunar.<\/p>\n<p>Ayr\u0131ca tandem, twin ve single tor\u00e7lu kaynak teknikleri ile desteklenen robotik h\u00fccreler, \u0131s\u0131ya duyarl\u0131 b\u00f6lgelerde \u00e7atlak ve deformasyon risklerini minimize ederek, \u00fcretim s\u00fcre\u00e7lerinde g\u00fcvenli\u011fi ve kaliteyi art\u0131r\u0131r.[\/vc_column_text][vc_text_separator title=&#8221;INTECRO\u2019nun in\u015faat makina aksamlar\u0131 \u00fcretiminde sundu\u011fu ba\u015fl\u0131ca \u00e7\u00f6z\u00fcmler:&#8221; i_icon_fontawesome=&#8221;fa fa-exclamation&#8221; i_color=&#8221;orange&#8221; i_background_style=&#8221;rounded&#8221; i_background_color=&#8221;mulled_wine&#8221; i_size=&#8221;xs&#8221; title_align=&#8221;separator_align_left&#8221; add_icon=&#8221;true&#8221; css=&#8221;.vc_custom_1746172455046{margin-top: 20px !important;margin-bottom: 5px !important;}&#8221;][vc_column_text]\n<ul>\n<li>\u00c7ok eksenli robotik kaynak sistemleri<\/li>\n<li>A\u011f\u0131r y\u00fck pozisyonerleri ve d\u00f6ner tabla \u00e7\u00f6z\u00fcmleri<\/li>\n<li>Robotik mastik ve yap\u0131\u015ft\u0131rma uygulamalar\u0131<\/li>\n<li>Lazer ve plazma kesim sistemleri<\/li>\n<li>Robotik ta\u015flama ve \u00e7apak alma h\u00fccreleri<\/li>\n<li>CAD-CAM destekli offline programlama altyap\u0131s\u0131<\/li>\n<li>End\u00fcstri 4.0 uyumlu veri toplama ve izlenebilirlik \u00e7\u00f6z\u00fcmleri<\/li>\n<li>Otonom robotik ta\u015f\u0131ma sistemleri (AGV)<\/li>\n<li>Yo\u011fun kaynak uygulamalar\u0131na \u00f6zel so\u011futma ve duman emi\u015f sistem entegrasyonlar\u0131<\/li>\n<\/ul>\n[\/vc_column_text][vc_column_text]\n<h4><strong>\u00d6rnek Projeler<\/strong><\/h4>\n<ul>\n<li>BETON M\u0130KSER\u0130 TANK VE \u015eASES\u0130<\/li>\n<li>EKSKAVAT\u00d6R VE Y\u00dcKLEY\u0130C\u0130 KOVA B\u0130RLE\u015eT\u0130RMES\u0130<\/li>\n<li>KIRICI VE DEL\u0130C\u0130 \u00dcN\u0130TE PAR\u00c7ALARI<\/li>\n<li>BOM, ARM, KULE VE ALT \u015eASE B\u0130LE\u015eENLER\u0130<\/li>\n<li>FORKL\u0130FT G\u00d6VDE VE KALDIRMA MEKAN\u0130ZMALARI<\/li>\n<li>V\u0130NC \u015eASELER\u0130 VE MAKA\u015eLARI<\/li>\n<li>TIRMANIR KALIP S\u0130STEM\u0130 ELEMANLARI<\/li>\n<\/ul>\n[\/vc_column_text][\/vc_column][\/vc_row]\n","protected":false},"excerpt":{"rendered":"<p>[vc_row][vc_column][vc_single_image image=&#8221;7259&#8243;][\/vc_column][\/vc_row][vc_row][vc_column][vc_column_text]\u0130n\u015faat sekt\u00f6r\u00fcnde kullan\u0131lan a\u011f\u0131r ekipman ve i\u015f makineleri, zorlu saha ko\u015fullar\u0131na dayan\u0131kl\u0131, y\u00fcksek mukavemetli ve hassas \u015fekilde birle\u015ftirilmi\u015f komponentlerden olu\u015fur. INTECRO, in\u015faat makina aksamlar\u0131n\u0131n \u00fcretim s\u00fcre\u00e7lerinde robotik kaynak teknolojileri ve otomasyon \u00e7\u00f6z\u00fcmleri ile sekt\u00f6re de\u011fer katmaktad\u0131r. Kaz\u0131c\u0131, delici, k\u0131r\u0131c\u0131,&hellip;<\/p>\n","protected":false},"author":1,"featured_media":0,"parent":0,"menu_order":0,"comment_status":"closed","ping_status":"closed","template":"","meta":{"footnotes":""},"class_list":["post-5279","page","type-page","status-publish","hentry","entry","no-media"],"yoast_head":"<!-- This site is optimized with the Yoast SEO plugin v27.5 - https:\/\/yoast.com\/product\/yoast-seo-wordpress\/ -->\n<title>\u0130n\u015faat Makina Aksamlar\u0131 - Intecro Robotics<\/title>\n<meta name=\"robots\" content=\"index, follow, max-snippet:-1, max-image-preview:large, max-video-preview:-1\" \/>\n<link rel=\"canonical\" href=\"https:\/\/intecro.com.tr\/tr\/tr\/insaat-makina-aksamlari\/\" \/>\n<meta property=\"og:locale\" content=\"tr_TR\" \/>\n<meta property=\"og:type\" content=\"article\" \/>\n<meta property=\"og:title\" content=\"\u0130n\u015faat Makina Aksamlar\u0131 - Intecro Robotics\" \/>\n<meta property=\"og:description\" content=\"[vc_row][vc_column][vc_single_image image=&#8221;7259&#8243;][\/vc_column][\/vc_row][vc_row][vc_column][vc_column_text]\u0130n\u015faat sekt\u00f6r\u00fcnde kullan\u0131lan a\u011f\u0131r ekipman ve i\u015f makineleri, zorlu saha ko\u015fullar\u0131na dayan\u0131kl\u0131, y\u00fcksek mukavemetli ve hassas \u015fekilde birle\u015ftirilmi\u015f komponentlerden olu\u015fur. INTECRO, in\u015faat makina aksamlar\u0131n\u0131n \u00fcretim s\u00fcre\u00e7lerinde robotik kaynak teknolojileri ve otomasyon \u00e7\u00f6z\u00fcmleri ile sekt\u00f6re de\u011fer katmaktad\u0131r. Kaz\u0131c\u0131, delici, k\u0131r\u0131c\u0131,&hellip;\" \/>\n<meta property=\"og:url\" content=\"https:\/\/intecro.com.tr\/tr\/tr\/insaat-makina-aksamlari\/\" \/>\n<meta property=\"og:site_name\" content=\"Intecro Robotics\" \/>\n<meta property=\"article:modified_time\" content=\"2025-05-02T07:54:54+00:00\" \/>\n<meta name=\"twitter:card\" content=\"summary_large_image\" \/>\n<meta name=\"twitter:label1\" content=\"Tahmini okuma s\u00fcresi\" \/>\n\t<meta name=\"twitter:data1\" content=\"1 dakika\" \/>\n<script type=\"application\/ld+json\" class=\"yoast-schema-graph\">{\"@context\":\"https:\\\/\\\/schema.org\",\"@graph\":[{\"@type\":\"WebPage\",\"@id\":\"https:\\\/\\\/intecro.com.tr\\\/tr\\\/tr\\\/insaat-makina-aksamlari\\\/\",\"url\":\"https:\\\/\\\/intecro.com.tr\\\/tr\\\/tr\\\/insaat-makina-aksamlari\\\/\",\"name\":\"\u0130n\u015faat Makina Aksamlar\u0131 - Intecro Robotics\",\"isPartOf\":{\"@id\":\"https:\\\/\\\/intecro.com.tr\\\/tr\\\/#website\"},\"datePublished\":\"2019-10-18T12:49:57+00:00\",\"dateModified\":\"2025-05-02T07:54:54+00:00\",\"breadcrumb\":{\"@id\":\"https:\\\/\\\/intecro.com.tr\\\/tr\\\/tr\\\/insaat-makina-aksamlari\\\/#breadcrumb\"},\"inLanguage\":\"tr\",\"potentialAction\":[{\"@type\":\"ReadAction\",\"target\":[\"https:\\\/\\\/intecro.com.tr\\\/tr\\\/tr\\\/insaat-makina-aksamlari\\\/\"]}]},{\"@type\":\"BreadcrumbList\",\"@id\":\"https:\\\/\\\/intecro.com.tr\\\/tr\\\/tr\\\/insaat-makina-aksamlari\\\/#breadcrumb\",\"itemListElement\":[{\"@type\":\"ListItem\",\"position\":1,\"name\":\"Anasayfa\",\"item\":\"https:\\\/\\\/intecro.com.tr\\\/tr\\\/tr\\\/anasayfa\\\/\"},{\"@type\":\"ListItem\",\"position\":2,\"name\":\"\u0130n\u015faat Makina Aksamlar\u0131\"}]},{\"@type\":\"WebSite\",\"@id\":\"https:\\\/\\\/intecro.com.tr\\\/tr\\\/#website\",\"url\":\"https:\\\/\\\/intecro.com.tr\\\/tr\\\/\",\"name\":\"Intecro Robotics\",\"description\":\"More Innovation\",\"publisher\":{\"@id\":\"https:\\\/\\\/intecro.com.tr\\\/tr\\\/#organization\"},\"potentialAction\":[{\"@type\":\"SearchAction\",\"target\":{\"@type\":\"EntryPoint\",\"urlTemplate\":\"https:\\\/\\\/intecro.com.tr\\\/tr\\\/?s={search_term_string}\"},\"query-input\":{\"@type\":\"PropertyValueSpecification\",\"valueRequired\":true,\"valueName\":\"search_term_string\"}}],\"inLanguage\":\"tr\"},{\"@type\":\"Organization\",\"@id\":\"https:\\\/\\\/intecro.com.tr\\\/tr\\\/#organization\",\"name\":\"Intecro Robotics\",\"url\":\"https:\\\/\\\/intecro.com.tr\\\/tr\\\/\",\"logo\":{\"@type\":\"ImageObject\",\"inLanguage\":\"tr\",\"@id\":\"https:\\\/\\\/intecro.com.tr\\\/tr\\\/#\\\/schema\\\/logo\\\/image\\\/\",\"url\":\"https:\\\/\\\/intecro.com.tr\\\/tr\\\/wp-content\\\/uploads\\\/2025\\\/02\\\/intecro_yatay-02.png\",\"contentUrl\":\"https:\\\/\\\/intecro.com.tr\\\/tr\\\/wp-content\\\/uploads\\\/2025\\\/02\\\/intecro_yatay-02.png\",\"width\":2134,\"height\":467,\"caption\":\"Intecro Robotics\"},\"image\":{\"@id\":\"https:\\\/\\\/intecro.com.tr\\\/tr\\\/#\\\/schema\\\/logo\\\/image\\\/\"}}]}<\/script>\n<!-- \/ Yoast SEO plugin. -->","yoast_head_json":{"title":"\u0130n\u015faat Makina Aksamlar\u0131 - Intecro Robotics","robots":{"index":"index","follow":"follow","max-snippet":"max-snippet:-1","max-image-preview":"max-image-preview:large","max-video-preview":"max-video-preview:-1"},"canonical":"https:\/\/intecro.com.tr\/tr\/tr\/insaat-makina-aksamlari\/","og_locale":"tr_TR","og_type":"article","og_title":"\u0130n\u015faat Makina Aksamlar\u0131 - Intecro Robotics","og_description":"[vc_row][vc_column][vc_single_image image=&#8221;7259&#8243;][\/vc_column][\/vc_row][vc_row][vc_column][vc_column_text]\u0130n\u015faat sekt\u00f6r\u00fcnde kullan\u0131lan a\u011f\u0131r ekipman ve i\u015f makineleri, zorlu saha ko\u015fullar\u0131na dayan\u0131kl\u0131, y\u00fcksek mukavemetli ve hassas \u015fekilde birle\u015ftirilmi\u015f komponentlerden olu\u015fur. INTECRO, in\u015faat makina aksamlar\u0131n\u0131n \u00fcretim s\u00fcre\u00e7lerinde robotik kaynak teknolojileri ve otomasyon \u00e7\u00f6z\u00fcmleri ile sekt\u00f6re de\u011fer katmaktad\u0131r. Kaz\u0131c\u0131, delici, k\u0131r\u0131c\u0131,&hellip;","og_url":"https:\/\/intecro.com.tr\/tr\/tr\/insaat-makina-aksamlari\/","og_site_name":"Intecro Robotics","article_modified_time":"2025-05-02T07:54:54+00:00","twitter_card":"summary_large_image","twitter_misc":{"Tahmini okuma s\u00fcresi":"1 dakika"},"schema":{"@context":"https:\/\/schema.org","@graph":[{"@type":"WebPage","@id":"https:\/\/intecro.com.tr\/tr\/tr\/insaat-makina-aksamlari\/","url":"https:\/\/intecro.com.tr\/tr\/tr\/insaat-makina-aksamlari\/","name":"\u0130n\u015faat Makina Aksamlar\u0131 - Intecro Robotics","isPartOf":{"@id":"https:\/\/intecro.com.tr\/tr\/#website"},"datePublished":"2019-10-18T12:49:57+00:00","dateModified":"2025-05-02T07:54:54+00:00","breadcrumb":{"@id":"https:\/\/intecro.com.tr\/tr\/tr\/insaat-makina-aksamlari\/#breadcrumb"},"inLanguage":"tr","potentialAction":[{"@type":"ReadAction","target":["https:\/\/intecro.com.tr\/tr\/tr\/insaat-makina-aksamlari\/"]}]},{"@type":"BreadcrumbList","@id":"https:\/\/intecro.com.tr\/tr\/tr\/insaat-makina-aksamlari\/#breadcrumb","itemListElement":[{"@type":"ListItem","position":1,"name":"Anasayfa","item":"https:\/\/intecro.com.tr\/tr\/tr\/anasayfa\/"},{"@type":"ListItem","position":2,"name":"\u0130n\u015faat Makina Aksamlar\u0131"}]},{"@type":"WebSite","@id":"https:\/\/intecro.com.tr\/tr\/#website","url":"https:\/\/intecro.com.tr\/tr\/","name":"Intecro Robotics","description":"More Innovation","publisher":{"@id":"https:\/\/intecro.com.tr\/tr\/#organization"},"potentialAction":[{"@type":"SearchAction","target":{"@type":"EntryPoint","urlTemplate":"https:\/\/intecro.com.tr\/tr\/?s={search_term_string}"},"query-input":{"@type":"PropertyValueSpecification","valueRequired":true,"valueName":"search_term_string"}}],"inLanguage":"tr"},{"@type":"Organization","@id":"https:\/\/intecro.com.tr\/tr\/#organization","name":"Intecro Robotics","url":"https:\/\/intecro.com.tr\/tr\/","logo":{"@type":"ImageObject","inLanguage":"tr","@id":"https:\/\/intecro.com.tr\/tr\/#\/schema\/logo\/image\/","url":"https:\/\/intecro.com.tr\/tr\/wp-content\/uploads\/2025\/02\/intecro_yatay-02.png","contentUrl":"https:\/\/intecro.com.tr\/tr\/wp-content\/uploads\/2025\/02\/intecro_yatay-02.png","width":2134,"height":467,"caption":"Intecro Robotics"},"image":{"@id":"https:\/\/intecro.com.tr\/tr\/#\/schema\/logo\/image\/"}}]}},"_links":{"self":[{"href":"https:\/\/intecro.com.tr\/tr\/wp-json\/wp\/v2\/pages\/5279","targetHints":{"allow":["GET"]}}],"collection":[{"href":"https:\/\/intecro.com.tr\/tr\/wp-json\/wp\/v2\/pages"}],"about":[{"href":"https:\/\/intecro.com.tr\/tr\/wp-json\/wp\/v2\/types\/page"}],"author":[{"embeddable":true,"href":"https:\/\/intecro.com.tr\/tr\/wp-json\/wp\/v2\/users\/1"}],"replies":[{"embeddable":true,"href":"https:\/\/intecro.com.tr\/tr\/wp-json\/wp\/v2\/comments?post=5279"}],"version-history":[{"count":8,"href":"https:\/\/intecro.com.tr\/tr\/wp-json\/wp\/v2\/pages\/5279\/revisions"}],"predecessor-version":[{"id":7260,"href":"https:\/\/intecro.com.tr\/tr\/wp-json\/wp\/v2\/pages\/5279\/revisions\/7260"}],"wp:attachment":[{"href":"https:\/\/intecro.com.tr\/tr\/wp-json\/wp\/v2\/media?parent=5279"}],"curies":[{"name":"wp","href":"https:\/\/api.w.org\/{rel}","templated":true}]}}