{"id":5303,"date":"2019-10-18T13:17:19","date_gmt":"2019-10-18T13:17:19","guid":{"rendered":"https:\/\/intecro.com.tr\/tr\/?page_id=5303"},"modified":"2025-05-02T07:58:13","modified_gmt":"2025-05-02T07:58:13","slug":"konstruksiyon","status":"publish","type":"page","link":"https:\/\/intecro.com.tr\/tr\/tr\/konstruksiyon\/","title":{"rendered":"Konstr\u00fcksiyon"},"content":{"rendered":"[vc_row][vc_column][vc_single_image image=&#8221;7263&#8243;][\/vc_column][\/vc_row][vc_row][vc_column]<h2 class=\"vcex-module vcex-heading wpex-text-2xl wpex-font-normal wpex-m-auto wpex-max-w-100 vcex-heading-bottom-border-w-color wpex-block vc_custom_1746172563649 wpex-border-b-2 wpex-border-solid wpex-border-gray-200\"><span class=\"vcex-heading-inner wpex-inline-block wpex-clr wpex-relative wpex-pb-5 wpex-border-b-2 wpex-border-solid wpex-border-accent\" style=\"border-color:#f7b92a;\">KONSTR\u00dcKS\u0130YON<\/span><\/h2>[vc_column_text]Konstr\u00fcksiyon end\u00fcstrisi; b\u00fcy\u00fck \u00f6l\u00e7ekli \u00e7elik yap\u0131lar\u0131n, platformlar\u0131n, \u00e7at\u0131 ve cephe sistemlerinin, end\u00fcstriyel iskeletlerin ve benzeri ta\u015f\u0131y\u0131c\u0131 yap\u0131 bile\u015fenlerinin \u00fcretimini kapsar. Bu alanda \u00fcretim s\u00fcre\u00e7lerinin temel ihtiya\u00e7lar\u0131; y\u00fcksek yap\u0131sal dayan\u0131m, do\u011fru geometri, kaliteli kaynak ve y\u00fcksek tekrarlanabilirliktir. INTECRO, konstr\u00fcksiyon sekt\u00f6r\u00fcne \u00f6zel geli\u015ftirdi\u011fi robotik kaynak \u00e7\u00f6z\u00fcmleri ile bu ihtiya\u00e7lar\u0131 kar\u015f\u0131lamakla kalmaz, \u00fcretim verimlili\u011fini ve kalite standartlar\u0131n\u0131 da \u00fcst seviyeye ta\u015f\u0131r.<\/p>\n<p>INTECRO\u2019nun robotik \u00e7\u00f6z\u00fcmleri, geni\u015f hacimli par\u00e7alar\u0131n birle\u015ftirilmesinde kullan\u0131lan tandem\/twin tor\u00e7 kaynak sistemlerinden \u00e7ok eksenli pozisyoner \u00e7\u00f6z\u00fcmlerine, mastik uygulamalar\u0131ndan otomatik vida s\u0131kma sistemlerine kadar pek \u00e7ok s\u00fcreci kapsar. Ayr\u0131ca, farkl\u0131 kesitlere sahip yap\u0131 bile\u015fenlerinin kaynakl\u0131 birle\u015ftirme i\u015flemlerinde kullan\u0131lan offline programlama yaz\u0131l\u0131mlar\u0131 ve sens\u00f6r destekli diki\u015f takibi sistemleri sayesinde \u00fcretimde maksimum do\u011fruluk sa\u011flan\u0131r.<\/p>\n<p>Y\u00fcksek hacimli \u00fcretim gereksinimi olan \u00e7elik konstr\u00fcksiyon yap\u0131lar i\u00e7in INTECRO, ak\u0131ll\u0131 \u00fcretim hatlar\u0131 ve tam entegre robotik sistemler ile anahtar teslim \u00e7\u00f6z\u00fcmler sunmaktad\u0131r.[\/vc_column_text][vc_text_separator title=&#8221;INTECRO\u2019nun konstr\u00fcksiyon sekt\u00f6r\u00fcne sundu\u011fu \u00e7\u00f6z\u00fcmler:&#8221; i_icon_fontawesome=&#8221;fa fa-exclamation&#8221; i_color=&#8221;orange&#8221; i_background_style=&#8221;rounded&#8221; i_background_color=&#8221;mulled_wine&#8221; i_size=&#8221;xs&#8221; title_align=&#8221;separator_align_left&#8221; add_icon=&#8221;true&#8221; css=&#8221;.vc_custom_1746172608826{margin-top: 20px !important;margin-bottom: 5px !important;}&#8221;][vc_column_text]\n<ul>\n<li>Robotik MIG\/MAG\/TIG kaynak sistemleri<\/li>\n<li>Uzun par\u00e7a i\u015fleme i\u00e7in gantry robot sistemleri<\/li>\n<li>D\u00f6ner tabla ve lineer k\u0131zakl\u0131 kaynak pozisyonerleri<\/li>\n<li>Lazer ve plazma kesim sistemleri<\/li>\n<li>Robotik mastik ve conta uygulama \u00e7\u00f6z\u00fcmleri<\/li>\n<li>G\u00f6r\u00fcnt\u00fc i\u015fleme destekli \u00f6l\u00e7\u00fcm ve kalite kontrol sistemleri<\/li>\n<li>Otomatik par\u00e7a tan\u0131ma ve konumlama sistemleri<\/li>\n<li>IoT destekli veri izleme ve \u00fcretim takibi \u00e7\u00f6z\u00fcmleri<\/li>\n<li>A\u011f\u0131r y\u00fck ta\u015f\u0131ma kapasiteli AGV sistemleri<\/li>\n<\/ul>\n[\/vc_column_text][vc_column_text]\n<h4><strong>\u00d6rnek Projeler<\/strong><\/h4>\n<ul>\n<li>\u00c7EL\u0130K KONSTR\u00dcKS\u0130YON TA\u015eIYICI S\u0130STEMLER<\/li>\n<li>Y\u00dcR\u00dcYEN MERD\u0130VEN VE ASANS\u00d6R TA\u015eIYICI KASALARI<\/li>\n<li>ENERJ\u0130 NAK\u0130L HATTI D\u0130REKLER\u0130<\/li>\n<li>A\u00c7IK\/KAPALI \u00c7EL\u0130K PLATFORMLAR<\/li>\n<li>SANAY\u0130 TES\u0130S\u0130 \u00c7ATI VE CEPHE KARKASLARI<\/li>\n<li>MOD\u00dcLER YAPI S\u0130STEMLER\u0130<\/li>\n<li>TANK VE S\u0130LO TA\u015eIYICI KAFES YAPILARI<\/li>\n<\/ul>\n[\/vc_column_text][\/vc_column][\/vc_row]\n","protected":false},"excerpt":{"rendered":"<p>[vc_row][vc_column][vc_single_image image=&#8221;7263&#8243;][\/vc_column][\/vc_row][vc_row][vc_column][vc_column_text]Konstr\u00fcksiyon end\u00fcstrisi; b\u00fcy\u00fck \u00f6l\u00e7ekli \u00e7elik yap\u0131lar\u0131n, platformlar\u0131n, \u00e7at\u0131 ve cephe sistemlerinin, end\u00fcstriyel iskeletlerin ve benzeri ta\u015f\u0131y\u0131c\u0131 yap\u0131 bile\u015fenlerinin \u00fcretimini kapsar. Bu alanda \u00fcretim s\u00fcre\u00e7lerinin temel ihtiya\u00e7lar\u0131; y\u00fcksek yap\u0131sal dayan\u0131m, do\u011fru geometri, kaliteli kaynak ve y\u00fcksek tekrarlanabilirliktir. INTECRO, konstr\u00fcksiyon sekt\u00f6r\u00fcne&hellip;<\/p>\n","protected":false},"author":1,"featured_media":0,"parent":0,"menu_order":0,"comment_status":"closed","ping_status":"closed","template":"","meta":{"footnotes":""},"class_list":["post-5303","page","type-page","status-publish","hentry","entry","no-media"],"yoast_head":"<!-- This site is optimized with the Yoast SEO plugin v27.5 - https:\/\/yoast.com\/product\/yoast-seo-wordpress\/ -->\n<title>Konstr\u00fcksiyon - Intecro Robotics<\/title>\n<meta name=\"robots\" content=\"index, follow, max-snippet:-1, max-image-preview:large, max-video-preview:-1\" \/>\n<link rel=\"canonical\" href=\"https:\/\/intecro.com.tr\/tr\/tr\/konstruksiyon\/\" \/>\n<meta property=\"og:locale\" content=\"tr_TR\" \/>\n<meta property=\"og:type\" content=\"article\" \/>\n<meta property=\"og:title\" content=\"Konstr\u00fcksiyon - Intecro Robotics\" \/>\n<meta property=\"og:description\" content=\"[vc_row][vc_column][vc_single_image image=&#8221;7263&#8243;][\/vc_column][\/vc_row][vc_row][vc_column][vc_column_text]Konstr\u00fcksiyon end\u00fcstrisi; b\u00fcy\u00fck \u00f6l\u00e7ekli \u00e7elik yap\u0131lar\u0131n, platformlar\u0131n, \u00e7at\u0131 ve cephe sistemlerinin, end\u00fcstriyel iskeletlerin ve benzeri ta\u015f\u0131y\u0131c\u0131 yap\u0131 bile\u015fenlerinin \u00fcretimini kapsar. Bu alanda \u00fcretim s\u00fcre\u00e7lerinin temel ihtiya\u00e7lar\u0131; y\u00fcksek yap\u0131sal dayan\u0131m, do\u011fru geometri, kaliteli kaynak ve y\u00fcksek tekrarlanabilirliktir. INTECRO, konstr\u00fcksiyon sekt\u00f6r\u00fcne&hellip;\" \/>\n<meta property=\"og:url\" content=\"https:\/\/intecro.com.tr\/tr\/tr\/konstruksiyon\/\" \/>\n<meta property=\"og:site_name\" content=\"Intecro Robotics\" \/>\n<meta property=\"article:modified_time\" content=\"2025-05-02T07:58:13+00:00\" \/>\n<meta name=\"twitter:card\" content=\"summary_large_image\" \/>\n<meta name=\"twitter:label1\" content=\"Tahmini okuma s\u00fcresi\" \/>\n\t<meta name=\"twitter:data1\" content=\"1 dakika\" \/>\n<script type=\"application\/ld+json\" class=\"yoast-schema-graph\">{\"@context\":\"https:\\\/\\\/schema.org\",\"@graph\":[{\"@type\":\"WebPage\",\"@id\":\"https:\\\/\\\/intecro.com.tr\\\/tr\\\/tr\\\/konstruksiyon\\\/\",\"url\":\"https:\\\/\\\/intecro.com.tr\\\/tr\\\/tr\\\/konstruksiyon\\\/\",\"name\":\"Konstr\u00fcksiyon - Intecro Robotics\",\"isPartOf\":{\"@id\":\"https:\\\/\\\/intecro.com.tr\\\/tr\\\/#website\"},\"datePublished\":\"2019-10-18T13:17:19+00:00\",\"dateModified\":\"2025-05-02T07:58:13+00:00\",\"breadcrumb\":{\"@id\":\"https:\\\/\\\/intecro.com.tr\\\/tr\\\/tr\\\/konstruksiyon\\\/#breadcrumb\"},\"inLanguage\":\"tr\",\"potentialAction\":[{\"@type\":\"ReadAction\",\"target\":[\"https:\\\/\\\/intecro.com.tr\\\/tr\\\/tr\\\/konstruksiyon\\\/\"]}]},{\"@type\":\"BreadcrumbList\",\"@id\":\"https:\\\/\\\/intecro.com.tr\\\/tr\\\/tr\\\/konstruksiyon\\\/#breadcrumb\",\"itemListElement\":[{\"@type\":\"ListItem\",\"position\":1,\"name\":\"Anasayfa\",\"item\":\"https:\\\/\\\/intecro.com.tr\\\/tr\\\/tr\\\/anasayfa\\\/\"},{\"@type\":\"ListItem\",\"position\":2,\"name\":\"Konstr\u00fcksiyon\"}]},{\"@type\":\"WebSite\",\"@id\":\"https:\\\/\\\/intecro.com.tr\\\/tr\\\/#website\",\"url\":\"https:\\\/\\\/intecro.com.tr\\\/tr\\\/\",\"name\":\"Intecro Robotics\",\"description\":\"More Innovation\",\"publisher\":{\"@id\":\"https:\\\/\\\/intecro.com.tr\\\/tr\\\/#organization\"},\"potentialAction\":[{\"@type\":\"SearchAction\",\"target\":{\"@type\":\"EntryPoint\",\"urlTemplate\":\"https:\\\/\\\/intecro.com.tr\\\/tr\\\/?s={search_term_string}\"},\"query-input\":{\"@type\":\"PropertyValueSpecification\",\"valueRequired\":true,\"valueName\":\"search_term_string\"}}],\"inLanguage\":\"tr\"},{\"@type\":\"Organization\",\"@id\":\"https:\\\/\\\/intecro.com.tr\\\/tr\\\/#organization\",\"name\":\"Intecro Robotics\",\"url\":\"https:\\\/\\\/intecro.com.tr\\\/tr\\\/\",\"logo\":{\"@type\":\"ImageObject\",\"inLanguage\":\"tr\",\"@id\":\"https:\\\/\\\/intecro.com.tr\\\/tr\\\/#\\\/schema\\\/logo\\\/image\\\/\",\"url\":\"https:\\\/\\\/intecro.com.tr\\\/tr\\\/wp-content\\\/uploads\\\/2025\\\/02\\\/intecro_yatay-02.png\",\"contentUrl\":\"https:\\\/\\\/intecro.com.tr\\\/tr\\\/wp-content\\\/uploads\\\/2025\\\/02\\\/intecro_yatay-02.png\",\"width\":2134,\"height\":467,\"caption\":\"Intecro Robotics\"},\"image\":{\"@id\":\"https:\\\/\\\/intecro.com.tr\\\/tr\\\/#\\\/schema\\\/logo\\\/image\\\/\"}}]}<\/script>\n<!-- \/ Yoast SEO plugin. -->","yoast_head_json":{"title":"Konstr\u00fcksiyon - Intecro Robotics","robots":{"index":"index","follow":"follow","max-snippet":"max-snippet:-1","max-image-preview":"max-image-preview:large","max-video-preview":"max-video-preview:-1"},"canonical":"https:\/\/intecro.com.tr\/tr\/tr\/konstruksiyon\/","og_locale":"tr_TR","og_type":"article","og_title":"Konstr\u00fcksiyon - Intecro Robotics","og_description":"[vc_row][vc_column][vc_single_image image=&#8221;7263&#8243;][\/vc_column][\/vc_row][vc_row][vc_column][vc_column_text]Konstr\u00fcksiyon end\u00fcstrisi; b\u00fcy\u00fck \u00f6l\u00e7ekli \u00e7elik yap\u0131lar\u0131n, platformlar\u0131n, \u00e7at\u0131 ve cephe sistemlerinin, end\u00fcstriyel iskeletlerin ve benzeri ta\u015f\u0131y\u0131c\u0131 yap\u0131 bile\u015fenlerinin \u00fcretimini kapsar. Bu alanda \u00fcretim s\u00fcre\u00e7lerinin temel ihtiya\u00e7lar\u0131; y\u00fcksek yap\u0131sal dayan\u0131m, do\u011fru geometri, kaliteli kaynak ve y\u00fcksek tekrarlanabilirliktir. INTECRO, konstr\u00fcksiyon sekt\u00f6r\u00fcne&hellip;","og_url":"https:\/\/intecro.com.tr\/tr\/tr\/konstruksiyon\/","og_site_name":"Intecro Robotics","article_modified_time":"2025-05-02T07:58:13+00:00","twitter_card":"summary_large_image","twitter_misc":{"Tahmini okuma s\u00fcresi":"1 dakika"},"schema":{"@context":"https:\/\/schema.org","@graph":[{"@type":"WebPage","@id":"https:\/\/intecro.com.tr\/tr\/tr\/konstruksiyon\/","url":"https:\/\/intecro.com.tr\/tr\/tr\/konstruksiyon\/","name":"Konstr\u00fcksiyon - Intecro Robotics","isPartOf":{"@id":"https:\/\/intecro.com.tr\/tr\/#website"},"datePublished":"2019-10-18T13:17:19+00:00","dateModified":"2025-05-02T07:58:13+00:00","breadcrumb":{"@id":"https:\/\/intecro.com.tr\/tr\/tr\/konstruksiyon\/#breadcrumb"},"inLanguage":"tr","potentialAction":[{"@type":"ReadAction","target":["https:\/\/intecro.com.tr\/tr\/tr\/konstruksiyon\/"]}]},{"@type":"BreadcrumbList","@id":"https:\/\/intecro.com.tr\/tr\/tr\/konstruksiyon\/#breadcrumb","itemListElement":[{"@type":"ListItem","position":1,"name":"Anasayfa","item":"https:\/\/intecro.com.tr\/tr\/tr\/anasayfa\/"},{"@type":"ListItem","position":2,"name":"Konstr\u00fcksiyon"}]},{"@type":"WebSite","@id":"https:\/\/intecro.com.tr\/tr\/#website","url":"https:\/\/intecro.com.tr\/tr\/","name":"Intecro Robotics","description":"More Innovation","publisher":{"@id":"https:\/\/intecro.com.tr\/tr\/#organization"},"potentialAction":[{"@type":"SearchAction","target":{"@type":"EntryPoint","urlTemplate":"https:\/\/intecro.com.tr\/tr\/?s={search_term_string}"},"query-input":{"@type":"PropertyValueSpecification","valueRequired":true,"valueName":"search_term_string"}}],"inLanguage":"tr"},{"@type":"Organization","@id":"https:\/\/intecro.com.tr\/tr\/#organization","name":"Intecro Robotics","url":"https:\/\/intecro.com.tr\/tr\/","logo":{"@type":"ImageObject","inLanguage":"tr","@id":"https:\/\/intecro.com.tr\/tr\/#\/schema\/logo\/image\/","url":"https:\/\/intecro.com.tr\/tr\/wp-content\/uploads\/2025\/02\/intecro_yatay-02.png","contentUrl":"https:\/\/intecro.com.tr\/tr\/wp-content\/uploads\/2025\/02\/intecro_yatay-02.png","width":2134,"height":467,"caption":"Intecro Robotics"},"image":{"@id":"https:\/\/intecro.com.tr\/tr\/#\/schema\/logo\/image\/"}}]}},"_links":{"self":[{"href":"https:\/\/intecro.com.tr\/tr\/wp-json\/wp\/v2\/pages\/5303","targetHints":{"allow":["GET"]}}],"collection":[{"href":"https:\/\/intecro.com.tr\/tr\/wp-json\/wp\/v2\/pages"}],"about":[{"href":"https:\/\/intecro.com.tr\/tr\/wp-json\/wp\/v2\/types\/page"}],"author":[{"embeddable":true,"href":"https:\/\/intecro.com.tr\/tr\/wp-json\/wp\/v2\/users\/1"}],"replies":[{"embeddable":true,"href":"https:\/\/intecro.com.tr\/tr\/wp-json\/wp\/v2\/comments?post=5303"}],"version-history":[{"count":6,"href":"https:\/\/intecro.com.tr\/tr\/wp-json\/wp\/v2\/pages\/5303\/revisions"}],"predecessor-version":[{"id":7264,"href":"https:\/\/intecro.com.tr\/tr\/wp-json\/wp\/v2\/pages\/5303\/revisions\/7264"}],"wp:attachment":[{"href":"https:\/\/intecro.com.tr\/tr\/wp-json\/wp\/v2\/media?parent=5303"}],"curies":[{"name":"wp","href":"https:\/\/api.w.org\/{rel}","templated":true}]}}