{"id":5305,"date":"2019-10-18T13:18:17","date_gmt":"2019-10-18T13:18:17","guid":{"rendered":"https:\/\/intecro.com.tr\/tr\/?page_id=5305"},"modified":"2025-05-02T08:02:29","modified_gmt":"2025-05-02T08:02:29","slug":"enerji-sektoru","status":"publish","type":"page","link":"https:\/\/intecro.com.tr\/tr\/tr\/enerji-sektoru\/","title":{"rendered":"Enerji Sekt\u00f6r\u00fc"},"content":{"rendered":"[vc_row][vc_column][vc_single_image image=&#8221;7267&#8243;][\/vc_column][\/vc_row][vc_row][vc_column]<h2 class=\"vcex-module vcex-heading wpex-text-2xl wpex-font-normal wpex-m-auto wpex-max-w-100 vcex-heading-bottom-border-w-color wpex-block vc_custom_1746172796672 wpex-border-b-2 wpex-border-solid wpex-border-gray-200\"><span class=\"vcex-heading-inner wpex-inline-block wpex-clr wpex-relative wpex-pb-5 wpex-border-b-2 wpex-border-solid wpex-border-accent\" style=\"border-color:#f7b92a;\">ENERJ\u0130 SEKT\u00d6R\u00dc<\/span><\/h2>[vc_column_text]Enerji sekt\u00f6r\u00fc, y\u00fcksek performansl\u0131 ve dayan\u0131kl\u0131 ekipmanlar\u0131n \u00fcretimini gerektiren, hassas m\u00fchendislik \u00e7\u00f6z\u00fcmleriyle ilerleyen stratejik bir aland\u0131r. INTECRO, enerji \u00fcretim, iletim ve depolama s\u00fcre\u00e7lerinde kullan\u0131lan metalik bile\u015fenlerin \u00fcretimi i\u00e7in sundu\u011fu robotik sistemler ve otomasyon \u00e7\u00f6z\u00fcmleriyle sekt\u00f6r\u00fcn ihtiya\u00e7lar\u0131na en \u00fcst d\u00fczeyde yan\u0131t vermektedir.<\/p>\n<p>G\u00fcne\u015f enerjisi panellerinin ta\u015f\u0131y\u0131c\u0131 konstr\u00fcksiyonlar\u0131, r\u00fczgar t\u00fcrbini kuleleri, hidroelektrik santrali \u00e7elik yap\u0131lar\u0131, enerji nakil hatt\u0131 direkleri, gaz ve yak\u0131t tanklar\u0131 gibi \u00e7ok \u00e7e\u015fitli ekipmanlar\u0131n \u00fcretiminde kullan\u0131lan prosesler y\u00fcksek hassasiyet ve tekrarlanabilirlik gerektirir. INTECRO, bu do\u011frultuda sekt\u00f6re \u00f6zel tandem kaynak sistemleri, pozisyoner \u00e7\u00f6z\u00fcmleri, b\u00fcy\u00fck hacimli par\u00e7alar i\u00e7in gantry robotlar ve sens\u00f6r destekli kalite kontrol sistemleriyle anahtar teslim \u00e7\u00f6z\u00fcmler sunmaktad\u0131r.<\/p>\n<p>Ayr\u0131ca, enerji depolama sistemlerine \u00f6zel batarya kutular\u0131, inverter muhafazalar\u0131 gibi hassas sac i\u015fleme gerektiren \u00fcr\u00fcnlerin \u00fcretimi i\u00e7in de 3D lazer kesim, robotik montaj ve kaynak \u00e7\u00f6z\u00fcmleri ba\u015far\u0131yla uygulanmaktad\u0131r.[\/vc_column_text][vc_text_separator title=&#8221;INTECRO\u2019nun enerji sekt\u00f6r\u00fcne sundu\u011fu ba\u015fl\u0131ca \u00e7\u00f6z\u00fcmler:&#8221; i_icon_fontawesome=&#8221;fa fa-exclamation&#8221; i_color=&#8221;orange&#8221; i_background_style=&#8221;rounded&#8221; i_background_color=&#8221;mulled_wine&#8221; i_size=&#8221;xs&#8221; title_align=&#8221;separator_align_left&#8221; add_icon=&#8221;true&#8221; css=&#8221;.vc_custom_1746172906890{margin-top: 20px !important;margin-bottom: 5px !important;}&#8221;][vc_column_text]\n<ul>\n<li>Robotik MIG\/MAG\/TIG\/Plazma kaynak sistemleri<\/li>\n<li>Lazer ve plazma kesim \u00e7\u00f6z\u00fcmleri<\/li>\n<li>Robotik ta\u015f\u0131ma ve otomatik montaj hatlar\u0131<\/li>\n<li>Tandem\/Twin tor\u00e7lu y\u00fcksek penetrasyonlu kaynak sistemleri<\/li>\n<li>3D CAD\/CAM destekli robot programlama teknolojisi<\/li>\n<li>IoT destekli \u00fcretim verisi takibi ve ileri izlenebilirlik \u00e7\u00f6z\u00fcmleri<\/li>\n<li>AGV (otonom mobil ara\u00e7lar) ile \u00fcretim ve montaj hatt\u0131 entegrasyonu<\/li>\n<\/ul>\n[\/vc_column_text][vc_column_text]\n<h4><strong>\u00d6rnek Projeler<\/strong><\/h4>\n<ul>\n<li>G\u00dcNE\u015e PANEL\u0130 TA\u015eIYICI KASALAR<\/li>\n<li>R\u00dcZGAR T\u00dcRB\u0130N\u0130 G\u00d6VDE VE KULE B\u0130LE\u015eENLER\u0130<\/li>\n<li>ENERJ\u0130 NAK\u0130L HATTI KAFES KULELER\u0130<\/li>\n<li>JENARAT\u00d6R G\u00d6VDES\u0130 VE KAPAKLARI<\/li>\n<li>H\u0130DROELEKTR\u0130K SANTRAL YAPILARI<\/li>\n<li>YAKIT VE GAZ TANKLARI<\/li>\n<li>BATARYA VE \u0130NVERTER MUHAFAZALARI<\/li>\n<li>TRANSFORMAT\u00d6R G\u00d6VDELER\u0130 VE RADYAT\u00d6RLER\u0130<\/li>\n<\/ul>\n[\/vc_column_text][\/vc_column][\/vc_row]\n","protected":false},"excerpt":{"rendered":"<p>[vc_row][vc_column][vc_single_image image=&#8221;7267&#8243;][\/vc_column][\/vc_row][vc_row][vc_column][vc_column_text]Enerji sekt\u00f6r\u00fc, y\u00fcksek performansl\u0131 ve dayan\u0131kl\u0131 ekipmanlar\u0131n \u00fcretimini gerektiren, hassas m\u00fchendislik \u00e7\u00f6z\u00fcmleriyle ilerleyen stratejik bir aland\u0131r. INTECRO, enerji \u00fcretim, iletim ve depolama s\u00fcre\u00e7lerinde kullan\u0131lan metalik bile\u015fenlerin \u00fcretimi i\u00e7in sundu\u011fu robotik sistemler ve otomasyon \u00e7\u00f6z\u00fcmleriyle sekt\u00f6r\u00fcn ihtiya\u00e7lar\u0131na en \u00fcst d\u00fczeyde&hellip;<\/p>\n","protected":false},"author":1,"featured_media":0,"parent":0,"menu_order":0,"comment_status":"closed","ping_status":"closed","template":"","meta":{"footnotes":""},"class_list":["post-5305","page","type-page","status-publish","hentry","entry","no-media"],"yoast_head":"<!-- This site is optimized with the Yoast SEO plugin v27.5 - https:\/\/yoast.com\/product\/yoast-seo-wordpress\/ -->\n<title>Enerji Sekt\u00f6r\u00fc - Intecro Robotics<\/title>\n<meta name=\"robots\" content=\"index, follow, max-snippet:-1, max-image-preview:large, max-video-preview:-1\" \/>\n<link rel=\"canonical\" href=\"https:\/\/intecro.com.tr\/tr\/tr\/enerji-sektoru\/\" \/>\n<meta property=\"og:locale\" content=\"tr_TR\" \/>\n<meta property=\"og:type\" content=\"article\" \/>\n<meta property=\"og:title\" content=\"Enerji Sekt\u00f6r\u00fc - Intecro Robotics\" \/>\n<meta property=\"og:description\" content=\"[vc_row][vc_column][vc_single_image image=&#8221;7267&#8243;][\/vc_column][\/vc_row][vc_row][vc_column][vc_column_text]Enerji sekt\u00f6r\u00fc, y\u00fcksek performansl\u0131 ve dayan\u0131kl\u0131 ekipmanlar\u0131n \u00fcretimini gerektiren, hassas m\u00fchendislik \u00e7\u00f6z\u00fcmleriyle ilerleyen stratejik bir aland\u0131r. INTECRO, enerji \u00fcretim, iletim ve depolama s\u00fcre\u00e7lerinde kullan\u0131lan metalik bile\u015fenlerin \u00fcretimi i\u00e7in sundu\u011fu robotik sistemler ve otomasyon \u00e7\u00f6z\u00fcmleriyle sekt\u00f6r\u00fcn ihtiya\u00e7lar\u0131na en \u00fcst d\u00fczeyde&hellip;\" \/>\n<meta property=\"og:url\" content=\"https:\/\/intecro.com.tr\/tr\/tr\/enerji-sektoru\/\" \/>\n<meta property=\"og:site_name\" content=\"Intecro Robotics\" \/>\n<meta property=\"article:modified_time\" content=\"2025-05-02T08:02:29+00:00\" \/>\n<meta name=\"twitter:card\" content=\"summary_large_image\" \/>\n<meta name=\"twitter:label1\" content=\"Tahmini okuma s\u00fcresi\" \/>\n\t<meta name=\"twitter:data1\" content=\"1 dakika\" \/>\n<script type=\"application\/ld+json\" class=\"yoast-schema-graph\">{\"@context\":\"https:\\\/\\\/schema.org\",\"@graph\":[{\"@type\":\"WebPage\",\"@id\":\"https:\\\/\\\/intecro.com.tr\\\/tr\\\/tr\\\/enerji-sektoru\\\/\",\"url\":\"https:\\\/\\\/intecro.com.tr\\\/tr\\\/tr\\\/enerji-sektoru\\\/\",\"name\":\"Enerji Sekt\u00f6r\u00fc - Intecro Robotics\",\"isPartOf\":{\"@id\":\"https:\\\/\\\/intecro.com.tr\\\/tr\\\/#website\"},\"datePublished\":\"2019-10-18T13:18:17+00:00\",\"dateModified\":\"2025-05-02T08:02:29+00:00\",\"breadcrumb\":{\"@id\":\"https:\\\/\\\/intecro.com.tr\\\/tr\\\/tr\\\/enerji-sektoru\\\/#breadcrumb\"},\"inLanguage\":\"tr\",\"potentialAction\":[{\"@type\":\"ReadAction\",\"target\":[\"https:\\\/\\\/intecro.com.tr\\\/tr\\\/tr\\\/enerji-sektoru\\\/\"]}]},{\"@type\":\"BreadcrumbList\",\"@id\":\"https:\\\/\\\/intecro.com.tr\\\/tr\\\/tr\\\/enerji-sektoru\\\/#breadcrumb\",\"itemListElement\":[{\"@type\":\"ListItem\",\"position\":1,\"name\":\"Anasayfa\",\"item\":\"https:\\\/\\\/intecro.com.tr\\\/tr\\\/tr\\\/anasayfa\\\/\"},{\"@type\":\"ListItem\",\"position\":2,\"name\":\"Enerji Sekt\u00f6r\u00fc\"}]},{\"@type\":\"WebSite\",\"@id\":\"https:\\\/\\\/intecro.com.tr\\\/tr\\\/#website\",\"url\":\"https:\\\/\\\/intecro.com.tr\\\/tr\\\/\",\"name\":\"Intecro Robotics\",\"description\":\"More Innovation\",\"publisher\":{\"@id\":\"https:\\\/\\\/intecro.com.tr\\\/tr\\\/#organization\"},\"potentialAction\":[{\"@type\":\"SearchAction\",\"target\":{\"@type\":\"EntryPoint\",\"urlTemplate\":\"https:\\\/\\\/intecro.com.tr\\\/tr\\\/?s={search_term_string}\"},\"query-input\":{\"@type\":\"PropertyValueSpecification\",\"valueRequired\":true,\"valueName\":\"search_term_string\"}}],\"inLanguage\":\"tr\"},{\"@type\":\"Organization\",\"@id\":\"https:\\\/\\\/intecro.com.tr\\\/tr\\\/#organization\",\"name\":\"Intecro Robotics\",\"url\":\"https:\\\/\\\/intecro.com.tr\\\/tr\\\/\",\"logo\":{\"@type\":\"ImageObject\",\"inLanguage\":\"tr\",\"@id\":\"https:\\\/\\\/intecro.com.tr\\\/tr\\\/#\\\/schema\\\/logo\\\/image\\\/\",\"url\":\"https:\\\/\\\/intecro.com.tr\\\/tr\\\/wp-content\\\/uploads\\\/2025\\\/02\\\/intecro_yatay-02.png\",\"contentUrl\":\"https:\\\/\\\/intecro.com.tr\\\/tr\\\/wp-content\\\/uploads\\\/2025\\\/02\\\/intecro_yatay-02.png\",\"width\":2134,\"height\":467,\"caption\":\"Intecro Robotics\"},\"image\":{\"@id\":\"https:\\\/\\\/intecro.com.tr\\\/tr\\\/#\\\/schema\\\/logo\\\/image\\\/\"}}]}<\/script>\n<!-- \/ Yoast SEO plugin. -->","yoast_head_json":{"title":"Enerji Sekt\u00f6r\u00fc - Intecro Robotics","robots":{"index":"index","follow":"follow","max-snippet":"max-snippet:-1","max-image-preview":"max-image-preview:large","max-video-preview":"max-video-preview:-1"},"canonical":"https:\/\/intecro.com.tr\/tr\/tr\/enerji-sektoru\/","og_locale":"tr_TR","og_type":"article","og_title":"Enerji Sekt\u00f6r\u00fc - Intecro Robotics","og_description":"[vc_row][vc_column][vc_single_image image=&#8221;7267&#8243;][\/vc_column][\/vc_row][vc_row][vc_column][vc_column_text]Enerji sekt\u00f6r\u00fc, y\u00fcksek performansl\u0131 ve dayan\u0131kl\u0131 ekipmanlar\u0131n \u00fcretimini gerektiren, hassas m\u00fchendislik \u00e7\u00f6z\u00fcmleriyle ilerleyen stratejik bir aland\u0131r. INTECRO, enerji \u00fcretim, iletim ve depolama s\u00fcre\u00e7lerinde kullan\u0131lan metalik bile\u015fenlerin \u00fcretimi i\u00e7in sundu\u011fu robotik sistemler ve otomasyon \u00e7\u00f6z\u00fcmleriyle sekt\u00f6r\u00fcn ihtiya\u00e7lar\u0131na en \u00fcst d\u00fczeyde&hellip;","og_url":"https:\/\/intecro.com.tr\/tr\/tr\/enerji-sektoru\/","og_site_name":"Intecro Robotics","article_modified_time":"2025-05-02T08:02:29+00:00","twitter_card":"summary_large_image","twitter_misc":{"Tahmini okuma s\u00fcresi":"1 dakika"},"schema":{"@context":"https:\/\/schema.org","@graph":[{"@type":"WebPage","@id":"https:\/\/intecro.com.tr\/tr\/tr\/enerji-sektoru\/","url":"https:\/\/intecro.com.tr\/tr\/tr\/enerji-sektoru\/","name":"Enerji Sekt\u00f6r\u00fc - Intecro Robotics","isPartOf":{"@id":"https:\/\/intecro.com.tr\/tr\/#website"},"datePublished":"2019-10-18T13:18:17+00:00","dateModified":"2025-05-02T08:02:29+00:00","breadcrumb":{"@id":"https:\/\/intecro.com.tr\/tr\/tr\/enerji-sektoru\/#breadcrumb"},"inLanguage":"tr","potentialAction":[{"@type":"ReadAction","target":["https:\/\/intecro.com.tr\/tr\/tr\/enerji-sektoru\/"]}]},{"@type":"BreadcrumbList","@id":"https:\/\/intecro.com.tr\/tr\/tr\/enerji-sektoru\/#breadcrumb","itemListElement":[{"@type":"ListItem","position":1,"name":"Anasayfa","item":"https:\/\/intecro.com.tr\/tr\/tr\/anasayfa\/"},{"@type":"ListItem","position":2,"name":"Enerji Sekt\u00f6r\u00fc"}]},{"@type":"WebSite","@id":"https:\/\/intecro.com.tr\/tr\/#website","url":"https:\/\/intecro.com.tr\/tr\/","name":"Intecro Robotics","description":"More Innovation","publisher":{"@id":"https:\/\/intecro.com.tr\/tr\/#organization"},"potentialAction":[{"@type":"SearchAction","target":{"@type":"EntryPoint","urlTemplate":"https:\/\/intecro.com.tr\/tr\/?s={search_term_string}"},"query-input":{"@type":"PropertyValueSpecification","valueRequired":true,"valueName":"search_term_string"}}],"inLanguage":"tr"},{"@type":"Organization","@id":"https:\/\/intecro.com.tr\/tr\/#organization","name":"Intecro Robotics","url":"https:\/\/intecro.com.tr\/tr\/","logo":{"@type":"ImageObject","inLanguage":"tr","@id":"https:\/\/intecro.com.tr\/tr\/#\/schema\/logo\/image\/","url":"https:\/\/intecro.com.tr\/tr\/wp-content\/uploads\/2025\/02\/intecro_yatay-02.png","contentUrl":"https:\/\/intecro.com.tr\/tr\/wp-content\/uploads\/2025\/02\/intecro_yatay-02.png","width":2134,"height":467,"caption":"Intecro Robotics"},"image":{"@id":"https:\/\/intecro.com.tr\/tr\/#\/schema\/logo\/image\/"}}]}},"_links":{"self":[{"href":"https:\/\/intecro.com.tr\/tr\/wp-json\/wp\/v2\/pages\/5305","targetHints":{"allow":["GET"]}}],"collection":[{"href":"https:\/\/intecro.com.tr\/tr\/wp-json\/wp\/v2\/pages"}],"about":[{"href":"https:\/\/intecro.com.tr\/tr\/wp-json\/wp\/v2\/types\/page"}],"author":[{"embeddable":true,"href":"https:\/\/intecro.com.tr\/tr\/wp-json\/wp\/v2\/users\/1"}],"replies":[{"embeddable":true,"href":"https:\/\/intecro.com.tr\/tr\/wp-json\/wp\/v2\/comments?post=5305"}],"version-history":[{"count":7,"href":"https:\/\/intecro.com.tr\/tr\/wp-json\/wp\/v2\/pages\/5305\/revisions"}],"predecessor-version":[{"id":7268,"href":"https:\/\/intecro.com.tr\/tr\/wp-json\/wp\/v2\/pages\/5305\/revisions\/7268"}],"wp:attachment":[{"href":"https:\/\/intecro.com.tr\/tr\/wp-json\/wp\/v2\/media?parent=5305"}],"curies":[{"name":"wp","href":"https:\/\/api.w.org\/{rel}","templated":true}]}}