{"id":5313,"date":"2019-10-18T13:19:56","date_gmt":"2019-10-18T13:19:56","guid":{"rendered":"https:\/\/intecro.com.tr\/tr\/?page_id=5313"},"modified":"2025-04-11T06:36:31","modified_gmt":"2025-04-11T06:36:31","slug":"genel-endustri","status":"publish","type":"page","link":"https:\/\/intecro.com.tr\/tr\/tr\/genel-endustri\/","title":{"rendered":"Genel End\u00fcstri"},"content":{"rendered":"[vc_row][vc_column][vc_single_image image=&#8221;5324&#8243;][\/vc_column][\/vc_row][vc_row][vc_column]<h2 class=\"vcex-module vcex-heading wpex-text-2xl wpex-font-normal wpex-m-auto wpex-max-w-100 vcex-heading-bottom-border-w-color wpex-block vc_custom_1744353219222 wpex-border-b-2 wpex-border-solid wpex-border-gray-200\"><span class=\"vcex-heading-inner wpex-inline-block wpex-clr wpex-relative wpex-pb-5 wpex-border-b-2 wpex-border-solid wpex-border-accent\" style=\"border-color:#f7b92a;\">GENEL END\u00dcSTR\u0130<\/span><\/h2>[vc_column_text]Metal birle\u015ftirme ve esnek \u00fcretim hatlar\u0131 INTECRO\u2019nun ana sekt\u00f6rlerinin yan\u0131 s\u0131ra mobilya, enerji, beyaz e\u015fya, medikal ve elektronik e\u015fya gibi genel end\u00fcstri segmentindeki \u00fcr\u00fcnlerin \u00fcretiminde de kullan\u0131lmaktad\u0131r.<\/p>\n<p>INTECRO\u2019nun proje entegrasyonunu yapt\u0131\u011f\u0131 Robot hatt\u0131 se\u00e7imli olarak iki farkl\u0131 i\u015fte mobilize edildi. 2012 y\u0131l\u0131nda entegrasyonu sa\u011flanan sistem ayr\u0131ca SAP ile entegre olarak \u00e7al\u0131\u015ft\u0131r\u0131larak, ERP temelli \u00e7al\u0131\u015fan End\u00fcstri 4.0 standartlar\u0131n\u0131 ta\u015f\u0131yan T\u00fcrkiye\u2019deki bilinen ilk robotik m\u00fchendislik projesidir.<\/p>\n<p>Gazalt\u0131 MIGMAG kayna\u011f\u0131, TIG kaynak, per\u00e7inleme, yap\u0131\u015ft\u0131rma, vidalama, g\u00f6r\u00fcnt\u00fc i\u015fleme, mastik s\u0131kma ve yap\u0131\u015ft\u0131rma genel end\u00fcstri alan\u0131nda ki robotik uygulamalarda kullan\u0131lan ana proseslerdir.<\/p>\n<h3>\u00d6rnek Projeler<\/h3>\n<ul>\n<li>ENERJ\u0130<\/li>\n<li>ELEKTR\u0130K, ELEKTRON\u0130K<\/li>\n<li>KABLO END\u00dcSTR\u0130S\u0130<\/li>\n<li>BEYAZ E\u015eYA VE ANKASTRE S\u0130STEMLER<\/li>\n<li>MOB\u0130LYA VE T\u00dcKET\u0130C\u0130 ELEKTRON\u0130\u011e\u0130<\/li>\n<li>MED\u0130KAL<\/li>\n<\/ul>\n[\/vc_column_text][\/vc_column][\/vc_row]\n","protected":false},"excerpt":{"rendered":"<p>[vc_row][vc_column][vc_single_image image=&#8221;5324&#8243;][\/vc_column][\/vc_row][vc_row][vc_column][vc_column_text]Metal birle\u015ftirme ve esnek \u00fcretim hatlar\u0131 INTECRO\u2019nun ana sekt\u00f6rlerinin yan\u0131 s\u0131ra mobilya, enerji, beyaz e\u015fya, medikal ve elektronik e\u015fya gibi genel end\u00fcstri segmentindeki \u00fcr\u00fcnlerin \u00fcretiminde de kullan\u0131lmaktad\u0131r. INTECRO\u2019nun proje entegrasyonunu yapt\u0131\u011f\u0131 Robot hatt\u0131 se\u00e7imli olarak iki farkl\u0131 i\u015fte mobilize&hellip;<\/p>\n","protected":false},"author":1,"featured_media":0,"parent":0,"menu_order":0,"comment_status":"closed","ping_status":"closed","template":"","meta":{"footnotes":""},"class_list":["post-5313","page","type-page","status-publish","hentry","entry","no-media"],"yoast_head":"<!-- This site is optimized with the Yoast SEO plugin v27.5 - https:\/\/yoast.com\/product\/yoast-seo-wordpress\/ -->\n<title>Genel End\u00fcstri - Intecro Robotics<\/title>\n<meta name=\"robots\" content=\"index, follow, max-snippet:-1, max-image-preview:large, max-video-preview:-1\" \/>\n<link rel=\"canonical\" href=\"https:\/\/intecro.com.tr\/tr\/tr\/genel-endustri\/\" \/>\n<meta property=\"og:locale\" content=\"tr_TR\" \/>\n<meta property=\"og:type\" content=\"article\" \/>\n<meta property=\"og:title\" content=\"Genel End\u00fcstri - Intecro Robotics\" \/>\n<meta property=\"og:description\" content=\"[vc_row][vc_column][vc_single_image image=&#8221;5324&#8243;][\/vc_column][\/vc_row][vc_row][vc_column][vc_column_text]Metal birle\u015ftirme ve esnek \u00fcretim hatlar\u0131 INTECRO\u2019nun ana sekt\u00f6rlerinin yan\u0131 s\u0131ra mobilya, enerji, beyaz e\u015fya, medikal ve elektronik e\u015fya gibi genel end\u00fcstri segmentindeki \u00fcr\u00fcnlerin \u00fcretiminde de kullan\u0131lmaktad\u0131r. INTECRO\u2019nun proje entegrasyonunu yapt\u0131\u011f\u0131 Robot hatt\u0131 se\u00e7imli olarak iki farkl\u0131 i\u015fte mobilize&hellip;\" \/>\n<meta property=\"og:url\" content=\"https:\/\/intecro.com.tr\/tr\/tr\/genel-endustri\/\" \/>\n<meta property=\"og:site_name\" content=\"Intecro Robotics\" \/>\n<meta property=\"article:modified_time\" content=\"2025-04-11T06:36:31+00:00\" \/>\n<meta name=\"twitter:card\" content=\"summary_large_image\" \/>\n<meta name=\"twitter:label1\" content=\"Tahmini okuma s\u00fcresi\" \/>\n\t<meta name=\"twitter:data1\" content=\"1 dakika\" \/>\n<script type=\"application\/ld+json\" class=\"yoast-schema-graph\">{\"@context\":\"https:\\\/\\\/schema.org\",\"@graph\":[{\"@type\":\"WebPage\",\"@id\":\"https:\\\/\\\/intecro.com.tr\\\/tr\\\/tr\\\/genel-endustri\\\/\",\"url\":\"https:\\\/\\\/intecro.com.tr\\\/tr\\\/tr\\\/genel-endustri\\\/\",\"name\":\"Genel End\u00fcstri - Intecro Robotics\",\"isPartOf\":{\"@id\":\"https:\\\/\\\/intecro.com.tr\\\/tr\\\/#website\"},\"datePublished\":\"2019-10-18T13:19:56+00:00\",\"dateModified\":\"2025-04-11T06:36:31+00:00\",\"breadcrumb\":{\"@id\":\"https:\\\/\\\/intecro.com.tr\\\/tr\\\/tr\\\/genel-endustri\\\/#breadcrumb\"},\"inLanguage\":\"tr\",\"potentialAction\":[{\"@type\":\"ReadAction\",\"target\":[\"https:\\\/\\\/intecro.com.tr\\\/tr\\\/tr\\\/genel-endustri\\\/\"]}]},{\"@type\":\"BreadcrumbList\",\"@id\":\"https:\\\/\\\/intecro.com.tr\\\/tr\\\/tr\\\/genel-endustri\\\/#breadcrumb\",\"itemListElement\":[{\"@type\":\"ListItem\",\"position\":1,\"name\":\"Anasayfa\",\"item\":\"https:\\\/\\\/intecro.com.tr\\\/tr\\\/tr\\\/anasayfa\\\/\"},{\"@type\":\"ListItem\",\"position\":2,\"name\":\"Genel End\u00fcstri\"}]},{\"@type\":\"WebSite\",\"@id\":\"https:\\\/\\\/intecro.com.tr\\\/tr\\\/#website\",\"url\":\"https:\\\/\\\/intecro.com.tr\\\/tr\\\/\",\"name\":\"Intecro Robotics\",\"description\":\"More Innovation\",\"publisher\":{\"@id\":\"https:\\\/\\\/intecro.com.tr\\\/tr\\\/#organization\"},\"potentialAction\":[{\"@type\":\"SearchAction\",\"target\":{\"@type\":\"EntryPoint\",\"urlTemplate\":\"https:\\\/\\\/intecro.com.tr\\\/tr\\\/?s={search_term_string}\"},\"query-input\":{\"@type\":\"PropertyValueSpecification\",\"valueRequired\":true,\"valueName\":\"search_term_string\"}}],\"inLanguage\":\"tr\"},{\"@type\":\"Organization\",\"@id\":\"https:\\\/\\\/intecro.com.tr\\\/tr\\\/#organization\",\"name\":\"Intecro Robotics\",\"url\":\"https:\\\/\\\/intecro.com.tr\\\/tr\\\/\",\"logo\":{\"@type\":\"ImageObject\",\"inLanguage\":\"tr\",\"@id\":\"https:\\\/\\\/intecro.com.tr\\\/tr\\\/#\\\/schema\\\/logo\\\/image\\\/\",\"url\":\"https:\\\/\\\/intecro.com.tr\\\/tr\\\/wp-content\\\/uploads\\\/2025\\\/02\\\/intecro_yatay-02.png\",\"contentUrl\":\"https:\\\/\\\/intecro.com.tr\\\/tr\\\/wp-content\\\/uploads\\\/2025\\\/02\\\/intecro_yatay-02.png\",\"width\":2134,\"height\":467,\"caption\":\"Intecro Robotics\"},\"image\":{\"@id\":\"https:\\\/\\\/intecro.com.tr\\\/tr\\\/#\\\/schema\\\/logo\\\/image\\\/\"}}]}<\/script>\n<!-- \/ Yoast SEO plugin. -->","yoast_head_json":{"title":"Genel End\u00fcstri - Intecro Robotics","robots":{"index":"index","follow":"follow","max-snippet":"max-snippet:-1","max-image-preview":"max-image-preview:large","max-video-preview":"max-video-preview:-1"},"canonical":"https:\/\/intecro.com.tr\/tr\/tr\/genel-endustri\/","og_locale":"tr_TR","og_type":"article","og_title":"Genel End\u00fcstri - Intecro Robotics","og_description":"[vc_row][vc_column][vc_single_image image=&#8221;5324&#8243;][\/vc_column][\/vc_row][vc_row][vc_column][vc_column_text]Metal birle\u015ftirme ve esnek \u00fcretim hatlar\u0131 INTECRO\u2019nun ana sekt\u00f6rlerinin yan\u0131 s\u0131ra mobilya, enerji, beyaz e\u015fya, medikal ve elektronik e\u015fya gibi genel end\u00fcstri segmentindeki \u00fcr\u00fcnlerin \u00fcretiminde de kullan\u0131lmaktad\u0131r. INTECRO\u2019nun proje entegrasyonunu yapt\u0131\u011f\u0131 Robot hatt\u0131 se\u00e7imli olarak iki farkl\u0131 i\u015fte mobilize&hellip;","og_url":"https:\/\/intecro.com.tr\/tr\/tr\/genel-endustri\/","og_site_name":"Intecro Robotics","article_modified_time":"2025-04-11T06:36:31+00:00","twitter_card":"summary_large_image","twitter_misc":{"Tahmini okuma s\u00fcresi":"1 dakika"},"schema":{"@context":"https:\/\/schema.org","@graph":[{"@type":"WebPage","@id":"https:\/\/intecro.com.tr\/tr\/tr\/genel-endustri\/","url":"https:\/\/intecro.com.tr\/tr\/tr\/genel-endustri\/","name":"Genel End\u00fcstri - Intecro Robotics","isPartOf":{"@id":"https:\/\/intecro.com.tr\/tr\/#website"},"datePublished":"2019-10-18T13:19:56+00:00","dateModified":"2025-04-11T06:36:31+00:00","breadcrumb":{"@id":"https:\/\/intecro.com.tr\/tr\/tr\/genel-endustri\/#breadcrumb"},"inLanguage":"tr","potentialAction":[{"@type":"ReadAction","target":["https:\/\/intecro.com.tr\/tr\/tr\/genel-endustri\/"]}]},{"@type":"BreadcrumbList","@id":"https:\/\/intecro.com.tr\/tr\/tr\/genel-endustri\/#breadcrumb","itemListElement":[{"@type":"ListItem","position":1,"name":"Anasayfa","item":"https:\/\/intecro.com.tr\/tr\/tr\/anasayfa\/"},{"@type":"ListItem","position":2,"name":"Genel End\u00fcstri"}]},{"@type":"WebSite","@id":"https:\/\/intecro.com.tr\/tr\/#website","url":"https:\/\/intecro.com.tr\/tr\/","name":"Intecro Robotics","description":"More Innovation","publisher":{"@id":"https:\/\/intecro.com.tr\/tr\/#organization"},"potentialAction":[{"@type":"SearchAction","target":{"@type":"EntryPoint","urlTemplate":"https:\/\/intecro.com.tr\/tr\/?s={search_term_string}"},"query-input":{"@type":"PropertyValueSpecification","valueRequired":true,"valueName":"search_term_string"}}],"inLanguage":"tr"},{"@type":"Organization","@id":"https:\/\/intecro.com.tr\/tr\/#organization","name":"Intecro Robotics","url":"https:\/\/intecro.com.tr\/tr\/","logo":{"@type":"ImageObject","inLanguage":"tr","@id":"https:\/\/intecro.com.tr\/tr\/#\/schema\/logo\/image\/","url":"https:\/\/intecro.com.tr\/tr\/wp-content\/uploads\/2025\/02\/intecro_yatay-02.png","contentUrl":"https:\/\/intecro.com.tr\/tr\/wp-content\/uploads\/2025\/02\/intecro_yatay-02.png","width":2134,"height":467,"caption":"Intecro Robotics"},"image":{"@id":"https:\/\/intecro.com.tr\/tr\/#\/schema\/logo\/image\/"}}]}},"_links":{"self":[{"href":"https:\/\/intecro.com.tr\/tr\/wp-json\/wp\/v2\/pages\/5313","targetHints":{"allow":["GET"]}}],"collection":[{"href":"https:\/\/intecro.com.tr\/tr\/wp-json\/wp\/v2\/pages"}],"about":[{"href":"https:\/\/intecro.com.tr\/tr\/wp-json\/wp\/v2\/types\/page"}],"author":[{"embeddable":true,"href":"https:\/\/intecro.com.tr\/tr\/wp-json\/wp\/v2\/users\/1"}],"replies":[{"embeddable":true,"href":"https:\/\/intecro.com.tr\/tr\/wp-json\/wp\/v2\/comments?post=5313"}],"version-history":[{"count":4,"href":"https:\/\/intecro.com.tr\/tr\/wp-json\/wp\/v2\/pages\/5313\/revisions"}],"predecessor-version":[{"id":7104,"href":"https:\/\/intecro.com.tr\/tr\/wp-json\/wp\/v2\/pages\/5313\/revisions\/7104"}],"wp:attachment":[{"href":"https:\/\/intecro.com.tr\/tr\/wp-json\/wp\/v2\/media?parent=5313"}],"curies":[{"name":"wp","href":"https:\/\/api.w.org\/{rel}","templated":true}]}}