{"id":5453,"date":"2019-11-16T02:26:05","date_gmt":"2019-11-16T02:26:05","guid":{"rendered":"https:\/\/intecro.com.tr\/tr\/?page_id=5453"},"modified":"2026-01-23T07:42:18","modified_gmt":"2026-01-23T07:42:18","slug":"farkimiz","status":"publish","type":"page","link":"https:\/\/intecro.com.tr\/tr\/tr\/farkimiz\/","title":{"rendered":"Fark\u0131m\u0131z"},"content":{"rendered":"[vc_row][vc_column]<div class=\"wpex-slider-preloaderimg\"><img loading=\"lazy\" decoding=\"async\" data-no-lazy=\"1\" class=\"skip-lazy\" src=\"https:\/\/intecro.com.tr\/tr\/wp-content\/uploads\/2025\/07\/Intecro-Farkimiz.jpg\" alt=\"\" width=\"2560\" height=\"840\" \/><\/div><div class=\"vcex-module wpex-slider slider-pro vcex-image-slider wpex-clr\" data-auto-play-delay=\"5000\" data-animation-speed=\"600\" data-height-animation-duration=\"500\" data-thumbnail-height=\"70\" data-thumbnail-width=\"70\"><div class=\"wpex-slider-slides sp-slides\"><div class=\"wpex-slider-slide sp-slide\"><div class=\"wpex-slider-media\"><img loading=\"lazy\" decoding=\"async\" data-no-lazy=\"1\" class=\"skip-lazy\" src=\"https:\/\/intecro.com.tr\/tr\/wp-content\/uploads\/2025\/07\/Intecro-Farkimiz.jpg\" alt=\"\" width=\"2560\" height=\"840\" \/><\/div><\/div><div class=\"wpex-slider-slide sp-slide\"><div class=\"wpex-slider-media\"><img loading=\"lazy\" decoding=\"async\" data-no-lazy=\"1\" class=\"skip-lazy\" src=\"https:\/\/intecro.com.tr\/tr\/wp-content\/uploads\/2025\/07\/Intecro-Farkimiz2.jpg\" alt=\"\" width=\"2560\" height=\"840\" \/><\/div><\/div><div class=\"wpex-slider-slide sp-slide\"><div class=\"wpex-slider-media\"><img loading=\"lazy\" decoding=\"async\" data-no-lazy=\"1\" class=\"skip-lazy\" src=\"https:\/\/intecro.com.tr\/tr\/wp-content\/uploads\/2025\/07\/Intecro-Farkimiz3.jpg\" alt=\"\" width=\"2560\" height=\"840\" \/><\/div><\/div><div class=\"wpex-slider-slide sp-slide\"><div class=\"wpex-slider-media\"><img loading=\"lazy\" decoding=\"async\" data-no-lazy=\"1\" class=\"skip-lazy\" src=\"https:\/\/intecro.com.tr\/tr\/wp-content\/uploads\/2025\/07\/Intecro-Farkimiz4.jpg\" alt=\"\" width=\"2560\" height=\"840\" \/><\/div><\/div><\/div><\/div>[\/vc_column][\/vc_row][vc_row parallax=&#8221;content-moving&#8221;][vc_column][vc_tta_accordion gap=&#8221;5&#8243; active_section=&#8221;1&#8243; css_animation=&#8221;bounceInDown&#8221; no_fill=&#8221;true&#8221;][vc_tta_section title=&#8221;Hangi sekt\u00f6rlerde fark yarat\u0131yoruz&#8221; tab_id=&#8221;1577665624061-84ada1e9-7d5d&#8221;][vc_column_text]\n<ul>\n<li>Otomotiv ve otomotiv yan sanayi, havac\u0131l\u0131k, savunma, makina, tar\u0131m makinalar\u0131, vagon ve rayl\u0131 sistemler, ticari ara\u00e7lar, in\u015faat makine ve aksamlar\u0131, i\u015f makinalar\u0131, konstr\u00fcksiyon, enerji, ara\u00e7 \u00fcst\u00fc ekipmanlar, beyaz e\u015fya, bas\u0131n\u00e7l\u0131 kaplar ve bombe \u00fcretim sanayileri ve di\u011fer metal i\u015fleme end\u00fcstrilerinin <strong>\u00fcretim s\u00fcre\u00e7lerinde ihtiya\u00e7 duydu\u011fu end\u00fcstriyel robot temelli \u00e7\u00f6z\u00fcmlere <\/strong>odaklan\u0131yoruz.<\/li>\n<li>Geli\u015ftirdi\u011fimiz yerli teknolojiler ile <strong>end\u00fcstriyel robot sistemlerini<\/strong>, yayg\u0131n olarak kullan\u0131ld\u0131klar\u0131 bilinen otomotiv ve otomotiv yan sanayiler <strong>d\u0131\u015f\u0131nda ki di\u011fer sekt\u00f6rler i\u00e7inde tercih edilebilir<\/strong> hale getiriyoruz. Di\u011fer end\u00fcstrilerde \u00fcretim yapan m\u00fc\u015fterilerimize bu motivasyonu sa\u011flayacak nitelikte robotik \u00fcretim fonksiyonelli\u011fini ve h\u0131zl\u0131 yat\u0131r\u0131m geri d\u00f6n\u00fc\u015f s\u00fcresini temin ediyoruz<\/li>\n<\/ul>\n[\/vc_column_text][\/vc_tta_section][vc_tta_section title=&#8221;S\u0131radaki haberimiz: &#8220;ki\u015fiselle\u015ftirilmi\u015f \u00fcretime uygun sanayi robotu nas\u0131l olacak&#8220; diye merak edenler i\u00e7in&#8221; tab_id=&#8221;1577665624061-7cee1aba-b7ae&#8221;][vc_column_text]\n<ul>\n<li style=\"font-weight: 400;\"><b>End\u00fcstriyel robotlar\u0131n<\/b><span style=\"font-weight: 400;\"> kullan\u0131m alanlar\u0131 ile ilgili olarak <\/span><b>yanl\u0131\u015f bilinen genel bir kan\u0131<\/b><span style=\"font-weight: 400;\"> vard\u0131r. Bu kan\u0131ya g\u00f6re robotlar\u0131n <\/span><b>\u00e7e\u015fitlili\u011fin olmad\u0131\u011f\u0131 sanayi \u00fcr\u00fcnlerinin y\u00fcksek adetli seri \u00fcretim a\u015famalar\u0131nda<\/b><span style=\"font-weight: 400;\"> kullan\u0131labilir oldu\u011fu d\u00fc\u015f\u00fcn\u00fcl\u00fcr. Bunun d\u0131\u015f\u0131nda esnek \u00fcretim yapan sanayiciler i\u00e7in verimli ve kazan\u00e7l\u0131 bir yat\u0131r\u0131m olmad\u0131\u011f\u0131 san\u0131l\u0131r.<\/span><\/li>\n<li style=\"font-weight: 400;\"><span style=\"font-weight: 400;\">Oysa ki bu durum son 5 y\u0131ldaki geli\u015fmelerle devrimsel bir \u015fekilde de\u011fi\u015fmi\u015ftir.<\/span><span style=\"font-weight: 400;\"><br \/>\n<\/span><b>Genel kan\u0131n\u0131n aksine robotlar, neredeyse s\u00fcrekli de\u011fi\u015fen ve farkl\u0131 tipteki sanayi \u00fcr\u00fcnlerinin \u00fcretim s\u00fcre\u00e7lerinde de olduk\u00e7a verimli olarak kullan\u0131labilmektedir.<\/b><\/li>\n<li style=\"font-weight: 400;\">Sanayicimize y\u0131llarca hizmet vererek edindi\u011fimiz kazan\u0131mlar<b> ile robotik sistemlerin esnek \u00fcretimde kullan\u0131m\u0131n\u0131 olanakl\u0131 k\u0131lan<\/b><span> \u00e7ok say\u0131da yaz\u0131l\u0131m ve donan\u0131m teknolojilerini hizmete sunuyoruz ve i\u015fleri kolayla\u015ft\u0131r\u0131yoruz. <\/span><b>Terzi usul\u00fc olarak tabir edilen<\/b><span> yani neredeyse her seferinde farkl\u0131 nitelikte \u00fcr\u00fcn \u00fcretme gere\u011fi duyan sanayicilerimizin <\/span><b>daha esnek, s\u00fcrd\u00fcr\u00fclebilir, kolay ve kazan\u00e7l\u0131 bir \u00fcretim kabiliyetine sahip olmas\u0131<\/b><span> i\u00e7in \u00e7al\u0131\u015f\u0131yoruz.<\/span><\/li>\n<\/ul>\n[\/vc_column_text][\/vc_tta_section][vc_tta_section title=&#8221;Sanayi robotlar\u0131 i\u00e7in s\u00fcrekli \u00f6\u011fretme yaparak program yazmaktan b\u0131kanlar i\u00e7in bu ba\u015fl\u0131\u011f\u0131n alt\u0131nda yeni bir\u015feyler var.&#8221; tab_id=&#8221;1577665644724-a2332888-30e1&#8243;][vc_column_text]\n<ul>\n<li style=\"font-weight: 400;\"><b>End\u00fcstriyel robotlar,<\/b><span style=\"font-weight: 400;\"> Teach-pendant (robot programlama terminali) \u00fczerinden, tek tek <\/span><b>nokta (pozisyon) \u00f6\u011fretme y\u00f6ntemi ile programlan\u0131rken<\/b><span style=\"font-weight: 400;\"> bu tek-d\u00fcze metodun yerine cad data \u00fczerinden programlamaya olanak sa\u011flayan \u201cat-\u00e7al\u0131\u015ft\u0131r\u201d teknolojisini geli\u015ftirdik ve etkin kullan\u0131labilirlik d\u00fczeyine ta\u015f\u0131d\u0131k.<\/span><\/li>\n<li style=\"font-weight: 400;\">Bu sayede m\u00fc\u015fterilerimizin \u00fcretim s\u00fcre\u00e7lerinde kullanabilecekleri, <b>3D Lazer \/ Plazma Kesme, Eklemeli \u0130malat, Lazer Kaplama, Hacimli Kaynak ( MIG \/ MAG \/ TIG \/ Plazma\u00a0 \/ Lazer \/ Lazer Hibrit )<\/b><span> \u0130\u015fleri i\u00e7in standart \u00f6zelliklerde ki katalog \u00fcr\u00fcnler olan yeni nesil<\/span><b> \u201crobotik-makinalar\u0131\u201d<\/b><span> hizmete sunmaktay\u0131z.<\/span><\/li>\n<\/ul>\n[\/vc_column_text][\/vc_tta_section][vc_tta_section title=&#8221;S\u0131r saklamay\u0131 \u00f6nemsiyoruz, nas\u0131l m\u0131? Buyurunuz burada.&#8221; tab_id=&#8221;1577665642584-537ecf26-7529&#8243;][vc_column_text]\n<ul>\n<li style=\"font-weight: 400;\"><span style=\"font-weight: 400;\">T\u00fcm payda\u015flar\u0131n bilgi g\u00fcvenli\u011fine ve fikri m\u00fclkiyet haklar\u0131na y\u00fcksek d\u00fczeyde \u00f6nem atfediyoruz. Dikkatle, titizlikle ve g\u00fcvenilir teknik kaynaklar ile y\u00f6netiyoruz.\u00a0<\/span><\/li>\n<li style=\"font-weight: 400;\"><span style=\"font-weight: 400;\">KVKK ile uyumlu bilgi i\u015flem politikalar\u0131m\u0131zdan taviz vermeksizin t\u00fcm kurumsal \u00e7al\u0131\u015fanlar\u0131m\u0131z\u0131 ve payda\u015flar\u0131m\u0131z\u0131 ilgili yasal mevzuatlar \u00e7er\u00e7evesinde haz\u0131rl\u0131yoruz. Bu haz\u0131rl\u0131k i\u00e7in gerekli e\u011fitim, altyap\u0131\u00a0 ve standartlar\u0131 temin ediyoruz.\u00a0<\/span><\/li>\n<li style=\"font-weight: 400;\"><span style=\"font-weight: 400;\">\u0130leti\u015fim ara\u00e7lar\u0131n\u0131n kullan\u0131m\u0131ndaki titiz politikalar\u0131m\u0131z nedeni ile \u00e7al\u0131\u015fanlar\u0131m\u0131z\u0131n kulland\u0131\u011f\u0131 Pc\u2019ler, \u015firket telefonlar\u0131, mail kutular\u0131n\u0131n tamam\u0131 veri g\u00fcvenli\u011fi gere\u011fi yedeklenerek belirli politikalara ba\u011fl\u0131 \u00e7al\u0131\u015fmaktad\u0131r. VPN serverlar, Proxy ve mail store y\u00f6netimi dahil olmak \u00fczere t\u00fcm verilerin \u015firketimiz i\u00e7inde ki kaynaklar taraf\u0131ndan korunmas\u0131n\u0131, izin ve yetki prosed\u00fcr\u00fcn\u00fcn uygulanmas\u0131n\u0131, topolojik da\u011f\u0131l\u0131m\u0131n g\u00fc\u00e7lenmesini temin ediyoruz.<\/span><\/li>\n<\/ul>\n[\/vc_column_text][\/vc_tta_section][vc_tta_section title=&#8221;Sat\u0131\u015ftan sonra kuruluma kadar de\u011fil, \u00fcr\u00fcn ya\u015fam d\u00f6ng\u00fcs\u00fc boyunca yan\u0131n\u0131zday\u0131z. Nas\u0131l m\u0131 a\u00e7\u0131klama burada.&#8221; tab_id=&#8221;1577665639974-a78270dd-08e5&#8243;][vc_column_text]\n<ul>\n<li><span style=\"font-weight: 400;\">Robotik sistem ve robotik makinalar\u0131m\u0131za, sipari\u015f a\u015famas\u0131ndan itibaren ba\u015flayarak, m\u00fc\u015fterimizin sahas\u0131ndaki kurulum ve sonras\u0131nda devam eden 10 y\u0131ll\u0131k s\u00fcre boyunca sa\u011flanan kesintisiz servis ve hizmet deste\u011fine kadar olan s\u00fcre\u00e7 boyunca, \u201c\u00fcr\u00fcn\/hizmet ya\u015fam d\u00f6ng\u00fcs\u00fc\u201d fark\u0131ndal\u0131\u011f\u0131 i\u00e7inde de\u011ferlendiriyor ve \u00f6nem atfediyoruz.<\/span><\/li>\n<\/ul>\n[\/vc_column_text][\/vc_tta_section][vc_tta_section title=&#8221;M\u00fc\u015fteri memnuniyeti ve s\u00fcrd\u00fcr\u00fclebilir ili\u015fkiler i\u00e7in; teknik, fiyat, kalite kadar ileti\u015fim olgusunuda \u00f6nemli g\u00f6r\u00fcyoruz.&#8221; tab_id=&#8221;1577665638331-f449889c-40e8&#8243;][vc_column_text]\n<ul>\n<li style=\"font-weight: 400;\"><span style=\"font-weight: 400;\">M\u00fc\u015fterilerimizin memnuniyetini y\u00fcksek d\u00fczeydeki ba\u015far\u0131 kriterlerinden biri olarak de\u011ferlendiriyoruz. Bu nedenle memnuniyet mertebesini s\u00fcrekli olarak \u00f6l\u00e7meye \u00e7al\u0131\u015f\u0131yoruz ve ald\u0131\u011f\u0131m\u0131z geri bildirimleri titizlikle de\u011ferlendirerek yenilenmeye devam ediyoruz.<\/span><\/li>\n<li style=\"font-weight: 400;\"><span style=\"font-weight: 400;\">Teknoloji ve robotik \u00fcr\u00fcnlerimizin kalitesi kadar hizmet sa\u011flay\u0131c\u0131 ekiplerimizin m\u00fc\u015fteri ve payda\u015flar\u0131m\u0131zla olan etkile\u015fiminde ki pozitif y\u00f6nl\u00fc deneyimlerini ve hizmet kalitemizi artt\u0131rmaya y\u00f6nelik giri\u015fimlerini destekliyoruz.<\/span><\/li>\n<li style=\"font-weight: 400;\"><span style=\"font-weight: 400;\">Sonu\u00e7 odakl\u0131, ileti\u015fime \u00f6nem veren, sayg\u0131y\u0131 ve de\u011ferleri ya\u015fatan kurumsal deneyimler i\u00e7in \u00e7al\u0131\u015f\u0131yoruz.<\/span><\/li>\n<\/ul>\n[\/vc_column_text][\/vc_tta_section][vc_tta_section title=&#8221;M\u00fc\u015fterilerimizin zor anlar\u0131nda yan\u0131nda olmak i\u00e7in ani geli\u015fmelere uygun \u00e7\u00f6z\u00fcm \u00fcretmemiz gerekirse teredd\u00fct etmeyiz.&#8221; tab_id=&#8221;1577665635434-6db71a63-88f4&#8243;][vc_column_text]\n<ul>\n<li style=\"font-weight: 400;\"><span style=\"font-weight: 400;\">\u015eirketimizde, ERP, MRP, CRM, PMS gibi sistemleri etkili bir \u015fekilde kullanarak, kurumsal kalk\u0131nma, kaynak y\u00f6netimi, envanter takibi gibi konularda verimlili\u011fi esas al\u0131yoruz. B\u00f6ylelikle her ge\u00e7en s\u00fcre zarf\u0131nda y\u00fcksek kalitede ki \u00fcr\u00fcn ve hizmetlerimizi en uygun fiyatlar ile sunmaya odaklan\u0131yoruz.<\/span><\/li>\n<li style=\"font-weight: 400;\"><span style=\"font-weight: 400;\">Di\u011fer taraftan m\u00fc\u015fterimizin \u00fcretim duru\u015flar\u0131 ve olu\u015fabilecek darbo\u011faz nedeniyle mali kay\u0131p ve \u00fcretim kayb\u0131 ya\u015famamas\u0131 i\u00e7in fabrikalar\u0131nda gece saat ka\u00e7ta bulu\u015fmam\u0131z gerekti\u011fini sormam\u0131z gerekirse sorar\u0131z<\/span><\/li>\n<\/ul>\n[\/vc_column_text][\/vc_tta_section][vc_tta_section title=&#8221;\u0130novasyon diye diye ba\u015fka t\u00fcrl\u00fc d\u00fc\u015f\u00fcnemez olduk, &#8220;Arge de can\u0131m\u0131 ye&#8220; ba\u015f\u0131m\u0131z \u00fcst\u00fcnde yeriniz var! Fark\u0131 g\u00f6rmek i\u00e7in buyurunuz.&#8221; tab_id=&#8221;1577665632124-d6a389cf-e962&#8243;][vc_column_text]\n<ul>\n<li style=\"font-weight: 400;\"><span style=\"font-weight: 400;\">\u00dclkemizde robotik ve mekatronik i\u015f alan\u0131 itibari ile 2018-2019 d\u00f6nemlerinde en b\u00fcy\u00fck arge merkezi \u00fcnvan\u0131n\u0131 elimizde bulunduruyozu. 1152 Arge merkezi i\u00e7inde robotik ve mekatronik sekt\u00f6r\u00fc dikkate al\u0131nd\u0131\u011f\u0131nda argeye en \u00e7ok yapan ve katma de\u011fer \u00fcreten 1. \u015eirketiz. ( turkishtime verileri)<\/span><\/li>\n<li style=\"font-weight: 400;\"><span style=\"font-weight: 400;\">Akademik seviyede ve pratik deneyimler ile yeti\u015fmi\u015f insan g\u00fcc\u00fcn\u00fc en b\u00fcy\u00fck sermaye olarak g\u00f6r\u00fcyoruz. \u015eirketimiz kuruldu\u011fu y\u0131ldan bug\u00fcne kadar b\u00fct\u00e7esel planlamalar\u0131 dikkate al\u0131nd\u0131\u011f\u0131nda en y\u00fcksek pay\u0131 arge b\u00f6l\u00fcm\u00fcne ay\u0131rm\u0131\u015ft\u0131r. B\u00fcy\u00fcme ve markala\u015fma s\u00fcrecimizdeki ilerlemelerin temelinde bu yat\u0131r\u0131mlar\u0131n ne denli \u00f6nemli oldu\u011funu deneyimlemi\u015f bir \u015firket olarak ayn\u0131 vizyonla gelece\u011fe odaklan\u0131yoruz.<\/span><\/li>\n<li style=\"font-weight: 400;\"><span style=\"font-weight: 400;\">Y\u0131ll\u0131k b\u00fct\u00e7ede ki pay\u0131 dikkate al\u0131nd\u0131\u011f\u0131nda, arge b\u00f6l\u00fcm\u00fcne pozitif ayr\u0131mc\u0131l\u0131k yaparak inovasyonu desteklemeye devam ediyoruz.<\/span><\/li>\n<li style=\"font-weight: 400;\"><span style=\"font-weight: 400;\">Arge faaliyetleri ile ortaya \u00e7\u0131kan kazan\u0131mlar\u0131, Intecro\u2019nun mesafe ta\u015flar\u0131 i\u00e7ine yazarak ilerliyoruz. Arge ile ger\u00e7ekle\u015fecek olan do\u011frudan ve dolayl\u0131 toplumsal kalk\u0131nmaya, ulusal sermayenin g\u00fc\u00e7lenmesine, \u015firketimizin k\u00fcresel pazarlarda ki rekabet g\u00fcc\u00fcne, etkili b\u00fcy\u00fcmeye sa\u011flayaca\u011f\u0131 katk\u0131ya, toplumsal prestijimize sa\u011flayaca\u011f\u0131 katk\u0131ya g\u00fc\u00e7l\u00fc bir \u015fekilde inan\u0131yoruz ve bu bilin\u00e7le \u00e7al\u0131\u015f\u0131yoruz.<\/span><\/li>\n<\/ul>\n[\/vc_column_text][\/vc_tta_section][vc_tta_section title=&#8221;Buras\u0131 gen\u00e7 beyinler i\u00e7in! Atom m\u00fchendisi olman\u0131za gerek yok kap\u0131m\u0131z t\u00fcm gen\u00e7 ku\u015faklara a\u00e7\u0131k, buyurunuz fark\u0131m\u0131z\u0131 anlatal\u0131m :&#8221; tab_id=&#8221;1577665650048-5f801ab4-ae62&#8243;][vc_column_text]\n<ul>\n<li style=\"font-weight: 400;\"><span style=\"font-weight: 400;\">Sanayi k\u00fclt\u00fcr\u00fcn\u00fcn geli\u015ftirilmesini, toplumsal faydan\u0131n artt\u0131r\u0131lmas\u0131nda ki en \u00f6nemli unsurlardan biri olarak g\u00f6r\u00fcyoruz ve destekliyoruz. Bu geli\u015fim denkleminde ki yeti\u015fmi\u015f ve kendini ger\u00e7ekle\u015ftirmi\u015f insan g\u00fcc\u00fcn\u00fcn \u00f6neminin fark\u0131nday\u0131z ve bu alana yat\u0131r\u0131m yapman\u0131n \u00fclkemiz, d\u00fcnyam\u0131z ve gelecek ku\u015faklar i\u00e7in bir sorumluluk oldu\u011funu d\u00fc\u015f\u00fcn\u00fcyoruz.<\/span><\/li>\n<li style=\"font-weight: 400;\"><span style=\"font-weight: 400;\">\u015eirketimizde \u00e7al\u0131\u015fan her bir bireyi \u015firketin ger\u00e7ek sahipleri olarak g\u00f6r\u00fcyoruz. Bu nedenle t\u00fcm fertlerimizin ya\u015fam kalitesinin, bireysel geli\u015fimlerinin ve temsil kabiliyetlerinin daha iyi d\u00fczeyde olmas\u0131 i\u00e7in politikalar geli\u015ftiriyoruz.<\/span><\/li>\n<li style=\"font-weight: 400;\"><span style=\"font-weight: 400;\">Sanayi devrimlerini ve dijital d\u00f6n\u00fc\u015f\u00fcm\u00fc insan merkezli olarak yorumluyoruz ve bu nitelikteki dijital \u00e7a\u011f de\u011fi\u015fim paradigmalar\u0131n\u0131 ve teknolojik ilerlemeleri destekliyoruz, kat\u0131l\u0131m sa\u011fl\u0131yoruz.<\/span><\/li>\n<\/ul>\n[\/vc_column_text][\/vc_tta_section][\/vc_tta_accordion][\/vc_column][\/vc_row]\n","protected":false},"excerpt":{"rendered":"<p>[vc_row][vc_column][\/vc_column][\/vc_row][vc_row parallax=&#8221;content-moving&#8221;][vc_column][vc_tta_accordion gap=&#8221;5&#8243; active_section=&#8221;1&#8243; css_animation=&#8221;bounceInDown&#8221; no_fill=&#8221;true&#8221;][vc_tta_section title=&#8221;Hangi sekt\u00f6rlerde fark yarat\u0131yoruz&#8221; tab_id=&#8221;1577665624061-84ada1e9-7d5d&#8221;][vc_column_text] Otomotiv ve otomotiv yan sanayi, havac\u0131l\u0131k, savunma, makina, tar\u0131m makinalar\u0131, vagon ve rayl\u0131 sistemler, ticari ara\u00e7lar, in\u015faat makine ve aksamlar\u0131, i\u015f makinalar\u0131, konstr\u00fcksiyon, enerji, ara\u00e7 \u00fcst\u00fc ekipmanlar, beyaz e\u015fya,&hellip;<\/p>\n","protected":false},"author":1,"featured_media":0,"parent":0,"menu_order":0,"comment_status":"closed","ping_status":"closed","template":"","meta":{"footnotes":""},"class_list":["post-5453","page","type-page","status-publish","hentry","entry","no-media"],"yoast_head":"<!-- This site is optimized with the Yoast SEO plugin v27.5 - https:\/\/yoast.com\/product\/yoast-seo-wordpress\/ -->\n<title>Fark\u0131m\u0131z - Intecro Robotics<\/title>\n<meta name=\"robots\" content=\"index, follow, max-snippet:-1, max-image-preview:large, max-video-preview:-1\" \/>\n<link rel=\"canonical\" href=\"https:\/\/intecro.com.tr\/tr\/tr\/farkimiz\/\" \/>\n<meta property=\"og:locale\" content=\"tr_TR\" \/>\n<meta property=\"og:type\" content=\"article\" \/>\n<meta property=\"og:title\" content=\"Fark\u0131m\u0131z - Intecro Robotics\" \/>\n<meta property=\"og:description\" content=\"[vc_row][vc_column][\/vc_column][\/vc_row][vc_row parallax=&#8221;content-moving&#8221;][vc_column][vc_tta_accordion gap=&#8221;5&#8243; active_section=&#8221;1&#8243; css_animation=&#8221;bounceInDown&#8221; no_fill=&#8221;true&#8221;][vc_tta_section title=&#8221;Hangi sekt\u00f6rlerde fark yarat\u0131yoruz&#8221; tab_id=&#8221;1577665624061-84ada1e9-7d5d&#8221;][vc_column_text] Otomotiv ve otomotiv yan sanayi, havac\u0131l\u0131k, savunma, makina, tar\u0131m makinalar\u0131, vagon ve rayl\u0131 sistemler, ticari ara\u00e7lar, in\u015faat makine ve aksamlar\u0131, i\u015f makinalar\u0131, konstr\u00fcksiyon, enerji, ara\u00e7 \u00fcst\u00fc ekipmanlar, beyaz e\u015fya,&hellip;\" \/>\n<meta property=\"og:url\" content=\"https:\/\/intecro.com.tr\/tr\/tr\/farkimiz\/\" \/>\n<meta property=\"og:site_name\" content=\"Intecro Robotics\" \/>\n<meta property=\"article:modified_time\" content=\"2026-01-23T07:42:18+00:00\" \/>\n<meta name=\"twitter:card\" content=\"summary_large_image\" \/>\n<meta name=\"twitter:label1\" content=\"Tahmini okuma s\u00fcresi\" \/>\n\t<meta name=\"twitter:data1\" content=\"8 dakika\" \/>\n<script type=\"application\/ld+json\" class=\"yoast-schema-graph\">{\"@context\":\"https:\\\/\\\/schema.org\",\"@graph\":[{\"@type\":\"WebPage\",\"@id\":\"https:\\\/\\\/intecro.com.tr\\\/tr\\\/tr\\\/farkimiz\\\/\",\"url\":\"https:\\\/\\\/intecro.com.tr\\\/tr\\\/tr\\\/farkimiz\\\/\",\"name\":\"Fark\u0131m\u0131z - Intecro Robotics\",\"isPartOf\":{\"@id\":\"https:\\\/\\\/intecro.com.tr\\\/tr\\\/#website\"},\"datePublished\":\"2019-11-16T02:26:05+00:00\",\"dateModified\":\"2026-01-23T07:42:18+00:00\",\"breadcrumb\":{\"@id\":\"https:\\\/\\\/intecro.com.tr\\\/tr\\\/tr\\\/farkimiz\\\/#breadcrumb\"},\"inLanguage\":\"tr\",\"potentialAction\":[{\"@type\":\"ReadAction\",\"target\":[\"https:\\\/\\\/intecro.com.tr\\\/tr\\\/tr\\\/farkimiz\\\/\"]}]},{\"@type\":\"BreadcrumbList\",\"@id\":\"https:\\\/\\\/intecro.com.tr\\\/tr\\\/tr\\\/farkimiz\\\/#breadcrumb\",\"itemListElement\":[{\"@type\":\"ListItem\",\"position\":1,\"name\":\"Anasayfa\",\"item\":\"https:\\\/\\\/intecro.com.tr\\\/tr\\\/tr\\\/anasayfa\\\/\"},{\"@type\":\"ListItem\",\"position\":2,\"name\":\"Fark\u0131m\u0131z\"}]},{\"@type\":\"WebSite\",\"@id\":\"https:\\\/\\\/intecro.com.tr\\\/tr\\\/#website\",\"url\":\"https:\\\/\\\/intecro.com.tr\\\/tr\\\/\",\"name\":\"Intecro Robotics\",\"description\":\"More Innovation\",\"publisher\":{\"@id\":\"https:\\\/\\\/intecro.com.tr\\\/tr\\\/#organization\"},\"potentialAction\":[{\"@type\":\"SearchAction\",\"target\":{\"@type\":\"EntryPoint\",\"urlTemplate\":\"https:\\\/\\\/intecro.com.tr\\\/tr\\\/?s={search_term_string}\"},\"query-input\":{\"@type\":\"PropertyValueSpecification\",\"valueRequired\":true,\"valueName\":\"search_term_string\"}}],\"inLanguage\":\"tr\"},{\"@type\":\"Organization\",\"@id\":\"https:\\\/\\\/intecro.com.tr\\\/tr\\\/#organization\",\"name\":\"Intecro Robotics\",\"url\":\"https:\\\/\\\/intecro.com.tr\\\/tr\\\/\",\"logo\":{\"@type\":\"ImageObject\",\"inLanguage\":\"tr\",\"@id\":\"https:\\\/\\\/intecro.com.tr\\\/tr\\\/#\\\/schema\\\/logo\\\/image\\\/\",\"url\":\"https:\\\/\\\/intecro.com.tr\\\/tr\\\/wp-content\\\/uploads\\\/2025\\\/02\\\/intecro_yatay-02.png\",\"contentUrl\":\"https:\\\/\\\/intecro.com.tr\\\/tr\\\/wp-content\\\/uploads\\\/2025\\\/02\\\/intecro_yatay-02.png\",\"width\":2134,\"height\":467,\"caption\":\"Intecro Robotics\"},\"image\":{\"@id\":\"https:\\\/\\\/intecro.com.tr\\\/tr\\\/#\\\/schema\\\/logo\\\/image\\\/\"}}]}<\/script>\n<!-- \/ Yoast SEO plugin. -->","yoast_head_json":{"title":"Fark\u0131m\u0131z - Intecro Robotics","robots":{"index":"index","follow":"follow","max-snippet":"max-snippet:-1","max-image-preview":"max-image-preview:large","max-video-preview":"max-video-preview:-1"},"canonical":"https:\/\/intecro.com.tr\/tr\/tr\/farkimiz\/","og_locale":"tr_TR","og_type":"article","og_title":"Fark\u0131m\u0131z - Intecro Robotics","og_description":"[vc_row][vc_column][\/vc_column][\/vc_row][vc_row parallax=&#8221;content-moving&#8221;][vc_column][vc_tta_accordion gap=&#8221;5&#8243; active_section=&#8221;1&#8243; css_animation=&#8221;bounceInDown&#8221; no_fill=&#8221;true&#8221;][vc_tta_section title=&#8221;Hangi sekt\u00f6rlerde fark yarat\u0131yoruz&#8221; tab_id=&#8221;1577665624061-84ada1e9-7d5d&#8221;][vc_column_text] Otomotiv ve otomotiv yan sanayi, havac\u0131l\u0131k, savunma, makina, tar\u0131m makinalar\u0131, vagon ve rayl\u0131 sistemler, ticari ara\u00e7lar, in\u015faat makine ve aksamlar\u0131, i\u015f makinalar\u0131, konstr\u00fcksiyon, enerji, ara\u00e7 \u00fcst\u00fc ekipmanlar, beyaz e\u015fya,&hellip;","og_url":"https:\/\/intecro.com.tr\/tr\/tr\/farkimiz\/","og_site_name":"Intecro Robotics","article_modified_time":"2026-01-23T07:42:18+00:00","twitter_card":"summary_large_image","twitter_misc":{"Tahmini okuma s\u00fcresi":"8 dakika"},"schema":{"@context":"https:\/\/schema.org","@graph":[{"@type":"WebPage","@id":"https:\/\/intecro.com.tr\/tr\/tr\/farkimiz\/","url":"https:\/\/intecro.com.tr\/tr\/tr\/farkimiz\/","name":"Fark\u0131m\u0131z - Intecro Robotics","isPartOf":{"@id":"https:\/\/intecro.com.tr\/tr\/#website"},"datePublished":"2019-11-16T02:26:05+00:00","dateModified":"2026-01-23T07:42:18+00:00","breadcrumb":{"@id":"https:\/\/intecro.com.tr\/tr\/tr\/farkimiz\/#breadcrumb"},"inLanguage":"tr","potentialAction":[{"@type":"ReadAction","target":["https:\/\/intecro.com.tr\/tr\/tr\/farkimiz\/"]}]},{"@type":"BreadcrumbList","@id":"https:\/\/intecro.com.tr\/tr\/tr\/farkimiz\/#breadcrumb","itemListElement":[{"@type":"ListItem","position":1,"name":"Anasayfa","item":"https:\/\/intecro.com.tr\/tr\/tr\/anasayfa\/"},{"@type":"ListItem","position":2,"name":"Fark\u0131m\u0131z"}]},{"@type":"WebSite","@id":"https:\/\/intecro.com.tr\/tr\/#website","url":"https:\/\/intecro.com.tr\/tr\/","name":"Intecro Robotics","description":"More Innovation","publisher":{"@id":"https:\/\/intecro.com.tr\/tr\/#organization"},"potentialAction":[{"@type":"SearchAction","target":{"@type":"EntryPoint","urlTemplate":"https:\/\/intecro.com.tr\/tr\/?s={search_term_string}"},"query-input":{"@type":"PropertyValueSpecification","valueRequired":true,"valueName":"search_term_string"}}],"inLanguage":"tr"},{"@type":"Organization","@id":"https:\/\/intecro.com.tr\/tr\/#organization","name":"Intecro Robotics","url":"https:\/\/intecro.com.tr\/tr\/","logo":{"@type":"ImageObject","inLanguage":"tr","@id":"https:\/\/intecro.com.tr\/tr\/#\/schema\/logo\/image\/","url":"https:\/\/intecro.com.tr\/tr\/wp-content\/uploads\/2025\/02\/intecro_yatay-02.png","contentUrl":"https:\/\/intecro.com.tr\/tr\/wp-content\/uploads\/2025\/02\/intecro_yatay-02.png","width":2134,"height":467,"caption":"Intecro Robotics"},"image":{"@id":"https:\/\/intecro.com.tr\/tr\/#\/schema\/logo\/image\/"}}]}},"_links":{"self":[{"href":"https:\/\/intecro.com.tr\/tr\/wp-json\/wp\/v2\/pages\/5453","targetHints":{"allow":["GET"]}}],"collection":[{"href":"https:\/\/intecro.com.tr\/tr\/wp-json\/wp\/v2\/pages"}],"about":[{"href":"https:\/\/intecro.com.tr\/tr\/wp-json\/wp\/v2\/types\/page"}],"author":[{"embeddable":true,"href":"https:\/\/intecro.com.tr\/tr\/wp-json\/wp\/v2\/users\/1"}],"replies":[{"embeddable":true,"href":"https:\/\/intecro.com.tr\/tr\/wp-json\/wp\/v2\/comments?post=5453"}],"version-history":[{"count":19,"href":"https:\/\/intecro.com.tr\/tr\/wp-json\/wp\/v2\/pages\/5453\/revisions"}],"predecessor-version":[{"id":7946,"href":"https:\/\/intecro.com.tr\/tr\/wp-json\/wp\/v2\/pages\/5453\/revisions\/7946"}],"wp:attachment":[{"href":"https:\/\/intecro.com.tr\/tr\/wp-json\/wp\/v2\/media?parent=5453"}],"curies":[{"name":"wp","href":"https:\/\/api.w.org\/{rel}","templated":true}]}}