{"id":5458,"date":"2019-11-16T03:00:09","date_gmt":"2019-11-16T03:00:09","guid":{"rendered":"https:\/\/intecro.com.tr\/tr\/?page_id=5458"},"modified":"2025-07-07T06:26:28","modified_gmt":"2025-07-07T06:26:28","slug":"tedarikci-iliskilerimiz","status":"publish","type":"page","link":"https:\/\/intecro.com.tr\/tr\/tr\/tedarikci-iliskilerimiz\/","title":{"rendered":"Tedarik\u00e7i \u0130li\u015fkilerimiz"},"content":{"rendered":"[vc_row][vc_column][vc_single_image image=&#8221;7614&#8243;][\/vc_column][\/vc_row][vc_row][vc_column][vc_column_text]Y\u0131llarca birlikte \u00e7al\u0131\u015farak b\u00fcy\u00fcd\u00fc\u011f\u00fcm\u00fcz ve asli unsular\u0131m\u0131z aras\u0131nda g\u00f6rd\u00fc\u011f\u00fcm\u00fcz partnerlerimiz, tedarik\u00e7ilerimiz i\u00e7in kazan-kazan anlay\u0131\u015f\u0131 i\u00e7inde ili\u015fkilerimizi y\u00f6netmemizi sa\u011flayacak politikalar belirlemek ve t\u00fcm bunlar\u0131 bir platform \u00fczerinden y\u00f6netmek \u00fczere bir planlamam\u0131z var.<\/p>\n<ul>\n<li>Yaz\u0131l\u0131mlar\u0131m\u0131z,<\/li>\n<li>Teknolojik Ekipman ve Donan\u0131mlar\u0131m\u0131z,<\/li>\n<li>Yedek Par\u00e7a ve Sarf Malzemelerimiz,<\/li>\n<li>Mamul ve Yar\u0131 Mamullerimiz,<\/li>\n<li>\u00dcretim \u0130htiya\u00e7lar\u0131m\u0131z,<\/li>\n<li>Hizmet Kalemlerimiz,<\/li>\n<li>Genel T\u00fcketim \u0130htiya\u00e7lar\u0131m\u0131z<\/li>\n<\/ul>\n<p>\u2026.a\u00e7\u0131s\u0131ndan , s\u00fcrd\u00fcr\u00fclebilir tedarik zincirimizin bug\u00fcn ve gelecekte sa\u011fl\u0131kl\u0131 ili\u015fkiler temelinde geli\u015ftirilmesi ve kar\u015f\u0131l\u0131kl\u0131 kazan\u0131mlar\u0131n daha verimli hale getirilmesi i\u00e7in<\/p>\n<h1>\u00c7al\u0131\u015f\u0131yoruz, Haz\u0131rlan\u0131yoruz !<\/h1>\n<p><img loading=\"lazy\" decoding=\"async\" class=\"alignnone wp-image-5770 \" src=\"https:\/\/intecro.com.tr\/tr\/wp-content\/uploads\/2019\/12\/satinalma_mail.jpg\" alt=\"\" width=\"163\" height=\"12\" srcset=\"https:\/\/intecro.com.tr\/tr\/wp-content\/uploads\/2019\/12\/satinalma_mail.jpg 450w, https:\/\/intecro.com.tr\/tr\/wp-content\/uploads\/2019\/12\/satinalma_mail-300x22.jpg 300w\" sizes=\"auto, (max-width: 163px) 100vw, 163px\" \/> adresinden bizlerle ileti\u015fime ge\u00e7ebilirsiniz.[\/vc_column_text][\/vc_column][\/vc_row]\n","protected":false},"excerpt":{"rendered":"<p>[vc_row][vc_column][vc_single_image image=&#8221;7614&#8243;][\/vc_column][\/vc_row][vc_row][vc_column][vc_column_text]Y\u0131llarca birlikte \u00e7al\u0131\u015farak b\u00fcy\u00fcd\u00fc\u011f\u00fcm\u00fcz ve asli unsular\u0131m\u0131z aras\u0131nda g\u00f6rd\u00fc\u011f\u00fcm\u00fcz partnerlerimiz, tedarik\u00e7ilerimiz i\u00e7in kazan-kazan anlay\u0131\u015f\u0131 i\u00e7inde ili\u015fkilerimizi y\u00f6netmemizi sa\u011flayacak politikalar belirlemek ve t\u00fcm bunlar\u0131 bir platform \u00fczerinden y\u00f6netmek \u00fczere bir planlamam\u0131z var. Yaz\u0131l\u0131mlar\u0131m\u0131z, Teknolojik Ekipman ve Donan\u0131mlar\u0131m\u0131z, Yedek Par\u00e7a ve&hellip;<\/p>\n","protected":false},"author":1,"featured_media":0,"parent":0,"menu_order":0,"comment_status":"closed","ping_status":"closed","template":"","meta":{"footnotes":""},"class_list":["post-5458","page","type-page","status-publish","hentry","entry","no-media"],"yoast_head":"<!-- This site is optimized with the Yoast SEO plugin v27.5 - https:\/\/yoast.com\/product\/yoast-seo-wordpress\/ -->\n<title>Tedarik\u00e7i \u0130li\u015fkilerimiz - Intecro Robotics<\/title>\n<meta name=\"robots\" content=\"index, follow, max-snippet:-1, max-image-preview:large, max-video-preview:-1\" \/>\n<link rel=\"canonical\" href=\"https:\/\/intecro.com.tr\/tr\/tr\/tedarikci-iliskilerimiz\/\" \/>\n<meta property=\"og:locale\" content=\"tr_TR\" \/>\n<meta property=\"og:type\" content=\"article\" \/>\n<meta property=\"og:title\" content=\"Tedarik\u00e7i \u0130li\u015fkilerimiz - Intecro Robotics\" \/>\n<meta property=\"og:description\" content=\"[vc_row][vc_column][vc_single_image image=&#8221;7614&#8243;][\/vc_column][\/vc_row][vc_row][vc_column][vc_column_text]Y\u0131llarca birlikte \u00e7al\u0131\u015farak b\u00fcy\u00fcd\u00fc\u011f\u00fcm\u00fcz ve asli unsular\u0131m\u0131z aras\u0131nda g\u00f6rd\u00fc\u011f\u00fcm\u00fcz partnerlerimiz, tedarik\u00e7ilerimiz i\u00e7in kazan-kazan anlay\u0131\u015f\u0131 i\u00e7inde ili\u015fkilerimizi y\u00f6netmemizi sa\u011flayacak politikalar belirlemek ve t\u00fcm bunlar\u0131 bir platform \u00fczerinden y\u00f6netmek \u00fczere bir planlamam\u0131z var. Yaz\u0131l\u0131mlar\u0131m\u0131z, Teknolojik Ekipman ve Donan\u0131mlar\u0131m\u0131z, Yedek Par\u00e7a ve&hellip;\" \/>\n<meta property=\"og:url\" content=\"https:\/\/intecro.com.tr\/tr\/tr\/tedarikci-iliskilerimiz\/\" \/>\n<meta property=\"og:site_name\" content=\"Intecro Robotics\" \/>\n<meta property=\"article:modified_time\" content=\"2025-07-07T06:26:28+00:00\" \/>\n<meta property=\"og:image\" content=\"https:\/\/intecro.com.tr\/tr\/wp-content\/uploads\/2019\/12\/satinalma_mail.jpg\" \/>\n\t<meta property=\"og:image:width\" content=\"450\" \/>\n\t<meta property=\"og:image:height\" content=\"33\" \/>\n\t<meta property=\"og:image:type\" content=\"image\/jpeg\" \/>\n<meta name=\"twitter:card\" content=\"summary_large_image\" \/>\n<meta name=\"twitter:label1\" content=\"Tahmini okuma s\u00fcresi\" \/>\n\t<meta name=\"twitter:data1\" content=\"1 dakika\" \/>\n<script type=\"application\/ld+json\" class=\"yoast-schema-graph\">{\"@context\":\"https:\\\/\\\/schema.org\",\"@graph\":[{\"@type\":\"WebPage\",\"@id\":\"https:\\\/\\\/intecro.com.tr\\\/tr\\\/tr\\\/tedarikci-iliskilerimiz\\\/\",\"url\":\"https:\\\/\\\/intecro.com.tr\\\/tr\\\/tr\\\/tedarikci-iliskilerimiz\\\/\",\"name\":\"Tedarik\u00e7i \u0130li\u015fkilerimiz - Intecro Robotics\",\"isPartOf\":{\"@id\":\"https:\\\/\\\/intecro.com.tr\\\/tr\\\/#website\"},\"primaryImageOfPage\":{\"@id\":\"https:\\\/\\\/intecro.com.tr\\\/tr\\\/tr\\\/tedarikci-iliskilerimiz\\\/#primaryimage\"},\"image\":{\"@id\":\"https:\\\/\\\/intecro.com.tr\\\/tr\\\/tr\\\/tedarikci-iliskilerimiz\\\/#primaryimage\"},\"thumbnailUrl\":\"https:\\\/\\\/intecro.com.tr\\\/tr\\\/wp-content\\\/uploads\\\/2019\\\/12\\\/satinalma_mail.jpg\",\"datePublished\":\"2019-11-16T03:00:09+00:00\",\"dateModified\":\"2025-07-07T06:26:28+00:00\",\"breadcrumb\":{\"@id\":\"https:\\\/\\\/intecro.com.tr\\\/tr\\\/tr\\\/tedarikci-iliskilerimiz\\\/#breadcrumb\"},\"inLanguage\":\"tr\",\"potentialAction\":[{\"@type\":\"ReadAction\",\"target\":[\"https:\\\/\\\/intecro.com.tr\\\/tr\\\/tr\\\/tedarikci-iliskilerimiz\\\/\"]}]},{\"@type\":\"ImageObject\",\"inLanguage\":\"tr\",\"@id\":\"https:\\\/\\\/intecro.com.tr\\\/tr\\\/tr\\\/tedarikci-iliskilerimiz\\\/#primaryimage\",\"url\":\"https:\\\/\\\/intecro.com.tr\\\/tr\\\/wp-content\\\/uploads\\\/2019\\\/12\\\/satinalma_mail.jpg\",\"contentUrl\":\"https:\\\/\\\/intecro.com.tr\\\/tr\\\/wp-content\\\/uploads\\\/2019\\\/12\\\/satinalma_mail.jpg\",\"width\":450,\"height\":33},{\"@type\":\"BreadcrumbList\",\"@id\":\"https:\\\/\\\/intecro.com.tr\\\/tr\\\/tr\\\/tedarikci-iliskilerimiz\\\/#breadcrumb\",\"itemListElement\":[{\"@type\":\"ListItem\",\"position\":1,\"name\":\"Anasayfa\",\"item\":\"https:\\\/\\\/intecro.com.tr\\\/tr\\\/tr\\\/anasayfa\\\/\"},{\"@type\":\"ListItem\",\"position\":2,\"name\":\"Tedarik\u00e7i \u0130li\u015fkilerimiz\"}]},{\"@type\":\"WebSite\",\"@id\":\"https:\\\/\\\/intecro.com.tr\\\/tr\\\/#website\",\"url\":\"https:\\\/\\\/intecro.com.tr\\\/tr\\\/\",\"name\":\"Intecro Robotics\",\"description\":\"More Innovation\",\"publisher\":{\"@id\":\"https:\\\/\\\/intecro.com.tr\\\/tr\\\/#organization\"},\"potentialAction\":[{\"@type\":\"SearchAction\",\"target\":{\"@type\":\"EntryPoint\",\"urlTemplate\":\"https:\\\/\\\/intecro.com.tr\\\/tr\\\/?s={search_term_string}\"},\"query-input\":{\"@type\":\"PropertyValueSpecification\",\"valueRequired\":true,\"valueName\":\"search_term_string\"}}],\"inLanguage\":\"tr\"},{\"@type\":\"Organization\",\"@id\":\"https:\\\/\\\/intecro.com.tr\\\/tr\\\/#organization\",\"name\":\"Intecro Robotics\",\"url\":\"https:\\\/\\\/intecro.com.tr\\\/tr\\\/\",\"logo\":{\"@type\":\"ImageObject\",\"inLanguage\":\"tr\",\"@id\":\"https:\\\/\\\/intecro.com.tr\\\/tr\\\/#\\\/schema\\\/logo\\\/image\\\/\",\"url\":\"https:\\\/\\\/intecro.com.tr\\\/tr\\\/wp-content\\\/uploads\\\/2025\\\/02\\\/intecro_yatay-02.png\",\"contentUrl\":\"https:\\\/\\\/intecro.com.tr\\\/tr\\\/wp-content\\\/uploads\\\/2025\\\/02\\\/intecro_yatay-02.png\",\"width\":2134,\"height\":467,\"caption\":\"Intecro Robotics\"},\"image\":{\"@id\":\"https:\\\/\\\/intecro.com.tr\\\/tr\\\/#\\\/schema\\\/logo\\\/image\\\/\"}}]}<\/script>\n<!-- \/ Yoast SEO plugin. -->","yoast_head_json":{"title":"Tedarik\u00e7i \u0130li\u015fkilerimiz - Intecro Robotics","robots":{"index":"index","follow":"follow","max-snippet":"max-snippet:-1","max-image-preview":"max-image-preview:large","max-video-preview":"max-video-preview:-1"},"canonical":"https:\/\/intecro.com.tr\/tr\/tr\/tedarikci-iliskilerimiz\/","og_locale":"tr_TR","og_type":"article","og_title":"Tedarik\u00e7i \u0130li\u015fkilerimiz - Intecro Robotics","og_description":"[vc_row][vc_column][vc_single_image image=&#8221;7614&#8243;][\/vc_column][\/vc_row][vc_row][vc_column][vc_column_text]Y\u0131llarca birlikte \u00e7al\u0131\u015farak b\u00fcy\u00fcd\u00fc\u011f\u00fcm\u00fcz ve asli unsular\u0131m\u0131z aras\u0131nda g\u00f6rd\u00fc\u011f\u00fcm\u00fcz partnerlerimiz, tedarik\u00e7ilerimiz i\u00e7in kazan-kazan anlay\u0131\u015f\u0131 i\u00e7inde ili\u015fkilerimizi y\u00f6netmemizi sa\u011flayacak politikalar belirlemek ve t\u00fcm bunlar\u0131 bir platform \u00fczerinden y\u00f6netmek \u00fczere bir planlamam\u0131z var. Yaz\u0131l\u0131mlar\u0131m\u0131z, Teknolojik Ekipman ve Donan\u0131mlar\u0131m\u0131z, Yedek Par\u00e7a ve&hellip;","og_url":"https:\/\/intecro.com.tr\/tr\/tr\/tedarikci-iliskilerimiz\/","og_site_name":"Intecro Robotics","article_modified_time":"2025-07-07T06:26:28+00:00","og_image":[{"width":450,"height":33,"url":"https:\/\/intecro.com.tr\/tr\/wp-content\/uploads\/2019\/12\/satinalma_mail.jpg","type":"image\/jpeg"}],"twitter_card":"summary_large_image","twitter_misc":{"Tahmini okuma s\u00fcresi":"1 dakika"},"schema":{"@context":"https:\/\/schema.org","@graph":[{"@type":"WebPage","@id":"https:\/\/intecro.com.tr\/tr\/tr\/tedarikci-iliskilerimiz\/","url":"https:\/\/intecro.com.tr\/tr\/tr\/tedarikci-iliskilerimiz\/","name":"Tedarik\u00e7i \u0130li\u015fkilerimiz - Intecro Robotics","isPartOf":{"@id":"https:\/\/intecro.com.tr\/tr\/#website"},"primaryImageOfPage":{"@id":"https:\/\/intecro.com.tr\/tr\/tr\/tedarikci-iliskilerimiz\/#primaryimage"},"image":{"@id":"https:\/\/intecro.com.tr\/tr\/tr\/tedarikci-iliskilerimiz\/#primaryimage"},"thumbnailUrl":"https:\/\/intecro.com.tr\/tr\/wp-content\/uploads\/2019\/12\/satinalma_mail.jpg","datePublished":"2019-11-16T03:00:09+00:00","dateModified":"2025-07-07T06:26:28+00:00","breadcrumb":{"@id":"https:\/\/intecro.com.tr\/tr\/tr\/tedarikci-iliskilerimiz\/#breadcrumb"},"inLanguage":"tr","potentialAction":[{"@type":"ReadAction","target":["https:\/\/intecro.com.tr\/tr\/tr\/tedarikci-iliskilerimiz\/"]}]},{"@type":"ImageObject","inLanguage":"tr","@id":"https:\/\/intecro.com.tr\/tr\/tr\/tedarikci-iliskilerimiz\/#primaryimage","url":"https:\/\/intecro.com.tr\/tr\/wp-content\/uploads\/2019\/12\/satinalma_mail.jpg","contentUrl":"https:\/\/intecro.com.tr\/tr\/wp-content\/uploads\/2019\/12\/satinalma_mail.jpg","width":450,"height":33},{"@type":"BreadcrumbList","@id":"https:\/\/intecro.com.tr\/tr\/tr\/tedarikci-iliskilerimiz\/#breadcrumb","itemListElement":[{"@type":"ListItem","position":1,"name":"Anasayfa","item":"https:\/\/intecro.com.tr\/tr\/tr\/anasayfa\/"},{"@type":"ListItem","position":2,"name":"Tedarik\u00e7i \u0130li\u015fkilerimiz"}]},{"@type":"WebSite","@id":"https:\/\/intecro.com.tr\/tr\/#website","url":"https:\/\/intecro.com.tr\/tr\/","name":"Intecro Robotics","description":"More Innovation","publisher":{"@id":"https:\/\/intecro.com.tr\/tr\/#organization"},"potentialAction":[{"@type":"SearchAction","target":{"@type":"EntryPoint","urlTemplate":"https:\/\/intecro.com.tr\/tr\/?s={search_term_string}"},"query-input":{"@type":"PropertyValueSpecification","valueRequired":true,"valueName":"search_term_string"}}],"inLanguage":"tr"},{"@type":"Organization","@id":"https:\/\/intecro.com.tr\/tr\/#organization","name":"Intecro Robotics","url":"https:\/\/intecro.com.tr\/tr\/","logo":{"@type":"ImageObject","inLanguage":"tr","@id":"https:\/\/intecro.com.tr\/tr\/#\/schema\/logo\/image\/","url":"https:\/\/intecro.com.tr\/tr\/wp-content\/uploads\/2025\/02\/intecro_yatay-02.png","contentUrl":"https:\/\/intecro.com.tr\/tr\/wp-content\/uploads\/2025\/02\/intecro_yatay-02.png","width":2134,"height":467,"caption":"Intecro Robotics"},"image":{"@id":"https:\/\/intecro.com.tr\/tr\/#\/schema\/logo\/image\/"}}]}},"_links":{"self":[{"href":"https:\/\/intecro.com.tr\/tr\/wp-json\/wp\/v2\/pages\/5458","targetHints":{"allow":["GET"]}}],"collection":[{"href":"https:\/\/intecro.com.tr\/tr\/wp-json\/wp\/v2\/pages"}],"about":[{"href":"https:\/\/intecro.com.tr\/tr\/wp-json\/wp\/v2\/types\/page"}],"author":[{"embeddable":true,"href":"https:\/\/intecro.com.tr\/tr\/wp-json\/wp\/v2\/users\/1"}],"replies":[{"embeddable":true,"href":"https:\/\/intecro.com.tr\/tr\/wp-json\/wp\/v2\/comments?post=5458"}],"version-history":[{"count":4,"href":"https:\/\/intecro.com.tr\/tr\/wp-json\/wp\/v2\/pages\/5458\/revisions"}],"predecessor-version":[{"id":7615,"href":"https:\/\/intecro.com.tr\/tr\/wp-json\/wp\/v2\/pages\/5458\/revisions\/7615"}],"wp:attachment":[{"href":"https:\/\/intecro.com.tr\/tr\/wp-json\/wp\/v2\/media?parent=5458"}],"curies":[{"name":"wp","href":"https:\/\/api.w.org\/{rel}","templated":true}]}}