{"id":5597,"date":"2019-12-24T00:15:14","date_gmt":"2019-12-24T00:15:14","guid":{"rendered":"https:\/\/intecro.com.tr\/tr\/?page_id=5597"},"modified":"2020-02-21T22:58:44","modified_gmt":"2020-02-21T22:58:44","slug":"islerimiz","status":"publish","type":"page","link":"https:\/\/intecro.com.tr\/tr\/tr\/islerimiz\/","title":{"rendered":"\u0130\u015flerimiz"},"content":{"rendered":"[vc_row][vc_column]<div class=\"vcex-module vcex-portfolio-grid-wrap wpex-clr\"><div class=\"wpex-row vcex-portfolio-grid wpex-clr entries\"><div class=\"portfolio-entry vcex-grid-item entry-has-details span_1_of_3 col col-1 post-7941 entry type-portfolio has-media\"><div class=\"portfolio-entry-inner entry-inner wpex-first-mt-0 wpex-last-mb-0 wpex-clr\"><div class=\"portfolio-entry-media entry-media\"><a href=\"https:\/\/intecro.com.tr\/tr\/islerimiz_detay\/yerli-helikopter-gokbey-in-uretiminde-robotik-temelli-yerli-kompozit-teknolojisi\/\" title=\"Yerli Helikopter &#8220;G\u00d6KBEY&#8217; in \u00fcretiminde &#8220;Robotik Temelli Yerli Kompozit Teknolojisi!&#8221;\" class=\"portfolio-entry-media-link\"><img decoding=\"async\" loading=\"lazy\" class=\"portfolio-entry-img wpex-align-middle\" src=\"https:\/\/intecro.com.tr\/tr\/wp-content\/uploads\/2020\/02\/aa.jpg\" alt=\"\" width=\"891\" height=\"891\" \/><\/a><\/div><div class=\"portfolio-entry-details entry-details wpex-boxed wpex-first-mt-0 wpex-last-mb-0 wpex-clr\"><h2 class=\"portfolio-entry-title entry-title wpex-mb-5\"><a href=\"https:\/\/intecro.com.tr\/tr\/islerimiz_detay\/yerli-helikopter-gokbey-in-uretiminde-robotik-temelli-yerli-kompozit-teknolojisi\/\" title=\"Yerli Helikopter &#8220;G\u00d6KBEY&#8217; in \u00fcretiminde &#8220;Robotik Temelli Yerli Kompozit Teknolojisi!&#8221;\">Yerli Helikopter &#8220;G\u00d6KBEY&#8217; in \u00fcretiminde &#8220;Robotik Temelli Yerli Kompozit Teknolojisi!&#8221;<\/a><\/h2><div class=\"portfolio-entry-excerpt entry-excerpt wpex-my-15 wpex-last-mb-0 wpex-clr\"><p>Yerli Helikopter \"G\u00d6KBEY' in \u00fcretiminde \"Robotik Temelli Yerli Kompozit Teknolojisi!\" TUSA\u015e \u2013 T\u00fcrk Havac\u0131l\u0131k ve&hellip;<\/p><\/div><div class=\"portfolio-entry-readmore-wrap entry-readmore-wrap wpex-my-15 wpex-clr\"><a href=\"https:\/\/intecro.com.tr\/tr\/islerimiz_detay\/yerli-helikopter-gokbey-in-uretiminde-robotik-temelli-yerli-kompozit-teknolojisi\/\" class=\"theme-button\">read more<\/a><\/div><\/div><\/div><\/div><div class=\"portfolio-entry vcex-grid-item entry-has-details span_1_of_3 col col-2 post-7939 entry type-portfolio has-media cat-101\"><div class=\"portfolio-entry-inner entry-inner wpex-first-mt-0 wpex-last-mb-0 wpex-clr\"><div class=\"portfolio-entry-media entry-media\"><a href=\"https:\/\/intecro.com.tr\/tr\/islerimiz_detay\/in-the-production-of-domestic-helicopter-gokbey-robotic-based-domestic-composite-technology\/\" title=\"In the production of Domestic Helicopter &#8220;G\u00d6KBEY&#8221;, &#8220;Robotic Based Domestic Composite Technology!&#8221;\" class=\"portfolio-entry-media-link\"><img decoding=\"async\" loading=\"lazy\" class=\"portfolio-entry-img wpex-align-middle\" src=\"https:\/\/intecro.com.tr\/tr\/wp-content\/uploads\/2020\/02\/aa.jpg\" alt=\"\" width=\"891\" height=\"891\" \/><\/a><\/div><div class=\"portfolio-entry-details entry-details wpex-boxed wpex-first-mt-0 wpex-last-mb-0 wpex-clr\"><h2 class=\"portfolio-entry-title entry-title wpex-mb-5\"><a href=\"https:\/\/intecro.com.tr\/tr\/islerimiz_detay\/in-the-production-of-domestic-helicopter-gokbey-robotic-based-domestic-composite-technology\/\" title=\"In the production of Domestic Helicopter &#8220;G\u00d6KBEY&#8221;, &#8220;Robotic Based Domestic Composite Technology!&#8221;\">In the production of Domestic Helicopter &#8220;G\u00d6KBEY&#8221;, &#8220;Robotic Based Domestic Composite Technology!&#8221;<\/a><\/h2><div class=\"portfolio-entry-excerpt entry-excerpt wpex-my-15 wpex-last-mb-0 wpex-clr\"><p>In the production of Domestic Helicopter \"G\u00d6KBEY\", \"Robotic Based Domestic Composite Technology!\" TUSA\u015e - Turkish&hellip;<\/p><\/div><div class=\"portfolio-entry-readmore-wrap entry-readmore-wrap wpex-my-15 wpex-clr\"><a href=\"https:\/\/intecro.com.tr\/tr\/islerimiz_detay\/in-the-production-of-domestic-helicopter-gokbey-robotic-based-domestic-composite-technology\/\" class=\"theme-button\">read more<\/a><\/div><\/div><\/div><\/div><div class=\"portfolio-entry vcex-grid-item entry-has-details span_1_of_3 col col-3 post-6439 entry type-portfolio has-media cat-101\"><div class=\"portfolio-entry-inner entry-inner wpex-first-mt-0 wpex-last-mb-0 wpex-clr\"><div class=\"portfolio-entry-media entry-media\"><a href=\"https:\/\/intecro.com.tr\/tr\/islerimiz_detay\/robotic-cmt-welding-systems-for-medium-voltage-equipment\/\" title=\"Robotic CMT Welding Systems for Medium Voltage Equipment\" class=\"portfolio-entry-media-link\"><img decoding=\"async\" loading=\"lazy\" class=\"portfolio-entry-img wpex-align-middle\" src=\"https:\/\/intecro.com.tr\/tr\/wp-content\/uploads\/2020\/02\/2-e1582325645334.png\" alt=\"\" width=\"467\" height=\"467\" \/><\/a><\/div><div class=\"portfolio-entry-details entry-details wpex-boxed wpex-first-mt-0 wpex-last-mb-0 wpex-clr\"><h2 class=\"portfolio-entry-title entry-title wpex-mb-5\"><a href=\"https:\/\/intecro.com.tr\/tr\/islerimiz_detay\/robotic-cmt-welding-systems-for-medium-voltage-equipment\/\" title=\"Robotic CMT Welding Systems for Medium Voltage Equipment\">Robotic CMT Welding Systems for Medium Voltage Equipment<\/a><\/h2><div class=\"portfolio-entry-excerpt entry-excerpt wpex-my-15 wpex-last-mb-0 wpex-clr\"><p>Factory : Medium Voltage Switchgears used in electrical transmission and distribution systems Application: Sealed Gas&hellip;<\/p><\/div><div class=\"portfolio-entry-readmore-wrap entry-readmore-wrap wpex-my-15 wpex-clr\"><a href=\"https:\/\/intecro.com.tr\/tr\/islerimiz_detay\/robotic-cmt-welding-systems-for-medium-voltage-equipment\/\" class=\"theme-button\">read more<\/a><\/div><\/div><\/div><\/div><div class=\"portfolio-entry vcex-grid-item entry-has-details span_1_of_3 col col-1 post-6435 entry type-portfolio has-media cat-101\"><div class=\"portfolio-entry-inner entry-inner wpex-first-mt-0 wpex-last-mb-0 wpex-clr\"><div class=\"portfolio-entry-media entry-media\"><a href=\"https:\/\/intecro.com.tr\/tr\/islerimiz_detay\/robotics-welding-cutting-2-in-one-2\/\" title=\"Robotics Welding &#038; Cutting &#8211; 2 in One\" class=\"portfolio-entry-media-link\"><img decoding=\"async\" loading=\"lazy\" class=\"portfolio-entry-img wpex-align-middle\" src=\"https:\/\/intecro.com.tr\/tr\/wp-content\/uploads\/2020\/02\/1-1-e1582325869716.png\" alt=\"\" width=\"427\" height=\"427\" \/><\/a><\/div><div class=\"portfolio-entry-details entry-details wpex-boxed wpex-first-mt-0 wpex-last-mb-0 wpex-clr\"><h2 class=\"portfolio-entry-title entry-title wpex-mb-5\"><a href=\"https:\/\/intecro.com.tr\/tr\/islerimiz_detay\/robotics-welding-cutting-2-in-one-2\/\" title=\"Robotics Welding &#038; Cutting &#8211; 2 in One\">Robotics Welding &#038; Cutting &#8211; 2 in One<\/a><\/h2><div class=\"portfolio-entry-excerpt entry-excerpt wpex-my-15 wpex-last-mb-0 wpex-clr\"><p>Robotic Welding &amp; Cutting, 2 in One. It is a known detail that in order&hellip;<\/p><\/div><div class=\"portfolio-entry-readmore-wrap entry-readmore-wrap wpex-my-15 wpex-clr\"><a href=\"https:\/\/intecro.com.tr\/tr\/islerimiz_detay\/robotics-welding-cutting-2-in-one-2\/\" class=\"theme-button\">read more<\/a><\/div><\/div><\/div><\/div><div class=\"portfolio-entry vcex-grid-item entry-has-details span_1_of_3 col col-2 post-6437 entry type-portfolio has-media cat-101\"><div class=\"portfolio-entry-inner entry-inner wpex-first-mt-0 wpex-last-mb-0 wpex-clr\"><div class=\"portfolio-entry-media entry-media\"><a href=\"https:\/\/intecro.com.tr\/tr\/islerimiz_detay\/robotic-cmt-welding-systems-for-bus-bodies\/\" title=\"Robotic CMT Welding Systems for Bus Bodies\" class=\"portfolio-entry-media-link\"><img decoding=\"async\" loading=\"lazy\" class=\"portfolio-entry-img wpex-align-middle\" src=\"https:\/\/intecro.com.tr\/tr\/wp-content\/uploads\/2020\/02\/dd.jpg\" alt=\"\" width=\"891\" height=\"891\" \/><\/a><\/div><div class=\"portfolio-entry-details entry-details wpex-boxed wpex-first-mt-0 wpex-last-mb-0 wpex-clr\"><h2 class=\"portfolio-entry-title entry-title wpex-mb-5\"><a href=\"https:\/\/intecro.com.tr\/tr\/islerimiz_detay\/robotic-cmt-welding-systems-for-bus-bodies\/\" title=\"Robotic CMT Welding Systems for Bus Bodies\">Robotic CMT Welding Systems for Bus Bodies<\/a><\/h2><div class=\"portfolio-entry-excerpt entry-excerpt wpex-my-15 wpex-last-mb-0 wpex-clr\"><p>Application: Robotic CMT Welding Line for Intercity Passenger Bus and Commercial Vehicle Bodies Factory :&hellip;<\/p><\/div><div class=\"portfolio-entry-readmore-wrap entry-readmore-wrap wpex-my-15 wpex-clr\"><a href=\"https:\/\/intecro.com.tr\/tr\/islerimiz_detay\/robotic-cmt-welding-systems-for-bus-bodies\/\" class=\"theme-button\">read more<\/a><\/div><\/div><\/div><\/div><div class=\"portfolio-entry vcex-grid-item entry-has-details span_1_of_3 col col-3 post-6438 entry type-portfolio has-media\"><div class=\"portfolio-entry-inner entry-inner wpex-first-mt-0 wpex-last-mb-0 wpex-clr\"><div class=\"portfolio-entry-media entry-media\"><a href=\"https:\/\/intecro.com.tr\/tr\/islerimiz_detay\/what-are-fantastic-robots-where-are-they-located\/\" title=\"What are Fantastic Robots? Where are they located?\" class=\"portfolio-entry-media-link\"><img decoding=\"async\" loading=\"lazy\" class=\"portfolio-entry-img wpex-align-middle\" src=\"https:\/\/intecro.com.tr\/tr\/wp-content\/uploads\/2020\/02\/bb-e1582326373781.png\" alt=\"\" width=\"657\" height=\"657\" \/><\/a><\/div><div class=\"portfolio-entry-details entry-details wpex-boxed wpex-first-mt-0 wpex-last-mb-0 wpex-clr\"><h2 class=\"portfolio-entry-title entry-title wpex-mb-5\"><a href=\"https:\/\/intecro.com.tr\/tr\/islerimiz_detay\/what-are-fantastic-robots-where-are-they-located\/\" title=\"What are Fantastic Robots? Where are they located?\">What are Fantastic Robots? Where are they located?<\/a><\/h2><div class=\"portfolio-entry-excerpt entry-excerpt wpex-my-15 wpex-last-mb-0 wpex-clr\"><p>What are Fantastic Robots and where are they found? Have a good time! You are&hellip;<\/p><\/div><div class=\"portfolio-entry-readmore-wrap entry-readmore-wrap wpex-my-15 wpex-clr\"><a href=\"https:\/\/intecro.com.tr\/tr\/islerimiz_detay\/what-are-fantastic-robots-where-are-they-located\/\" class=\"theme-button\">read more<\/a><\/div><\/div><\/div><\/div><div class=\"portfolio-entry vcex-grid-item entry-has-details span_1_of_3 col col-1 post-6440 entry type-portfolio has-media\"><div class=\"portfolio-entry-inner entry-inner wpex-first-mt-0 wpex-last-mb-0 wpex-clr\"><div class=\"portfolio-entry-media entry-media\"><a href=\"https:\/\/intecro.com.tr\/tr\/islerimiz_detay\/robotic-laser-cutting-system-for-3d-metal-sheets\/\" title=\"Robotic Laser Cutting System for 3D Metal Sheets\" class=\"portfolio-entry-media-link\"><img decoding=\"async\" loading=\"lazy\" class=\"portfolio-entry-img wpex-align-middle\" src=\"https:\/\/intecro.com.tr\/tr\/wp-content\/uploads\/2020\/02\/cc.jpg\" alt=\"\" width=\"891\" height=\"891\" \/><\/a><\/div><div class=\"portfolio-entry-details entry-details wpex-boxed wpex-first-mt-0 wpex-last-mb-0 wpex-clr\"><h2 class=\"portfolio-entry-title entry-title wpex-mb-5\"><a href=\"https:\/\/intecro.com.tr\/tr\/islerimiz_detay\/robotic-laser-cutting-system-for-3d-metal-sheets\/\" title=\"Robotic Laser Cutting System for 3D Metal Sheets\">Robotic Laser Cutting System for 3D Metal Sheets<\/a><\/h2><div class=\"portfolio-entry-excerpt entry-excerpt wpex-my-15 wpex-last-mb-0 wpex-clr\"><p>\"Kamyon G\u00f6vdelerinin 3 Boyutlu Metal Saclar\u0131 i\u00e7in Robotik Lazer Kesme Sistemi\" Robot \u00f6\u011fretme yok, bekleme&hellip;<\/p><\/div><div class=\"portfolio-entry-readmore-wrap entry-readmore-wrap wpex-my-15 wpex-clr\"><a href=\"https:\/\/intecro.com.tr\/tr\/islerimiz_detay\/robotic-laser-cutting-system-for-3d-metal-sheets\/\" class=\"theme-button\">read more<\/a><\/div><\/div><\/div><\/div><div class=\"portfolio-entry vcex-grid-item entry-has-details span_1_of_3 col col-2 post-6434 entry type-portfolio has-media cat-100\"><div class=\"portfolio-entry-inner entry-inner wpex-first-mt-0 wpex-last-mb-0 wpex-clr\"><div class=\"portfolio-entry-media entry-media\"><a href=\"https:\/\/intecro.com.tr\/tr\/islerimiz_detay\/tuvasas-robotic-based-aluminum-body-assembly-technology-from-intecro\/\" title=\"T\u00dcVASA\u015e Robotic-Based Aluminum Body Assembly Technology From INTECRO !!\" class=\"portfolio-entry-media-link\"><img decoding=\"async\" loading=\"lazy\" class=\"portfolio-entry-img wpex-align-middle\" src=\"https:\/\/intecro.com.tr\/tr\/wp-content\/uploads\/2016\/09\/0.jpg\" alt=\"\" width=\"936\" height=\"936\" \/><\/a><\/div><div class=\"portfolio-entry-details entry-details wpex-boxed wpex-first-mt-0 wpex-last-mb-0 wpex-clr\"><h2 class=\"portfolio-entry-title entry-title wpex-mb-5\"><a href=\"https:\/\/intecro.com.tr\/tr\/islerimiz_detay\/tuvasas-robotic-based-aluminum-body-assembly-technology-from-intecro\/\" title=\"T\u00dcVASA\u015e Robotic-Based Aluminum Body Assembly Technology From INTECRO !!\">T\u00dcVASA\u015e Robotic-Based Aluminum Body Assembly Technology From INTECRO !!<\/a><\/h2><div class=\"portfolio-entry-excerpt entry-excerpt wpex-my-15 wpex-last-mb-0 wpex-clr\"><p>The High \/ Speed National Train and EMU (Electric National Train) Project includes the production&hellip;<\/p><\/div><div class=\"portfolio-entry-readmore-wrap entry-readmore-wrap wpex-my-15 wpex-clr\"><a href=\"https:\/\/intecro.com.tr\/tr\/islerimiz_detay\/tuvasas-robotic-based-aluminum-body-assembly-technology-from-intecro\/\" class=\"theme-button\">read more<\/a><\/div><\/div><\/div><\/div><\/div><\/div>[\/vc_column][\/vc_row]\n","protected":false},"excerpt":{"rendered":"<p>[vc_row][vc_column][\/vc_column][\/vc_row]<\/p>\n","protected":false},"author":1,"featured_media":0,"parent":0,"menu_order":0,"comment_status":"closed","ping_status":"closed","template":"","meta":{"footnotes":""},"class_list":["post-5597","page","type-page","status-publish","hentry","entry","has-media"],"yoast_head":"<!-- This site is optimized with the Yoast SEO plugin v27.5 - https:\/\/yoast.com\/product\/yoast-seo-wordpress\/ -->\n<title>\u0130\u015flerimiz - Intecro Robotics<\/title>\n<meta name=\"robots\" content=\"index, follow, max-snippet:-1, max-image-preview:large, max-video-preview:-1\" \/>\n<link rel=\"canonical\" href=\"https:\/\/intecro.com.tr\/tr\/tr\/islerimiz\/\" \/>\n<meta property=\"og:locale\" content=\"tr_TR\" \/>\n<meta property=\"og:type\" content=\"article\" \/>\n<meta property=\"og:title\" content=\"\u0130\u015flerimiz - Intecro Robotics\" \/>\n<meta property=\"og:description\" content=\"[vc_row][vc_column][\/vc_column][\/vc_row]\" \/>\n<meta property=\"og:url\" content=\"https:\/\/intecro.com.tr\/tr\/tr\/islerimiz\/\" \/>\n<meta property=\"og:site_name\" content=\"Intecro Robotics\" \/>\n<meta property=\"article:modified_time\" content=\"2020-02-21T22:58:44+00:00\" \/>\n<meta name=\"twitter:card\" content=\"summary_large_image\" \/>\n<script type=\"application\/ld+json\" class=\"yoast-schema-graph\">{\"@context\":\"https:\\\/\\\/schema.org\",\"@graph\":[{\"@type\":\"WebPage\",\"@id\":\"https:\\\/\\\/intecro.com.tr\\\/tr\\\/tr\\\/islerimiz\\\/\",\"url\":\"https:\\\/\\\/intecro.com.tr\\\/tr\\\/tr\\\/islerimiz\\\/\",\"name\":\"\u0130\u015flerimiz - Intecro Robotics\",\"isPartOf\":{\"@id\":\"https:\\\/\\\/intecro.com.tr\\\/tr\\\/#website\"},\"datePublished\":\"2019-12-24T00:15:14+00:00\",\"dateModified\":\"2020-02-21T22:58:44+00:00\",\"breadcrumb\":{\"@id\":\"https:\\\/\\\/intecro.com.tr\\\/tr\\\/tr\\\/islerimiz\\\/#breadcrumb\"},\"inLanguage\":\"tr\",\"potentialAction\":[{\"@type\":\"ReadAction\",\"target\":[\"https:\\\/\\\/intecro.com.tr\\\/tr\\\/tr\\\/islerimiz\\\/\"]}]},{\"@type\":\"BreadcrumbList\",\"@id\":\"https:\\\/\\\/intecro.com.tr\\\/tr\\\/tr\\\/islerimiz\\\/#breadcrumb\",\"itemListElement\":[{\"@type\":\"ListItem\",\"position\":1,\"name\":\"Anasayfa\",\"item\":\"https:\\\/\\\/intecro.com.tr\\\/tr\\\/tr\\\/anasayfa\\\/\"},{\"@type\":\"ListItem\",\"position\":2,\"name\":\"\u0130\u015flerimiz\"}]},{\"@type\":\"WebSite\",\"@id\":\"https:\\\/\\\/intecro.com.tr\\\/tr\\\/#website\",\"url\":\"https:\\\/\\\/intecro.com.tr\\\/tr\\\/\",\"name\":\"Intecro Robotics\",\"description\":\"More Innovation\",\"publisher\":{\"@id\":\"https:\\\/\\\/intecro.com.tr\\\/tr\\\/#organization\"},\"potentialAction\":[{\"@type\":\"SearchAction\",\"target\":{\"@type\":\"EntryPoint\",\"urlTemplate\":\"https:\\\/\\\/intecro.com.tr\\\/tr\\\/?s={search_term_string}\"},\"query-input\":{\"@type\":\"PropertyValueSpecification\",\"valueRequired\":true,\"valueName\":\"search_term_string\"}}],\"inLanguage\":\"tr\"},{\"@type\":\"Organization\",\"@id\":\"https:\\\/\\\/intecro.com.tr\\\/tr\\\/#organization\",\"name\":\"Intecro Robotics\",\"url\":\"https:\\\/\\\/intecro.com.tr\\\/tr\\\/\",\"logo\":{\"@type\":\"ImageObject\",\"inLanguage\":\"tr\",\"@id\":\"https:\\\/\\\/intecro.com.tr\\\/tr\\\/#\\\/schema\\\/logo\\\/image\\\/\",\"url\":\"https:\\\/\\\/intecro.com.tr\\\/tr\\\/wp-content\\\/uploads\\\/2025\\\/02\\\/intecro_yatay-02.png\",\"contentUrl\":\"https:\\\/\\\/intecro.com.tr\\\/tr\\\/wp-content\\\/uploads\\\/2025\\\/02\\\/intecro_yatay-02.png\",\"width\":2134,\"height\":467,\"caption\":\"Intecro Robotics\"},\"image\":{\"@id\":\"https:\\\/\\\/intecro.com.tr\\\/tr\\\/#\\\/schema\\\/logo\\\/image\\\/\"}}]}<\/script>\n<!-- \/ Yoast SEO plugin. -->","yoast_head_json":{"title":"\u0130\u015flerimiz - Intecro Robotics","robots":{"index":"index","follow":"follow","max-snippet":"max-snippet:-1","max-image-preview":"max-image-preview:large","max-video-preview":"max-video-preview:-1"},"canonical":"https:\/\/intecro.com.tr\/tr\/tr\/islerimiz\/","og_locale":"tr_TR","og_type":"article","og_title":"\u0130\u015flerimiz - Intecro Robotics","og_description":"[vc_row][vc_column][\/vc_column][\/vc_row]","og_url":"https:\/\/intecro.com.tr\/tr\/tr\/islerimiz\/","og_site_name":"Intecro Robotics","article_modified_time":"2020-02-21T22:58:44+00:00","twitter_card":"summary_large_image","schema":{"@context":"https:\/\/schema.org","@graph":[{"@type":"WebPage","@id":"https:\/\/intecro.com.tr\/tr\/tr\/islerimiz\/","url":"https:\/\/intecro.com.tr\/tr\/tr\/islerimiz\/","name":"\u0130\u015flerimiz - Intecro Robotics","isPartOf":{"@id":"https:\/\/intecro.com.tr\/tr\/#website"},"datePublished":"2019-12-24T00:15:14+00:00","dateModified":"2020-02-21T22:58:44+00:00","breadcrumb":{"@id":"https:\/\/intecro.com.tr\/tr\/tr\/islerimiz\/#breadcrumb"},"inLanguage":"tr","potentialAction":[{"@type":"ReadAction","target":["https:\/\/intecro.com.tr\/tr\/tr\/islerimiz\/"]}]},{"@type":"BreadcrumbList","@id":"https:\/\/intecro.com.tr\/tr\/tr\/islerimiz\/#breadcrumb","itemListElement":[{"@type":"ListItem","position":1,"name":"Anasayfa","item":"https:\/\/intecro.com.tr\/tr\/tr\/anasayfa\/"},{"@type":"ListItem","position":2,"name":"\u0130\u015flerimiz"}]},{"@type":"WebSite","@id":"https:\/\/intecro.com.tr\/tr\/#website","url":"https:\/\/intecro.com.tr\/tr\/","name":"Intecro Robotics","description":"More Innovation","publisher":{"@id":"https:\/\/intecro.com.tr\/tr\/#organization"},"potentialAction":[{"@type":"SearchAction","target":{"@type":"EntryPoint","urlTemplate":"https:\/\/intecro.com.tr\/tr\/?s={search_term_string}"},"query-input":{"@type":"PropertyValueSpecification","valueRequired":true,"valueName":"search_term_string"}}],"inLanguage":"tr"},{"@type":"Organization","@id":"https:\/\/intecro.com.tr\/tr\/#organization","name":"Intecro Robotics","url":"https:\/\/intecro.com.tr\/tr\/","logo":{"@type":"ImageObject","inLanguage":"tr","@id":"https:\/\/intecro.com.tr\/tr\/#\/schema\/logo\/image\/","url":"https:\/\/intecro.com.tr\/tr\/wp-content\/uploads\/2025\/02\/intecro_yatay-02.png","contentUrl":"https:\/\/intecro.com.tr\/tr\/wp-content\/uploads\/2025\/02\/intecro_yatay-02.png","width":2134,"height":467,"caption":"Intecro Robotics"},"image":{"@id":"https:\/\/intecro.com.tr\/tr\/#\/schema\/logo\/image\/"}}]}},"_links":{"self":[{"href":"https:\/\/intecro.com.tr\/tr\/wp-json\/wp\/v2\/pages\/5597","targetHints":{"allow":["GET"]}}],"collection":[{"href":"https:\/\/intecro.com.tr\/tr\/wp-json\/wp\/v2\/pages"}],"about":[{"href":"https:\/\/intecro.com.tr\/tr\/wp-json\/wp\/v2\/types\/page"}],"author":[{"embeddable":true,"href":"https:\/\/intecro.com.tr\/tr\/wp-json\/wp\/v2\/users\/1"}],"replies":[{"embeddable":true,"href":"https:\/\/intecro.com.tr\/tr\/wp-json\/wp\/v2\/comments?post=5597"}],"version-history":[{"count":4,"href":"https:\/\/intecro.com.tr\/tr\/wp-json\/wp\/v2\/pages\/5597\/revisions"}],"predecessor-version":[{"id":6104,"href":"https:\/\/intecro.com.tr\/tr\/wp-json\/wp\/v2\/pages\/5597\/revisions\/6104"}],"wp:attachment":[{"href":"https:\/\/intecro.com.tr\/tr\/wp-json\/wp\/v2\/media?parent=5597"}],"curies":[{"name":"wp","href":"https:\/\/api.w.org\/{rel}","templated":true}]}}