{"id":5625,"date":"2019-12-25T00:07:43","date_gmt":"2019-12-25T00:07:43","guid":{"rendered":"https:\/\/intecro.com.tr\/tr\/?page_id=5625"},"modified":"2019-12-25T00:23:31","modified_gmt":"2019-12-25T00:23:31","slug":"disis","status":"publish","type":"page","link":"https:\/\/intecro.com.tr\/tr\/tr\/disis\/","title":{"rendered":"DISIS"},"content":{"rendered":"[vc_row][vc_column width=&#8221;1\/3&#8243;][\/vc_column][vc_column width=&#8221;1\/3&#8243;][vc_single_image image=&#8221;5627&#8243;][\/vc_column][vc_column width=&#8221;1\/3&#8243;][\/vc_column][\/vc_row][vc_row][vc_column]<h5 class=\"vcex-module vcex-heading wpex-text-2xl wpex-font-normal wpex-m-auto wpex-max-w-100 vcex-heading-graphical wpex-block wpex-text-center\" style=\"font-family:Amarante;\"><span class=\"vcex-heading-inner wpex-inline-block wpex-clr\">D\u00f6n\u00fc\u015f\u00fcm Ba\u015flad\u0131!<\/span><\/h5>[\/vc_column][\/vc_row][vc_row][vc_column width=&#8221;1\/4&#8243;][vc_single_image image=&#8221;5609&#8243;][\/vc_column][vc_column width=&#8221;3\/4&#8243;][vc_column_text]Intecro Robotics&#8217;den &#8220;Dijital D\u00f6n\u00fc\u015f\u00fcm&#8221; alan\u0131nda T\u00fcrkiye\u2019nin ilk ve tek \u201c\u00c7ekirdek \u00c7\u00f6z\u00fcm\u00fc\u201d.<\/p>\n<p>Fabrikan\u0131zda \u00e7al\u0131\u015fan Robotlar\u0131n\u0131z, Makine ve Donan\u0131mlar\u0131n\u0131z ;<\/p>\n<ul>\n<li>Bir hata ile kar\u015f\u0131la\u015ft\u0131\u011f\u0131nda ya da durdu\u011funda cep telefonunuza anl\u0131k bildirim g\u00f6nderse,<\/li>\n<li>Yapay Zeka ile daha zeki hale getirilerek ihtiya\u00e7 duydu\u011fu sarf malzeme de\u011fi\u015fim zaman\u0131n\u0131 ve ihtiyac\u0131n d\u00fczeyini kestirimli olarak size ifade etse,<\/li>\n<li>S\u00fcrekli izlense \/ denetlense ayr\u0131ca yaz\u0131l\u0131m tabanl\u0131 g\u00f6rsel ara-birimler vas\u0131tas\u0131 ile istedi\u011finiz anda veya bir olay ger\u00e7ekle\u015fti\u011finde size bir rapor verse \u00fcstelik anla\u015f\u0131l\u0131r bir dil ile,<\/li>\n<li>Harcad\u0131klar\u0131 enerjiyi, \u00e7al\u0131\u015fma s\u00fcrelerini ve ger\u00e7ekle\u015ftirdikleri \u00fcretim \u00e7\u0131kt\u0131lar\u0131n\u0131 siz istedi\u011finiz anda veya \u201cZ raporu\u201d gibi g\u00fcn sonunda d\u00fczenli olarak cep telefonunuza iletse,<\/li>\n<li>Ar\u0131zaland\u0131\u011f\u0131nda veya belirsiz nedenlerle duru\u015flara maruz kald\u0131\u011f\u0131nda, ilgili ar\u0131zalar\u0131 gidermek i\u00e7in ar\u0131za-tan\u0131lama i\u015flemini veya yedek par\u00e7a de\u011fi\u015fimi gerektiren servis durumlar\u0131n\u0131n niteli\u011fini kendi kendine tespit edebilse, \u00fcstelik bu tespit s\u00fcreci cep telefonunuza y\u00fckl\u00fc art\u0131r\u0131lm\u0131\u015f ger\u00e7eklik destekli bir mobil yaz\u0131l\u0131m\u0131n kamera ekran\u0131ndan bakmak kadar kolay olsa.<\/li>\n<li>Kestirimli bak\u0131m ihtiya\u00e7lar\u0131n\u0131 kendi kendini denetleyerek size bahsedebilse<\/li>\n<li>M\u00fckemmel bir g\u00fcn, Her\u015fey yolunda, Kendimi iyi hissetmiyorum, \u00c7ok hastay\u0131m, Peri\u015fan\u0131m gibi ifadelerle sizi genel durumu hakk\u0131nda bilgilendirebilse,<\/li>\n<li>\u00dcreticisi oldu\u011fu firman\u0131n servis personeline ihtiya\u00e7 duydu\u011fu bir durum olu\u015ftu\u011funda, ilgili servis personelini cep telefonunuzdaki \u00f6zel ba\u011flant\u0131 \u00fczerinden sizinle irtibata ge\u00e7irse, \u00fcstelik bu irtibat\u0131 en fazla 2 saat i\u00e7inde ger\u00e7ekle\u015ftirme garantisini verse,<\/li>\n<li>Kendisini ile ilgili t\u00fcm elektrik, otomasyon, mekanik proje d\u00f6k\u00fcmanlar\u0131na cep telefonunuzdan ula\u015fma imkan\u0131 sa\u011flasa<\/li>\n<li>Kendisine y\u00f6nelik ger\u00e7ekle\u015ftirilen her t\u00fcrden bak\u0131m, g\u00f6rev de\u011fi\u015fimi, servis i\u015flemi, yedek par\u00e7a de\u011fi\u015fimi, s\u00fcre\u00e7 de\u011fi\u015fimi gibi aksiyonlar\u0131 izlese ve kay\u0131t alt\u0131na alsa<\/li>\n<\/ul>\n<p><span style=\"font-size: 16px;\"><strong>Harika olmazm\u0131yd\u0131? <\/strong><\/span><span style=\"font-size: 16px;\"><strong>DISIS ile bunlar\u0131n hepsi m\u00fcmk\u00fcn!<\/strong><\/span>[\/vc_column_text][\/vc_column][\/vc_row][vc_row][vc_column][vc_column_text]\n<h3>YEN\u0130 NES\u0130L \u0130\u015e KONSANTRASYONU<\/h3>\n<p>Fabrika Mekatroni\u011fi \u00c7\u00f6z\u00fcmlerimizde , Teknolojik D\u00f6n\u00fc\u015f\u00fcm, Y\u00fcksek Verimlilik, \u0130leri \u0130zlenebilirlik, Mobilite, Karl\u0131l\u0131k, Rekabet Avantaj\u0131 sa\u011flamak \u00fczere ihtiya\u00e7lar\u0131 tek bir mobil platformda toplad\u0131k ! Robotik Sistemler, Makinalar ve \u00dcretimde kullan\u0131lan di\u011fer Donan\u0131mlar\u0131n\u0131za a\u015fa\u011f\u0131daki kabiliyetleri kazand\u0131r\u0131r ve gelecek i\u00e7in d\u00f6n\u00fc\u015ft\u00fcr\u00fcr.<\/p>\n<ul>\n<li>Proses izleme<\/li>\n<li>Veri analizi<\/li>\n<li>Yapay Zeka<\/li>\n<li>B\u00fcy\u00fck Veri Y\u00f6netimi<\/li>\n<li>Sim\u00fclasyon Tabanl\u0131 Planlama<\/li>\n<li>Art\u0131r\u0131lm\u0131\u015f Ger\u00e7eklik Destekli Servis Hizmeti<\/li>\n<li>IoT tabanl\u0131 izleme, anl\u0131k raporlama ve kontrol kabiliyeti<\/li>\n<li>MES entegrasyon ve y\u00f6netim kabiliyetleri<\/li>\n<li>\u00c7ok say\u0131da di\u011fer mobil tabanl\u0131 dijital d\u00f6n\u00fc\u015f\u00fcm teknolojisi<\/li>\n<\/ul>\n[\/vc_column_text][\/vc_column][\/vc_row][vc_row][vc_column][vc_zigzag][\/vc_column][\/vc_row][vc_row][vc_column][vc_column_text]\n<blockquote>\n<p style=\"text-align: center;\">\u00dcretim faaliyetinde kullan\u0131lan, herhangi bir elektronik kontrolc\u00fcye sahip \u201cMakinalar\u0131n\u0131z\u201d, \u201cRobotik Sistemleriniz\u201d ve di\u011fer \u201cEkipmanlar\u0131n\u0131za\u201d entegre \u00e7al\u0131\u015fan yeni nesil i\u015f konsantrasyonu !<\/p>\n<\/blockquote>\n<p>&nbsp;<\/p>\n<p><strong><span style=\"font-family: 'arial black', 'avant garde';\">DISIS ;<\/span><\/strong> Yapay zeka, b\u00fcy\u00fck veri y\u00f6netimi, sim\u00fclasyon tabanl\u0131 planlama, art\u0131r\u0131lm\u0131\u015f ger\u00e7eklik destekli servis hizmeti, IoT tabanl\u0131 izleme\/ anl\u0131k ve tarihsel raporlama , \u00e7ok say\u0131da di\u011fer mobil tabanl\u0131 dijital d\u00f6n\u00fc\u015f\u00fcm teknolojisinin tek bir platformda bulu\u015ftu\u011fu mobil yaz\u0131l\u0131m ve donan\u0131m bile\u015fenlerinden olu\u015fur.<\/p>\n<p><span style=\"font-family: 'arial black', 'avant garde';\"><strong>Mobil Telefonunuzdan Makinalar\u0131n\u0131z\u0131\/Robotlar\u0131n\u0131z\u0131 Dinleyin (IoT) <\/strong><\/span><br \/>\nDISIS, Fabrikan\u0131zda \u00fcretimde g\u00f6rev yapan t\u00fcm makine ve robotlar\u0131n\u0131zdan IoT tabanl\u0131 veri toplar, bu verileri i\u015fleyerek ger\u00e7ek zamanl\u0131 olarak size anlaml\u0131 bir bi\u00e7imde istedi\u011finiz anda veya d\u00fczenli periyotlarda sunar.<\/p>\n<p><span style=\"font-family: 'arial black', 'avant garde';\"><strong>Makinalar\u0131n\u0131za\/Robotlar\u0131n\u0131za Zeka Kat\u0131n, Duru\u015flar\u0131 ve Kay\u0131plar\u0131 Ortadan Kald\u0131r\u0131n ( AI)<\/strong><\/span><br \/>\nDISIS, Makinalar\u0131n\u0131z\u0131 ve Robotlar\u0131n\u0131z\u0131 Yapay Zeka ile daha zeki hale getirilerek ihtiya\u00e7 duydu\u011fu sarf malzeme de\u011fi\u015fim zaman\u0131n\u0131 ve ihtiyac\u0131n d\u00fczeyini kestirimli olarak size ifade eder. Ayr\u0131ca yapay zeka algoritmalar\u0131 ar\u0131za durumlar\u0131nda size ar\u0131zan\u0131n nereden kaynakland\u0131\u011f\u0131 konusunda kesin bir \u015fekilde yol g\u00f6sterir.<\/p>\n<p><span style=\"font-family: 'arial black', 'avant garde';\"><strong>Art\u0131r\u0131lm\u0131\u015f Ger\u00e7eklik ile Makinalar\u0131n\u0131za\/Robotlar\u0131n\u0131za H\u00fckmedin (AR\/VR)<\/strong><\/span><br \/>\nDISIS, AR Aray\u00fcz\u00fc sayesinde bak\u0131m, ar\u0131za giderme, servis hizmetlerinde en b\u00fcy\u00fck destek\u00e7iniz olur. Yapman\u0131z gereken tek \u015fey mobil telefonunuzda y\u00fckl\u00fc DISIS yaz\u0131l\u0131m\u0131ndan AR men\u00fcs\u00fcn\u00fc a\u00e7\u0131p bu g\u00f6r\u00fcnt\u00fcleme ara y\u00fcz\u00fcnden makinan\u0131za do\u011fru bakmak. DISIS gerisini halledecektir.<\/p>\n<p><strong><span style=\"font-family: 'arial black', 'avant garde';\">Fabrikan\u0131z\u0131 ve \u00dcretim Ara\u00e7lar\u0131n\u0131z\u0131 Avcunuzun \u0130\u00e7ine Al\u0131n (Mobilite) <\/span><\/strong><br \/>\nDISIS size veri sa\u011flamaktan fazlas\u0131n\u0131 yapar, verileri i\u015fleyerek, makine, robot ve \u00fcretim sistemlerinin ya\u015famsal d\u00f6ng\u00fcs\u00fcn\u00fc izler ve \u00f6mr\u00fcn\u00fc artt\u0131r\u0131r. Tek bir yaz\u0131l\u0131m ile birden fazla noktay\u0131 takip etmenize olanak tan\u0131r. MES gibi 3. parti \u00fcretim y\u00f6netimi yaz\u0131l\u0131mlar\u0131 ile entegre olarak \u00e7al\u0131\u015fabilir.[\/vc_column_text][\/vc_column][\/vc_row]\n","protected":false},"excerpt":{"rendered":"<p>[vc_row][vc_column width=&#8221;1\/3&#8243;][\/vc_column][vc_column width=&#8221;1\/3&#8243;][vc_single_image image=&#8221;5627&#8243;][\/vc_column][vc_column width=&#8221;1\/3&#8243;][\/vc_column][\/vc_row][vc_row][vc_column][\/vc_column][\/vc_row][vc_row][vc_column width=&#8221;1\/4&#8243;][vc_single_image image=&#8221;5609&#8243;][\/vc_column][vc_column width=&#8221;3\/4&#8243;][vc_column_text]Intecro Robotics&#8217;den &#8220;Dijital D\u00f6n\u00fc\u015f\u00fcm&#8221; alan\u0131nda T\u00fcrkiye\u2019nin ilk ve tek \u201c\u00c7ekirdek \u00c7\u00f6z\u00fcm\u00fc\u201d. Fabrikan\u0131zda \u00e7al\u0131\u015fan Robotlar\u0131n\u0131z, Makine ve Donan\u0131mlar\u0131n\u0131z ; Bir hata ile kar\u015f\u0131la\u015ft\u0131\u011f\u0131nda ya da durdu\u011funda cep telefonunuza anl\u0131k bildirim g\u00f6nderse, Yapay Zeka ile&hellip;<\/p>\n","protected":false},"author":1,"featured_media":0,"parent":0,"menu_order":0,"comment_status":"closed","ping_status":"closed","template":"","meta":{"footnotes":""},"class_list":["post-5625","page","type-page","status-publish","hentry","entry","no-media"],"yoast_head":"<!-- This site is optimized with the Yoast SEO plugin v27.1.1 - https:\/\/yoast.com\/product\/yoast-seo-wordpress\/ -->\n<title>DISIS - Intecro Robotics<\/title>\n<meta name=\"robots\" content=\"index, follow, max-snippet:-1, max-image-preview:large, max-video-preview:-1\" \/>\n<link rel=\"canonical\" href=\"https:\/\/intecro.com.tr\/tr\/tr\/disis\/\" \/>\n<meta property=\"og:locale\" content=\"tr_TR\" \/>\n<meta property=\"og:type\" content=\"article\" \/>\n<meta property=\"og:title\" content=\"DISIS - Intecro Robotics\" \/>\n<meta property=\"og:description\" content=\"[vc_row][vc_column width=&#8221;1\/3&#8243;][\/vc_column][vc_column width=&#8221;1\/3&#8243;][vc_single_image image=&#8221;5627&#8243;][\/vc_column][vc_column width=&#8221;1\/3&#8243;][\/vc_column][\/vc_row][vc_row][vc_column][\/vc_column][\/vc_row][vc_row][vc_column width=&#8221;1\/4&#8243;][vc_single_image image=&#8221;5609&#8243;][\/vc_column][vc_column width=&#8221;3\/4&#8243;][vc_column_text]Intecro Robotics&#8217;den &#8220;Dijital D\u00f6n\u00fc\u015f\u00fcm&#8221; alan\u0131nda T\u00fcrkiye\u2019nin ilk ve tek \u201c\u00c7ekirdek \u00c7\u00f6z\u00fcm\u00fc\u201d. Fabrikan\u0131zda \u00e7al\u0131\u015fan Robotlar\u0131n\u0131z, Makine ve Donan\u0131mlar\u0131n\u0131z ; Bir hata ile kar\u015f\u0131la\u015ft\u0131\u011f\u0131nda ya da durdu\u011funda cep telefonunuza anl\u0131k bildirim g\u00f6nderse, Yapay Zeka ile&hellip;\" \/>\n<meta property=\"og:url\" content=\"https:\/\/intecro.com.tr\/tr\/tr\/disis\/\" \/>\n<meta property=\"og:site_name\" content=\"Intecro Robotics\" \/>\n<meta property=\"article:modified_time\" content=\"2019-12-25T00:23:31+00:00\" \/>\n<meta name=\"twitter:card\" content=\"summary_large_image\" \/>\n<meta name=\"twitter:label1\" content=\"Tahmini okuma s\u00fcresi\" \/>\n\t<meta name=\"twitter:data1\" content=\"5 dakika\" \/>\n<script type=\"application\/ld+json\" class=\"yoast-schema-graph\">{\"@context\":\"https:\/\/schema.org\",\"@graph\":[{\"@type\":\"WebPage\",\"@id\":\"https:\/\/intecro.com.tr\/tr\/tr\/disis\/\",\"url\":\"https:\/\/intecro.com.tr\/tr\/tr\/disis\/\",\"name\":\"DISIS - Intecro Robotics\",\"isPartOf\":{\"@id\":\"https:\/\/intecro.com.tr\/tr\/#website\"},\"datePublished\":\"2019-12-25T00:07:43+00:00\",\"dateModified\":\"2019-12-25T00:23:31+00:00\",\"breadcrumb\":{\"@id\":\"https:\/\/intecro.com.tr\/tr\/tr\/disis\/#breadcrumb\"},\"inLanguage\":\"tr\",\"potentialAction\":[{\"@type\":\"ReadAction\",\"target\":[\"https:\/\/intecro.com.tr\/tr\/tr\/disis\/\"]}]},{\"@type\":\"BreadcrumbList\",\"@id\":\"https:\/\/intecro.com.tr\/tr\/tr\/disis\/#breadcrumb\",\"itemListElement\":[{\"@type\":\"ListItem\",\"position\":1,\"name\":\"Anasayfa\",\"item\":\"https:\/\/intecro.com.tr\/tr\/tr\/anasayfa\/\"},{\"@type\":\"ListItem\",\"position\":2,\"name\":\"DISIS\"}]},{\"@type\":\"WebSite\",\"@id\":\"https:\/\/intecro.com.tr\/tr\/#website\",\"url\":\"https:\/\/intecro.com.tr\/tr\/\",\"name\":\"Intecro Robotics\",\"description\":\"More Innovation\",\"publisher\":{\"@id\":\"https:\/\/intecro.com.tr\/tr\/#organization\"},\"potentialAction\":[{\"@type\":\"SearchAction\",\"target\":{\"@type\":\"EntryPoint\",\"urlTemplate\":\"https:\/\/intecro.com.tr\/tr\/?s={search_term_string}\"},\"query-input\":{\"@type\":\"PropertyValueSpecification\",\"valueRequired\":true,\"valueName\":\"search_term_string\"}}],\"inLanguage\":\"tr\"},{\"@type\":\"Organization\",\"@id\":\"https:\/\/intecro.com.tr\/tr\/#organization\",\"name\":\"Intecro Robotics\",\"url\":\"https:\/\/intecro.com.tr\/tr\/\",\"logo\":{\"@type\":\"ImageObject\",\"inLanguage\":\"tr\",\"@id\":\"https:\/\/intecro.com.tr\/tr\/#\/schema\/logo\/image\/\",\"url\":\"https:\/\/intecro.com.tr\/tr\/wp-content\/uploads\/2025\/02\/intecro_yatay-02.png\",\"contentUrl\":\"https:\/\/intecro.com.tr\/tr\/wp-content\/uploads\/2025\/02\/intecro_yatay-02.png\",\"width\":2134,\"height\":467,\"caption\":\"Intecro Robotics\"},\"image\":{\"@id\":\"https:\/\/intecro.com.tr\/tr\/#\/schema\/logo\/image\/\"}}]}<\/script>\n<!-- \/ Yoast SEO plugin. -->","yoast_head_json":{"title":"DISIS - Intecro Robotics","robots":{"index":"index","follow":"follow","max-snippet":"max-snippet:-1","max-image-preview":"max-image-preview:large","max-video-preview":"max-video-preview:-1"},"canonical":"https:\/\/intecro.com.tr\/tr\/tr\/disis\/","og_locale":"tr_TR","og_type":"article","og_title":"DISIS - Intecro Robotics","og_description":"[vc_row][vc_column width=&#8221;1\/3&#8243;][\/vc_column][vc_column width=&#8221;1\/3&#8243;][vc_single_image image=&#8221;5627&#8243;][\/vc_column][vc_column width=&#8221;1\/3&#8243;][\/vc_column][\/vc_row][vc_row][vc_column][\/vc_column][\/vc_row][vc_row][vc_column width=&#8221;1\/4&#8243;][vc_single_image image=&#8221;5609&#8243;][\/vc_column][vc_column width=&#8221;3\/4&#8243;][vc_column_text]Intecro Robotics&#8217;den &#8220;Dijital D\u00f6n\u00fc\u015f\u00fcm&#8221; alan\u0131nda T\u00fcrkiye\u2019nin ilk ve tek \u201c\u00c7ekirdek \u00c7\u00f6z\u00fcm\u00fc\u201d. Fabrikan\u0131zda \u00e7al\u0131\u015fan Robotlar\u0131n\u0131z, Makine ve Donan\u0131mlar\u0131n\u0131z ; Bir hata ile kar\u015f\u0131la\u015ft\u0131\u011f\u0131nda ya da durdu\u011funda cep telefonunuza anl\u0131k bildirim g\u00f6nderse, Yapay Zeka ile&hellip;","og_url":"https:\/\/intecro.com.tr\/tr\/tr\/disis\/","og_site_name":"Intecro Robotics","article_modified_time":"2019-12-25T00:23:31+00:00","twitter_card":"summary_large_image","twitter_misc":{"Tahmini okuma s\u00fcresi":"5 dakika"},"schema":{"@context":"https:\/\/schema.org","@graph":[{"@type":"WebPage","@id":"https:\/\/intecro.com.tr\/tr\/tr\/disis\/","url":"https:\/\/intecro.com.tr\/tr\/tr\/disis\/","name":"DISIS - Intecro Robotics","isPartOf":{"@id":"https:\/\/intecro.com.tr\/tr\/#website"},"datePublished":"2019-12-25T00:07:43+00:00","dateModified":"2019-12-25T00:23:31+00:00","breadcrumb":{"@id":"https:\/\/intecro.com.tr\/tr\/tr\/disis\/#breadcrumb"},"inLanguage":"tr","potentialAction":[{"@type":"ReadAction","target":["https:\/\/intecro.com.tr\/tr\/tr\/disis\/"]}]},{"@type":"BreadcrumbList","@id":"https:\/\/intecro.com.tr\/tr\/tr\/disis\/#breadcrumb","itemListElement":[{"@type":"ListItem","position":1,"name":"Anasayfa","item":"https:\/\/intecro.com.tr\/tr\/tr\/anasayfa\/"},{"@type":"ListItem","position":2,"name":"DISIS"}]},{"@type":"WebSite","@id":"https:\/\/intecro.com.tr\/tr\/#website","url":"https:\/\/intecro.com.tr\/tr\/","name":"Intecro Robotics","description":"More Innovation","publisher":{"@id":"https:\/\/intecro.com.tr\/tr\/#organization"},"potentialAction":[{"@type":"SearchAction","target":{"@type":"EntryPoint","urlTemplate":"https:\/\/intecro.com.tr\/tr\/?s={search_term_string}"},"query-input":{"@type":"PropertyValueSpecification","valueRequired":true,"valueName":"search_term_string"}}],"inLanguage":"tr"},{"@type":"Organization","@id":"https:\/\/intecro.com.tr\/tr\/#organization","name":"Intecro Robotics","url":"https:\/\/intecro.com.tr\/tr\/","logo":{"@type":"ImageObject","inLanguage":"tr","@id":"https:\/\/intecro.com.tr\/tr\/#\/schema\/logo\/image\/","url":"https:\/\/intecro.com.tr\/tr\/wp-content\/uploads\/2025\/02\/intecro_yatay-02.png","contentUrl":"https:\/\/intecro.com.tr\/tr\/wp-content\/uploads\/2025\/02\/intecro_yatay-02.png","width":2134,"height":467,"caption":"Intecro Robotics"},"image":{"@id":"https:\/\/intecro.com.tr\/tr\/#\/schema\/logo\/image\/"}}]}},"_links":{"self":[{"href":"https:\/\/intecro.com.tr\/tr\/wp-json\/wp\/v2\/pages\/5625","targetHints":{"allow":["GET"]}}],"collection":[{"href":"https:\/\/intecro.com.tr\/tr\/wp-json\/wp\/v2\/pages"}],"about":[{"href":"https:\/\/intecro.com.tr\/tr\/wp-json\/wp\/v2\/types\/page"}],"author":[{"embeddable":true,"href":"https:\/\/intecro.com.tr\/tr\/wp-json\/wp\/v2\/users\/1"}],"replies":[{"embeddable":true,"href":"https:\/\/intecro.com.tr\/tr\/wp-json\/wp\/v2\/comments?post=5625"}],"version-history":[{"count":3,"href":"https:\/\/intecro.com.tr\/tr\/wp-json\/wp\/v2\/pages\/5625\/revisions"}],"predecessor-version":[{"id":5629,"href":"https:\/\/intecro.com.tr\/tr\/wp-json\/wp\/v2\/pages\/5625\/revisions\/5629"}],"wp:attachment":[{"href":"https:\/\/intecro.com.tr\/tr\/wp-json\/wp\/v2\/media?parent=5625"}],"curies":[{"name":"wp","href":"https:\/\/api.w.org\/{rel}","templated":true}]}}