{"id":5689,"date":"2019-12-27T23:28:15","date_gmt":"2019-12-27T23:28:15","guid":{"rendered":"https:\/\/intecro.com.tr\/tr\/?page_id=5689"},"modified":"2025-07-07T06:22:21","modified_gmt":"2025-07-07T06:22:21","slug":"teknik-fizibilite","status":"publish","type":"page","link":"https:\/\/intecro.com.tr\/tr\/tr\/teknik-fizibilite\/","title":{"rendered":"Teknik Fizibilite"},"content":{"rendered":"[vc_row][vc_column][vc_single_image image=&#8221;7602&#8243;][\/vc_column][\/vc_row][vc_row][vc_column][vc_column_text]<span style=\"font-weight: 400;\">M\u00fc\u015fterilerimizin i\u015f sahas\u0131nda, INTECRO uzman m\u00fchendislerinin yapt\u0131\u011f\u0131 kapsaml\u0131 inceleme, analiz ve analitik \u00e7al\u0131\u015fmalar ile ideal robotik \u00e7\u00f6z\u00fcm konfig\u00fcrasyonu ve proses tasar\u0131m\u0131n\u0131n belirlendi\u011fi a\u015famad\u0131r.<\/span><\/p>\n<blockquote>\n<p><b><i>Problem \u00e7\u00f6zme evresinin ba\u015flang\u0131c\u0131nda; duyamad\u0131\u011f\u0131n\u0131zdan ve g\u00f6remedi\u011finizden s\u00f6z ediyorsan\u0131z; Fikir payla\u015f\u0131m\u0131, \u00f6l\u00e7\u00fcmleme ve analiz yap\u0131lam\u0131yor demektir. <\/i><\/b><b><i>Y\u0131k\u0131c\u0131 g\u00fcr\u00fclt\u00fcde ve karanl\u0131k bir ortamda i\u015f yapmak da R\u0130SK de\u011fil, d\u00fcped\u00fcz BEL\u0130RS\u0130ZL\u0130KT\u0130R.<br \/>\n<\/i><\/b><b><i>A.Ali \u015eEN<\/i><\/b><\/p>\n<\/blockquote>\n[\/vc_column_text][\/vc_column][\/vc_row][vc_row][vc_column]<div class=\"vcex-module vcex-heading wpex-text-2xl wpex-font-normal wpex-m-auto wpex-max-w-100 vcex-heading-bottom-border-w-color wpex-block wpex-border-b-2 wpex-border-solid wpex-border-gray-200\"><span class=\"vcex-heading-inner wpex-inline-block wpex-clr wpex-relative wpex-pb-5 wpex-border-b-2 wpex-border-solid wpex-border-accent\" style=\"border-color:#f5821f;\">M\u00fc\u015fterilerimizin i\u015f ve teklif talepleri taraf\u0131m\u0131za ula\u015ft\u0131\u011f\u0131nda ;<\/span><\/div>[\/vc_column][\/vc_row][vc_row][vc_column][vc_column_text]\n<ul>\n<li style=\"font-weight: 400;\"><span style=\"font-weight: 400;\">\u00d6ncelikli olarak dinleyici kimli\u011fimiz ile, \u00f6\u011frenerek, \u00f6l\u00e7erek ve de\u011ferlendirerek i\u015fe koyuluyoruz.<\/span><\/li>\n<li style=\"font-weight: 400;\"><span style=\"font-weight: 400;\">Sonra toplad\u0131\u011f\u0131m\u0131z verilerden kestirimli ve kavramsal proses analizleri elde ediyoruz.<\/span><\/li>\n<li style=\"font-weight: 400;\"><span style=\"font-weight: 400;\">M\u00fc\u015fterilerimizle, tedarik\u00e7ilerimiz ile beyin f\u0131rt\u0131nas\u0131 ile yap\u0131yoruz ve analizler ile e\u015fle\u015ftirerek taslak sonu\u00e7lar elde diyoruz.\u00a0<\/span><\/li>\n<li style=\"font-weight: 400;\"><span style=\"font-weight: 400;\">Taslak sonu\u00e7lar\u0131 m\u00fc\u015fterilerimiz ile beyin f\u0131rt\u0131nas\u0131 toplant\u0131lar\u0131nda ele alarak olgun fikirler geli\u015ftiriyoruz,<\/span><\/li>\n<li style=\"font-weight: 400;\"><span style=\"font-weight: 400;\">\u0130\u015fbirli\u011fi i\u00e7inde herkesin ikna oldu\u011fu bir fazda \u00e7\u00f6z\u00fcm konseptini ve konfig\u00fcrasyonu \u00fcretiyoruz,<\/span><\/li>\n<li style=\"font-weight: 400;\"><span style=\"font-weight: 400;\">M\u00fc\u015fterimiz ile payla\u015fmaya haz\u0131r oldu\u011fu anda teknik ve b\u00fct\u00e7esel fizibiliteyi arz ediyoruz.\u00a0<\/span><\/li>\n<li style=\"font-weight: 400;\"><span style=\"font-weight: 400;\">Bir sonraki a\u015fama olan ; sim\u00fclasyon, fiziki demo ve proses do\u011frulama faaliyetlerine ge\u00e7mek \u00fczere planlama yap\u0131p m\u00fc\u015fterilerimiz ile mutabakat sa\u011flayarak ilerliyoruz.<\/span><\/li>\n<\/ul>\n<p><span style=\"font-weight: 400;\">Bu motivasyon ile fizibilite s\u00fcreci ba\u015flang\u0131\u00e7 gibi g\u00f6r\u00fcnse de verilen emek ve \u00e7aba, analitik verinin uzman profesyonellerimizce i\u015flenmesi ve m\u00fc\u015fterilerimizin proses tecr\u00fcbelerinin de eklenmesi ile olgunla\u015fm\u0131\u015f \u00e7\u00f6z\u00fcm geli\u015ftirme a\u015famas\u0131 tamamlanm\u0131\u015f olur.<\/span><span style=\"font-weight: 400;\"><br \/>\n<\/span><span style=\"font-weight: 400;\">Biz bu fizibilite kazan\u0131mlar\u0131na; sonuca giden yol haritas\u0131n\u0131n %100\u2019\u00fc, yap\u0131lacak i\u015fin ise %50\u2019si diyoruz.<\/span><\/p>\n<p><span style=\"font-weight: 400;\">Fizibilite ile ilgili \u0130\u015f\u2019in maliyet analizini, kalite ve \u00fcretim kapasitesini, i\u015f g\u00fcc\u00fc tespitlerini, fonksiyonel y\u00f6nlerini, kabiliyet kazan\u0131mlar\u0131n\u0131, , temin s\u00fcresini, fabrika layout yerle\u015fimini, devreye alma fazlar\u0131n\u0131 \u00f6nemli oranda tasarlam\u0131\u015f oluyoruz.<\/span>[\/vc_column_text][\/vc_column][\/vc_row]\n","protected":false},"excerpt":{"rendered":"<p>[vc_row][vc_column][vc_single_image image=&#8221;7602&#8243;][\/vc_column][\/vc_row][vc_row][vc_column][vc_column_text]M\u00fc\u015fterilerimizin i\u015f sahas\u0131nda, INTECRO uzman m\u00fchendislerinin yapt\u0131\u011f\u0131 kapsaml\u0131 inceleme, analiz ve analitik \u00e7al\u0131\u015fmalar ile ideal robotik \u00e7\u00f6z\u00fcm konfig\u00fcrasyonu ve proses tasar\u0131m\u0131n\u0131n belirlendi\u011fi a\u015famad\u0131r. Problem \u00e7\u00f6zme evresinin ba\u015flang\u0131c\u0131nda; duyamad\u0131\u011f\u0131n\u0131zdan ve g\u00f6remedi\u011finizden s\u00f6z ediyorsan\u0131z; Fikir payla\u015f\u0131m\u0131, \u00f6l\u00e7\u00fcmleme ve analiz yap\u0131lam\u0131yor demektir.&hellip;<\/p>\n","protected":false},"author":1,"featured_media":0,"parent":0,"menu_order":0,"comment_status":"closed","ping_status":"closed","template":"","meta":{"footnotes":""},"class_list":["post-5689","page","type-page","status-publish","hentry","entry","no-media"],"yoast_head":"<!-- This site is optimized with the Yoast SEO plugin v27.5 - https:\/\/yoast.com\/product\/yoast-seo-wordpress\/ -->\n<title>Teknik Fizibilite - Intecro Robotics<\/title>\n<meta name=\"robots\" content=\"index, follow, max-snippet:-1, max-image-preview:large, max-video-preview:-1\" \/>\n<link rel=\"canonical\" href=\"https:\/\/intecro.com.tr\/tr\/tr\/teknik-fizibilite\/\" \/>\n<meta property=\"og:locale\" content=\"tr_TR\" \/>\n<meta property=\"og:type\" content=\"article\" \/>\n<meta property=\"og:title\" content=\"Teknik Fizibilite - Intecro Robotics\" \/>\n<meta property=\"og:description\" content=\"[vc_row][vc_column][vc_single_image image=&#8221;7602&#8243;][\/vc_column][\/vc_row][vc_row][vc_column][vc_column_text]M\u00fc\u015fterilerimizin i\u015f sahas\u0131nda, INTECRO uzman m\u00fchendislerinin yapt\u0131\u011f\u0131 kapsaml\u0131 inceleme, analiz ve analitik \u00e7al\u0131\u015fmalar ile ideal robotik \u00e7\u00f6z\u00fcm konfig\u00fcrasyonu ve proses tasar\u0131m\u0131n\u0131n belirlendi\u011fi a\u015famad\u0131r. Problem \u00e7\u00f6zme evresinin ba\u015flang\u0131c\u0131nda; duyamad\u0131\u011f\u0131n\u0131zdan ve g\u00f6remedi\u011finizden s\u00f6z ediyorsan\u0131z; Fikir payla\u015f\u0131m\u0131, \u00f6l\u00e7\u00fcmleme ve analiz yap\u0131lam\u0131yor demektir.&hellip;\" \/>\n<meta property=\"og:url\" content=\"https:\/\/intecro.com.tr\/tr\/tr\/teknik-fizibilite\/\" \/>\n<meta property=\"og:site_name\" content=\"Intecro Robotics\" \/>\n<meta property=\"article:modified_time\" content=\"2025-07-07T06:22:21+00:00\" \/>\n<meta name=\"twitter:card\" content=\"summary_large_image\" \/>\n<meta name=\"twitter:label1\" content=\"Tahmini okuma s\u00fcresi\" \/>\n\t<meta name=\"twitter:data1\" content=\"2 dakika\" \/>\n<script type=\"application\/ld+json\" class=\"yoast-schema-graph\">{\"@context\":\"https:\\\/\\\/schema.org\",\"@graph\":[{\"@type\":\"WebPage\",\"@id\":\"https:\\\/\\\/intecro.com.tr\\\/tr\\\/tr\\\/teknik-fizibilite\\\/\",\"url\":\"https:\\\/\\\/intecro.com.tr\\\/tr\\\/tr\\\/teknik-fizibilite\\\/\",\"name\":\"Teknik Fizibilite - Intecro Robotics\",\"isPartOf\":{\"@id\":\"https:\\\/\\\/intecro.com.tr\\\/tr\\\/#website\"},\"datePublished\":\"2019-12-27T23:28:15+00:00\",\"dateModified\":\"2025-07-07T06:22:21+00:00\",\"breadcrumb\":{\"@id\":\"https:\\\/\\\/intecro.com.tr\\\/tr\\\/tr\\\/teknik-fizibilite\\\/#breadcrumb\"},\"inLanguage\":\"tr\",\"potentialAction\":[{\"@type\":\"ReadAction\",\"target\":[\"https:\\\/\\\/intecro.com.tr\\\/tr\\\/tr\\\/teknik-fizibilite\\\/\"]}]},{\"@type\":\"BreadcrumbList\",\"@id\":\"https:\\\/\\\/intecro.com.tr\\\/tr\\\/tr\\\/teknik-fizibilite\\\/#breadcrumb\",\"itemListElement\":[{\"@type\":\"ListItem\",\"position\":1,\"name\":\"Anasayfa\",\"item\":\"https:\\\/\\\/intecro.com.tr\\\/tr\\\/tr\\\/anasayfa\\\/\"},{\"@type\":\"ListItem\",\"position\":2,\"name\":\"Teknik Fizibilite\"}]},{\"@type\":\"WebSite\",\"@id\":\"https:\\\/\\\/intecro.com.tr\\\/tr\\\/#website\",\"url\":\"https:\\\/\\\/intecro.com.tr\\\/tr\\\/\",\"name\":\"Intecro Robotics\",\"description\":\"More Innovation\",\"publisher\":{\"@id\":\"https:\\\/\\\/intecro.com.tr\\\/tr\\\/#organization\"},\"potentialAction\":[{\"@type\":\"SearchAction\",\"target\":{\"@type\":\"EntryPoint\",\"urlTemplate\":\"https:\\\/\\\/intecro.com.tr\\\/tr\\\/?s={search_term_string}\"},\"query-input\":{\"@type\":\"PropertyValueSpecification\",\"valueRequired\":true,\"valueName\":\"search_term_string\"}}],\"inLanguage\":\"tr\"},{\"@type\":\"Organization\",\"@id\":\"https:\\\/\\\/intecro.com.tr\\\/tr\\\/#organization\",\"name\":\"Intecro Robotics\",\"url\":\"https:\\\/\\\/intecro.com.tr\\\/tr\\\/\",\"logo\":{\"@type\":\"ImageObject\",\"inLanguage\":\"tr\",\"@id\":\"https:\\\/\\\/intecro.com.tr\\\/tr\\\/#\\\/schema\\\/logo\\\/image\\\/\",\"url\":\"https:\\\/\\\/intecro.com.tr\\\/tr\\\/wp-content\\\/uploads\\\/2025\\\/02\\\/intecro_yatay-02.png\",\"contentUrl\":\"https:\\\/\\\/intecro.com.tr\\\/tr\\\/wp-content\\\/uploads\\\/2025\\\/02\\\/intecro_yatay-02.png\",\"width\":2134,\"height\":467,\"caption\":\"Intecro Robotics\"},\"image\":{\"@id\":\"https:\\\/\\\/intecro.com.tr\\\/tr\\\/#\\\/schema\\\/logo\\\/image\\\/\"}}]}<\/script>\n<!-- \/ Yoast SEO plugin. -->","yoast_head_json":{"title":"Teknik Fizibilite - Intecro Robotics","robots":{"index":"index","follow":"follow","max-snippet":"max-snippet:-1","max-image-preview":"max-image-preview:large","max-video-preview":"max-video-preview:-1"},"canonical":"https:\/\/intecro.com.tr\/tr\/tr\/teknik-fizibilite\/","og_locale":"tr_TR","og_type":"article","og_title":"Teknik Fizibilite - Intecro Robotics","og_description":"[vc_row][vc_column][vc_single_image image=&#8221;7602&#8243;][\/vc_column][\/vc_row][vc_row][vc_column][vc_column_text]M\u00fc\u015fterilerimizin i\u015f sahas\u0131nda, INTECRO uzman m\u00fchendislerinin yapt\u0131\u011f\u0131 kapsaml\u0131 inceleme, analiz ve analitik \u00e7al\u0131\u015fmalar ile ideal robotik \u00e7\u00f6z\u00fcm konfig\u00fcrasyonu ve proses tasar\u0131m\u0131n\u0131n belirlendi\u011fi a\u015famad\u0131r. Problem \u00e7\u00f6zme evresinin ba\u015flang\u0131c\u0131nda; duyamad\u0131\u011f\u0131n\u0131zdan ve g\u00f6remedi\u011finizden s\u00f6z ediyorsan\u0131z; Fikir payla\u015f\u0131m\u0131, \u00f6l\u00e7\u00fcmleme ve analiz yap\u0131lam\u0131yor demektir.&hellip;","og_url":"https:\/\/intecro.com.tr\/tr\/tr\/teknik-fizibilite\/","og_site_name":"Intecro Robotics","article_modified_time":"2025-07-07T06:22:21+00:00","twitter_card":"summary_large_image","twitter_misc":{"Tahmini okuma s\u00fcresi":"2 dakika"},"schema":{"@context":"https:\/\/schema.org","@graph":[{"@type":"WebPage","@id":"https:\/\/intecro.com.tr\/tr\/tr\/teknik-fizibilite\/","url":"https:\/\/intecro.com.tr\/tr\/tr\/teknik-fizibilite\/","name":"Teknik Fizibilite - Intecro Robotics","isPartOf":{"@id":"https:\/\/intecro.com.tr\/tr\/#website"},"datePublished":"2019-12-27T23:28:15+00:00","dateModified":"2025-07-07T06:22:21+00:00","breadcrumb":{"@id":"https:\/\/intecro.com.tr\/tr\/tr\/teknik-fizibilite\/#breadcrumb"},"inLanguage":"tr","potentialAction":[{"@type":"ReadAction","target":["https:\/\/intecro.com.tr\/tr\/tr\/teknik-fizibilite\/"]}]},{"@type":"BreadcrumbList","@id":"https:\/\/intecro.com.tr\/tr\/tr\/teknik-fizibilite\/#breadcrumb","itemListElement":[{"@type":"ListItem","position":1,"name":"Anasayfa","item":"https:\/\/intecro.com.tr\/tr\/tr\/anasayfa\/"},{"@type":"ListItem","position":2,"name":"Teknik Fizibilite"}]},{"@type":"WebSite","@id":"https:\/\/intecro.com.tr\/tr\/#website","url":"https:\/\/intecro.com.tr\/tr\/","name":"Intecro Robotics","description":"More Innovation","publisher":{"@id":"https:\/\/intecro.com.tr\/tr\/#organization"},"potentialAction":[{"@type":"SearchAction","target":{"@type":"EntryPoint","urlTemplate":"https:\/\/intecro.com.tr\/tr\/?s={search_term_string}"},"query-input":{"@type":"PropertyValueSpecification","valueRequired":true,"valueName":"search_term_string"}}],"inLanguage":"tr"},{"@type":"Organization","@id":"https:\/\/intecro.com.tr\/tr\/#organization","name":"Intecro Robotics","url":"https:\/\/intecro.com.tr\/tr\/","logo":{"@type":"ImageObject","inLanguage":"tr","@id":"https:\/\/intecro.com.tr\/tr\/#\/schema\/logo\/image\/","url":"https:\/\/intecro.com.tr\/tr\/wp-content\/uploads\/2025\/02\/intecro_yatay-02.png","contentUrl":"https:\/\/intecro.com.tr\/tr\/wp-content\/uploads\/2025\/02\/intecro_yatay-02.png","width":2134,"height":467,"caption":"Intecro Robotics"},"image":{"@id":"https:\/\/intecro.com.tr\/tr\/#\/schema\/logo\/image\/"}}]}},"_links":{"self":[{"href":"https:\/\/intecro.com.tr\/tr\/wp-json\/wp\/v2\/pages\/5689","targetHints":{"allow":["GET"]}}],"collection":[{"href":"https:\/\/intecro.com.tr\/tr\/wp-json\/wp\/v2\/pages"}],"about":[{"href":"https:\/\/intecro.com.tr\/tr\/wp-json\/wp\/v2\/types\/page"}],"author":[{"embeddable":true,"href":"https:\/\/intecro.com.tr\/tr\/wp-json\/wp\/v2\/users\/1"}],"replies":[{"embeddable":true,"href":"https:\/\/intecro.com.tr\/tr\/wp-json\/wp\/v2\/comments?post=5689"}],"version-history":[{"count":8,"href":"https:\/\/intecro.com.tr\/tr\/wp-json\/wp\/v2\/pages\/5689\/revisions"}],"predecessor-version":[{"id":7603,"href":"https:\/\/intecro.com.tr\/tr\/wp-json\/wp\/v2\/pages\/5689\/revisions\/7603"}],"wp:attachment":[{"href":"https:\/\/intecro.com.tr\/tr\/wp-json\/wp\/v2\/media?parent=5689"}],"curies":[{"name":"wp","href":"https:\/\/api.w.org\/{rel}","templated":true}]}}