{"id":5693,"date":"2019-12-28T00:59:03","date_gmt":"2019-12-28T00:59:03","guid":{"rendered":"https:\/\/intecro.com.tr\/tr\/?page_id=5693"},"modified":"2025-07-07T06:22:42","modified_gmt":"2025-07-07T06:22:42","slug":"simulasyon-ve-analizler","status":"publish","type":"page","link":"https:\/\/intecro.com.tr\/tr\/tr\/simulasyon-ve-analizler\/","title":{"rendered":"Sim\u00fclasyon ve Analizler"},"content":{"rendered":"[vc_row][vc_column][vc_single_image image=&#8221;7604&#8243;][\/vc_column][\/vc_row][vc_row][vc_column]<div class=\"vcex-module vcex-heading wpex-text-2xl wpex-font-normal wpex-m-auto wpex-max-w-100 vcex-heading-bottom-border-w-color wpex-block wpex-border-b-2 wpex-border-solid wpex-border-gray-200\"><span class=\"vcex-heading-inner wpex-inline-block wpex-clr wpex-relative wpex-pb-5 wpex-border-b-2 wpex-border-solid wpex-border-accent\" style=\"border-color:#f5821f;\">Analiz Faaliyetleri<\/span><\/div>[\/vc_column][\/vc_row][vc_row][vc_column][vc_column_text]<span style=\"font-weight: 400;\">Tekliflendirme a\u015famas\u0131ndan nihai a\u015famaya kadar geli\u015fen proje s\u00fcrecinde, yapt\u0131\u011f\u0131m\u0131z t\u00fcm sim\u00fclasyon \u00e7al\u0131\u015fmalar\u0131n\u0131 m\u00fc\u015fterilerimiz ile payla\u015farak, m\u00fc\u015fterilerimizin s\u00fcrekli g\u00f6r\u00fc\u015f ve d\u00fc\u015f\u00fcncelerini almak, proje y\u00f6netimi anlay\u0131\u015f\u0131m\u0131z i\u00e7inde \u00f6nemli bir yer te\u015fkil etmektedir.<br \/>\n<\/span><span style=\"font-weight: 400;\">Firmam\u0131zda proje \u00e7al\u0131\u015fmalar\u0131 i\u00e7inde ; Gerek olmas\u0131 halinde m\u00fc\u015fterilerimizin \u00f6zel istekleri do\u011frultusunda analizler 2 a\u015famada ele al\u0131nmaktad\u0131r.\u00a0<\/span><\/p>\n<ol>\n<li style=\"font-weight: 400;\"><span style=\"font-weight: 400;\">Teknik Analiz Do\u011frulama Raporlar\u0131 a\u015fa\u011f\u0131daki unsurlardan olu\u015fmaktad\u0131r :<br \/>\n<\/span>Sim\u00fclasyon ile \u00e7evrim zaman\u0131, \u00e7arp\u0131\u015fma testleri, eri\u015fim, kinematik ve eksenel oryantasyon, tekillik (singularity), programlama validasyonu, limitasyon gibi konular\u0131n analizi,<br \/>\nRobot sisteminin ihtiyaca uygun olarak tasarlanm\u0131\u015f matematiksel \u00e7al\u0131\u015fma verilerinin analizi,<br \/>\nUluslararas\u0131 standartlara uyumluluk analizi,<br \/>\nTeknik \u015fartnamenin yaz\u0131lmas\u0131,<br \/>\nProses gereksinimlerinin ve metal\u00fcrjik verilerin deneysel olarak belirlenmesi,<br \/>\nYat\u0131r\u0131m\u0131n ger\u00e7ekle\u015fece\u011fi yerin statik uygunluk analizleri<br \/>\nSistem konfig\u00fcrasyonuna ait geometrik analizler<\/li>\n<li style=\"font-weight: 400;\"><span style=\"font-weight: 400;\">Ticari Analiz ve S\u00fcrd\u00fcr\u00fclebilirlik Raporlar\u0131 a\u015fa\u011f\u0131daki unsurlardan olu\u015fmaktad\u0131r :<br \/>\n<\/span>Yat\u0131r\u0131m SWOT analizler, yat\u0131r\u0131m izlem analizleri, ROI analizleri rapor olarak haz\u0131rlan\u0131r<\/li>\n<\/ol>\n<blockquote>\n<p><b><i>Benzetim (sim\u00fclasyon) yapmak bir ortam\u0131 kaplayan hava gibidir, e\u015fya ve do\u011fal dinamikler alt\u0131nda i\u015fleyen bir mekanizma gibidir. Ancak t\u00fcm bu mekanizmalar\u0131 o an, o ortamda m\u00fcmk\u00fcn k\u0131lan \u015fey hayallerdir (tasvir, tasavvur), zira t\u00fcm bu mekanizmalar\u0131n i\u015fgal etti\u011fi kozmo hayaller ile olu\u015fur ve geni\u015fler.<br \/>\n<\/i><\/b><b><i>A.Ali \u015eEN<\/i><\/b><\/p>\n<\/blockquote>\n[\/vc_column_text][\/vc_column][\/vc_row][vc_row][vc_column]<div class=\"vcex-module vcex-heading wpex-text-2xl wpex-font-normal wpex-m-auto wpex-max-w-100 vcex-heading-bottom-border-w-color wpex-block wpex-border-b-2 wpex-border-solid wpex-border-gray-200\"><span class=\"vcex-heading-inner wpex-inline-block wpex-clr wpex-relative wpex-pb-5 wpex-border-b-2 wpex-border-solid wpex-border-accent\" style=\"border-color:#f5821f;\">Sim\u00fclasyon Faaliyetleri<\/span><\/div>[\/vc_column][\/vc_row][vc_row][vc_column][vc_column_text]\n<ul>\n<li style=\"font-weight: 400;\"><span style=\"font-weight: 400;\">M\u00fc\u015fterilerimizi \u00fcretim teknolojisini tasarlarken, \u00f6zel makine, hat, sistem, komple tesis, end\u00fcstriyel robotlu h\u00fccre, kal\u0131p, fikst\u00fcr, EOAT ve proses operant\u0131 vb. gibi de\u011fi\u015fkenleri g\u00f6z \u00f6n\u00fcne alarak ortaya \u00e7\u0131kan \u00e7\u00f6z\u00fcm konseptini sanal olarak s\u0131namaya tabi tutuyoruz. %90-95 benzerlikte analiz hizmeti olarak m\u00fc\u015fterilerimize raporluyoruz.<\/span><\/li>\n<li style=\"font-weight: 400;\"><span style=\"font-weight: 400;\">Robotik, mekatronik ve otomasyona dayal\u0131 olan terzi usul\u00fc \u00fcretim teknolojilerinin tasar\u0131m\u0131nda mod\u00fcler yada \u00f6zelle\u015ftirilmi\u015f \u00e7\u00f6z\u00fcm konseptleri, sim\u00fclasyon ve analizler ile de\u011ferlendirilmelidir.\u00a0<\/span><\/li>\n<li style=\"font-weight: 400;\"><span style=\"font-weight: 400;\">Bu sayede hen\u00fcz yat\u0131r\u0131m s\u00fcrecinin en ba\u015f\u0131nda \u201cplanlama ve rol belirleme a\u015famas\u0131nda\u201d ileride kar\u015f\u0131la\u015f\u0131labilecek nitelikte ki olas\u0131 yanl\u0131\u015fl\u0131klar bertaraf edilerek, ya\u015fanabilecek bir tak\u0131m mali kay\u0131plar\u0131n \u00f6n\u00fcne ge\u00e7mek m\u00fcmk\u00fcn olacakt\u0131r.\u00a0<\/span><\/li>\n<li style=\"font-weight: 400;\"><span style=\"font-weight: 400;\">Y\u0131llardan beri m\u00fc\u015fterilerimize do\u011fru ve sa\u011fl\u0131kl\u0131 veriler \u0131\u015f\u0131\u011f\u0131nda sistem entegrasyonu taahh\u00fcd\u00fc sa\u011flamak, robotik hatlar\u0131n belirlenmesinde, donan\u0131m ve yaz\u0131l\u0131mlar\u0131n se\u00e7iminde objektif kararlar verebilmek ad\u0131na, sim\u00fclasyon yapmak firmam\u0131z i\u00e7in \u00f6nemli bir y\u00f6ntemsel al\u0131\u015fkanl\u0131k haline gelmi\u015ftir.\u00a0<\/span><\/li>\n<li style=\"font-weight: 400;\"><span style=\"font-weight: 400;\">Bu nedenle firmam\u0131z ve m\u00fc\u015fterilerimiz, sim\u00fclasyon i\u00e7in ayr\u0131lan maliyeti, zaman\u0131 ve i\u015fg\u00fcc\u00fcn\u00fc daima kazan\u0131m olarak alg\u0131lamaktad\u0131r.<\/span><\/li>\n<\/ul>\n<p><span style=\"font-weight: 400;\">Firmam\u0131z m\u00fchendis kadrosu, profesyonel bir sim\u00fclasyon uygulamas\u0131ndan elde edilebilecek t\u00fcm \u00e7\u0131kt\u0131lar\u0131, \u00f6n g\u00f6r\u00fclerin \u00e7ok \u00f6tesinde ger\u00e7ekli\u011fe yak\u0131n bir yere ta\u015f\u0131may\u0131 hedefleyerek \u00e7al\u0131\u015fmaktad\u0131r.<\/span>[\/vc_column_text][\/vc_column][\/vc_row]\n","protected":false},"excerpt":{"rendered":"<p>[vc_row][vc_column][vc_single_image image=&#8221;7604&#8243;][\/vc_column][\/vc_row][vc_row][vc_column][\/vc_column][\/vc_row][vc_row][vc_column][vc_column_text]Tekliflendirme a\u015famas\u0131ndan nihai a\u015famaya kadar geli\u015fen proje s\u00fcrecinde, yapt\u0131\u011f\u0131m\u0131z t\u00fcm sim\u00fclasyon \u00e7al\u0131\u015fmalar\u0131n\u0131 m\u00fc\u015fterilerimiz ile payla\u015farak, m\u00fc\u015fterilerimizin s\u00fcrekli g\u00f6r\u00fc\u015f ve d\u00fc\u015f\u00fcncelerini almak, proje y\u00f6netimi anlay\u0131\u015f\u0131m\u0131z i\u00e7inde \u00f6nemli bir yer te\u015fkil etmektedir. Firmam\u0131zda proje \u00e7al\u0131\u015fmalar\u0131 i\u00e7inde ; Gerek olmas\u0131 halinde m\u00fc\u015fterilerimizin&hellip;<\/p>\n","protected":false},"author":1,"featured_media":0,"parent":0,"menu_order":0,"comment_status":"closed","ping_status":"closed","template":"","meta":{"footnotes":""},"class_list":["post-5693","page","type-page","status-publish","hentry","entry","no-media"],"yoast_head":"<!-- This site is optimized with the Yoast SEO plugin v27.5 - https:\/\/yoast.com\/product\/yoast-seo-wordpress\/ -->\n<title>Sim\u00fclasyon ve Analizler - Intecro Robotics<\/title>\n<meta name=\"robots\" content=\"index, follow, max-snippet:-1, max-image-preview:large, max-video-preview:-1\" \/>\n<link rel=\"canonical\" href=\"https:\/\/intecro.com.tr\/tr\/tr\/simulasyon-ve-analizler\/\" \/>\n<meta property=\"og:locale\" content=\"tr_TR\" \/>\n<meta property=\"og:type\" content=\"article\" \/>\n<meta property=\"og:title\" content=\"Sim\u00fclasyon ve Analizler - Intecro Robotics\" \/>\n<meta property=\"og:description\" content=\"[vc_row][vc_column][vc_single_image image=&#8221;7604&#8243;][\/vc_column][\/vc_row][vc_row][vc_column][\/vc_column][\/vc_row][vc_row][vc_column][vc_column_text]Tekliflendirme a\u015famas\u0131ndan nihai a\u015famaya kadar geli\u015fen proje s\u00fcrecinde, yapt\u0131\u011f\u0131m\u0131z t\u00fcm sim\u00fclasyon \u00e7al\u0131\u015fmalar\u0131n\u0131 m\u00fc\u015fterilerimiz ile payla\u015farak, m\u00fc\u015fterilerimizin s\u00fcrekli g\u00f6r\u00fc\u015f ve d\u00fc\u015f\u00fcncelerini almak, proje y\u00f6netimi anlay\u0131\u015f\u0131m\u0131z i\u00e7inde \u00f6nemli bir yer te\u015fkil etmektedir. Firmam\u0131zda proje \u00e7al\u0131\u015fmalar\u0131 i\u00e7inde ; Gerek olmas\u0131 halinde m\u00fc\u015fterilerimizin&hellip;\" \/>\n<meta property=\"og:url\" content=\"https:\/\/intecro.com.tr\/tr\/tr\/simulasyon-ve-analizler\/\" \/>\n<meta property=\"og:site_name\" content=\"Intecro Robotics\" \/>\n<meta property=\"article:modified_time\" content=\"2025-07-07T06:22:42+00:00\" \/>\n<meta name=\"twitter:card\" content=\"summary_large_image\" \/>\n<meta name=\"twitter:label1\" content=\"Tahmini okuma s\u00fcresi\" \/>\n\t<meta name=\"twitter:data1\" content=\"3 dakika\" \/>\n<script type=\"application\/ld+json\" class=\"yoast-schema-graph\">{\"@context\":\"https:\\\/\\\/schema.org\",\"@graph\":[{\"@type\":\"WebPage\",\"@id\":\"https:\\\/\\\/intecro.com.tr\\\/tr\\\/tr\\\/simulasyon-ve-analizler\\\/\",\"url\":\"https:\\\/\\\/intecro.com.tr\\\/tr\\\/tr\\\/simulasyon-ve-analizler\\\/\",\"name\":\"Sim\u00fclasyon ve Analizler - Intecro Robotics\",\"isPartOf\":{\"@id\":\"https:\\\/\\\/intecro.com.tr\\\/tr\\\/#website\"},\"datePublished\":\"2019-12-28T00:59:03+00:00\",\"dateModified\":\"2025-07-07T06:22:42+00:00\",\"breadcrumb\":{\"@id\":\"https:\\\/\\\/intecro.com.tr\\\/tr\\\/tr\\\/simulasyon-ve-analizler\\\/#breadcrumb\"},\"inLanguage\":\"tr\",\"potentialAction\":[{\"@type\":\"ReadAction\",\"target\":[\"https:\\\/\\\/intecro.com.tr\\\/tr\\\/tr\\\/simulasyon-ve-analizler\\\/\"]}]},{\"@type\":\"BreadcrumbList\",\"@id\":\"https:\\\/\\\/intecro.com.tr\\\/tr\\\/tr\\\/simulasyon-ve-analizler\\\/#breadcrumb\",\"itemListElement\":[{\"@type\":\"ListItem\",\"position\":1,\"name\":\"Anasayfa\",\"item\":\"https:\\\/\\\/intecro.com.tr\\\/tr\\\/tr\\\/anasayfa\\\/\"},{\"@type\":\"ListItem\",\"position\":2,\"name\":\"Sim\u00fclasyon ve Analizler\"}]},{\"@type\":\"WebSite\",\"@id\":\"https:\\\/\\\/intecro.com.tr\\\/tr\\\/#website\",\"url\":\"https:\\\/\\\/intecro.com.tr\\\/tr\\\/\",\"name\":\"Intecro Robotics\",\"description\":\"More Innovation\",\"publisher\":{\"@id\":\"https:\\\/\\\/intecro.com.tr\\\/tr\\\/#organization\"},\"potentialAction\":[{\"@type\":\"SearchAction\",\"target\":{\"@type\":\"EntryPoint\",\"urlTemplate\":\"https:\\\/\\\/intecro.com.tr\\\/tr\\\/?s={search_term_string}\"},\"query-input\":{\"@type\":\"PropertyValueSpecification\",\"valueRequired\":true,\"valueName\":\"search_term_string\"}}],\"inLanguage\":\"tr\"},{\"@type\":\"Organization\",\"@id\":\"https:\\\/\\\/intecro.com.tr\\\/tr\\\/#organization\",\"name\":\"Intecro Robotics\",\"url\":\"https:\\\/\\\/intecro.com.tr\\\/tr\\\/\",\"logo\":{\"@type\":\"ImageObject\",\"inLanguage\":\"tr\",\"@id\":\"https:\\\/\\\/intecro.com.tr\\\/tr\\\/#\\\/schema\\\/logo\\\/image\\\/\",\"url\":\"https:\\\/\\\/intecro.com.tr\\\/tr\\\/wp-content\\\/uploads\\\/2025\\\/02\\\/intecro_yatay-02.png\",\"contentUrl\":\"https:\\\/\\\/intecro.com.tr\\\/tr\\\/wp-content\\\/uploads\\\/2025\\\/02\\\/intecro_yatay-02.png\",\"width\":2134,\"height\":467,\"caption\":\"Intecro Robotics\"},\"image\":{\"@id\":\"https:\\\/\\\/intecro.com.tr\\\/tr\\\/#\\\/schema\\\/logo\\\/image\\\/\"}}]}<\/script>\n<!-- \/ Yoast SEO plugin. -->","yoast_head_json":{"title":"Sim\u00fclasyon ve Analizler - Intecro Robotics","robots":{"index":"index","follow":"follow","max-snippet":"max-snippet:-1","max-image-preview":"max-image-preview:large","max-video-preview":"max-video-preview:-1"},"canonical":"https:\/\/intecro.com.tr\/tr\/tr\/simulasyon-ve-analizler\/","og_locale":"tr_TR","og_type":"article","og_title":"Sim\u00fclasyon ve Analizler - Intecro Robotics","og_description":"[vc_row][vc_column][vc_single_image image=&#8221;7604&#8243;][\/vc_column][\/vc_row][vc_row][vc_column][\/vc_column][\/vc_row][vc_row][vc_column][vc_column_text]Tekliflendirme a\u015famas\u0131ndan nihai a\u015famaya kadar geli\u015fen proje s\u00fcrecinde, yapt\u0131\u011f\u0131m\u0131z t\u00fcm sim\u00fclasyon \u00e7al\u0131\u015fmalar\u0131n\u0131 m\u00fc\u015fterilerimiz ile payla\u015farak, m\u00fc\u015fterilerimizin s\u00fcrekli g\u00f6r\u00fc\u015f ve d\u00fc\u015f\u00fcncelerini almak, proje y\u00f6netimi anlay\u0131\u015f\u0131m\u0131z i\u00e7inde \u00f6nemli bir yer te\u015fkil etmektedir. Firmam\u0131zda proje \u00e7al\u0131\u015fmalar\u0131 i\u00e7inde ; Gerek olmas\u0131 halinde m\u00fc\u015fterilerimizin&hellip;","og_url":"https:\/\/intecro.com.tr\/tr\/tr\/simulasyon-ve-analizler\/","og_site_name":"Intecro Robotics","article_modified_time":"2025-07-07T06:22:42+00:00","twitter_card":"summary_large_image","twitter_misc":{"Tahmini okuma s\u00fcresi":"3 dakika"},"schema":{"@context":"https:\/\/schema.org","@graph":[{"@type":"WebPage","@id":"https:\/\/intecro.com.tr\/tr\/tr\/simulasyon-ve-analizler\/","url":"https:\/\/intecro.com.tr\/tr\/tr\/simulasyon-ve-analizler\/","name":"Sim\u00fclasyon ve Analizler - Intecro Robotics","isPartOf":{"@id":"https:\/\/intecro.com.tr\/tr\/#website"},"datePublished":"2019-12-28T00:59:03+00:00","dateModified":"2025-07-07T06:22:42+00:00","breadcrumb":{"@id":"https:\/\/intecro.com.tr\/tr\/tr\/simulasyon-ve-analizler\/#breadcrumb"},"inLanguage":"tr","potentialAction":[{"@type":"ReadAction","target":["https:\/\/intecro.com.tr\/tr\/tr\/simulasyon-ve-analizler\/"]}]},{"@type":"BreadcrumbList","@id":"https:\/\/intecro.com.tr\/tr\/tr\/simulasyon-ve-analizler\/#breadcrumb","itemListElement":[{"@type":"ListItem","position":1,"name":"Anasayfa","item":"https:\/\/intecro.com.tr\/tr\/tr\/anasayfa\/"},{"@type":"ListItem","position":2,"name":"Sim\u00fclasyon ve Analizler"}]},{"@type":"WebSite","@id":"https:\/\/intecro.com.tr\/tr\/#website","url":"https:\/\/intecro.com.tr\/tr\/","name":"Intecro Robotics","description":"More Innovation","publisher":{"@id":"https:\/\/intecro.com.tr\/tr\/#organization"},"potentialAction":[{"@type":"SearchAction","target":{"@type":"EntryPoint","urlTemplate":"https:\/\/intecro.com.tr\/tr\/?s={search_term_string}"},"query-input":{"@type":"PropertyValueSpecification","valueRequired":true,"valueName":"search_term_string"}}],"inLanguage":"tr"},{"@type":"Organization","@id":"https:\/\/intecro.com.tr\/tr\/#organization","name":"Intecro Robotics","url":"https:\/\/intecro.com.tr\/tr\/","logo":{"@type":"ImageObject","inLanguage":"tr","@id":"https:\/\/intecro.com.tr\/tr\/#\/schema\/logo\/image\/","url":"https:\/\/intecro.com.tr\/tr\/wp-content\/uploads\/2025\/02\/intecro_yatay-02.png","contentUrl":"https:\/\/intecro.com.tr\/tr\/wp-content\/uploads\/2025\/02\/intecro_yatay-02.png","width":2134,"height":467,"caption":"Intecro Robotics"},"image":{"@id":"https:\/\/intecro.com.tr\/tr\/#\/schema\/logo\/image\/"}}]}},"_links":{"self":[{"href":"https:\/\/intecro.com.tr\/tr\/wp-json\/wp\/v2\/pages\/5693","targetHints":{"allow":["GET"]}}],"collection":[{"href":"https:\/\/intecro.com.tr\/tr\/wp-json\/wp\/v2\/pages"}],"about":[{"href":"https:\/\/intecro.com.tr\/tr\/wp-json\/wp\/v2\/types\/page"}],"author":[{"embeddable":true,"href":"https:\/\/intecro.com.tr\/tr\/wp-json\/wp\/v2\/users\/1"}],"replies":[{"embeddable":true,"href":"https:\/\/intecro.com.tr\/tr\/wp-json\/wp\/v2\/comments?post=5693"}],"version-history":[{"count":4,"href":"https:\/\/intecro.com.tr\/tr\/wp-json\/wp\/v2\/pages\/5693\/revisions"}],"predecessor-version":[{"id":7605,"href":"https:\/\/intecro.com.tr\/tr\/wp-json\/wp\/v2\/pages\/5693\/revisions\/7605"}],"wp:attachment":[{"href":"https:\/\/intecro.com.tr\/tr\/wp-json\/wp\/v2\/media?parent=5693"}],"curies":[{"name":"wp","href":"https:\/\/api.w.org\/{rel}","templated":true}]}}