{"id":5697,"date":"2019-12-28T01:03:39","date_gmt":"2019-12-28T01:03:39","guid":{"rendered":"https:\/\/intecro.com.tr\/tr\/?page_id=5697"},"modified":"2025-07-07T06:25:13","modified_gmt":"2025-07-07T06:25:13","slug":"tasarim-ve-projelendirme","status":"publish","type":"page","link":"https:\/\/intecro.com.tr\/tr\/tr\/tasarim-ve-projelendirme\/","title":{"rendered":"Tasar\u0131m ve Projelendirme"},"content":{"rendered":"[vc_row][vc_column][vc_single_image image=&#8221;7612&#8243;][\/vc_column][\/vc_row][vc_row][vc_column]<div class=\"vcex-module vcex-heading wpex-text-2xl wpex-font-normal wpex-m-auto wpex-max-w-100 vcex-heading-bottom-border-w-color wpex-block wpex-border-b-2 wpex-border-solid wpex-border-gray-200\"><span class=\"vcex-heading-inner wpex-inline-block wpex-clr wpex-relative wpex-pb-5 wpex-border-b-2 wpex-border-solid wpex-border-accent\" style=\"border-color:#f5821f;\">Tasar\u0131m ve Proje Y\u00f6netimi<\/span><\/div>[vc_column_text]<span style=\"font-weight: 400;\">Bir sipari\u015fin al\u0131nmas\u0131 ile birlikte , sipari\u015f numaras\u0131 olu\u015fturulduktan hemen sonra, proje, tasar\u0131m, yaz\u0131l\u0131m ve di\u011fer m\u00fchendislik s\u00fcre\u00e7leri temel olarak a\u015fa\u011f\u0131daki nitelikte planlan\u0131r ;<\/span><\/p>\n<ul>\n<li style=\"font-weight: 400;\"><span style=\"font-weight: 400;\">Sipari\u015f a\u015famas\u0131ndan sonra sat\u0131\u015f bilgilendirme toplant\u0131s\u0131 ile Intecro g\u00f6rev g\u00fcc\u00fc olu\u015fturulur.<\/span><\/li>\n<li style=\"font-weight: 400;\"><span style=\"font-weight: 400;\">\u0130lgili sat\u0131\u015f s\u00fcrecinin t\u00fcm teknik ve ticari ko\u015fullar\u0131 INTECRO i\u00e7inde bir kick-off toplant\u0131s\u0131 ile ; Proje, Sat\u0131nalma, Finans, Teknik ve \u00dcretim B\u00f6l\u00fcmlerinin y\u00f6neticileri ve ekiplerine payla\u015f\u0131l\u0131r.<\/span><\/li>\n<li style=\"font-weight: 400;\"><span style=\"font-weight: 400;\">Bu a\u015famada m\u00fc\u015fterimizin sipari\u015fini y\u00f6netmek ve her t\u00fcrden koordinasyonu sa\u011flamak \u00fczere bir proje sorumlusu tayin edilir.<\/span><\/li>\n<li style=\"font-weight: 400;\"><span style=\"font-weight: 400;\">Bu a\u015famadan sonra m\u00fc\u015fterimizin garanti s\u00fcresi dahil t\u00fcm a\u015famalar\u0131n\u0131 takip edecek bir muhatap olu\u015fturulur.<\/span><\/li>\n<li style=\"font-weight: 400;\"><span style=\"font-weight: 400;\">Bu atama sonras\u0131 faaliyet plan\u0131 olu\u015fturulur ve m\u00fc\u015fterilerimiz ile payla\u015f\u0131l\u0131r.<\/span><span style=\"font-weight: 400;\"><br \/>\n<\/span><span style=\"font-weight: 400;\">M\u00fc\u015fterilerimiz ile ilk toplant\u0131 ger\u00e7ekle\u015fir planlama payla\u015f\u0131l\u0131r, t\u00fcm teknik ve saha incelemeleri tamamlan\u0131r.<\/span><span style=\"font-weight: 400;\"><br \/>\n<\/span><span style=\"font-weight: 400;\">Elektrik, Otomasyon, Elektro-Mekanik, Mekanik, yaz\u0131l\u0131m, robotik programlama ve proses tasar\u0131mlar\u0131 ger\u00e7ekle\u015ftirilmeye ba\u015flan\u0131r.<\/span><\/li>\n<li style=\"font-weight: 400;\"><span style=\"font-weight: 400;\">3D tasar\u0131m ara\u00e7lar\u0131 ( Solidworks ), sim\u00fclasyon (Robotmaster, Roboguide,VisualComponent vb) ve analiz yaz\u0131l\u0131mlar\u0131 (Anysys, Matlab), hat ve tesis projelendirmek \u00fczere PLM yaz\u0131l\u0131mlar\u0131 ile s\u00fcre\u00e7ler ilerletilir.<\/span><\/li>\n<li style=\"font-weight: 400;\"><span style=\"font-weight: 400;\">M\u00fc\u015fterimizin \u00fcretim hatt\u0131, h\u00fccresi veya tesisi tamamen projelendirilir.<\/span><\/li>\n<li style=\"font-weight: 400;\"><span style=\"font-weight: 400;\">Birikmi\u015f \u00e7\u00f6z\u00fcm ve m\u00fchendislik envanterimiz veya k\u00fct\u00fcphanesinden<\/span><\/li>\n<li style=\"font-weight: 400;\"><span style=\"font-weight: 400;\">yararlan\u0131larak m\u00fc\u015fterimizin proje tasar\u0131m\u0131 tamamen i\u015fe \u00f6zg\u00fc hale getirilir.<\/span><\/li>\n<li style=\"font-weight: 400;\"><span style=\"font-weight: 400;\">Proje Y\u00f6netimi ve PDM yaz\u0131l\u0131mlar\u0131 \u00fczerinden ; \u015firketimizde ki tasar\u0131m, otomasyon, robotik gibi Teknik b\u00f6l\u00fcmler, proses m\u00fchendisli\u011fi, proje, sat\u0131nalma, arge ve \u00fcretim gibi b\u00f6l\u00fcmler projenin t\u00fcm a\u015famalar\u0131na dahil edilir.<\/span><\/li>\n<li style=\"font-weight: 400;\"><span style=\"font-weight: 400;\">T\u00fcm s\u00fcre\u00e7ler m\u00fc\u015fterinin onay\u0131 ile nihai a\u015famaya gelir ve tasar\u0131m\u0131n donmas\u0131 (final hale<\/span><\/li>\n<li style=\"font-weight: 400;\"><span style=\"font-weight: 400;\">gelmesi) ile\u00a0 \u00fcretim \/montaj safhas\u0131na ge\u00e7ilir.\u00a0<\/span><\/li>\n<\/ul>\n[\/vc_column_text][\/vc_column][\/vc_row][vc_row][vc_column]<div class=\"vcex-module vcex-heading wpex-text-2xl wpex-font-normal wpex-m-auto wpex-max-w-100 vcex-heading-bottom-border-w-color wpex-block wpex-border-b-2 wpex-border-solid wpex-border-gray-200\"><span class=\"vcex-heading-inner wpex-inline-block wpex-clr wpex-relative wpex-pb-5 wpex-border-b-2 wpex-border-solid wpex-border-accent\" style=\"border-color:#f5821f;\">Daha Fazla...<\/span><\/div>[vc_column_text]\n<ul>\n<li style=\"font-weight: 400;\"><span style=\"font-weight: 400;\">Projede kullan\u0131lacak olan;\u00a0 robotik sistemler, gantry robotlar, robotik pozisyoner ve sliderlar, mig\/mag\/tig kaynak ekipmanlar\u0131, plazma\/lazer kesme ekipmanlar\u0131, lazer\/lazer hibrid kaynak ve cladding sistemleri, eklemeli imalat proses ekipmanlar\u0131, \u00e7e\u015fitli fikst\u00fcr ve aparatlar, kal\u0131plar, robot EOAT ( tutucu multi gripper veya vakum seti ), sisteme ait \u015faseler, konstr\u00fcksiyonlar, robot h\u00fccresi, g\u00fcvenlik kafesi veya bariyerleri, konvey\u00f6r ve ta\u015f\u0131ma sistemleri, \u00f6zel imalat elektromekanik sistemler, di\u011fer nihai aparatlar ( silikon tabancas\u0131, s\u0131kma ve vidalama toolslar\u0131, laser head vs. ) sabit veya hareketli kameral\u0131 yapay g\u00f6rme ve takip sistemi ( vision &amp; tracking systems ), otomasyon i\u00e7in gerekli PLC, kontrol\u00f6r, s\u00fcr\u00fcc\u00fc, motor, red\u00fckt\u00f6r, servo ve pn\u00f6matik gereksinimler, di\u011fer end\u00fcstriyel teknoloji \u00fcr\u00fcnleri t\u00fcm y\u00f6nleri ile analiz edilen sistem konfig\u00fcrasyonu i\u00e7in BOM (Bill of Meterial) list olarak dok\u00fcmante edilir.<\/span><\/li>\n<li style=\"font-weight: 400;\"><span style=\"font-weight: 400;\">Kalite, fonksiyon, fiyat, servis deste\u011fi ve yedek par\u00e7a, yerlilik, teknik destek gibi kriterler dikkate al\u0131narak m\u00fc\u015fterilerimizin bilgisi dahilinde ekipman se\u00e7imleri ger\u00e7ekle\u015ftirilir.\u00a0\u00a0\u00a0\u00a0<\/span><\/li>\n<li style=\"font-weight: 400;\"><span style=\"font-weight: 400;\">Verilecek teklifte, projenin animasyonu veya sim\u00fclasyonu, demonstrasyon \u00e7al\u0131\u015fmas\u0131 ve proje ile ilgili 3 boyutlu ger\u00e7eklikler bir taslak halinde m\u00fc\u015fteriye ayr\u0131ca sunulmaktad\u0131r.<\/span><\/li>\n<\/ul>\n[\/vc_column_text][\/vc_column][\/vc_row][vc_row][vc_column]<div class=\"vcex-module vcex-heading wpex-text-2xl wpex-font-normal wpex-m-auto wpex-max-w-100 vcex-heading-bottom-border-w-color wpex-block wpex-border-b-2 wpex-border-solid wpex-border-gray-200\"><span class=\"vcex-heading-inner wpex-inline-block wpex-clr wpex-relative wpex-pb-5 wpex-border-b-2 wpex-border-solid wpex-border-accent\" style=\"border-color:#f5821f;\">Bu y\u00f6nleri dikkate al\u0131nd\u0131\u011f\u0131nda haz\u0131rlanan bir proje teklifi<\/span><\/div>[vc_column_text]\n<ul>\n<li style=\"font-weight: 400;\"><span style=\"font-weight: 400;\">Proje fizibilitesi, Projelendirme safhas\u0131n\u0131n ilk a\u015famas\u0131 , (\u00d6n tasar\u0131m, teknik \u00e7izimler, yerle\u015fim plan\u0131, sim\u00fclasyon g\u00f6r\u00fcnt\u00fcleri ve say\u0131sal sonu\u00e7lar\u0131, kullan\u0131lacak malzeme \u2013 ekipman ve di\u011fer i\u015fletme y\u00f6nleri) ve Fiyatland\u0131rmadan olu\u015fan bir b\u00fct\u00fcnsellik arz etmektedir.<\/span><\/li>\n<li style=\"font-weight: 400;\"><span style=\"font-weight: 400;\">Verilen teklif sadece projenin finansal boyutunu de\u011fil, teknik ve i\u015fletme y\u00f6n\u00fcyle ;\u00a0 g\u00fcvenlik \u00f6\u011felerini, teknolojisini, kullan\u0131lacak \u00fcr\u00fcn-ekipman-hammadde \u00e7e\u015fitlili\u011fini ve kalitesini, esnekli\u011fini, verimlilik \u00f6n g\u00f6r\u00fcs\u00fcn\u00fc, proses rutinlerini, layout yerle\u015fimini, \u00e7al\u0131\u015fma senaryolar\u0131n\u0131, kolayl\u0131k d\u00fczeyini, metodolojisini, s\u00fcre\u00e7-zaman diyagramlar\u0131n\u0131 ve ek rapor ile yat\u0131r\u0131m tanzim s\u00fcrelerini, te\u015fvik ve destek kanallar\u0131n\u0131, e\u011fitim-bak\u0131m-servis-prosed\u00fcr\u00fcn\u00fc ortaya koymaktad\u0131r.<\/span><\/li>\n<li style=\"font-weight: 400;\"><span style=\"font-weight: 400;\">Teklif de\u011ferlendirme s\u00fcreci ve m\u00fc\u015fteri onay\u0131n\u0131n hemen akabinde, projelendirme faaliyetlerinin 2. a\u015famas\u0131na s\u00fcratle ge\u00e7ilir.<\/span><\/li>\n<\/ul>\n[\/vc_column_text][\/vc_column][\/vc_row][vc_row][vc_column]<div class=\"vcex-module vcex-heading wpex-text-2xl wpex-font-normal wpex-m-auto wpex-max-w-100 vcex-heading-bottom-border-w-color wpex-block wpex-border-b-2 wpex-border-solid wpex-border-gray-200\"><span class=\"vcex-heading-inner wpex-inline-block wpex-clr wpex-relative wpex-pb-5 wpex-border-b-2 wpex-border-solid wpex-border-accent\" style=\"border-color:#f5821f;\">Projelendirme i\u00e7in esas al\u0131nan unsurlar \u015f\u00f6yledir<\/span><\/div>[vc_column_text]\n<ul>\n<li style=\"font-weight: 400;\"><span style=\"font-weight: 400;\">Projedeki t\u00fcm elektro-mekanik s\u00fcre\u00e7lere ili\u015fkin 3 boyutlu imalat tasar\u0131mlar\u0131n\u0131n yap\u0131lmas\u0131 ve dok\u00fcmantasyonun tamamlanmas\u0131.<\/span><\/li>\n<li style=\"font-weight: 400;\"><span style=\"font-weight: 400;\">Esnek\u00a0 ve tala\u015fl\u0131 imalat i\u00e7in kat\u0131 modellerin (CAD-CAM) olu\u015fturulmas\u0131, backuplar\u0131n denenmesi ve dok\u00fcmantasyonun tamamlanmas\u0131.<\/span><span style=\"font-weight: 400;\"><br \/>\n<\/span><span style=\"font-weight: 400;\">BOM listlerin haz\u0131rlanmas\u0131 ve PDM \u00fczerinden proje y\u00f6netimi, \u00fcretim ve teknik y\u00f6netim organizasyonlar\u0131n\u0131n e\u015f zamanl\u0131 s\u00fcre\u00e7 y\u00f6netimine kat\u0131lmas\u0131.<\/span><\/li>\n<li style=\"font-weight: 400;\"><span style=\"font-weight: 400;\">Projede kullan\u0131lan , \u00f6zel\u00a0 tasar\u0131m ve imalat gerektiren ;\u00a0 ta\u015f\u0131y\u0131c\u0131 sistemlerin, EOAT (End of arm Tools) ve di\u011fer nihai aparatlar\u0131n, elektromekanik sistemlerin,\u00a0 kal\u0131p, fikst\u00fcr, magazin, h\u00fccre ve besleme sistemlerinin (feeder) tasar\u0131m ve modellemesinin tamamlanmas\u0131 sonras\u0131nda tasar\u0131m do\u011frulama a\u015famas\u0131n\u0131n tamamlanmas\u0131.<\/span><\/li>\n<li style=\"font-weight: 400;\"><span style=\"font-weight: 400;\">Gerekti\u011finde \u00e7e\u015fitli malzemeler ile SLS, SLA, OBJ, FDM gibi y\u00f6ntemler kullan\u0131larak prototiplemenin yap\u0131lmas\u0131.<\/span><\/li>\n<li style=\"font-weight: 400;\"><span style=\"font-weight: 400;\">Y\u00fcksek do\u011frulukta yaz\u0131l\u0131mlar\u0131n kullan\u0131lmas\u0131 ile nihai olarak robotlar ile ilgili ; \u00e7al\u0131\u015fma alan\u0131, \u00e7arpma testleri, eksen konfig\u00fcrasyonlar\u0131, eri\u015fim testleri ve sim\u00fclasyonlar\u0131n\u0131n tamamlanmas\u0131.<\/span><\/li>\n<li style=\"font-weight: 400;\"><span style=\"font-weight: 400;\">Elektrifikasyon ve otomasyon imalat \u00e7izimlerinin mekanik tasar\u0131ma paralel nitelikte nihai olarak planlanmas\u0131, \u00e7izimlerin yap\u0131lmas\u0131 ve dok\u00fcmantasyonun tamamlanmas\u0131.<\/span><\/li>\n<li style=\"font-weight: 400;\"><span style=\"font-weight: 400;\">Kritik b\u00f6lge analizlerinin, swot analizinin ve yenilenen sim\u00fclasyonun tamamlanmas\u0131.<\/span><\/li>\n<li style=\"font-weight: 400;\"><span style=\"font-weight: 400;\">Programlama y\u00f6ntem ve yap\u0131s\u0131n\u0131n belirlenmesi ve so\u011fuk testlerin yap\u0131lmas\u0131.<\/span><\/li>\n<li style=\"font-weight: 400;\"><span style=\"font-weight: 400;\">T\u00fcm tedarik s\u00fcrecinin proje y\u00f6netimi anlay\u0131\u015f\u0131 i\u00e7inde sat\u0131nalma birimlerine iletilmesi ve proje b\u00f6l\u00fcm\u00fc ile koordinasyon halinde ilerletilmesi.<\/span><\/li>\n<\/ul>\n[\/vc_column_text][\/vc_column][\/vc_row]\n","protected":false},"excerpt":{"rendered":"<p>[vc_row][vc_column][vc_single_image image=&#8221;7612&#8243;][\/vc_column][\/vc_row][vc_row][vc_column][vc_column_text]Bir sipari\u015fin al\u0131nmas\u0131 ile birlikte , sipari\u015f numaras\u0131 olu\u015fturulduktan hemen sonra, proje, tasar\u0131m, yaz\u0131l\u0131m ve di\u011fer m\u00fchendislik s\u00fcre\u00e7leri temel olarak a\u015fa\u011f\u0131daki nitelikte planlan\u0131r ; Sipari\u015f a\u015famas\u0131ndan sonra sat\u0131\u015f bilgilendirme toplant\u0131s\u0131 ile Intecro g\u00f6rev g\u00fcc\u00fc olu\u015fturulur. \u0130lgili sat\u0131\u015f s\u00fcrecinin t\u00fcm&hellip;<\/p>\n","protected":false},"author":1,"featured_media":0,"parent":0,"menu_order":0,"comment_status":"closed","ping_status":"closed","template":"","meta":{"footnotes":""},"class_list":["post-5697","page","type-page","status-publish","hentry","entry","no-media"],"yoast_head":"<!-- This site is optimized with the Yoast SEO plugin v27.5 - https:\/\/yoast.com\/product\/yoast-seo-wordpress\/ -->\n<title>Tasar\u0131m ve Projelendirme - Intecro Robotics<\/title>\n<meta name=\"robots\" content=\"index, follow, max-snippet:-1, max-image-preview:large, max-video-preview:-1\" \/>\n<link rel=\"canonical\" href=\"https:\/\/intecro.com.tr\/tr\/tr\/tasarim-ve-projelendirme\/\" \/>\n<meta property=\"og:locale\" content=\"tr_TR\" \/>\n<meta property=\"og:type\" content=\"article\" \/>\n<meta property=\"og:title\" content=\"Tasar\u0131m ve Projelendirme - Intecro Robotics\" \/>\n<meta property=\"og:description\" content=\"[vc_row][vc_column][vc_single_image image=&#8221;7612&#8243;][\/vc_column][\/vc_row][vc_row][vc_column][vc_column_text]Bir sipari\u015fin al\u0131nmas\u0131 ile birlikte , sipari\u015f numaras\u0131 olu\u015fturulduktan hemen sonra, proje, tasar\u0131m, yaz\u0131l\u0131m ve di\u011fer m\u00fchendislik s\u00fcre\u00e7leri temel olarak a\u015fa\u011f\u0131daki nitelikte planlan\u0131r ; Sipari\u015f a\u015famas\u0131ndan sonra sat\u0131\u015f bilgilendirme toplant\u0131s\u0131 ile Intecro g\u00f6rev g\u00fcc\u00fc olu\u015fturulur. \u0130lgili sat\u0131\u015f s\u00fcrecinin t\u00fcm&hellip;\" \/>\n<meta property=\"og:url\" content=\"https:\/\/intecro.com.tr\/tr\/tr\/tasarim-ve-projelendirme\/\" \/>\n<meta property=\"og:site_name\" content=\"Intecro Robotics\" \/>\n<meta property=\"article:modified_time\" content=\"2025-07-07T06:25:13+00:00\" \/>\n<meta name=\"twitter:card\" content=\"summary_large_image\" \/>\n<meta name=\"twitter:label1\" content=\"Tahmini okuma s\u00fcresi\" \/>\n\t<meta name=\"twitter:data1\" content=\"5 dakika\" \/>\n<script type=\"application\/ld+json\" class=\"yoast-schema-graph\">{\"@context\":\"https:\\\/\\\/schema.org\",\"@graph\":[{\"@type\":\"WebPage\",\"@id\":\"https:\\\/\\\/intecro.com.tr\\\/tr\\\/tr\\\/tasarim-ve-projelendirme\\\/\",\"url\":\"https:\\\/\\\/intecro.com.tr\\\/tr\\\/tr\\\/tasarim-ve-projelendirme\\\/\",\"name\":\"Tasar\u0131m ve Projelendirme - Intecro Robotics\",\"isPartOf\":{\"@id\":\"https:\\\/\\\/intecro.com.tr\\\/tr\\\/#website\"},\"datePublished\":\"2019-12-28T01:03:39+00:00\",\"dateModified\":\"2025-07-07T06:25:13+00:00\",\"breadcrumb\":{\"@id\":\"https:\\\/\\\/intecro.com.tr\\\/tr\\\/tr\\\/tasarim-ve-projelendirme\\\/#breadcrumb\"},\"inLanguage\":\"tr\",\"potentialAction\":[{\"@type\":\"ReadAction\",\"target\":[\"https:\\\/\\\/intecro.com.tr\\\/tr\\\/tr\\\/tasarim-ve-projelendirme\\\/\"]}]},{\"@type\":\"BreadcrumbList\",\"@id\":\"https:\\\/\\\/intecro.com.tr\\\/tr\\\/tr\\\/tasarim-ve-projelendirme\\\/#breadcrumb\",\"itemListElement\":[{\"@type\":\"ListItem\",\"position\":1,\"name\":\"Anasayfa\",\"item\":\"https:\\\/\\\/intecro.com.tr\\\/tr\\\/tr\\\/anasayfa\\\/\"},{\"@type\":\"ListItem\",\"position\":2,\"name\":\"Tasar\u0131m ve Projelendirme\"}]},{\"@type\":\"WebSite\",\"@id\":\"https:\\\/\\\/intecro.com.tr\\\/tr\\\/#website\",\"url\":\"https:\\\/\\\/intecro.com.tr\\\/tr\\\/\",\"name\":\"Intecro Robotics\",\"description\":\"More Innovation\",\"publisher\":{\"@id\":\"https:\\\/\\\/intecro.com.tr\\\/tr\\\/#organization\"},\"potentialAction\":[{\"@type\":\"SearchAction\",\"target\":{\"@type\":\"EntryPoint\",\"urlTemplate\":\"https:\\\/\\\/intecro.com.tr\\\/tr\\\/?s={search_term_string}\"},\"query-input\":{\"@type\":\"PropertyValueSpecification\",\"valueRequired\":true,\"valueName\":\"search_term_string\"}}],\"inLanguage\":\"tr\"},{\"@type\":\"Organization\",\"@id\":\"https:\\\/\\\/intecro.com.tr\\\/tr\\\/#organization\",\"name\":\"Intecro Robotics\",\"url\":\"https:\\\/\\\/intecro.com.tr\\\/tr\\\/\",\"logo\":{\"@type\":\"ImageObject\",\"inLanguage\":\"tr\",\"@id\":\"https:\\\/\\\/intecro.com.tr\\\/tr\\\/#\\\/schema\\\/logo\\\/image\\\/\",\"url\":\"https:\\\/\\\/intecro.com.tr\\\/tr\\\/wp-content\\\/uploads\\\/2025\\\/02\\\/intecro_yatay-02.png\",\"contentUrl\":\"https:\\\/\\\/intecro.com.tr\\\/tr\\\/wp-content\\\/uploads\\\/2025\\\/02\\\/intecro_yatay-02.png\",\"width\":2134,\"height\":467,\"caption\":\"Intecro Robotics\"},\"image\":{\"@id\":\"https:\\\/\\\/intecro.com.tr\\\/tr\\\/#\\\/schema\\\/logo\\\/image\\\/\"}}]}<\/script>\n<!-- \/ Yoast SEO plugin. -->","yoast_head_json":{"title":"Tasar\u0131m ve Projelendirme - Intecro Robotics","robots":{"index":"index","follow":"follow","max-snippet":"max-snippet:-1","max-image-preview":"max-image-preview:large","max-video-preview":"max-video-preview:-1"},"canonical":"https:\/\/intecro.com.tr\/tr\/tr\/tasarim-ve-projelendirme\/","og_locale":"tr_TR","og_type":"article","og_title":"Tasar\u0131m ve Projelendirme - Intecro Robotics","og_description":"[vc_row][vc_column][vc_single_image image=&#8221;7612&#8243;][\/vc_column][\/vc_row][vc_row][vc_column][vc_column_text]Bir sipari\u015fin al\u0131nmas\u0131 ile birlikte , sipari\u015f numaras\u0131 olu\u015fturulduktan hemen sonra, proje, tasar\u0131m, yaz\u0131l\u0131m ve di\u011fer m\u00fchendislik s\u00fcre\u00e7leri temel olarak a\u015fa\u011f\u0131daki nitelikte planlan\u0131r ; Sipari\u015f a\u015famas\u0131ndan sonra sat\u0131\u015f bilgilendirme toplant\u0131s\u0131 ile Intecro g\u00f6rev g\u00fcc\u00fc olu\u015fturulur. \u0130lgili sat\u0131\u015f s\u00fcrecinin t\u00fcm&hellip;","og_url":"https:\/\/intecro.com.tr\/tr\/tr\/tasarim-ve-projelendirme\/","og_site_name":"Intecro Robotics","article_modified_time":"2025-07-07T06:25:13+00:00","twitter_card":"summary_large_image","twitter_misc":{"Tahmini okuma s\u00fcresi":"5 dakika"},"schema":{"@context":"https:\/\/schema.org","@graph":[{"@type":"WebPage","@id":"https:\/\/intecro.com.tr\/tr\/tr\/tasarim-ve-projelendirme\/","url":"https:\/\/intecro.com.tr\/tr\/tr\/tasarim-ve-projelendirme\/","name":"Tasar\u0131m ve Projelendirme - Intecro Robotics","isPartOf":{"@id":"https:\/\/intecro.com.tr\/tr\/#website"},"datePublished":"2019-12-28T01:03:39+00:00","dateModified":"2025-07-07T06:25:13+00:00","breadcrumb":{"@id":"https:\/\/intecro.com.tr\/tr\/tr\/tasarim-ve-projelendirme\/#breadcrumb"},"inLanguage":"tr","potentialAction":[{"@type":"ReadAction","target":["https:\/\/intecro.com.tr\/tr\/tr\/tasarim-ve-projelendirme\/"]}]},{"@type":"BreadcrumbList","@id":"https:\/\/intecro.com.tr\/tr\/tr\/tasarim-ve-projelendirme\/#breadcrumb","itemListElement":[{"@type":"ListItem","position":1,"name":"Anasayfa","item":"https:\/\/intecro.com.tr\/tr\/tr\/anasayfa\/"},{"@type":"ListItem","position":2,"name":"Tasar\u0131m ve Projelendirme"}]},{"@type":"WebSite","@id":"https:\/\/intecro.com.tr\/tr\/#website","url":"https:\/\/intecro.com.tr\/tr\/","name":"Intecro Robotics","description":"More Innovation","publisher":{"@id":"https:\/\/intecro.com.tr\/tr\/#organization"},"potentialAction":[{"@type":"SearchAction","target":{"@type":"EntryPoint","urlTemplate":"https:\/\/intecro.com.tr\/tr\/?s={search_term_string}"},"query-input":{"@type":"PropertyValueSpecification","valueRequired":true,"valueName":"search_term_string"}}],"inLanguage":"tr"},{"@type":"Organization","@id":"https:\/\/intecro.com.tr\/tr\/#organization","name":"Intecro Robotics","url":"https:\/\/intecro.com.tr\/tr\/","logo":{"@type":"ImageObject","inLanguage":"tr","@id":"https:\/\/intecro.com.tr\/tr\/#\/schema\/logo\/image\/","url":"https:\/\/intecro.com.tr\/tr\/wp-content\/uploads\/2025\/02\/intecro_yatay-02.png","contentUrl":"https:\/\/intecro.com.tr\/tr\/wp-content\/uploads\/2025\/02\/intecro_yatay-02.png","width":2134,"height":467,"caption":"Intecro Robotics"},"image":{"@id":"https:\/\/intecro.com.tr\/tr\/#\/schema\/logo\/image\/"}}]}},"_links":{"self":[{"href":"https:\/\/intecro.com.tr\/tr\/wp-json\/wp\/v2\/pages\/5697","targetHints":{"allow":["GET"]}}],"collection":[{"href":"https:\/\/intecro.com.tr\/tr\/wp-json\/wp\/v2\/pages"}],"about":[{"href":"https:\/\/intecro.com.tr\/tr\/wp-json\/wp\/v2\/types\/page"}],"author":[{"embeddable":true,"href":"https:\/\/intecro.com.tr\/tr\/wp-json\/wp\/v2\/users\/1"}],"replies":[{"embeddable":true,"href":"https:\/\/intecro.com.tr\/tr\/wp-json\/wp\/v2\/comments?post=5697"}],"version-history":[{"count":5,"href":"https:\/\/intecro.com.tr\/tr\/wp-json\/wp\/v2\/pages\/5697\/revisions"}],"predecessor-version":[{"id":7613,"href":"https:\/\/intecro.com.tr\/tr\/wp-json\/wp\/v2\/pages\/5697\/revisions\/7613"}],"wp:attachment":[{"href":"https:\/\/intecro.com.tr\/tr\/wp-json\/wp\/v2\/media?parent=5697"}],"curies":[{"name":"wp","href":"https:\/\/api.w.org\/{rel}","templated":true}]}}