{"id":5701,"date":"2019-12-28T01:09:02","date_gmt":"2019-12-28T01:09:02","guid":{"rendered":"https:\/\/intecro.com.tr\/tr\/?page_id=5701"},"modified":"2025-07-07T06:26:15","modified_gmt":"2025-07-07T06:26:15","slug":"tekliflendirme","status":"publish","type":"page","link":"https:\/\/intecro.com.tr\/tr\/tr\/tekliflendirme\/","title":{"rendered":"Tekliflendirme"},"content":{"rendered":"[vc_row][vc_column][vc_single_image image=&#8221;7616&#8243;][\/vc_column][\/vc_row][vc_row][vc_column][vc_column_text]<span style=\"font-weight: 400;\">Teknik Fizibilite ve Analiz \u00e7al\u0131\u015fmalar\u0131ndan sonra sistem konfig\u00fcrasyonu t\u00fcm teknik ve ticari y\u00f6nleri ile belirlenmi\u015f olur, sim\u00fclasyon ile de\u011ferlendirme yap\u0131l\u0131r ve varsa iyile\u015ftirmeler yap\u0131ld\u0131ktan sonra sanalla\u015ft\u0131r\u0131lm\u0131\u015f do\u011frulama a\u015famas\u0131 da tamamlan\u0131r.<\/span><span style=\"font-weight: 400;\"><br \/>\n<\/span><span style=\"font-weight: 400;\">M\u00fc\u015fterimizin beklentisini kar\u015f\u0131lad\u0131\u011f\u0131m\u0131zdan emin oldu\u011fumuz bir olgunluk seviyesine ula\u015ft\u0131ktan sonra ; \u00fcretim sistemi ve kabiliyeti, \u00f6n proje \u00e7al\u0131\u015fmas\u0131n\u0131 tamamlaman\u0131n g\u00fcveni ile teknik ve ticari teklif haz\u0131rlayarak m\u00fc\u015fterilerimize sunuyoruz.<\/span><\/p>\n<p><span style=\"font-weight: 400;\">Tekliflerimizi ;<br \/>\n<\/span><span style=\"font-weight: 400;\">Teknik Teklif, Ticari Teklif olmak \u00fczere iki ayr\u0131 dok\u00fcmantasyon olu\u015fturmak sureti ile m\u00fc\u015fterimize sunuyoruz. B\u00f6ylelikle m\u00fc\u015fterilerimizin organizasyon da\u011f\u0131l\u0131mlar\u0131n\u0131 ve konsantrasyonlar\u0131n\u0131 dikkate alarak teklif ve sat\u0131nalma s\u00fcre\u00e7lerini y\u00f6netiyoruz.<\/span><\/p>\n<blockquote>\n<p><b><i>\u00d6nce sat\u0131\u015f profesyonelinin kendine sormas\u0131 laz\u0131m, \u201cben olsam bu sipari\u015fi bana verir miyim?\u201d diyerek. Satmak eylemsel olarak \u201chaydi l\u00fctfen al\u201d d\u00fc\u015f\u00fcncesi ile ger\u00e7ekle\u015fen bir durum de\u011fildir.<\/i><\/b><b><i><br \/>\n<\/i><\/b><b><i>Intecro\u2019da sat\u0131\u015f profesyonelinin tan\u0131m\u0131 ise;<\/i><\/b><b><i><br \/>\n<\/i><\/b><b><i>Analitik sunumunu ve sat\u0131\u015f envanterini, elinde tuttu\u011fu g\u00fc\u00e7l\u00fc portfolyo ile birle\u015ftirip, ger\u00e7ek bir m\u00fchendislik gibi davranarak : bir derde derman olmakt\u0131r veya bir probleme \u00e7\u00f6z\u00fcm getirebilmektir. <\/i><\/b><b><i><br \/>\n<\/i><\/b><b><i>Yeterli mi, hay\u0131r de\u011fil, \u00fcstelik sayd\u0131\u011f\u0131m t\u00fcm bu becerileri y\u00fcksek ileti\u015fim ba\u015far\u0131s\u0131 ve sonu\u00e7 alma h\u0131z\u0131 ile ortaya koymakt\u0131r \u201cIntecro\u2019da Sat\u0131\u015f Profesyoneli\u201c olmak !<br \/>\n<\/i><\/b><b><i>Bir \u015feyi satmak de\u011fildir hedef, m\u00fc\u015fteride \u201cmemnuniyet\u201d olu\u015fturmakt\u0131r.<br \/>\n<\/i><\/b><b><i>A.Ali \u015eEN<\/i><\/b><\/p>\n<\/blockquote>\n[\/vc_column_text][\/vc_column][\/vc_row]\n","protected":false},"excerpt":{"rendered":"<p>[vc_row][vc_column][vc_single_image image=&#8221;7616&#8243;][\/vc_column][\/vc_row][vc_row][vc_column][vc_column_text]Teknik Fizibilite ve Analiz \u00e7al\u0131\u015fmalar\u0131ndan sonra sistem konfig\u00fcrasyonu t\u00fcm teknik ve ticari y\u00f6nleri ile belirlenmi\u015f olur, sim\u00fclasyon ile de\u011ferlendirme yap\u0131l\u0131r ve varsa iyile\u015ftirmeler yap\u0131ld\u0131ktan sonra sanalla\u015ft\u0131r\u0131lm\u0131\u015f do\u011frulama a\u015famas\u0131 da tamamlan\u0131r. M\u00fc\u015fterimizin beklentisini kar\u015f\u0131lad\u0131\u011f\u0131m\u0131zdan emin oldu\u011fumuz bir olgunluk seviyesine ula\u015ft\u0131ktan&hellip;<\/p>\n","protected":false},"author":1,"featured_media":0,"parent":0,"menu_order":0,"comment_status":"closed","ping_status":"closed","template":"","meta":{"footnotes":""},"class_list":["post-5701","page","type-page","status-publish","hentry","entry","no-media"],"yoast_head":"<!-- This site is optimized with the Yoast SEO plugin v27.5 - https:\/\/yoast.com\/product\/yoast-seo-wordpress\/ -->\n<title>Tekliflendirme - Intecro Robotics<\/title>\n<meta name=\"robots\" content=\"index, follow, max-snippet:-1, max-image-preview:large, max-video-preview:-1\" \/>\n<link rel=\"canonical\" href=\"https:\/\/intecro.com.tr\/tr\/tr\/tekliflendirme\/\" \/>\n<meta property=\"og:locale\" content=\"tr_TR\" \/>\n<meta property=\"og:type\" content=\"article\" \/>\n<meta property=\"og:title\" content=\"Tekliflendirme - Intecro Robotics\" \/>\n<meta property=\"og:description\" content=\"[vc_row][vc_column][vc_single_image image=&#8221;7616&#8243;][\/vc_column][\/vc_row][vc_row][vc_column][vc_column_text]Teknik Fizibilite ve Analiz \u00e7al\u0131\u015fmalar\u0131ndan sonra sistem konfig\u00fcrasyonu t\u00fcm teknik ve ticari y\u00f6nleri ile belirlenmi\u015f olur, sim\u00fclasyon ile de\u011ferlendirme yap\u0131l\u0131r ve varsa iyile\u015ftirmeler yap\u0131ld\u0131ktan sonra sanalla\u015ft\u0131r\u0131lm\u0131\u015f do\u011frulama a\u015famas\u0131 da tamamlan\u0131r. M\u00fc\u015fterimizin beklentisini kar\u015f\u0131lad\u0131\u011f\u0131m\u0131zdan emin oldu\u011fumuz bir olgunluk seviyesine ula\u015ft\u0131ktan&hellip;\" \/>\n<meta property=\"og:url\" content=\"https:\/\/intecro.com.tr\/tr\/tr\/tekliflendirme\/\" \/>\n<meta property=\"og:site_name\" content=\"Intecro Robotics\" \/>\n<meta property=\"article:modified_time\" content=\"2025-07-07T06:26:15+00:00\" \/>\n<meta name=\"twitter:card\" content=\"summary_large_image\" \/>\n<meta name=\"twitter:label1\" content=\"Tahmini okuma s\u00fcresi\" \/>\n\t<meta name=\"twitter:data1\" content=\"1 dakika\" \/>\n<script type=\"application\/ld+json\" class=\"yoast-schema-graph\">{\"@context\":\"https:\\\/\\\/schema.org\",\"@graph\":[{\"@type\":\"WebPage\",\"@id\":\"https:\\\/\\\/intecro.com.tr\\\/tr\\\/tr\\\/tekliflendirme\\\/\",\"url\":\"https:\\\/\\\/intecro.com.tr\\\/tr\\\/tr\\\/tekliflendirme\\\/\",\"name\":\"Tekliflendirme - Intecro Robotics\",\"isPartOf\":{\"@id\":\"https:\\\/\\\/intecro.com.tr\\\/tr\\\/#website\"},\"datePublished\":\"2019-12-28T01:09:02+00:00\",\"dateModified\":\"2025-07-07T06:26:15+00:00\",\"breadcrumb\":{\"@id\":\"https:\\\/\\\/intecro.com.tr\\\/tr\\\/tr\\\/tekliflendirme\\\/#breadcrumb\"},\"inLanguage\":\"tr\",\"potentialAction\":[{\"@type\":\"ReadAction\",\"target\":[\"https:\\\/\\\/intecro.com.tr\\\/tr\\\/tr\\\/tekliflendirme\\\/\"]}]},{\"@type\":\"BreadcrumbList\",\"@id\":\"https:\\\/\\\/intecro.com.tr\\\/tr\\\/tr\\\/tekliflendirme\\\/#breadcrumb\",\"itemListElement\":[{\"@type\":\"ListItem\",\"position\":1,\"name\":\"Anasayfa\",\"item\":\"https:\\\/\\\/intecro.com.tr\\\/tr\\\/tr\\\/anasayfa\\\/\"},{\"@type\":\"ListItem\",\"position\":2,\"name\":\"Tekliflendirme\"}]},{\"@type\":\"WebSite\",\"@id\":\"https:\\\/\\\/intecro.com.tr\\\/tr\\\/#website\",\"url\":\"https:\\\/\\\/intecro.com.tr\\\/tr\\\/\",\"name\":\"Intecro Robotics\",\"description\":\"More Innovation\",\"publisher\":{\"@id\":\"https:\\\/\\\/intecro.com.tr\\\/tr\\\/#organization\"},\"potentialAction\":[{\"@type\":\"SearchAction\",\"target\":{\"@type\":\"EntryPoint\",\"urlTemplate\":\"https:\\\/\\\/intecro.com.tr\\\/tr\\\/?s={search_term_string}\"},\"query-input\":{\"@type\":\"PropertyValueSpecification\",\"valueRequired\":true,\"valueName\":\"search_term_string\"}}],\"inLanguage\":\"tr\"},{\"@type\":\"Organization\",\"@id\":\"https:\\\/\\\/intecro.com.tr\\\/tr\\\/#organization\",\"name\":\"Intecro Robotics\",\"url\":\"https:\\\/\\\/intecro.com.tr\\\/tr\\\/\",\"logo\":{\"@type\":\"ImageObject\",\"inLanguage\":\"tr\",\"@id\":\"https:\\\/\\\/intecro.com.tr\\\/tr\\\/#\\\/schema\\\/logo\\\/image\\\/\",\"url\":\"https:\\\/\\\/intecro.com.tr\\\/tr\\\/wp-content\\\/uploads\\\/2025\\\/02\\\/intecro_yatay-02.png\",\"contentUrl\":\"https:\\\/\\\/intecro.com.tr\\\/tr\\\/wp-content\\\/uploads\\\/2025\\\/02\\\/intecro_yatay-02.png\",\"width\":2134,\"height\":467,\"caption\":\"Intecro Robotics\"},\"image\":{\"@id\":\"https:\\\/\\\/intecro.com.tr\\\/tr\\\/#\\\/schema\\\/logo\\\/image\\\/\"}}]}<\/script>\n<!-- \/ Yoast SEO plugin. -->","yoast_head_json":{"title":"Tekliflendirme - Intecro Robotics","robots":{"index":"index","follow":"follow","max-snippet":"max-snippet:-1","max-image-preview":"max-image-preview:large","max-video-preview":"max-video-preview:-1"},"canonical":"https:\/\/intecro.com.tr\/tr\/tr\/tekliflendirme\/","og_locale":"tr_TR","og_type":"article","og_title":"Tekliflendirme - Intecro Robotics","og_description":"[vc_row][vc_column][vc_single_image image=&#8221;7616&#8243;][\/vc_column][\/vc_row][vc_row][vc_column][vc_column_text]Teknik Fizibilite ve Analiz \u00e7al\u0131\u015fmalar\u0131ndan sonra sistem konfig\u00fcrasyonu t\u00fcm teknik ve ticari y\u00f6nleri ile belirlenmi\u015f olur, sim\u00fclasyon ile de\u011ferlendirme yap\u0131l\u0131r ve varsa iyile\u015ftirmeler yap\u0131ld\u0131ktan sonra sanalla\u015ft\u0131r\u0131lm\u0131\u015f do\u011frulama a\u015famas\u0131 da tamamlan\u0131r. M\u00fc\u015fterimizin beklentisini kar\u015f\u0131lad\u0131\u011f\u0131m\u0131zdan emin oldu\u011fumuz bir olgunluk seviyesine ula\u015ft\u0131ktan&hellip;","og_url":"https:\/\/intecro.com.tr\/tr\/tr\/tekliflendirme\/","og_site_name":"Intecro Robotics","article_modified_time":"2025-07-07T06:26:15+00:00","twitter_card":"summary_large_image","twitter_misc":{"Tahmini okuma s\u00fcresi":"1 dakika"},"schema":{"@context":"https:\/\/schema.org","@graph":[{"@type":"WebPage","@id":"https:\/\/intecro.com.tr\/tr\/tr\/tekliflendirme\/","url":"https:\/\/intecro.com.tr\/tr\/tr\/tekliflendirme\/","name":"Tekliflendirme - Intecro Robotics","isPartOf":{"@id":"https:\/\/intecro.com.tr\/tr\/#website"},"datePublished":"2019-12-28T01:09:02+00:00","dateModified":"2025-07-07T06:26:15+00:00","breadcrumb":{"@id":"https:\/\/intecro.com.tr\/tr\/tr\/tekliflendirme\/#breadcrumb"},"inLanguage":"tr","potentialAction":[{"@type":"ReadAction","target":["https:\/\/intecro.com.tr\/tr\/tr\/tekliflendirme\/"]}]},{"@type":"BreadcrumbList","@id":"https:\/\/intecro.com.tr\/tr\/tr\/tekliflendirme\/#breadcrumb","itemListElement":[{"@type":"ListItem","position":1,"name":"Anasayfa","item":"https:\/\/intecro.com.tr\/tr\/tr\/anasayfa\/"},{"@type":"ListItem","position":2,"name":"Tekliflendirme"}]},{"@type":"WebSite","@id":"https:\/\/intecro.com.tr\/tr\/#website","url":"https:\/\/intecro.com.tr\/tr\/","name":"Intecro Robotics","description":"More Innovation","publisher":{"@id":"https:\/\/intecro.com.tr\/tr\/#organization"},"potentialAction":[{"@type":"SearchAction","target":{"@type":"EntryPoint","urlTemplate":"https:\/\/intecro.com.tr\/tr\/?s={search_term_string}"},"query-input":{"@type":"PropertyValueSpecification","valueRequired":true,"valueName":"search_term_string"}}],"inLanguage":"tr"},{"@type":"Organization","@id":"https:\/\/intecro.com.tr\/tr\/#organization","name":"Intecro Robotics","url":"https:\/\/intecro.com.tr\/tr\/","logo":{"@type":"ImageObject","inLanguage":"tr","@id":"https:\/\/intecro.com.tr\/tr\/#\/schema\/logo\/image\/","url":"https:\/\/intecro.com.tr\/tr\/wp-content\/uploads\/2025\/02\/intecro_yatay-02.png","contentUrl":"https:\/\/intecro.com.tr\/tr\/wp-content\/uploads\/2025\/02\/intecro_yatay-02.png","width":2134,"height":467,"caption":"Intecro Robotics"},"image":{"@id":"https:\/\/intecro.com.tr\/tr\/#\/schema\/logo\/image\/"}}]}},"_links":{"self":[{"href":"https:\/\/intecro.com.tr\/tr\/wp-json\/wp\/v2\/pages\/5701","targetHints":{"allow":["GET"]}}],"collection":[{"href":"https:\/\/intecro.com.tr\/tr\/wp-json\/wp\/v2\/pages"}],"about":[{"href":"https:\/\/intecro.com.tr\/tr\/wp-json\/wp\/v2\/types\/page"}],"author":[{"embeddable":true,"href":"https:\/\/intecro.com.tr\/tr\/wp-json\/wp\/v2\/users\/1"}],"replies":[{"embeddable":true,"href":"https:\/\/intecro.com.tr\/tr\/wp-json\/wp\/v2\/comments?post=5701"}],"version-history":[{"count":3,"href":"https:\/\/intecro.com.tr\/tr\/wp-json\/wp\/v2\/pages\/5701\/revisions"}],"predecessor-version":[{"id":7617,"href":"https:\/\/intecro.com.tr\/tr\/wp-json\/wp\/v2\/pages\/5701\/revisions\/7617"}],"wp:attachment":[{"href":"https:\/\/intecro.com.tr\/tr\/wp-json\/wp\/v2\/media?parent=5701"}],"curies":[{"name":"wp","href":"https:\/\/api.w.org\/{rel}","templated":true}]}}