{"id":5709,"date":"2019-12-28T04:22:27","date_gmt":"2019-12-28T04:22:27","guid":{"rendered":"https:\/\/intecro.com.tr\/tr\/?page_id=5709"},"modified":"2025-07-24T13:47:22","modified_gmt":"2025-07-24T13:47:22","slug":"uretim","status":"publish","type":"page","link":"https:\/\/intecro.com.tr\/tr\/tr\/uretim\/","title":{"rendered":"\u00dcretim"},"content":{"rendered":"[vc_row][vc_column][vc_single_image image=&#8221;7741&#8243;][\/vc_column][\/vc_row][vc_row][vc_column][vc_column_text]<span style=\"font-weight: 400;\">\u00dcretim resimlerinin haz\u0131rlanmas\u0131 ile beraber proje y\u00f6netim birimleri faaliyetin \u00fcretim <\/span><span style=\"font-weight: 400;\">birimlerine aktar\u0131lmas\u0131 i\u00e7in aksiyon al\u0131r. T\u00fcm \u00fcretimler uluslararas\u0131 standartlarda ve g\u00fcvenilirli\u011fi olan yerli ve yabanc\u0131 tedarik\u00e7ilerinden temin edilir.\u00a0 <\/span><span style=\"font-weight: 400;\">Fikst\u00fcr ve aparat gibi \u00f6zel imalatlar ise titizlikle ve kalite kontrol anlay\u0131\u015f\u0131 ile INTECRO \u00fcretim sahas\u0131nda imal edilerek montajlan\u0131r.<\/span><\/p>\n<blockquote>\n<p><b><i>&#8220;\u0130\u015fimiz i\u00e7in en iyisini yapmal\u0131y\u0131z, ilave olarak i\u015fimizin en iyi \u015fekilde yap\u0131lmas\u0131n\u0131 sa\u011flayacak t\u00fcm tedbirleri de almal\u0131y\u0131z. \u00c7\u00fcnk\u00fc \u00fcretim a\u015famas\u0131nda sadece bir i\u015f par\u00e7as\u0131n\u0131 de\u011fil; insanlar\u0131n emeklerini, zamanlar\u0131n\u0131, umutlar\u0131n\u0131 i\u015fliyoruz. Hata yapmamak, kay\u0131plara yol a\u00e7mamak bu y\u00fczden \u00e7ok \u00f6nemli.\u201d<br \/>\n<\/i><\/b><b>A.Ali \u015eEN<\/b><\/p>\n<\/blockquote>\n[\/vc_column_text][\/vc_column][\/vc_row][vc_row][vc_column]<div class=\"vcex-module vcex-heading wpex-text-2xl wpex-font-normal wpex-m-auto wpex-max-w-100 vcex-heading-bottom-border-w-color wpex-block wpex-border-b-2 wpex-border-solid wpex-border-gray-200\"><span class=\"vcex-heading-inner wpex-inline-block wpex-clr wpex-relative wpex-pb-5 wpex-border-b-2 wpex-border-solid wpex-border-accent\" style=\"border-color:#f5821f;\">Daha Fazla...<\/span><\/div>[\/vc_column][\/vc_row][vc_row][vc_column][vc_column_text]<span style=\"font-weight: 400;\">Proje kapsam\u0131ndaki robot manip\u00fclat\u00f6r, gantry robot, pozisyoner, slider, h\u00fccre vb. gibi standart k\u00fct\u00fcphane \u00fcr\u00fcn\u00fc mekanik ve elektromekanik unsurlar\u0131n yan\u0131nda ayr\u0131ca \u00f6zel imalat gerektiren EOAT, fikst\u00fcrler robot tak\u0131mlar\u0131, magazin, \u00e7e\u015fitli kal\u0131p aparatlar, robot efekt\u00f6rleri, konvey\u00f6r, \u015fase ve \u00f6zel proses ekipmanlar\u0131 vb. gibi bile\u015fenlerin proje ofislerimizde tamamlanan tasar\u0131mlar\u0131 sonras\u0131nda imalat b\u00f6l\u00fcm\u00fcne imalat resim ve \u015fartnameleri haz\u0131rlanarak PDM \u00fczerinden sevk edilir.<br \/>\n<\/span><span style=\"font-weight: 400;\">Projelendirme sonras\u0131 yap\u0131lan tasar\u0131m do\u011frulamalar\u0131 neticesinde hassasiyet, do\u011fruluk, kalite, zaman\u0131nda teslim gibi fakt\u00f6rler g\u00f6zetilerek imalat plan\u0131 olu\u015fturulur ve m\u00fc\u015fterilerimizle de payla\u015f\u0131l\u0131r.<br \/>\n<\/span><span style=\"font-weight: 400;\">T\u00fcm firma sorumlular\u0131m\u0131z ve \u00e7al\u0131\u015fanlar\u0131m\u0131z yap\u0131lan imalat plan\u0131na sad\u0131k kalarak taahh\u00fct edilen s\u00fcrede projenin devreye al\u0131nmas\u0131n\u0131 sa\u011flayacak nitelikte imalat\u0131n ger\u00e7ekle\u015fmesi i\u00e7in sorumluluk al\u0131r.<br \/>\n<\/span><span style=\"font-weight: 400;\">Firmam\u0131z b\u00fcnyesinde ki nitelikli i\u015f g\u00fcc\u00fc, ekipman, tezgah ve makine parkuru ile a\u015fa\u011f\u0131daki \u00fcretim kabiliyetlerine sahiptir;<\/span><\/p>\n<ul>\n<li style=\"font-weight: 400;\"><span style=\"font-weight: 400;\">Lazer\/Plazma kesim,\u00a0<\/span><\/li>\n<li style=\"font-weight: 400;\"><span style=\"font-weight: 400;\">Abkant b\u00fck\u00fcm,\u00a0<\/span><\/li>\n<li style=\"font-weight: 400;\"><span style=\"font-weight: 400;\">Profil ve boru gruplar\u0131n\u0131n kesim ve boylama i\u015flemleri<\/span><\/li>\n<li style=\"font-weight: 400;\"><span style=\"font-weight: 400;\">Kaynakl\u0131 \u0130malat \u00f6ncesi \u00c7at\u0131m i\u015flemleri<\/span><\/li>\n<li style=\"font-weight: 400;\"><span style=\"font-weight: 400;\">Robotlar ile kaynakl\u0131 imalat i\u015flemleri<\/span><\/li>\n<li style=\"font-weight: 400;\"><span style=\"font-weight: 400;\">CNC Dik i\u015fleme ve torna i\u015flemleri<\/span><\/li>\n<li style=\"font-weight: 400;\"><span style=\"font-weight: 400;\">Kumlama ve Boyama \u0130\u015flemleri<\/span><\/li>\n<\/ul>\n<p><span style=\"font-weight: 400;\">Projede kullan\u0131lacak haz\u0131r donan\u0131m ve komponentler projelendirme esnas\u0131nda, tasar\u0131m ve sim\u00fclasyonlarda belirlendi\u011fi nitelikte ilgili marka temsilcisinden temin edilir.<br \/>\n<\/span><span style=\"font-weight: 400;\">\u0130malatlar esnas\u0131nda firmam\u0131z\u0131n makine parkurunda ya\u015fanabilecek problemler kompanze edilemez durumda olsa dahi, m\u00fc\u015fterilerimizin k\u00f6t\u00fc bir s\u00fcrprizle kar\u015f\u0131la\u015fmalar\u0131n\u0131 engelleyecek t\u00fcm tedbirler al\u0131n\u0131r ve her an B Plan\u0131 devreye sokulabilecek haz\u0131r bulunu\u015fluk temin edilir.<br \/>\n<\/span><span style=\"font-weight: 400;\">B plan\u0131 anlay\u0131\u015f\u0131, proje y\u00f6netimi ilkelerimizde yer alan \u00f6nemli bir i\u015f k\u00fclt\u00fcr\u00fc ve al\u0131\u015fkanl\u0131kt\u0131r.<br \/>\n<\/span><span style=\"font-weight: 400;\">Gerekli durumlarda kapasite art\u0131r\u0131m\u0131na gidilmesini sa\u011flamak ya da fason imalat s\u00fcrecini ba\u015flatmak \u00fczere her durum i\u00e7in evvelce belirlenmi\u015f bir B Plan\u0131m\u0131z vard\u0131r.<\/span><\/p>\n<p><span style=\"font-weight: 400;\">\u0130malat\u0131n her a\u015famas\u0131nda i\u015f s\u00fcre\u00e7lerinin <\/span><b>kalite kontrolden<\/b><span style=\"font-weight: 400;\"> ge\u00e7mesi, do\u011frulanmas\u0131 ve belirli periyotlarla m\u00fc\u015fterilerimizin g\u00f6r\u00fc\u015f\u00fcne sunulmas\u0131, imalat a\u015famas\u0131nda ki temel ilke ve prensiplerin ba\u015f\u0131nda gelmektedir.<\/span>[\/vc_column_text][\/vc_column][\/vc_row]\n","protected":false},"excerpt":{"rendered":"<p>[vc_row][vc_column][vc_single_image image=&#8221;7741&#8243;][\/vc_column][\/vc_row][vc_row][vc_column][vc_column_text]\u00dcretim resimlerinin haz\u0131rlanmas\u0131 ile beraber proje y\u00f6netim birimleri faaliyetin \u00fcretim birimlerine aktar\u0131lmas\u0131 i\u00e7in aksiyon al\u0131r. T\u00fcm \u00fcretimler uluslararas\u0131 standartlarda ve g\u00fcvenilirli\u011fi olan yerli ve yabanc\u0131 tedarik\u00e7ilerinden temin edilir.\u00a0 Fikst\u00fcr ve aparat gibi \u00f6zel imalatlar ise titizlikle ve kalite kontrol&hellip;<\/p>\n","protected":false},"author":1,"featured_media":0,"parent":0,"menu_order":0,"comment_status":"closed","ping_status":"closed","template":"","meta":{"footnotes":""},"class_list":["post-5709","page","type-page","status-publish","hentry","entry","no-media"],"yoast_head":"<!-- This site is optimized with the Yoast SEO plugin v27.5 - https:\/\/yoast.com\/product\/yoast-seo-wordpress\/ -->\n<title>\u00dcretim - Intecro Robotics<\/title>\n<meta name=\"robots\" content=\"index, follow, max-snippet:-1, max-image-preview:large, max-video-preview:-1\" \/>\n<link rel=\"canonical\" href=\"https:\/\/intecro.com.tr\/tr\/tr\/uretim\/\" \/>\n<meta property=\"og:locale\" content=\"tr_TR\" \/>\n<meta property=\"og:type\" content=\"article\" \/>\n<meta property=\"og:title\" content=\"\u00dcretim - Intecro Robotics\" \/>\n<meta property=\"og:description\" content=\"[vc_row][vc_column][vc_single_image image=&#8221;7741&#8243;][\/vc_column][\/vc_row][vc_row][vc_column][vc_column_text]\u00dcretim resimlerinin haz\u0131rlanmas\u0131 ile beraber proje y\u00f6netim birimleri faaliyetin \u00fcretim birimlerine aktar\u0131lmas\u0131 i\u00e7in aksiyon al\u0131r. T\u00fcm \u00fcretimler uluslararas\u0131 standartlarda ve g\u00fcvenilirli\u011fi olan yerli ve yabanc\u0131 tedarik\u00e7ilerinden temin edilir.\u00a0 Fikst\u00fcr ve aparat gibi \u00f6zel imalatlar ise titizlikle ve kalite kontrol&hellip;\" \/>\n<meta property=\"og:url\" content=\"https:\/\/intecro.com.tr\/tr\/tr\/uretim\/\" \/>\n<meta property=\"og:site_name\" content=\"Intecro Robotics\" \/>\n<meta property=\"article:modified_time\" content=\"2025-07-24T13:47:22+00:00\" \/>\n<meta name=\"twitter:card\" content=\"summary_large_image\" \/>\n<meta name=\"twitter:label1\" content=\"Tahmini okuma s\u00fcresi\" \/>\n\t<meta name=\"twitter:data1\" content=\"3 dakika\" \/>\n<script type=\"application\/ld+json\" class=\"yoast-schema-graph\">{\"@context\":\"https:\\\/\\\/schema.org\",\"@graph\":[{\"@type\":\"WebPage\",\"@id\":\"https:\\\/\\\/intecro.com.tr\\\/tr\\\/tr\\\/uretim\\\/\",\"url\":\"https:\\\/\\\/intecro.com.tr\\\/tr\\\/tr\\\/uretim\\\/\",\"name\":\"\u00dcretim - Intecro Robotics\",\"isPartOf\":{\"@id\":\"https:\\\/\\\/intecro.com.tr\\\/tr\\\/#website\"},\"datePublished\":\"2019-12-28T04:22:27+00:00\",\"dateModified\":\"2025-07-24T13:47:22+00:00\",\"breadcrumb\":{\"@id\":\"https:\\\/\\\/intecro.com.tr\\\/tr\\\/tr\\\/uretim\\\/#breadcrumb\"},\"inLanguage\":\"tr\",\"potentialAction\":[{\"@type\":\"ReadAction\",\"target\":[\"https:\\\/\\\/intecro.com.tr\\\/tr\\\/tr\\\/uretim\\\/\"]}]},{\"@type\":\"BreadcrumbList\",\"@id\":\"https:\\\/\\\/intecro.com.tr\\\/tr\\\/tr\\\/uretim\\\/#breadcrumb\",\"itemListElement\":[{\"@type\":\"ListItem\",\"position\":1,\"name\":\"Anasayfa\",\"item\":\"https:\\\/\\\/intecro.com.tr\\\/tr\\\/tr\\\/anasayfa\\\/\"},{\"@type\":\"ListItem\",\"position\":2,\"name\":\"\u00dcretim\"}]},{\"@type\":\"WebSite\",\"@id\":\"https:\\\/\\\/intecro.com.tr\\\/tr\\\/#website\",\"url\":\"https:\\\/\\\/intecro.com.tr\\\/tr\\\/\",\"name\":\"Intecro Robotics\",\"description\":\"More Innovation\",\"publisher\":{\"@id\":\"https:\\\/\\\/intecro.com.tr\\\/tr\\\/#organization\"},\"potentialAction\":[{\"@type\":\"SearchAction\",\"target\":{\"@type\":\"EntryPoint\",\"urlTemplate\":\"https:\\\/\\\/intecro.com.tr\\\/tr\\\/?s={search_term_string}\"},\"query-input\":{\"@type\":\"PropertyValueSpecification\",\"valueRequired\":true,\"valueName\":\"search_term_string\"}}],\"inLanguage\":\"tr\"},{\"@type\":\"Organization\",\"@id\":\"https:\\\/\\\/intecro.com.tr\\\/tr\\\/#organization\",\"name\":\"Intecro Robotics\",\"url\":\"https:\\\/\\\/intecro.com.tr\\\/tr\\\/\",\"logo\":{\"@type\":\"ImageObject\",\"inLanguage\":\"tr\",\"@id\":\"https:\\\/\\\/intecro.com.tr\\\/tr\\\/#\\\/schema\\\/logo\\\/image\\\/\",\"url\":\"https:\\\/\\\/intecro.com.tr\\\/tr\\\/wp-content\\\/uploads\\\/2025\\\/02\\\/intecro_yatay-02.png\",\"contentUrl\":\"https:\\\/\\\/intecro.com.tr\\\/tr\\\/wp-content\\\/uploads\\\/2025\\\/02\\\/intecro_yatay-02.png\",\"width\":2134,\"height\":467,\"caption\":\"Intecro Robotics\"},\"image\":{\"@id\":\"https:\\\/\\\/intecro.com.tr\\\/tr\\\/#\\\/schema\\\/logo\\\/image\\\/\"}}]}<\/script>\n<!-- \/ Yoast SEO plugin. -->","yoast_head_json":{"title":"\u00dcretim - Intecro Robotics","robots":{"index":"index","follow":"follow","max-snippet":"max-snippet:-1","max-image-preview":"max-image-preview:large","max-video-preview":"max-video-preview:-1"},"canonical":"https:\/\/intecro.com.tr\/tr\/tr\/uretim\/","og_locale":"tr_TR","og_type":"article","og_title":"\u00dcretim - Intecro Robotics","og_description":"[vc_row][vc_column][vc_single_image image=&#8221;7741&#8243;][\/vc_column][\/vc_row][vc_row][vc_column][vc_column_text]\u00dcretim resimlerinin haz\u0131rlanmas\u0131 ile beraber proje y\u00f6netim birimleri faaliyetin \u00fcretim birimlerine aktar\u0131lmas\u0131 i\u00e7in aksiyon al\u0131r. T\u00fcm \u00fcretimler uluslararas\u0131 standartlarda ve g\u00fcvenilirli\u011fi olan yerli ve yabanc\u0131 tedarik\u00e7ilerinden temin edilir.\u00a0 Fikst\u00fcr ve aparat gibi \u00f6zel imalatlar ise titizlikle ve kalite kontrol&hellip;","og_url":"https:\/\/intecro.com.tr\/tr\/tr\/uretim\/","og_site_name":"Intecro Robotics","article_modified_time":"2025-07-24T13:47:22+00:00","twitter_card":"summary_large_image","twitter_misc":{"Tahmini okuma s\u00fcresi":"3 dakika"},"schema":{"@context":"https:\/\/schema.org","@graph":[{"@type":"WebPage","@id":"https:\/\/intecro.com.tr\/tr\/tr\/uretim\/","url":"https:\/\/intecro.com.tr\/tr\/tr\/uretim\/","name":"\u00dcretim - Intecro Robotics","isPartOf":{"@id":"https:\/\/intecro.com.tr\/tr\/#website"},"datePublished":"2019-12-28T04:22:27+00:00","dateModified":"2025-07-24T13:47:22+00:00","breadcrumb":{"@id":"https:\/\/intecro.com.tr\/tr\/tr\/uretim\/#breadcrumb"},"inLanguage":"tr","potentialAction":[{"@type":"ReadAction","target":["https:\/\/intecro.com.tr\/tr\/tr\/uretim\/"]}]},{"@type":"BreadcrumbList","@id":"https:\/\/intecro.com.tr\/tr\/tr\/uretim\/#breadcrumb","itemListElement":[{"@type":"ListItem","position":1,"name":"Anasayfa","item":"https:\/\/intecro.com.tr\/tr\/tr\/anasayfa\/"},{"@type":"ListItem","position":2,"name":"\u00dcretim"}]},{"@type":"WebSite","@id":"https:\/\/intecro.com.tr\/tr\/#website","url":"https:\/\/intecro.com.tr\/tr\/","name":"Intecro Robotics","description":"More Innovation","publisher":{"@id":"https:\/\/intecro.com.tr\/tr\/#organization"},"potentialAction":[{"@type":"SearchAction","target":{"@type":"EntryPoint","urlTemplate":"https:\/\/intecro.com.tr\/tr\/?s={search_term_string}"},"query-input":{"@type":"PropertyValueSpecification","valueRequired":true,"valueName":"search_term_string"}}],"inLanguage":"tr"},{"@type":"Organization","@id":"https:\/\/intecro.com.tr\/tr\/#organization","name":"Intecro Robotics","url":"https:\/\/intecro.com.tr\/tr\/","logo":{"@type":"ImageObject","inLanguage":"tr","@id":"https:\/\/intecro.com.tr\/tr\/#\/schema\/logo\/image\/","url":"https:\/\/intecro.com.tr\/tr\/wp-content\/uploads\/2025\/02\/intecro_yatay-02.png","contentUrl":"https:\/\/intecro.com.tr\/tr\/wp-content\/uploads\/2025\/02\/intecro_yatay-02.png","width":2134,"height":467,"caption":"Intecro Robotics"},"image":{"@id":"https:\/\/intecro.com.tr\/tr\/#\/schema\/logo\/image\/"}}]}},"_links":{"self":[{"href":"https:\/\/intecro.com.tr\/tr\/wp-json\/wp\/v2\/pages\/5709","targetHints":{"allow":["GET"]}}],"collection":[{"href":"https:\/\/intecro.com.tr\/tr\/wp-json\/wp\/v2\/pages"}],"about":[{"href":"https:\/\/intecro.com.tr\/tr\/wp-json\/wp\/v2\/types\/page"}],"author":[{"embeddable":true,"href":"https:\/\/intecro.com.tr\/tr\/wp-json\/wp\/v2\/users\/1"}],"replies":[{"embeddable":true,"href":"https:\/\/intecro.com.tr\/tr\/wp-json\/wp\/v2\/comments?post=5709"}],"version-history":[{"count":4,"href":"https:\/\/intecro.com.tr\/tr\/wp-json\/wp\/v2\/pages\/5709\/revisions"}],"predecessor-version":[{"id":7746,"href":"https:\/\/intecro.com.tr\/tr\/wp-json\/wp\/v2\/pages\/5709\/revisions\/7746"}],"wp:attachment":[{"href":"https:\/\/intecro.com.tr\/tr\/wp-json\/wp\/v2\/media?parent=5709"}],"curies":[{"name":"wp","href":"https:\/\/api.w.org\/{rel}","templated":true}]}}