{"id":5729,"date":"2019-12-29T21:41:07","date_gmt":"2019-12-29T21:41:07","guid":{"rendered":"https:\/\/intecro.com.tr\/tr\/?page_id=5729"},"modified":"2025-07-07T06:21:45","modified_gmt":"2025-07-07T06:21:45","slug":"satis-sonrasi-hizmetler","status":"publish","type":"page","link":"https:\/\/intecro.com.tr\/tr\/tr\/satis-sonrasi-hizmetler\/","title":{"rendered":"Sat\u0131\u015f Sonras\u0131 Hizmetler"},"content":{"rendered":"[vc_row][vc_column][vc_single_image image=&#8221;7600&#8243;][\/vc_column][\/vc_row][vc_row][vc_column]<div class=\"vcex-module vcex-heading wpex-text-2xl wpex-font-normal wpex-m-auto wpex-max-w-100 vcex-heading-bottom-border-w-color wpex-block wpex-border-b-2 wpex-border-solid wpex-border-gray-200\"><span class=\"vcex-heading-inner wpex-inline-block wpex-clr wpex-relative wpex-pb-5 wpex-border-b-2 wpex-border-solid wpex-border-accent\" style=\"border-color:#f5821f;\">Sat\u0131\u015f Sonras\u0131 Teknik Destek<\/span><\/div>[vc_column_text]<span style=\"font-weight: 400;\">Tesis etti\u011fimiz sistem\/hat veya h\u00fccrede, sat\u0131\u015f sonras\u0131 bir tak\u0131m teknoloji ve proses bazl\u0131 teknik destek talepleri ortaya \u00e7\u0131kabilmektedir. Bu talepleri ayn\u0131 g\u00fcn i\u00e7inde de\u011ferlendiren ekibimiz uzaktan yada m\u00fc\u015fteri sahas\u0131nda gerekli deste\u011fi sa\u011flamak \u00fczere planlama yapacakt\u0131r.<\/span><\/p>\n<blockquote>\n<p><b><i>\u201cINTECRO\u2019 nun motto\u2019su DESTEK\u2019dir.\u201d<br \/>\n<\/i><\/b><b><i>Cihan \u015eENSOY<\/i><\/b><\/p>\n<\/blockquote>\n[\/vc_column_text][\/vc_column][\/vc_row][vc_row][vc_column]<div class=\"vcex-module vcex-heading wpex-text-2xl wpex-font-normal wpex-m-auto wpex-max-w-100 vcex-heading-bottom-border-w-color wpex-block wpex-border-b-2 wpex-border-solid wpex-border-gray-200\"><span class=\"vcex-heading-inner wpex-inline-block wpex-clr wpex-relative wpex-pb-5 wpex-border-b-2 wpex-border-solid wpex-border-accent\" style=\"border-color:#f5821f;\">Servis<\/span><\/div>[vc_column_text]<span style=\"font-weight: 400;\">M\u00fc\u015fterilerimize kestirimli bak\u0131m ve servis anlay\u0131\u015f\u0131 ile hata olu\u015fmadan \u00f6nce servis hizmeti <\/span><span style=\"font-weight: 400;\">temin edilmektedir. Muayene ve te\u015fhisler sayesinde makine ve sistemlerinizin \u00f6mr\u00fcn\u00fc <\/span><span style=\"font-weight: 400;\">uzat\u0131c\u0131 i\u015flemler yap\u0131l\u0131rken s\u00fcrpriz maliyetlerin de \u00f6n\u00fcne ge\u00e7ilir. INTECRO servis ekibi <\/span><span style=\"font-weight: 400;\">s\u00fcrd\u00fcr\u00fclebilir bir yat\u0131r\u0131m\u0131 uzun y\u0131llar boyunca tesis etmeniz i\u00e7in \u00e7al\u0131\u015f\u0131r. <\/span><span style=\"font-weight: 400;\">Yat\u0131r\u0131m\u0131n\u0131z 9*10 y\u0131l boyunca ya\u015fam d\u00f6ng\u00fcs\u00fcn\u00fc destekler.<\/span><\/p>\n<blockquote>\n<p><b><i>Her ekipman ve malzeme i\u00e7in yedek sa\u011flanabilir ancak dikkatsizlik sonucu ortaya \u00e7\u0131kan i\u015f kazalar\u0131 ve bu kazalar\u0131n sebep oldu\u011fu insan hayat\u0131na ili\u015fkin zararlar\u0131n yede\u011fi ve telafisi yoktur. Bu nedenle personelimizin konsantrasyonun y\u00fcksek olmas\u0131, dikkatli \u00e7al\u0131\u015fabilmesi ve tekrarl\u0131 kontrol tedbirlerini s\u00fcrekli uygulayabilmesi i\u00e7in gerekli \u015fartlar\u0131 sa\u011flamaktay\u0131z.<br \/>\n<\/i><\/b><b><i>A.Ali \u015eEN<\/i><\/b><\/p>\n<\/blockquote>\n[\/vc_column_text][\/vc_column][\/vc_row][vc_row][vc_column]<div class=\"vcex-module vcex-heading wpex-text-2xl wpex-font-normal wpex-m-auto wpex-max-w-100 vcex-heading-bottom-border-w-color wpex-block wpex-border-b-2 wpex-border-solid wpex-border-gray-200\"><span class=\"vcex-heading-inner wpex-inline-block wpex-clr wpex-relative wpex-pb-5 wpex-border-b-2 wpex-border-solid wpex-border-accent\" style=\"border-color:#f5821f;\">Yedek Par\u00e7a<\/span><\/div>[vc_column_text]\n<ul>\n<li style=\"font-weight: 400;\"><span style=\"font-weight: 400;\">\u0130\u015fletme sahas\u0131nda kurulumunu yapt\u0131\u011f\u0131m\u0131z robotik sistemleri, belirlenen s\u00fcrede takip alt\u0131nda tutuyoruz. Elde edilen izleme analizi sonu\u00e7lar\u0131 ile sistemin, sitemdeki ekipman, malzeme ve di\u011fer bile\u015fenlerin servis \u00f6mr\u00fcne ili\u015fkin do\u011frulamalar\u0131, dengeli ve kararl\u0131 \u00e7al\u0131\u015fma performans\u0131n\u0131, hata ve kay\u0131p verilerini, enerji verimlilik d\u00fczeyini raporlayarak m\u00fc\u015fterilerimize sunuyoruz.<\/span><\/li>\n<li style=\"font-weight: 400;\"><span style=\"font-weight: 400;\">Kurulumun hemen sonras\u0131nda yedek par\u00e7a listesini de m\u00fc\u015fterilerimize tebli\u011f ediyoruz. E\u011fer m\u00fc\u015fterilerimiz isterse, online OEM tedarik kanal\u0131m\u0131z arac\u0131l\u0131\u011f\u0131 ile yedek par\u00e7a stok durumu ve tedarik bilgilerini sorgulayabilmektedir.<\/span><span style=\"font-weight: 400;\"><br \/>\n<\/span><span style=\"font-weight: 400;\">Geni\u015f yelpazede kritik yedek par\u00e7a sto\u011fumuzdan m\u00fc\u015fterilerimize her t\u00fcrden yedek par\u00e7ay\u0131 temin edebilmekteyiz.<\/span><\/li>\n<li style=\"font-weight: 400;\"><span style=\"font-weight: 400;\">Taahh\u00fct edilen projelerin entegrasyonu tamamland\u0131\u011f\u0131nda, planl\u0131 bak\u0131m takvimi de firmam\u0131z taraf\u0131ndan belirlenmi\u015f ve m\u00fc\u015fterilerimize sunulmu\u015f olur.\u00a0<\/span><\/li>\n<li style=\"font-weight: 400;\"><span style=\"font-weight: 400;\">Bunun anlam\u0131 \u015fudur; entegrasyonu firmam\u0131z taraf\u0131m\u0131ndan yap\u0131lan sistemlerin, belirlenen zaman aral\u0131\u011f\u0131 i\u00e7inde bedelsiz bak\u0131mlar\u0131n\u0131n yap\u0131lmas\u0131 da garanti ve g\u00fcvencemiz alt\u0131ndad\u0131r.<\/span><\/li>\n<li style=\"font-weight: 400;\"><span style=\"font-weight: 400;\">7 g\u00fcn \/24 saat sadece servis ve bak\u0131m hizmetlerinde g\u00f6rev yapan sorumlu teknik ekibimiz i\u00e7inden grup liderleri, herhangi bir ar\u0131za ya\u015famasan\u0131z dahi size gerekli yedek par\u00e7a de\u011fi\u015fimi ve yap\u0131lmas\u0131 gereken rutin bak\u0131mlar\u0131 hat\u0131rlatacakt\u0131r.<\/span><\/li>\n<\/ul>\n[\/vc_column_text][\/vc_column][\/vc_row][vc_row][vc_column]<div class=\"vcex-module vcex-heading wpex-text-2xl wpex-font-normal wpex-m-auto wpex-max-w-100 vcex-heading-bottom-border-w-color wpex-block wpex-border-b-2 wpex-border-solid wpex-border-gray-200\"><span class=\"vcex-heading-inner wpex-inline-block wpex-clr wpex-relative wpex-pb-5 wpex-border-b-2 wpex-border-solid wpex-border-accent\" style=\"border-color:#f5821f;\">Bak\u0131m ve servis anla\u015fmalar\u0131 \u00e7er\u00e7evesinde ;<\/span><\/div>[vc_column_text]\n<ul>\n<li style=\"font-weight: 400;\"><span style=\"font-weight: 400;\">M\u00fc\u015fterilerimiz ilk elden, garantili ko\u015fullarda servis ve bak\u0131m hizmetini alm\u0131\u015f olacakt\u0131r.<\/span><\/li>\n<li style=\"font-weight: 400;\"><span style=\"font-weight: 400;\">M\u00fc\u015fterilerimizin robotlu sistemlerindeki t\u00fcm par\u00e7a ve ekipman\u0131n yedeklerine ili\u015fkin tedarik hizmeti, taraf\u0131m\u0131zdan teminat alt\u0131na al\u0131nacakt\u0131r.<\/span><\/li>\n<li style=\"font-weight: 400;\"><span style=\"font-weight: 400;\">M\u00fc\u015fterilerimizin robotik sistemleri, saha i\u00e7erisinde anahtar teslim kurulum a\u015famas\u0131ndan itibaren olu\u015fan her t\u00fcrl\u00fc vaka kay\u0131t alt\u0131na al\u0131nacakt\u0131r.<\/span><\/li>\n<li style=\"font-weight: 400;\"><span style=\"font-weight: 400;\">Uzman servis ve bak\u0131m ekibimiz, taahh\u00fct etti\u011fi s\u00fcre i\u00e7erisinde sorunlu sisteme m\u00fcdahale ederek, sorunu tekrarlanmaks\u0131z\u0131n h\u0131zl\u0131 bir \u015fekilde \u00e7\u00f6z\u00fcm\u00fc kavu\u015fturur.<\/span><\/li>\n<\/ul>\n[\/vc_column_text][\/vc_column][\/vc_row]\n","protected":false},"excerpt":{"rendered":"<p>[vc_row][vc_column][vc_single_image image=&#8221;7600&#8243;][\/vc_column][\/vc_row][vc_row][vc_column][vc_column_text]Tesis etti\u011fimiz sistem\/hat veya h\u00fccrede, sat\u0131\u015f sonras\u0131 bir tak\u0131m teknoloji ve proses bazl\u0131 teknik destek talepleri ortaya \u00e7\u0131kabilmektedir. Bu talepleri ayn\u0131 g\u00fcn i\u00e7inde de\u011ferlendiren ekibimiz uzaktan yada m\u00fc\u015fteri sahas\u0131nda gerekli deste\u011fi sa\u011flamak \u00fczere planlama yapacakt\u0131r. \u201cINTECRO\u2019 nun motto\u2019su DESTEK\u2019dir.\u201d&hellip;<\/p>\n","protected":false},"author":1,"featured_media":0,"parent":0,"menu_order":0,"comment_status":"closed","ping_status":"closed","template":"","meta":{"footnotes":""},"class_list":["post-5729","page","type-page","status-publish","hentry","entry","no-media"],"yoast_head":"<!-- This site is optimized with the Yoast SEO plugin v27.5 - https:\/\/yoast.com\/product\/yoast-seo-wordpress\/ -->\n<title>Sat\u0131\u015f Sonras\u0131 Hizmetler - Intecro Robotics<\/title>\n<meta name=\"robots\" content=\"index, follow, max-snippet:-1, max-image-preview:large, max-video-preview:-1\" \/>\n<link rel=\"canonical\" href=\"https:\/\/intecro.com.tr\/tr\/tr\/satis-sonrasi-hizmetler\/\" \/>\n<meta property=\"og:locale\" content=\"tr_TR\" \/>\n<meta property=\"og:type\" content=\"article\" \/>\n<meta property=\"og:title\" content=\"Sat\u0131\u015f Sonras\u0131 Hizmetler - Intecro Robotics\" \/>\n<meta property=\"og:description\" content=\"[vc_row][vc_column][vc_single_image image=&#8221;7600&#8243;][\/vc_column][\/vc_row][vc_row][vc_column][vc_column_text]Tesis etti\u011fimiz sistem\/hat veya h\u00fccrede, sat\u0131\u015f sonras\u0131 bir tak\u0131m teknoloji ve proses bazl\u0131 teknik destek talepleri ortaya \u00e7\u0131kabilmektedir. Bu talepleri ayn\u0131 g\u00fcn i\u00e7inde de\u011ferlendiren ekibimiz uzaktan yada m\u00fc\u015fteri sahas\u0131nda gerekli deste\u011fi sa\u011flamak \u00fczere planlama yapacakt\u0131r. \u201cINTECRO\u2019 nun motto\u2019su DESTEK\u2019dir.\u201d&hellip;\" \/>\n<meta property=\"og:url\" content=\"https:\/\/intecro.com.tr\/tr\/tr\/satis-sonrasi-hizmetler\/\" \/>\n<meta property=\"og:site_name\" content=\"Intecro Robotics\" \/>\n<meta property=\"article:modified_time\" content=\"2025-07-07T06:21:45+00:00\" \/>\n<meta name=\"twitter:card\" content=\"summary_large_image\" \/>\n<meta name=\"twitter:label1\" content=\"Tahmini okuma s\u00fcresi\" \/>\n\t<meta name=\"twitter:data1\" content=\"3 dakika\" \/>\n<script type=\"application\/ld+json\" class=\"yoast-schema-graph\">{\"@context\":\"https:\\\/\\\/schema.org\",\"@graph\":[{\"@type\":\"WebPage\",\"@id\":\"https:\\\/\\\/intecro.com.tr\\\/tr\\\/tr\\\/satis-sonrasi-hizmetler\\\/\",\"url\":\"https:\\\/\\\/intecro.com.tr\\\/tr\\\/tr\\\/satis-sonrasi-hizmetler\\\/\",\"name\":\"Sat\u0131\u015f Sonras\u0131 Hizmetler - Intecro Robotics\",\"isPartOf\":{\"@id\":\"https:\\\/\\\/intecro.com.tr\\\/tr\\\/#website\"},\"datePublished\":\"2019-12-29T21:41:07+00:00\",\"dateModified\":\"2025-07-07T06:21:45+00:00\",\"breadcrumb\":{\"@id\":\"https:\\\/\\\/intecro.com.tr\\\/tr\\\/tr\\\/satis-sonrasi-hizmetler\\\/#breadcrumb\"},\"inLanguage\":\"tr\",\"potentialAction\":[{\"@type\":\"ReadAction\",\"target\":[\"https:\\\/\\\/intecro.com.tr\\\/tr\\\/tr\\\/satis-sonrasi-hizmetler\\\/\"]}]},{\"@type\":\"BreadcrumbList\",\"@id\":\"https:\\\/\\\/intecro.com.tr\\\/tr\\\/tr\\\/satis-sonrasi-hizmetler\\\/#breadcrumb\",\"itemListElement\":[{\"@type\":\"ListItem\",\"position\":1,\"name\":\"Anasayfa\",\"item\":\"https:\\\/\\\/intecro.com.tr\\\/tr\\\/tr\\\/anasayfa\\\/\"},{\"@type\":\"ListItem\",\"position\":2,\"name\":\"Sat\u0131\u015f Sonras\u0131 Hizmetler\"}]},{\"@type\":\"WebSite\",\"@id\":\"https:\\\/\\\/intecro.com.tr\\\/tr\\\/#website\",\"url\":\"https:\\\/\\\/intecro.com.tr\\\/tr\\\/\",\"name\":\"Intecro Robotics\",\"description\":\"More Innovation\",\"publisher\":{\"@id\":\"https:\\\/\\\/intecro.com.tr\\\/tr\\\/#organization\"},\"potentialAction\":[{\"@type\":\"SearchAction\",\"target\":{\"@type\":\"EntryPoint\",\"urlTemplate\":\"https:\\\/\\\/intecro.com.tr\\\/tr\\\/?s={search_term_string}\"},\"query-input\":{\"@type\":\"PropertyValueSpecification\",\"valueRequired\":true,\"valueName\":\"search_term_string\"}}],\"inLanguage\":\"tr\"},{\"@type\":\"Organization\",\"@id\":\"https:\\\/\\\/intecro.com.tr\\\/tr\\\/#organization\",\"name\":\"Intecro Robotics\",\"url\":\"https:\\\/\\\/intecro.com.tr\\\/tr\\\/\",\"logo\":{\"@type\":\"ImageObject\",\"inLanguage\":\"tr\",\"@id\":\"https:\\\/\\\/intecro.com.tr\\\/tr\\\/#\\\/schema\\\/logo\\\/image\\\/\",\"url\":\"https:\\\/\\\/intecro.com.tr\\\/tr\\\/wp-content\\\/uploads\\\/2025\\\/02\\\/intecro_yatay-02.png\",\"contentUrl\":\"https:\\\/\\\/intecro.com.tr\\\/tr\\\/wp-content\\\/uploads\\\/2025\\\/02\\\/intecro_yatay-02.png\",\"width\":2134,\"height\":467,\"caption\":\"Intecro Robotics\"},\"image\":{\"@id\":\"https:\\\/\\\/intecro.com.tr\\\/tr\\\/#\\\/schema\\\/logo\\\/image\\\/\"}}]}<\/script>\n<!-- \/ Yoast SEO plugin. -->","yoast_head_json":{"title":"Sat\u0131\u015f Sonras\u0131 Hizmetler - Intecro Robotics","robots":{"index":"index","follow":"follow","max-snippet":"max-snippet:-1","max-image-preview":"max-image-preview:large","max-video-preview":"max-video-preview:-1"},"canonical":"https:\/\/intecro.com.tr\/tr\/tr\/satis-sonrasi-hizmetler\/","og_locale":"tr_TR","og_type":"article","og_title":"Sat\u0131\u015f Sonras\u0131 Hizmetler - Intecro Robotics","og_description":"[vc_row][vc_column][vc_single_image image=&#8221;7600&#8243;][\/vc_column][\/vc_row][vc_row][vc_column][vc_column_text]Tesis etti\u011fimiz sistem\/hat veya h\u00fccrede, sat\u0131\u015f sonras\u0131 bir tak\u0131m teknoloji ve proses bazl\u0131 teknik destek talepleri ortaya \u00e7\u0131kabilmektedir. Bu talepleri ayn\u0131 g\u00fcn i\u00e7inde de\u011ferlendiren ekibimiz uzaktan yada m\u00fc\u015fteri sahas\u0131nda gerekli deste\u011fi sa\u011flamak \u00fczere planlama yapacakt\u0131r. \u201cINTECRO\u2019 nun motto\u2019su DESTEK\u2019dir.\u201d&hellip;","og_url":"https:\/\/intecro.com.tr\/tr\/tr\/satis-sonrasi-hizmetler\/","og_site_name":"Intecro Robotics","article_modified_time":"2025-07-07T06:21:45+00:00","twitter_card":"summary_large_image","twitter_misc":{"Tahmini okuma s\u00fcresi":"3 dakika"},"schema":{"@context":"https:\/\/schema.org","@graph":[{"@type":"WebPage","@id":"https:\/\/intecro.com.tr\/tr\/tr\/satis-sonrasi-hizmetler\/","url":"https:\/\/intecro.com.tr\/tr\/tr\/satis-sonrasi-hizmetler\/","name":"Sat\u0131\u015f Sonras\u0131 Hizmetler - Intecro Robotics","isPartOf":{"@id":"https:\/\/intecro.com.tr\/tr\/#website"},"datePublished":"2019-12-29T21:41:07+00:00","dateModified":"2025-07-07T06:21:45+00:00","breadcrumb":{"@id":"https:\/\/intecro.com.tr\/tr\/tr\/satis-sonrasi-hizmetler\/#breadcrumb"},"inLanguage":"tr","potentialAction":[{"@type":"ReadAction","target":["https:\/\/intecro.com.tr\/tr\/tr\/satis-sonrasi-hizmetler\/"]}]},{"@type":"BreadcrumbList","@id":"https:\/\/intecro.com.tr\/tr\/tr\/satis-sonrasi-hizmetler\/#breadcrumb","itemListElement":[{"@type":"ListItem","position":1,"name":"Anasayfa","item":"https:\/\/intecro.com.tr\/tr\/tr\/anasayfa\/"},{"@type":"ListItem","position":2,"name":"Sat\u0131\u015f Sonras\u0131 Hizmetler"}]},{"@type":"WebSite","@id":"https:\/\/intecro.com.tr\/tr\/#website","url":"https:\/\/intecro.com.tr\/tr\/","name":"Intecro Robotics","description":"More Innovation","publisher":{"@id":"https:\/\/intecro.com.tr\/tr\/#organization"},"potentialAction":[{"@type":"SearchAction","target":{"@type":"EntryPoint","urlTemplate":"https:\/\/intecro.com.tr\/tr\/?s={search_term_string}"},"query-input":{"@type":"PropertyValueSpecification","valueRequired":true,"valueName":"search_term_string"}}],"inLanguage":"tr"},{"@type":"Organization","@id":"https:\/\/intecro.com.tr\/tr\/#organization","name":"Intecro Robotics","url":"https:\/\/intecro.com.tr\/tr\/","logo":{"@type":"ImageObject","inLanguage":"tr","@id":"https:\/\/intecro.com.tr\/tr\/#\/schema\/logo\/image\/","url":"https:\/\/intecro.com.tr\/tr\/wp-content\/uploads\/2025\/02\/intecro_yatay-02.png","contentUrl":"https:\/\/intecro.com.tr\/tr\/wp-content\/uploads\/2025\/02\/intecro_yatay-02.png","width":2134,"height":467,"caption":"Intecro Robotics"},"image":{"@id":"https:\/\/intecro.com.tr\/tr\/#\/schema\/logo\/image\/"}}]}},"_links":{"self":[{"href":"https:\/\/intecro.com.tr\/tr\/wp-json\/wp\/v2\/pages\/5729","targetHints":{"allow":["GET"]}}],"collection":[{"href":"https:\/\/intecro.com.tr\/tr\/wp-json\/wp\/v2\/pages"}],"about":[{"href":"https:\/\/intecro.com.tr\/tr\/wp-json\/wp\/v2\/types\/page"}],"author":[{"embeddable":true,"href":"https:\/\/intecro.com.tr\/tr\/wp-json\/wp\/v2\/users\/1"}],"replies":[{"embeddable":true,"href":"https:\/\/intecro.com.tr\/tr\/wp-json\/wp\/v2\/comments?post=5729"}],"version-history":[{"count":5,"href":"https:\/\/intecro.com.tr\/tr\/wp-json\/wp\/v2\/pages\/5729\/revisions"}],"predecessor-version":[{"id":7601,"href":"https:\/\/intecro.com.tr\/tr\/wp-json\/wp\/v2\/pages\/5729\/revisions\/7601"}],"wp:attachment":[{"href":"https:\/\/intecro.com.tr\/tr\/wp-json\/wp\/v2\/media?parent=5729"}],"curies":[{"name":"wp","href":"https:\/\/api.w.org\/{rel}","templated":true}]}}