{"id":7281,"date":"2025-05-02T08:27:15","date_gmt":"2025-05-02T08:27:15","guid":{"rendered":"https:\/\/intecro.com.tr\/tr\/?page_id=7281"},"modified":"2025-05-02T08:39:43","modified_gmt":"2025-05-02T08:39:43","slug":"gemicilik-endustrisi","status":"publish","type":"page","link":"https:\/\/intecro.com.tr\/tr\/tr\/gemicilik-endustrisi\/","title":{"rendered":"Gemicilik"},"content":{"rendered":"[vc_row][vc_column][vc_single_image image=&#8221;7289&#8243;][\/vc_column][\/vc_row][vc_row][vc_column]<h2 class=\"vcex-module vcex-heading wpex-text-2xl wpex-font-normal wpex-m-auto wpex-max-w-100 vcex-heading-bottom-border-w-color wpex-block vc_custom_1746174491495 wpex-border-b-2 wpex-border-solid wpex-border-gray-200\"><span class=\"vcex-heading-inner wpex-inline-block wpex-clr wpex-relative wpex-pb-5 wpex-border-b-2 wpex-border-solid wpex-border-accent\" style=\"border-color:#f7b92a;\">GEM\u0130C\u0130L\u0130K<\/span><\/h2>[vc_column_text]Gemi ve denizcilik end\u00fcstrisi, b\u00fcy\u00fck \u00f6l\u00e7ekli metal yap\u0131lar\u0131n dayan\u0131kl\u0131l\u0131\u011f\u0131, kaynak kalitesi ve \u00fcretim s\u00fcre\u00e7lerinin uzun \u00f6m\u00fcrl\u00fc olmas\u0131 gibi kritik unsurlar\u0131 i\u00e7erir. INTECRO, a\u011f\u0131r konstr\u00fcksiyon ve geni\u015f hacimli g\u00f6vde birle\u015fimlerinde robotik \u00e7\u00f6z\u00fcmlerle fark yaratmakta; tersanelere ve gemi \u00fcreticilerine \u00f6zel robotik kaynak sistemleri, ta\u015f\u0131ma ve montaj teknolojileri sunmaktad\u0131r.<\/p>\n<p>Gemicilik sekt\u00f6r\u00fcnde kullan\u0131lan par\u00e7alar\u0131n boyutlar\u0131 ve kaynak hatlar\u0131n\u0131n uzunlu\u011fu, geleneksel kaynak y\u00f6ntemlerinde ciddi zaman ve kalite kay\u0131plar\u0131na yol a\u00e7abilmektedir. INTECRO, bu s\u00fcreci dijitalle\u015ftiren ve optimize eden gantry sistemli robotik kaynak \u00e7\u00f6z\u00fcmleri, \u00e7ok eksenli pozisyonerler, tandem\/twin tor\u00e7 kaynak uygulamalar\u0131 ve offline programlama yaz\u0131l\u0131mlar\u0131 ile sekt\u00f6re \u00f6zel anahtar teslim \u00e7\u00f6z\u00fcmler geli\u015ftirmektedir.<\/p>\n<p>Ayr\u0131ca, \u00f6zel ala\u015f\u0131ml\u0131 \u00e7elik, paslanmaz ve deniz ko\u015fullar\u0131na uygun y\u00fcksek dayan\u0131ml\u0131 malzemelerin kaynak s\u00fcre\u00e7leri i\u00e7in geli\u015ftirilen \u00f6zel diki\u015f takibi sens\u00f6r sistemleri ve \u0131s\u0131 kontrol mekanizmalar\u0131 sayesinde maksimum kaynak kalitesi sa\u011flanmaktad\u0131r.[\/vc_column_text][vc_text_separator title=&#8221;INTECRO\u2019nun gemicilik sekt\u00f6r\u00fcne sundu\u011fu \u00e7\u00f6z\u00fcmler:&#8221; i_icon_fontawesome=&#8221;fa fa-exclamation&#8221; i_color=&#8221;orange&#8221; i_background_style=&#8221;rounded&#8221; i_background_color=&#8221;mulled_wine&#8221; i_size=&#8221;xs&#8221; title_align=&#8221;separator_align_left&#8221; add_icon=&#8221;true&#8221; css=&#8221;.vc_custom_1746174514267{margin-top: 20px !important;margin-bottom: 5px !important;}&#8221;][vc_column_text]\n<ul>\n<li>Robotik MIG\/MAG\/TIG\/Plazma kaynak sistemleri<\/li>\n<li>Gantry tabanl\u0131 b\u00fcy\u00fck hacimli kaynak h\u00fccreleri<\/li>\n<li>Robotik lazer ve plazma kesim sistemleri<\/li>\n<li>Lazer dolgu ve tamir sistemleri<\/li>\n<li>Offline programlama ve diki\u015f takibi sistemleri<\/li>\n<li>Otomatik mastik, conta ve izolasyon uygulamalar\u0131<\/li>\n<li>Robotik ta\u015flama ve y\u00fczey i\u015fleme \u00e7\u00f6z\u00fcmleri<\/li>\n<li>IoT destekli \u00fcretim izleme ve kalite kontrol altyap\u0131lar\u0131<\/li>\n<li>Tersane i\u00e7i AGV ve robotik ta\u015f\u0131ma sistemleri<\/li>\n<\/ul>\n[\/vc_column_text][vc_column_text]\n<h4><strong>\u00d6rnek Projeler<\/strong><\/h4>\n<ul>\n<li>GEM\u0130 BLOKLARININ ROBOT\u0130K KAYNA\u011eI<\/li>\n<li>KARGO GEM\u0130S\u0130 G\u00d6VDE PANELLER\u0130<\/li>\n<li>DEN\u0130ZALTILARDA A\u011eIR KAYNAK UYGULAMALARI<\/li>\n<li>YAT VE KATAMARAN G\u00d6VDE MONTAJLARI<\/li>\n<li>PASLANMAZ VE AL\u00dcM\u0130NYUM TEKN\u0130K B\u00d6LME \u00dcRET\u0130M\u0130<\/li>\n<li>MAK\u0130NE DA\u0130RES\u0130 \u00c7EL\u0130K KAFES S\u0130STEMLER\u0130<\/li>\n<li>G\u00dcVERTE \u00dcST\u00dc EK\u0130PMAN VE TA\u015eIYICI YAPILAR<\/li>\n<\/ul>\n[\/vc_column_text][\/vc_column][\/vc_row]\n","protected":false},"excerpt":{"rendered":"<p>[vc_row][vc_column][vc_single_image image=&#8221;7289&#8243;][\/vc_column][\/vc_row][vc_row][vc_column][vc_column_text]Gemi ve denizcilik end\u00fcstrisi, b\u00fcy\u00fck \u00f6l\u00e7ekli metal yap\u0131lar\u0131n dayan\u0131kl\u0131l\u0131\u011f\u0131, kaynak kalitesi ve \u00fcretim s\u00fcre\u00e7lerinin uzun \u00f6m\u00fcrl\u00fc olmas\u0131 gibi kritik unsurlar\u0131 i\u00e7erir. INTECRO, a\u011f\u0131r konstr\u00fcksiyon ve geni\u015f hacimli g\u00f6vde birle\u015fimlerinde robotik \u00e7\u00f6z\u00fcmlerle fark yaratmakta; tersanelere ve gemi \u00fcreticilerine \u00f6zel robotik&hellip;<\/p>\n","protected":false},"author":1,"featured_media":0,"parent":0,"menu_order":0,"comment_status":"closed","ping_status":"closed","template":"","meta":{"footnotes":""},"class_list":["post-7281","page","type-page","status-publish","hentry","entry","no-media"],"yoast_head":"<!-- This site is optimized with the Yoast SEO plugin v27.1.1 - https:\/\/yoast.com\/product\/yoast-seo-wordpress\/ -->\n<title>Gemicilik - Intecro Robotics<\/title>\n<meta name=\"robots\" content=\"index, follow, max-snippet:-1, max-image-preview:large, max-video-preview:-1\" \/>\n<link rel=\"canonical\" href=\"https:\/\/intecro.com.tr\/tr\/tr\/gemicilik-endustrisi\/\" \/>\n<meta property=\"og:locale\" content=\"tr_TR\" \/>\n<meta property=\"og:type\" content=\"article\" \/>\n<meta property=\"og:title\" content=\"Gemicilik - Intecro Robotics\" \/>\n<meta property=\"og:description\" content=\"[vc_row][vc_column][vc_single_image image=&#8221;7289&#8243;][\/vc_column][\/vc_row][vc_row][vc_column][vc_column_text]Gemi ve denizcilik end\u00fcstrisi, b\u00fcy\u00fck \u00f6l\u00e7ekli metal yap\u0131lar\u0131n dayan\u0131kl\u0131l\u0131\u011f\u0131, kaynak kalitesi ve \u00fcretim s\u00fcre\u00e7lerinin uzun \u00f6m\u00fcrl\u00fc olmas\u0131 gibi kritik unsurlar\u0131 i\u00e7erir. INTECRO, a\u011f\u0131r konstr\u00fcksiyon ve geni\u015f hacimli g\u00f6vde birle\u015fimlerinde robotik \u00e7\u00f6z\u00fcmlerle fark yaratmakta; tersanelere ve gemi \u00fcreticilerine \u00f6zel robotik&hellip;\" \/>\n<meta property=\"og:url\" content=\"https:\/\/intecro.com.tr\/tr\/tr\/gemicilik-endustrisi\/\" \/>\n<meta property=\"og:site_name\" content=\"Intecro Robotics\" \/>\n<meta property=\"article:modified_time\" content=\"2025-05-02T08:39:43+00:00\" \/>\n<meta name=\"twitter:card\" content=\"summary_large_image\" \/>\n<meta name=\"twitter:label1\" content=\"Tahmini okuma s\u00fcresi\" \/>\n\t<meta name=\"twitter:data1\" content=\"2 dakika\" \/>\n<script type=\"application\/ld+json\" class=\"yoast-schema-graph\">{\"@context\":\"https:\/\/schema.org\",\"@graph\":[{\"@type\":\"WebPage\",\"@id\":\"https:\/\/intecro.com.tr\/tr\/tr\/gemicilik-endustrisi\/\",\"url\":\"https:\/\/intecro.com.tr\/tr\/tr\/gemicilik-endustrisi\/\",\"name\":\"Gemicilik - Intecro Robotics\",\"isPartOf\":{\"@id\":\"https:\/\/intecro.com.tr\/tr\/#website\"},\"datePublished\":\"2025-05-02T08:27:15+00:00\",\"dateModified\":\"2025-05-02T08:39:43+00:00\",\"breadcrumb\":{\"@id\":\"https:\/\/intecro.com.tr\/tr\/tr\/gemicilik-endustrisi\/#breadcrumb\"},\"inLanguage\":\"tr\",\"potentialAction\":[{\"@type\":\"ReadAction\",\"target\":[\"https:\/\/intecro.com.tr\/tr\/tr\/gemicilik-endustrisi\/\"]}]},{\"@type\":\"BreadcrumbList\",\"@id\":\"https:\/\/intecro.com.tr\/tr\/tr\/gemicilik-endustrisi\/#breadcrumb\",\"itemListElement\":[{\"@type\":\"ListItem\",\"position\":1,\"name\":\"Anasayfa\",\"item\":\"https:\/\/intecro.com.tr\/tr\/tr\/anasayfa\/\"},{\"@type\":\"ListItem\",\"position\":2,\"name\":\"Gemicilik\"}]},{\"@type\":\"WebSite\",\"@id\":\"https:\/\/intecro.com.tr\/tr\/#website\",\"url\":\"https:\/\/intecro.com.tr\/tr\/\",\"name\":\"Intecro Robotics\",\"description\":\"More Innovation\",\"publisher\":{\"@id\":\"https:\/\/intecro.com.tr\/tr\/#organization\"},\"potentialAction\":[{\"@type\":\"SearchAction\",\"target\":{\"@type\":\"EntryPoint\",\"urlTemplate\":\"https:\/\/intecro.com.tr\/tr\/?s={search_term_string}\"},\"query-input\":{\"@type\":\"PropertyValueSpecification\",\"valueRequired\":true,\"valueName\":\"search_term_string\"}}],\"inLanguage\":\"tr\"},{\"@type\":\"Organization\",\"@id\":\"https:\/\/intecro.com.tr\/tr\/#organization\",\"name\":\"Intecro Robotics\",\"url\":\"https:\/\/intecro.com.tr\/tr\/\",\"logo\":{\"@type\":\"ImageObject\",\"inLanguage\":\"tr\",\"@id\":\"https:\/\/intecro.com.tr\/tr\/#\/schema\/logo\/image\/\",\"url\":\"https:\/\/intecro.com.tr\/tr\/wp-content\/uploads\/2025\/02\/intecro_yatay-02.png\",\"contentUrl\":\"https:\/\/intecro.com.tr\/tr\/wp-content\/uploads\/2025\/02\/intecro_yatay-02.png\",\"width\":2134,\"height\":467,\"caption\":\"Intecro Robotics\"},\"image\":{\"@id\":\"https:\/\/intecro.com.tr\/tr\/#\/schema\/logo\/image\/\"}}]}<\/script>\n<!-- \/ Yoast SEO plugin. -->","yoast_head_json":{"title":"Gemicilik - Intecro Robotics","robots":{"index":"index","follow":"follow","max-snippet":"max-snippet:-1","max-image-preview":"max-image-preview:large","max-video-preview":"max-video-preview:-1"},"canonical":"https:\/\/intecro.com.tr\/tr\/tr\/gemicilik-endustrisi\/","og_locale":"tr_TR","og_type":"article","og_title":"Gemicilik - Intecro Robotics","og_description":"[vc_row][vc_column][vc_single_image image=&#8221;7289&#8243;][\/vc_column][\/vc_row][vc_row][vc_column][vc_column_text]Gemi ve denizcilik end\u00fcstrisi, b\u00fcy\u00fck \u00f6l\u00e7ekli metal yap\u0131lar\u0131n dayan\u0131kl\u0131l\u0131\u011f\u0131, kaynak kalitesi ve \u00fcretim s\u00fcre\u00e7lerinin uzun \u00f6m\u00fcrl\u00fc olmas\u0131 gibi kritik unsurlar\u0131 i\u00e7erir. INTECRO, a\u011f\u0131r konstr\u00fcksiyon ve geni\u015f hacimli g\u00f6vde birle\u015fimlerinde robotik \u00e7\u00f6z\u00fcmlerle fark yaratmakta; tersanelere ve gemi \u00fcreticilerine \u00f6zel robotik&hellip;","og_url":"https:\/\/intecro.com.tr\/tr\/tr\/gemicilik-endustrisi\/","og_site_name":"Intecro Robotics","article_modified_time":"2025-05-02T08:39:43+00:00","twitter_card":"summary_large_image","twitter_misc":{"Tahmini okuma s\u00fcresi":"2 dakika"},"schema":{"@context":"https:\/\/schema.org","@graph":[{"@type":"WebPage","@id":"https:\/\/intecro.com.tr\/tr\/tr\/gemicilik-endustrisi\/","url":"https:\/\/intecro.com.tr\/tr\/tr\/gemicilik-endustrisi\/","name":"Gemicilik - Intecro Robotics","isPartOf":{"@id":"https:\/\/intecro.com.tr\/tr\/#website"},"datePublished":"2025-05-02T08:27:15+00:00","dateModified":"2025-05-02T08:39:43+00:00","breadcrumb":{"@id":"https:\/\/intecro.com.tr\/tr\/tr\/gemicilik-endustrisi\/#breadcrumb"},"inLanguage":"tr","potentialAction":[{"@type":"ReadAction","target":["https:\/\/intecro.com.tr\/tr\/tr\/gemicilik-endustrisi\/"]}]},{"@type":"BreadcrumbList","@id":"https:\/\/intecro.com.tr\/tr\/tr\/gemicilik-endustrisi\/#breadcrumb","itemListElement":[{"@type":"ListItem","position":1,"name":"Anasayfa","item":"https:\/\/intecro.com.tr\/tr\/tr\/anasayfa\/"},{"@type":"ListItem","position":2,"name":"Gemicilik"}]},{"@type":"WebSite","@id":"https:\/\/intecro.com.tr\/tr\/#website","url":"https:\/\/intecro.com.tr\/tr\/","name":"Intecro Robotics","description":"More Innovation","publisher":{"@id":"https:\/\/intecro.com.tr\/tr\/#organization"},"potentialAction":[{"@type":"SearchAction","target":{"@type":"EntryPoint","urlTemplate":"https:\/\/intecro.com.tr\/tr\/?s={search_term_string}"},"query-input":{"@type":"PropertyValueSpecification","valueRequired":true,"valueName":"search_term_string"}}],"inLanguage":"tr"},{"@type":"Organization","@id":"https:\/\/intecro.com.tr\/tr\/#organization","name":"Intecro Robotics","url":"https:\/\/intecro.com.tr\/tr\/","logo":{"@type":"ImageObject","inLanguage":"tr","@id":"https:\/\/intecro.com.tr\/tr\/#\/schema\/logo\/image\/","url":"https:\/\/intecro.com.tr\/tr\/wp-content\/uploads\/2025\/02\/intecro_yatay-02.png","contentUrl":"https:\/\/intecro.com.tr\/tr\/wp-content\/uploads\/2025\/02\/intecro_yatay-02.png","width":2134,"height":467,"caption":"Intecro Robotics"},"image":{"@id":"https:\/\/intecro.com.tr\/tr\/#\/schema\/logo\/image\/"}}]}},"_links":{"self":[{"href":"https:\/\/intecro.com.tr\/tr\/wp-json\/wp\/v2\/pages\/7281","targetHints":{"allow":["GET"]}}],"collection":[{"href":"https:\/\/intecro.com.tr\/tr\/wp-json\/wp\/v2\/pages"}],"about":[{"href":"https:\/\/intecro.com.tr\/tr\/wp-json\/wp\/v2\/types\/page"}],"author":[{"embeddable":true,"href":"https:\/\/intecro.com.tr\/tr\/wp-json\/wp\/v2\/users\/1"}],"replies":[{"embeddable":true,"href":"https:\/\/intecro.com.tr\/tr\/wp-json\/wp\/v2\/comments?post=7281"}],"version-history":[{"count":4,"href":"https:\/\/intecro.com.tr\/tr\/wp-json\/wp\/v2\/pages\/7281\/revisions"}],"predecessor-version":[{"id":7290,"href":"https:\/\/intecro.com.tr\/tr\/wp-json\/wp\/v2\/pages\/7281\/revisions\/7290"}],"wp:attachment":[{"href":"https:\/\/intecro.com.tr\/tr\/wp-json\/wp\/v2\/media?parent=7281"}],"curies":[{"name":"wp","href":"https:\/\/api.w.org\/{rel}","templated":true}]}}